{"id":21947,"date":"2024-11-18T12:45:15","date_gmt":"2024-11-18T12:45:15","guid":{"rendered":"https:\/\/flaxmanlaw.wpenginepowered.com\/accidente-de-autobus-en-pembroke-pines-abogados-de-lesiones-personales-en-el-condado-de-broward\/"},"modified":"2024-11-18T12:45:15","modified_gmt":"2024-11-18T12:45:15","slug":"accidente-de-autobus-en-pembroke-pines-abogados-de-lesiones-personales-en-el-condado-de-broward","status":"publish","type":"page","link":"https:\/\/flaxmanlaw.com\/es\/accidente-de-autobus-en-pembroke-pines-abogados-de-lesiones-personales-en-el-condado-de-broward\/","title":{"rendered":"Accidente de autob\u00fas en Pembroke Pines | Abogados de lesiones personales en el condado de Broward"},"content":{"rendered":"<div class=\"bodytext\">\n<h2>Accidente de autob\u00fas en Pembroke Pines<\/h1><\/h2>\n<div class=\"description\">\n<p>Pembroke Pines es una ciudad del sur de Florida situada en el condado de Broward, cerca de los Everglades. La ciudad est\u00e1 considerada uno de los lugares m\u00e1s deseables para vivir del estado, y por ello es una comunidad galardonada. Es conocida por sus excelentes escuelas, empresas locales y agradables zonas residenciales. Aunque la ciudad se ha visto afectada por tormentas tropicales y huracanes en los \u00faltimos a\u00f1os, se ha reconstruido con \u00e9xito y sigue expandi\u00e9ndose.   <\/p>\n<p>Los residentes de Pembroke Pines disfrutan de acceso al transporte p\u00fablico, autobuses escolares y otras formas de transporte, mientras que los visitantes de la zona conf\u00edan en los autobuses tur\u00edsticos y los autobuses fletados en muchas zonas para desplazarse. Aunque los autobuses se consideran un medio de transporte m\u00e1s seguro, cada a\u00f1o hay heridos en <a href=\"accidentes-autob\u00fas.html\">accidentes de autob\u00fas en Pembroke Pines<\/a>. <\/p>\n<p>En muchos casos, los accidentes de autob\u00fas se producen porque el conductor no est\u00e1 familiarizado con la zona o circula por carreteras que no est\u00e1n dise\u00f1adas para veh\u00edculos m\u00e1s grandes. En muchos casos, los accidentes de autob\u00fas se producen por fallos mec\u00e1nicos, como reventones de neum\u00e1ticos, fallos de frenos u otros desperfectos mec\u00e1nicos. En algunos casos, los accidentes de autob\u00fas son consecuencia de un mantenimiento incorrecto de los autobuses por parte de la empresa propietaria de los veh\u00edculos. Si el accidente se debe a m\u00faltiples causas, puede haber varias partes responsables en un accidente de autob\u00fas, y eso puede ayudar a las v\u00edctimas a recuperar una indemnizaci\u00f3n justa que cubra una mayor parte del coste de los ingresos perdidos, los gastos m\u00e9dicos y otros costes asociados a sus lesiones.   <\/p>\n<p>Si has sufrido lesiones en un accidente de autob\u00fas, es importante que consultes a un abogado de lesiones personales de Pembroke Pines especializado en accidentes de tr\u00e1fico y accidentes de autob\u00fas. Un abogado cualificado puede investigar la causa del accidente, encontrar a todas las partes responsables, negociar con las compa\u00f1\u00edas de seguros en tu nombre y perseguir agresivamente tu derecho a una indemnizaci\u00f3n justa. Un abogado puede luchar por tus derechos para que no tengas que pagar de tu bolsillo muchos de los gastos.  <\/p>\n<p>Si usted ha resultado lesionado en un accidente de autob\u00fas, contacte al Grupo Legal Flaxman al 866-352-9626 a cualquier hora del d\u00eda o de la noche para obtener asesor\u00eda legal gratuita y para programar una consulta gratuita sobre accidentes para hablar sobre su caso. Antes de firmar cualquier documento, renunciar a tus derechos, o aceptar cualquier oferta de acuerdo, es importante entender tus derechos y obtener una evaluaci\u00f3n profesional de cu\u00e1nto puede valer tu caso. El <a href=\"index.html\">Grupo Legal Flaxman<\/a> ha recuperado m\u00e1s de $25 millones de d\u00f3lares a favor de miles de v\u00edctimas de lesiones personales y accidentes de autob\u00fas en Florida del Sur. El equipo puede evaluar cuidadosamente tu caso, investigar tu accidente, y ayudarte a determinar el camino correcto para proteger a tu familia y tu futuro.   <\/p>\n<p>Charles Flaxman, del Grupo Legal Flaxman, trabaj\u00f3 durante diez a\u00f1os como ajustador de reclamaciones de seguros antes de dedicar su vida a ayudar a las v\u00edctimas de lesiones personales en Florida del Sur como abogado litigante. Su perspectiva \u00fanica sobre las compa\u00f1\u00edas de seguros le permite negociar agresivamente con las aseguradoras en su nombre. Charles Flaxman es miembro de la Asociaci\u00f3n de Abogados Litigantes de Am\u00e9rica, as\u00ed como miembro de la Academia de Abogados Litigantes de Florida. Con fluidez tanto en espa\u00f1ol como en ingl\u00e9s, Charles Flaxman se gradu\u00f3 magna cum laude de la Facultad de Derecho de la Universidad Nova, quedando entre el dos por ciento de los mejores de su clase. Contacte hoy mismo al Grupo Legal Flaxman para poner su experiencia a trabajar para usted.    <\/p>\n<\/p><\/div>\n<\/p><\/div>\n","protected":false},"excerpt":{"rendered":"<p>Sin honorarios a menos que ganemos. Llama al 866-352-9626 para una &#8230; <\/p>\n","protected":false},"author":3,"featured_media":0,"parent":0,"menu_order":0,"comment_status":"closed","ping_status":"closed","template":"template-practice-areas.php","meta":{"footnotes":""},"class_list":["post-21947","page","type-page","status-publish","hentry"],"featured_image_src":null,"featured_image_src_square":null,"_links":{"self":[{"href":"https:\/\/flaxmanlaw.com\/es\/wp-json\/wp\/v2\/pages\/21947","targetHints":{"allow":["GET"]}}],"collection":[{"href":"https:\/\/flaxmanlaw.com\/es\/wp-json\/wp\/v2\/pages"}],"about":[{"href":"https:\/\/flaxmanlaw.com\/es\/wp-json\/wp\/v2\/types\/page"}],"author":[{"embeddable":true,"href":"https:\/\/flaxmanlaw.com\/es\/wp-json\/wp\/v2\/users\/3"}],"replies":[{"embeddable":true,"href":"https:\/\/flaxmanlaw.com\/es\/wp-json\/wp\/v2\/comments?post=21947"}],"version-history":[{"count":0,"href":"https:\/\/flaxmanlaw.com\/es\/wp-json\/wp\/v2\/pages\/21947\/revisions"}],"wp:attachment":[{"href":"https:\/\/flaxmanlaw.com\/es\/wp-json\/wp\/v2\/media?parent=21947"}],"curies":[{"name":"wp","href":"https:\/\/api.w.org\/{rel}","templated":true}]}}