{"id":21948,"date":"2024-11-18T12:45:15","date_gmt":"2024-11-18T12:45:15","guid":{"rendered":"https:\/\/flaxmanlaw.wpenginepowered.com\/conduccion-distraida-en-pembroke-pines-abogados-de-accidentes-de-trafico-en-el-condado-de-broward\/"},"modified":"2024-11-18T12:45:15","modified_gmt":"2024-11-18T12:45:15","slug":"conduccion-distraida-en-pembroke-pines-abogados-de-accidentes-de-trafico-en-el-condado-de-broward","status":"publish","type":"page","link":"https:\/\/flaxmanlaw.com\/es\/conduccion-distraida-en-pembroke-pines-abogados-de-accidentes-de-trafico-en-el-condado-de-broward\/","title":{"rendered":"Conducci\u00f3n distra\u00edda en Pembroke Pines | Abogados de accidentes de tr\u00e1fico en el condado de Broward"},"content":{"rendered":"<div class=\"bodytext\">\n<h2>Conducci\u00f3n distra\u00edda en Pembroke Pines<\/h1><\/h2>\n<div class=\"description\">\n<p>Hace unos a\u00f1os, el gobierno federal calculaba que uno de cada 10 accidentes de coche en todo el pa\u00eds se deb\u00eda a distracciones al volante. Hoy, con la afluencia de dispositivos m\u00f3viles, tecnolog\u00eda en el autom\u00f3vil y otras distracciones, las mismas fuentes estiman que uno de cada seis accidentes de coche puede estar causado por una conducci\u00f3n distra\u00edda. Muchos expertos creen que, de hecho, la conducci\u00f3n distra\u00edda est\u00e1 infradeclarada, ya que muchos tipos de distracci\u00f3n -como so\u00f1ar despierto- son dif\u00edciles de descubrir o probar despu\u00e9s de los hechos. No obstante, fuentes gubernamentales estiman que cada a\u00f1o se producen 5.000 muertes (as\u00ed como muchas m\u00e1s lesiones) por distracci\u00f3n del conductor. De hecho, el n\u00famero de muertes atribuidas a conductores distra\u00eddos ha ido en aumento, incluso cuando el n\u00famero total de muertes de tr\u00e1fico en Pembroke Pines y en todo el pa\u00eds ha disminuido en los \u00faltimos a\u00f1os. Los ni\u00f1os corren un riesgo especial, ya que su menor tama\u00f1o tiende a hacerlos m\u00e1s vulnerables a los traumatismos craneoencef\u00e1licos en caso de lesiones graves en una colisi\u00f3n de tr\u00e1fico.     <\/p>\n<p>Los conductores distra\u00eddos suelen sentir que tienen todo el derecho del mundo a hacer varias cosas a la vez mientras conducen, aun sabiendo que esas acciones pueden perjudicar a los dem\u00e1s. \u00bfQuiere usted responsabilizar a los conductores distra\u00eddos por sus acciones y su imprudencia? Contacta al Grupo Legal Flaxman para una evaluaci\u00f3n gratuita y sin compromiso de tu caso y averiguar qu\u00e9 se puede hacer en tu caso.  <\/p>\n<p><strong class=\"heading4\">Hay muchos tipos de distracci\u00f3n que conducen a colisiones de tr\u00e1fico en Pembroke Pines y Florida<\/strong><\/p>\n<p>Hay muchos tipos de distracci\u00f3n posibles para los conductores, entre ellos:<\/p>\n<ul>\n<li>So\u00f1ar despierto<\/li>\n<li>Utilizar dispositivos m\u00f3viles<\/li>\n<li>Utilizar GPS u otra tecnolog\u00eda en el coche<\/li>\n<li>Comprobaci\u00f3n de maletines, mochilas o bolsos<\/li>\n<li>Buscando en la guantera<\/li>\n<li>Charlar o discutir con los pasajeros<\/li>\n<li>Observar el paisaje o las distracciones en la carretera<\/li>\n<li>Maquillarte o arreglarte<\/li>\n<li>Lectura<\/li>\n<li>Comprobaci\u00f3n de mapas u otra informaci\u00f3n impresa<\/li>\n<li>Comprobar las se\u00f1ales en lugar de centrarse en la carretera<\/li>\n<li>Cambio de ropa<\/li>\n<li>Comer o beber<\/li>\n<\/ul>\n<p><strong class=\"heading4\">Las lesiones causadas por la conducci\u00f3n distra\u00edda son devastadoras<\/strong><\/p>\n<p>Los abogados del Grupo Legal Flaxman han visto de primera mano que muchos de los llamados accidentes automovil\u00edsticos no son en realidad accidentes, sino colisiones evitables causadas por varios factores, como conducir ebrio, fatigado, y otras razones. De hecho, una de las causas m\u00e1s comunes de las colisiones de tr\u00e1fico es la conducci\u00f3n distra\u00edda. Cuando los conductores se dejan distraer por los pasajeros, los dispositivos m\u00f3viles, la tecnolog\u00eda del coche u otras causas, pueden cometer errores evitables que causan lesiones devastadoras e incluso muertes.  <\/p>\n<p>Los conductores distra\u00eddos causan accidentes que provocan muchos tipos de lesiones, entre ellas:<\/p>\n<ul>\n<li>Lesiones cerebrales<\/li>\n<li>Lesiones medulares<\/li>\n<li>Fracturas<\/li>\n<li>Lesiones faciales y dentales<\/li>\n<li>Fallecidos<\/li>\n<li>Lesiones internas<\/li>\n<li>Latigazo cervical<\/li>\n<li>Lesiones oculares<\/li>\n<li>Desfiguraci\u00f3n<\/li>\n<li>Quemaduras<\/li>\n<li>Lesiones de tejidos blandos<\/li>\n<li>Amputaciones<\/li>\n<li>Lesiones infantiles<\/li>\n<\/ul>\n<p>Si usted o un ser querido ha resultado lesionado por un conductor distra\u00eddo, no dude en contactar al Grupo Legal Flaxman en cualquier momento para programar una consulta gratuita sobre accidentes. Nuestros abogados cuentan con m\u00e1s de 60 a\u00f1os de experiencia en juicios y en la industria aseguradora, y han recuperado exitosamente m\u00e1s de $100 millones de d\u00f3lares a favor de miles de demandantes. Estaremos encantados de discutir tus opciones legales en una consulta. Tenemos tres oficinas -en Homestead, Hollywood y Miami- para atender a toda la zona del sur de Florida.   <\/p>\n<\/p><\/div>\n<\/p><\/div>\n","protected":false},"excerpt":{"rendered":"<p>Sin honorarios a menos que ganemos. Llama al 866-352-9626 para una &#8230; <\/p>\n","protected":false},"author":3,"featured_media":0,"parent":0,"menu_order":0,"comment_status":"closed","ping_status":"closed","template":"template-practice-areas.php","meta":{"footnotes":""},"class_list":["post-21948","page","type-page","status-publish","hentry"],"featured_image_src":null,"featured_image_src_square":null,"_links":{"self":[{"href":"https:\/\/flaxmanlaw.com\/es\/wp-json\/wp\/v2\/pages\/21948","targetHints":{"allow":["GET"]}}],"collection":[{"href":"https:\/\/flaxmanlaw.com\/es\/wp-json\/wp\/v2\/pages"}],"about":[{"href":"https:\/\/flaxmanlaw.com\/es\/wp-json\/wp\/v2\/types\/page"}],"author":[{"embeddable":true,"href":"https:\/\/flaxmanlaw.com\/es\/wp-json\/wp\/v2\/users\/3"}],"replies":[{"embeddable":true,"href":"https:\/\/flaxmanlaw.com\/es\/wp-json\/wp\/v2\/comments?post=21948"}],"version-history":[{"count":0,"href":"https:\/\/flaxmanlaw.com\/es\/wp-json\/wp\/v2\/pages\/21948\/revisions"}],"wp:attachment":[{"href":"https:\/\/flaxmanlaw.com\/es\/wp-json\/wp\/v2\/media?parent=21948"}],"curies":[{"name":"wp","href":"https:\/\/api.w.org\/{rel}","templated":true}]}}