{"id":21949,"date":"2024-11-18T12:45:15","date_gmt":"2024-11-18T12:45:15","guid":{"rendered":"https:\/\/flaxmanlaw.wpenginepowered.com\/colisiones-en-pembroke-pines-abogados-de-accidentes-de-trafico-del-condado-de-broward\/"},"modified":"2024-11-18T12:45:15","modified_gmt":"2024-11-18T12:45:15","slug":"colisiones-en-pembroke-pines-abogados-de-accidentes-de-trafico-del-condado-de-broward","status":"publish","type":"page","link":"https:\/\/flaxmanlaw.com\/es\/colisiones-en-pembroke-pines-abogados-de-accidentes-de-trafico-del-condado-de-broward\/","title":{"rendered":"Colisiones en Pembroke Pines | Abogados de accidentes de tr\u00e1fico del condado de Broward"},"content":{"rendered":"<div class=\"bodytext\">\n<h2>Colisiones por alcance en Pembroke Pines<\/h1><\/h2>\n<div class=\"description\">\n<p>Muchas colisiones laterales provocan incapacidad permanente, lesiones graves o muertes. Como su nombre indica, estas colisiones de tr\u00e1fico en Pembroke Pines y otras comunidades implican el impacto de un veh\u00edculo contra el lateral de otro. En el mejor de los casos, los dos veh\u00edculos se limitan a rozarse sin causar da\u00f1os graves. Por desgracia, rara vez ocurre as\u00ed. En muchos de estos tipos de accidentes, el resultado son lesiones permanentes e incluso muertes.    <\/p>\n<p>Si usted o un ser querido ha quedado discapacitado o gravemente lesionado en un choque lateral o en cualquier accidente automovil\u00edstico, por favor contacte al despacho del Grupo Legal Flaxman. Puedes llamar a nuestro n\u00famero gratuito 866-352-9626 o utilizar nuestro sitio web para contactarnos. Cuando usted contacta al Grupo Legal Flaxman, puede hablar con uno de nuestros profesionales y compasivos abogados sobre su caso en una consulta gratuita sobre accidentes. Usted puede revisar sus opciones legales y obtener asesor\u00eda legal gratuita sobre su situaci\u00f3n &#8211; todo sin costo y sin compromiso.   <\/p>\n<p><strong class=\"heading4\">\u00bfA Qui\u00e9n Acudir Tras Una Grave Colisi\u00f3n De Tr\u00e1fico En Pembroke Pines O En Tu Comunidad?<\/strong><\/p>\n<p>Tras un accidente grave de coche, cami\u00f3n o moto, puedes suponer que est\u00e1s cubierto por el seguro de tu coche y la cobertura m\u00e9dica. Por desgracia, no siempre es as\u00ed. En este tipo de accidentes, puedes sufrir lesiones graves que te afecten durante meses o incluso toda la vida. Por lo general, las compa\u00f1\u00edas de seguros se comprometen a resolver las reclamaciones de forma r\u00e1pida y econ\u00f3mica, aunque tus lesiones te salgan muy caras.   <\/p>\n<p>Adem\u00e1s, la compa\u00f1\u00eda de seguros y los abogados de las partes responsables no velan por tus intereses. Las aseguradoras responden ante sus accionistas, lo que significa que deben centrarse en la rentabilidad. Los abogados que representan a los conductores culpables y a las partes responsables buscan limitar la responsabilidad de sus clientes. S\u00f3lo esto ya es una buena raz\u00f3n para hablar con un abogado de lesiones personales. Un abogado personal que te represente velar\u00e1 por tus intereses y buscar\u00e1 la indemnizaci\u00f3n m\u00e1s justa para ti. Si las aseguradoras y las partes responsables tienen abogados, \u00bfno te mereces un abogado que luche por ti y por tu familia?     <\/p>\n<p><strong class=\"heading4\">Un choque lateral suele requerir una investigaci\u00f3n exhaustiva<\/strong><\/p>\n<p>Hay otra raz\u00f3n para trabajar con un abogado: un accidente lateral suele requerir mucha investigaci\u00f3n y mucho trabajo. Un abogado puede conseguirte respuestas sobre el accidente y puede ocuparse de todos los detalles de una reclamaci\u00f3n judicial, del proceso del seguro, de las negociaciones con la aseguradora y tambi\u00e9n de otros detalles. <\/p>\n<p>La misi\u00f3n <a href=\"index.html\">del Grupo Legal Flaxman<\/a> es simple: ayudar a los demandantes que han resultado lesionados de una manera compasiva y solidaria, al tiempo que luchan agresivamente por sus derechos. Nuestros abogados trabajan d\u00eda y noche para construir casos s\u00f3lidos a favor de los clientes. Creemos que todos los que han resultado lesionados sin tener la culpa merecen justicia y trabajamos duro para luchar por una compensaci\u00f3n a favor de los demandantes que han sufrido p\u00e9rdida de ingresos, dolor y sufrimiento, lesiones, y m\u00e1s. Para averiguar lo que el Grupo Legal Flaxman puede hacer por usted, <a href=\"contacta con nosotros.html\">contacte<\/a> hoy mismo a nuestra firma de servicios integrales para una revisi\u00f3n de su caso gratuita y sin compromiso.   <\/p>\n<\/p><\/div>\n<\/p><\/div>\n","protected":false},"excerpt":{"rendered":"<p>Sin honorarios a menos que ganemos. Llama al 866-352-9626 para una &#8230; <\/p>\n","protected":false},"author":3,"featured_media":0,"parent":0,"menu_order":0,"comment_status":"closed","ping_status":"closed","template":"template-practice-areas.php","meta":{"footnotes":""},"class_list":["post-21949","page","type-page","status-publish","hentry"],"featured_image_src":null,"featured_image_src_square":null,"_links":{"self":[{"href":"https:\/\/flaxmanlaw.com\/es\/wp-json\/wp\/v2\/pages\/21949","targetHints":{"allow":["GET"]}}],"collection":[{"href":"https:\/\/flaxmanlaw.com\/es\/wp-json\/wp\/v2\/pages"}],"about":[{"href":"https:\/\/flaxmanlaw.com\/es\/wp-json\/wp\/v2\/types\/page"}],"author":[{"embeddable":true,"href":"https:\/\/flaxmanlaw.com\/es\/wp-json\/wp\/v2\/users\/3"}],"replies":[{"embeddable":true,"href":"https:\/\/flaxmanlaw.com\/es\/wp-json\/wp\/v2\/comments?post=21949"}],"version-history":[{"count":0,"href":"https:\/\/flaxmanlaw.com\/es\/wp-json\/wp\/v2\/pages\/21949\/revisions"}],"wp:attachment":[{"href":"https:\/\/flaxmanlaw.com\/es\/wp-json\/wp\/v2\/media?parent=21949"}],"curies":[{"name":"wp","href":"https:\/\/api.w.org\/{rel}","templated":true}]}}