{"id":21950,"date":"2024-11-18T12:45:15","date_gmt":"2024-11-18T12:45:15","guid":{"rendered":"https:\/\/flaxmanlaw.wpenginepowered.com\/pembroke-pines-medicamentos-peligrosos-abogados-de-responsabilidad-por-productos-defectuosos-del-condado-de-broward\/"},"modified":"2024-11-18T12:45:15","modified_gmt":"2024-11-18T12:45:15","slug":"pembroke-pines-medicamentos-peligrosos-abogados-de-responsabilidad-por-productos-defectuosos-del-condado-de-broward","status":"publish","type":"page","link":"https:\/\/flaxmanlaw.com\/es\/pembroke-pines-medicamentos-peligrosos-abogados-de-responsabilidad-por-productos-defectuosos-del-condado-de-broward\/","title":{"rendered":"Pembroke Pines Medicamentos Peligrosos | Abogados de Responsabilidad por Productos Defectuosos del Condado de Broward"},"content":{"rendered":"<div class=\"bodytext\">\n<h2>Drogas peligrosas en Pembroke Pines<\/h1><\/h2>\n<div class=\"description\">\n<p>Los medicamentos y f\u00e1rmacos recetados est\u00e1n cuidadosamente regulados por el gobierno federal. Antes de autorizar su entrada en hospitales y hogares de consumidores, los f\u00e1rmacos deben someterse a pruebas minuciosas de eficacia y seguridad, de acuerdo con las directrices federales. Las pruebas de medicamentos est\u00e1n supervisadas y reguladas por la FDA, y esta normativa tiene por objeto mantenerte a salvo. Por desgracia, el mercado actual de medicamentos es muy grande y muy competitivo. Como resultado, algunos medicamentos y productos farmac\u00e9uticos se introducen en el mercado y se aprueban antes de haber sido completamente probados. En algunos casos, se trata de medicamentos peligrosos que pueden tener efectos secundarios graves e incluso poner en peligro tu vida. En otros casos, pueden salir al mercado medicamentos que han sido contaminados en el proceso de fabricaci\u00f3n o pueden salir al mercado sin el etiquetado o la informaci\u00f3n adecuados. Todas estas situaciones pueden ser el resultado de una negligencia y todas pueden amenazar gravemente tu seguridad y tu salud.       <\/p>\n<p>Si su salud ha sido severamente afectada por un medicamento peligroso en Pembroke Pines o en su comunidad, o si usted ha resultado lesionado por un aparato m\u00e9dico defectuoso, no dude en contactar hoy mismo al Grupo Legal Flaxman para recibir una evaluaci\u00f3n de su caso gratuita y sin compromiso. Usted puede calificar para recibir una indemnizaci\u00f3n seg\u00fan la ley de Florida, y nuestros abogados pueden revisar sus opciones legales con usted. <\/p>\n<p><strong class=\"heading4\">Retirada de medicamentos<\/strong><\/p>\n<p>Algunos medicamentos y dispositivos m\u00e9dicos son retirados del mercado. Esto suele ocurrir porque varias personas han sufrido lesiones graves debido a un producto y la empresa retira el art\u00edculo para evitar m\u00e1s lesiones y para minimizar futuros litigios. Desgraciadamente, cuando se retiran los f\u00e1rmacos del mercado, muchas personas ya han resultado heridas. Aunque ninguna retirada de f\u00e1rmacos haya afectado a tu dispositivo farmac\u00e9utico o medicamento concreto, si has utilizado un medicamento o dispositivo farmac\u00e9utico y has experimentado un efecto secundario adverso u otra complicaci\u00f3n m\u00e9dica adversa, es importante obtener respuestas. Puede haber otros pacientes que se hayan visto afectados de forma similar, pero la empresa farmac\u00e9utica se haya negado a retirar el medicamento. En estos casos, es importante consultar a un abogado especializado en lesiones personales para averiguar si tienes derecho a presentar una demanda colectiva u otra reclamaci\u00f3n legal contra las partes responsables, incluidos los conglomerados farmac\u00e9uticos y los fabricantes de medicamentos.     <\/p>\n<p><strong class=\"heading4\">Luchando Por Una Indemnizaci\u00f3n Completa En Casos De Medicamentos Peligrosos Y Negligencia M\u00e9dica En Pembroke Pines Y Florida<\/strong><\/p>\n<p>Si has sufrido lesiones por un medicamento peligroso o defectuoso, mereces justicia e indemnizaci\u00f3n. La realidad es que el camino para curarte de tu lesi\u00f3n puede ser muy largo y costoso. Es posible que tengas que reponer los ingresos perdidos si no puedes trabajar y que tengas que pagar la asistencia m\u00e9dica derivada de tus lesiones. Si tus lesiones fueron causadas por la negligencia o imprudencia de los fabricantes de medicamentos, no hay raz\u00f3n para que tengas que pagar estos costes de tu bolsillo. Los abogados del Grupo Legal Flaxman tienen d\u00e9cadas de experiencia luchando por los derechos de los demandantes. De hecho, nuestros abogados tienen m\u00e1s de seis d\u00e9cadas de experiencia y nos gustar\u00eda hablar contigo en una evaluaci\u00f3n gratuita de tu caso para ayudarte a comprender tus derechos y opciones legales. Si has resultado lesionado, no dudes en <a href=\"contacta con nosotros.html\">contactar<\/a> hoy mismo <a href=\"contacta con nosotros.html\">al Grupo Legal Flaxman<\/a> para recibir una revisi\u00f3n gratuita de tu caso.      <\/p>\n<\/p><\/div>\n<\/p><\/div>\n","protected":false},"excerpt":{"rendered":"<p>Sin honorarios a menos que ganemos. Llama al 866-352-9626 para una &#8230; <\/p>\n","protected":false},"author":3,"featured_media":0,"parent":0,"menu_order":0,"comment_status":"closed","ping_status":"closed","template":"template-practice-areas.php","meta":{"footnotes":""},"class_list":["post-21950","page","type-page","status-publish","hentry"],"featured_image_src":null,"featured_image_src_square":null,"_links":{"self":[{"href":"https:\/\/flaxmanlaw.com\/es\/wp-json\/wp\/v2\/pages\/21950","targetHints":{"allow":["GET"]}}],"collection":[{"href":"https:\/\/flaxmanlaw.com\/es\/wp-json\/wp\/v2\/pages"}],"about":[{"href":"https:\/\/flaxmanlaw.com\/es\/wp-json\/wp\/v2\/types\/page"}],"author":[{"embeddable":true,"href":"https:\/\/flaxmanlaw.com\/es\/wp-json\/wp\/v2\/users\/3"}],"replies":[{"embeddable":true,"href":"https:\/\/flaxmanlaw.com\/es\/wp-json\/wp\/v2\/comments?post=21950"}],"version-history":[{"count":0,"href":"https:\/\/flaxmanlaw.com\/es\/wp-json\/wp\/v2\/pages\/21950\/revisions"}],"wp:attachment":[{"href":"https:\/\/flaxmanlaw.com\/es\/wp-json\/wp\/v2\/media?parent=21950"}],"curies":[{"name":"wp","href":"https:\/\/api.w.org\/{rel}","templated":true}]}}