{"id":21951,"date":"2024-11-18T12:45:15","date_gmt":"2024-11-18T12:45:15","guid":{"rendered":"https:\/\/flaxmanlaw.wpenginepowered.com\/fallo-de-frenado-en-pembroke-pines-abogados-de-accidentes-de-camion-en-el-condado-de-broward\/"},"modified":"2024-11-18T12:45:15","modified_gmt":"2024-11-18T12:45:15","slug":"fallo-de-frenado-en-pembroke-pines-abogados-de-accidentes-de-camion-en-el-condado-de-broward","status":"publish","type":"page","link":"https:\/\/flaxmanlaw.com\/es\/fallo-de-frenado-en-pembroke-pines-abogados-de-accidentes-de-camion-en-el-condado-de-broward\/","title":{"rendered":"Fallo de Frenado en Pembroke Pines | Abogados de Accidentes de Cami\u00f3n en el Condado de Broward"},"content":{"rendered":"<div class=\"bodytext\">\n<h2>Fallo de Frenado en Pembroke Pines<\/h1><\/h2>\n<div class=\"description\">\n<p>Seg\u00fan el t\u00edtulo 49 del C\u00f3digo de Reglamentos Federales, los conductores de camiones deben inspeccionar los frenos todos los d\u00edas y anotar cualquier problema en sus registros diarios. Se espera que los conductores informen de los problemas y que las empresas de camiones arreglen cualquier problema de frenos muy r\u00e1pidamente, antes de que se permita la entrada de una cabeza tractora o un cami\u00f3n de gran tonelaje en una autopista o se le permita seguir conduciendo. Estas leyes tienen por objeto proteger a los automovilistas en las carreteras. Cuando se ignoran estas leyes, los fallos de los frenos pueden provocar accidentes catastr\u00f3ficos de camiones y autom\u00f3viles en Pembroke Pines y otras comunidades.   <\/p>\n<p>Si usted ha resultado lesionado en un choque de tr\u00e1fico causado por problemas de frenos, fallas mec\u00e1nicas, u otros problemas prevenibles, puede tener derecho, bajo la ley de Florida, a buscar una compensaci\u00f3n por ingresos perdidos, cuentas m\u00e9dicas, y otros gastos. Para averiguar si usted califica para una compensaci\u00f3n, por favor contacte al <a href=\"index.html\">Grupo Legal Flaxman <\/a>al 866-352-9626 para una evaluaci\u00f3n gratuita de su caso. <\/p>\n<p><strong class=\"heading4\">Las colisiones de tr\u00e1fico pueden acabar cambi\u00e1ndote la vida<\/strong><\/p>\n<p>Las colisiones de tr\u00e1fico en Pembroke Pines o en tu comunidad pueden afectar pr\u00e1cticamente a todos los \u00e1mbitos de tu vida en s\u00f3lo unos segundos. Un accidente de tr\u00e1fico grave puede: <\/p>\n<ul>\n<li>Afecta a tu movilidad de por vida<\/li>\n<li>Conducen a un tratamiento m\u00e9dico doloroso y costoso, que incluye fisioterapia, rehabilitaci\u00f3n, cirug\u00edas y otros tratamientos<\/li>\n<li>Provocan graves da\u00f1os al veh\u00edculo y a la propiedad o incluso pueden hacer que tengas que sustituir tu veh\u00edculo<\/li>\n<li>Afecta a tus relaciones<\/li>\n<li>Causarte estr\u00e9s grave, depresi\u00f3n e incluso traumas<\/li>\n<li>Dejarte incapaz de retomar las aficiones y otras cosas que sol\u00edas disfrutar<\/li>\n<li>Te incapacita para volver al trabajo y te deja sin fuente de ingresos<\/li>\n<li>Dejarte con considerables facturas m\u00e9dicas as\u00ed como considerables gastos imprevistos<\/li>\n<\/ul>\n<p><strong class=\"heading4\">Recuperaci\u00f3n tras una colisi\u00f3n grave de autom\u00f3vil<\/strong><\/p>\n<p>La recuperaci\u00f3n de un accidente de tr\u00e1fico grave no consiste s\u00f3lo en ir al hospital y que te revisen. A menudo, es un proceso bastante complejo que implica proteger tus derechos legales, conseguir una indemnizaci\u00f3n por tus lesiones, obtener apoyo emocional para tu situaci\u00f3n y, por lo dem\u00e1s, intentar reconstruir tu vida. <\/p>\n<p>Hay muchos actores en tu proceso de recuperaci\u00f3n, como m\u00e9dicos, especialistas, compa\u00f1\u00edas de seguros y otros. Una persona que querr\u00e1s incluir en tu equipo personal de recuperaci\u00f3n es un abogado de lesiones personales en Pembroke Pines o en tu comunidad. Un abogado experto en lesiones personales puede velar por tus intereses y tomar medidas para garantizar que tengas la mejor oportunidad posible de obtener una indemnizaci\u00f3n justa por p\u00e9rdida de ingresos, dolor y sufrimiento, gastos m\u00e9dicos y mucho m\u00e1s.  <\/p>\n<p>No querr\u00e1s acabar en una situaci\u00f3n en la que descubras que necesitas un costoso tratamiento m\u00e9dico m\u00e1s adelante, pero no tengas ning\u00fan recurso para conseguir el dinero. Nuestros abogados pueden revisar tu situaci\u00f3n y asegurarse de que busques una compensaci\u00f3n m\u00e1xima y justa por tus lesiones, para que no tengas que enfrentarte a angustias financieras, as\u00ed como al dolor y sufrimiento que tus lesiones puedan causarte. Para averiguar m\u00e1s sobre lo que pueden valer tus lesiones, <a href=\"contacta con nosotros.html\">contacta<\/a> hoy mismo <a href=\"contacta con nosotros.html\">con<\/a> el Grupo Legal Flaxman para una revisi\u00f3n gratuita y sin compromiso de tu caso.  <\/p>\n<\/p><\/div>\n<\/p><\/div>\n","protected":false},"excerpt":{"rendered":"<p>Sin honorarios a menos que ganemos. Llama al 866-352-9626 para una &#8230; <\/p>\n","protected":false},"author":3,"featured_media":0,"parent":0,"menu_order":0,"comment_status":"closed","ping_status":"closed","template":"template-practice-areas.php","meta":{"footnotes":""},"class_list":["post-21951","page","type-page","status-publish","hentry"],"featured_image_src":null,"featured_image_src_square":null,"_links":{"self":[{"href":"https:\/\/flaxmanlaw.com\/es\/wp-json\/wp\/v2\/pages\/21951","targetHints":{"allow":["GET"]}}],"collection":[{"href":"https:\/\/flaxmanlaw.com\/es\/wp-json\/wp\/v2\/pages"}],"about":[{"href":"https:\/\/flaxmanlaw.com\/es\/wp-json\/wp\/v2\/types\/page"}],"author":[{"embeddable":true,"href":"https:\/\/flaxmanlaw.com\/es\/wp-json\/wp\/v2\/users\/3"}],"replies":[{"embeddable":true,"href":"https:\/\/flaxmanlaw.com\/es\/wp-json\/wp\/v2\/comments?post=21951"}],"version-history":[{"count":0,"href":"https:\/\/flaxmanlaw.com\/es\/wp-json\/wp\/v2\/pages\/21951\/revisions"}],"wp:attachment":[{"href":"https:\/\/flaxmanlaw.com\/es\/wp-json\/wp\/v2\/media?parent=21951"}],"curies":[{"name":"wp","href":"https:\/\/api.w.org\/{rel}","templated":true}]}}