{"id":21952,"date":"2024-11-18T12:45:15","date_gmt":"2024-11-18T12:45:15","guid":{"rendered":"https:\/\/flaxmanlaw.wpenginepowered.com\/lesiones-infantiles-en-pembroke-pines-abogados-de-accidentes-en-el-condado-de-broward\/"},"modified":"2024-11-18T12:45:15","modified_gmt":"2024-11-18T12:45:15","slug":"lesiones-infantiles-en-pembroke-pines-abogados-de-accidentes-en-el-condado-de-broward","status":"publish","type":"page","link":"https:\/\/flaxmanlaw.com\/es\/lesiones-infantiles-en-pembroke-pines-abogados-de-accidentes-en-el-condado-de-broward\/","title":{"rendered":"Lesiones infantiles en Pembroke Pines | Abogados de accidentes en el condado de Broward"},"content":{"rendered":"<div class=\"bodytext\">\n<h2>Lesiones infantiles en Pembroke Pines<\/h1><\/h2>\n<div class=\"description\">\n<p>A finales de la d\u00e9cada de 1990, Pembroke Pines experiment\u00f3 uno de los mayores auges demogr\u00e1ficos del condado de Broward. La poblaci\u00f3n aument\u00f3 de 56.452 a 157.594 habitantes entre 1990 y 2011. El r\u00e1pido crecimiento supuso un r\u00e1pido desarrollo y construcci\u00f3n para acomodar a los nuevos residentes. Hoy, Pembroke Pines cuenta con muchas empresas, nuevos condominios y escuelas, incluidos los campus del Broward Community College y la Universidad Internacional de Florida.   <\/p>\n<p>El r\u00e1pido crecimiento demogr\u00e1fico ha supuesto m\u00e1s familias en la zona. Desafortunadamente, tambi\u00e9n ha significado un mayor n\u00famero de ni\u00f1os lesionados en la escuela, en accidentes y en accidentes de tr\u00e1fico en Pembroke Pines y \u00e1reas circundantes. Si tu hijo ha resultado gravemente lesionado, siempre puedes contactar al <a href=\"index.html\">Grupo Legal Flaxman<\/a> para recibir asesor\u00eda legal compasiva y minuciosa.  <\/p>\n<p><strong class=\"heading4\">Las preguntas son habituales tras una lesi\u00f3n infantil en Pembroke Pines<\/strong><\/p>\n<p>Si tu hijo ha resultado herido en un accidente o por un acto il\u00edcito en Pembroke Pines o en cualquier otro lugar de Florida, necesitas ayuda inmediata y probablemente tengas m\u00faltiples preocupaciones. \u00bfQu\u00e9 debes hacer para proteger a tu hijo? \u00bfC\u00f3mo puedes hacer que la persona responsable responda de las lesiones de tu hijo? \u00bfD\u00f3nde puedes conseguir los recursos econ\u00f3micos para ayudar a tu hijo a recibir la atenci\u00f3n m\u00e9dica que necesita para recuperarse lo mejor posible? Si tienes preguntas, el equipo legal del Grupo Legal Flaxman se complace en poder ofrecerte una consulta gratuita y sin compromiso para que puedas obtener algunas de esas respuestas. <a href=\"contacta con nosotros.html\">Contacta<\/a> hoy mismo con el Grupo Legal Flaxman para programar la revisi\u00f3n gratuita de tu caso.    <\/p>\n<p>Tanto si tu hijo se ha lesionado con fuegos artificiales, por un error m\u00e9dico, en una atracci\u00f3n de un parque de atracciones, en el patio de recreo, en el suelo de un colegio, en un accidente de coche o por cualquier otro medio, es importante que conozcas tus derechos legales para que protejas a tu hijo con todo el peso de la ley. Dependiendo de la situaci\u00f3n, puedes tener una reclamaci\u00f3n por responsabilidad civil por productos defectuosos en Pembroke Pines, una reclamaci\u00f3n por accidente de coche u otro tipo de reclamaci\u00f3n por lesiones personales. En cada caso, puedes reclamar una indemnizaci\u00f3n que te ayude a pagar la atenci\u00f3n m\u00e9dica, las clases particulares, la escuela y otros gastos de tu hijo relacionados con el accidente. Por supuesto, ninguna cantidad de dinero eliminar\u00e1 la lesi\u00f3n y el dolor de tu hijo. Sin embargo, los recursos econ\u00f3micos pueden ayudarte a pagar la mejor atenci\u00f3n m\u00e9dica posible.    <\/p>\n<p><strong class=\"heading4\">Consulta con un abogado de lesiones personales en Pembroke Pines para proteger a tu hijo<\/strong><\/p>\n<p>Ten en cuenta que muchos abogados de lesiones personales de Pembroke Pines y alrededores trabajan con honorarios condicionales y ofrecen consultas gratuitas sobre accidentes. Esto significa que no tendr\u00e1s que pagar honorarios legales por adelantado hasta que tu caso se resuelva extrajudicialmente o sea uno en los tribunales. Esto ayuda a reducir y la presi\u00f3n financiera que su familia es probable que sentir al tiempo que le permite perseguir un caso leg\u00edtimo.  <\/p>\n<p>Si necesitas ayuda para determinar qu\u00e9 pasos dar a continuaci\u00f3n para protegerte a ti y a tu familia, siempre puedes <a href=\"sobre nosotros.html\">contactar a un abogado de lesiones personales<\/a>, como los profesionales legales del Grupo Legal Flaxman, para recibir asesor\u00eda legal. El Grupo Legal Flaxman es una firma de servicios integrales con muchos recursos que pueden ponerse a trabajar para usted y su familia. <\/p>\n<\/p><\/div>\n<\/p><\/div>\n","protected":false},"excerpt":{"rendered":"<p>Sin honorarios a menos que ganemos. Llama al 866-352-9626 para una &#8230; <\/p>\n","protected":false},"author":3,"featured_media":0,"parent":0,"menu_order":0,"comment_status":"closed","ping_status":"closed","template":"template-practice-areas.php","meta":{"footnotes":""},"class_list":["post-21952","page","type-page","status-publish","hentry"],"featured_image_src":null,"featured_image_src_square":null,"_links":{"self":[{"href":"https:\/\/flaxmanlaw.com\/es\/wp-json\/wp\/v2\/pages\/21952","targetHints":{"allow":["GET"]}}],"collection":[{"href":"https:\/\/flaxmanlaw.com\/es\/wp-json\/wp\/v2\/pages"}],"about":[{"href":"https:\/\/flaxmanlaw.com\/es\/wp-json\/wp\/v2\/types\/page"}],"author":[{"embeddable":true,"href":"https:\/\/flaxmanlaw.com\/es\/wp-json\/wp\/v2\/users\/3"}],"replies":[{"embeddable":true,"href":"https:\/\/flaxmanlaw.com\/es\/wp-json\/wp\/v2\/comments?post=21952"}],"version-history":[{"count":0,"href":"https:\/\/flaxmanlaw.com\/es\/wp-json\/wp\/v2\/pages\/21952\/revisions"}],"wp:attachment":[{"href":"https:\/\/flaxmanlaw.com\/es\/wp-json\/wp\/v2\/media?parent=21952"}],"curies":[{"name":"wp","href":"https:\/\/api.w.org\/{rel}","templated":true}]}}