{"id":21953,"date":"2024-11-18T12:45:15","date_gmt":"2024-11-18T12:45:15","guid":{"rendered":"https:\/\/flaxmanlaw.wpenginepowered.com\/lesiones-cerebrales-en-pembroke-pines-abogados-de-accidentes-en-el-condado-de-broward\/"},"modified":"2024-11-18T12:45:15","modified_gmt":"2024-11-18T12:45:15","slug":"lesiones-cerebrales-en-pembroke-pines-abogados-de-accidentes-en-el-condado-de-broward","status":"publish","type":"page","link":"https:\/\/flaxmanlaw.com\/es\/lesiones-cerebrales-en-pembroke-pines-abogados-de-accidentes-en-el-condado-de-broward\/","title":{"rendered":"Lesiones cerebrales en Pembroke Pines | Abogados de accidentes en el condado de Broward"},"content":{"rendered":"<div class=\"bodytext\">\n<h2>Lesiones cerebrales en Pembroke Pines<\/h1><\/h2>\n<div class=\"description\">\n<p>Seg\u00fan los Centros para el Control y la Prevenci\u00f3n de Enfermedades, alrededor de 1,7 millones de personas de todo el pa\u00eds sufren una LCT cada a\u00f1o. Cada a\u00f1o, estas lesiones cuestan m\u00e1s de 56.000 millones de d\u00f3lares. Los pacientes con lesiones cerebrales de Pembroke Pines y otras comunidades de Florida no s\u00f3lo sufren el dolor de una lesi\u00f3n grave, sino que pueden ver c\u00f3mo toda su vida cambia para siempre a causa de este problema.  <\/p>\n<p>Si usted ha sufrido una lesi\u00f3n cerebral grave, contacte al Grupo Legal Flaxman para programar una consulta gratuita y sin compromiso de su caso para revisar sus opciones legales. Si tus lesiones fueron causadas por la imprudencia de alguien, puedes tener un caso legal que te permita buscar una compensaci\u00f3n. <\/p>\n<p><strong class=\"heading4\">Causas de las lesiones cerebrales<\/strong><\/p>\n<p>Las lesiones cerebrales pueden deberse a:<\/p>\n<ul>\n<li>Violencia<\/li>\n<li>Accidentes por resbalones y ca\u00eddas<\/li>\n<li>Agresi\u00f3n y lesiones<\/li>\n<li>Accidentes de cami\u00f3n<\/li>\n<li>Accidentes de moto<\/li>\n<li>Colisiones de bicicletas<\/li>\n<li>Accidentes de navegaci\u00f3n<\/li>\n<li>Accidentes de aviaci\u00f3n<\/li>\n<li>Accidentes ferroviarios<\/li>\n<li>Lesiones deportivas<\/li>\n<li>Accidentes laborales<\/li>\n<li>Negligencia m\u00e9dica<\/li>\n<li>Accidentes de tr\u00e1fico<\/li>\n<\/ul>\n<p>Cada vez que el cr\u00e1neo es penetrado por un objeto duro o la cabeza se mueve violentamente o golpea contra una superficie dura, puede producirse una lesi\u00f3n cerebral grave.<\/p>\n<p>Para el paciente individual, el coste de este tipo de lesi\u00f3n tambi\u00e9n puede ser catastr\u00f3fico. Un paciente con una lesi\u00f3n cerebral puede tener que pagar estancias en el hospital, intervenciones quir\u00fargicas, cuidados a domicilio, rehabilitaci\u00f3n y muchos otros gastos. Es posible que una persona con una lesi\u00f3n cerebral grave ya no pueda ir a trabajar y obtener ingresos, pero que siga necesitando cuidados las 24 horas del d\u00eda y costosos tratamientos m\u00e9dicos.  <\/p>\n<p>Debido al elevado coste de este tipo de lesiones, es importante consultar a un abogado de lesiones personales siempre que una lesi\u00f3n cerebral pueda haber sido causada por negligencia. En estos casos, la legislaci\u00f3n de Florida permite al paciente lesionado solicitar una indemnizaci\u00f3n mediante una reclamaci\u00f3n legal. La indemnizaci\u00f3n de una reclamaci\u00f3n legal puede ayudar al paciente a pagar una atenci\u00f3n m\u00e9dica de calidad y puede ayudarle a recuperar los ingresos perdidos para que pueda llevar una vida m\u00e1s plena.  <\/p>\n<p><strong class=\"heading4\">\u00bfQu\u00e9 puede hacer un abogado de lesiones personales en Pembroke Pines o en mi comunidad?<\/strong><\/p>\n<p>Si has sufrido una lesi\u00f3n cerebral grave, un abogado especializado en lesiones personales puede hablar contigo sobre tu situaci\u00f3n y averiguar si puede haber influido una negligencia. Puede ayudarte a explorar tus opciones legales. Tambi\u00e9n puede concertar una consulta con un neuropsic\u00f3logo u otros especialistas para programar una evaluaci\u00f3n completa de las lesiones que hayas sufrido. Un profesional m\u00e9dico puede comprobar las funciones cognitivas, los cambios de comportamiento, el rendimiento acad\u00e9mico y la adaptaci\u00f3n emocional, as\u00ed como otros factores que pueden determinar si has sufrido da\u00f1os como consecuencia de tu lesi\u00f3n cerebral.   <\/p>\n<p>Adem\u00e1s, un abogado de lesiones personales en Pembroke Pines o en tu comunidad puede iniciar una investigaci\u00f3n completa de tus lesiones para determinar si hay partes responsables y para determinar c\u00f3mo ocurrieron tus lesiones. Si usted resulta lesionado como resultado de una negligencia y desea saber si tiene una demanda legal, contacte a los abogados de lesiones personales <a href=\"index.html\">del Grupo Legal Flaxman<\/a> para averiguar qu\u00e9 puede hacerse para asegurarle una compensaci\u00f3n. Su consulta inicial con nuestro bufete de servicios integrales siempre es sin costo y sin compromiso, as\u00ed que usted no arriesga nada llamando hoy mismo al Grupo Legal Flaxman.  <\/p>\n<\/p><\/div>\n<\/p><\/div>\n","protected":false},"excerpt":{"rendered":"<p>Sin honorarios a menos que ganemos. Llama al 866-352-9626 para una &#8230; <\/p>\n","protected":false},"author":3,"featured_media":0,"parent":0,"menu_order":0,"comment_status":"closed","ping_status":"closed","template":"template-practice-areas.php","meta":{"footnotes":""},"class_list":["post-21953","page","type-page","status-publish","hentry"],"featured_image_src":null,"featured_image_src_square":null,"_links":{"self":[{"href":"https:\/\/flaxmanlaw.com\/es\/wp-json\/wp\/v2\/pages\/21953","targetHints":{"allow":["GET"]}}],"collection":[{"href":"https:\/\/flaxmanlaw.com\/es\/wp-json\/wp\/v2\/pages"}],"about":[{"href":"https:\/\/flaxmanlaw.com\/es\/wp-json\/wp\/v2\/types\/page"}],"author":[{"embeddable":true,"href":"https:\/\/flaxmanlaw.com\/es\/wp-json\/wp\/v2\/users\/3"}],"replies":[{"embeddable":true,"href":"https:\/\/flaxmanlaw.com\/es\/wp-json\/wp\/v2\/comments?post=21953"}],"version-history":[{"count":0,"href":"https:\/\/flaxmanlaw.com\/es\/wp-json\/wp\/v2\/pages\/21953\/revisions"}],"wp:attachment":[{"href":"https:\/\/flaxmanlaw.com\/es\/wp-json\/wp\/v2\/media?parent=21953"}],"curies":[{"name":"wp","href":"https:\/\/api.w.org\/{rel}","templated":true}]}}