{"id":21955,"date":"2024-11-18T12:45:15","date_gmt":"2024-11-18T12:45:15","guid":{"rendered":"https:\/\/flaxmanlaw.wpenginepowered.com\/puntos-ciegos-de-pembroke-pines-abogados-de-accidentes-de-camion-del-condado-de-broward\/"},"modified":"2024-11-18T12:45:15","modified_gmt":"2024-11-18T12:45:15","slug":"puntos-ciegos-de-pembroke-pines-abogados-de-accidentes-de-camion-del-condado-de-broward","status":"publish","type":"page","link":"https:\/\/flaxmanlaw.com\/es\/puntos-ciegos-de-pembroke-pines-abogados-de-accidentes-de-camion-del-condado-de-broward\/","title":{"rendered":"Puntos Ciegos de Pembroke Pines | Abogados de Accidentes de Cami\u00f3n del Condado de Broward"},"content":{"rendered":"<div class=\"bodytext\">\n<h2>Puntos ciegos de Pembroke Pines<\/h1><\/h2>\n<div class=\"description\">\n<p>Los \u00e1ngulos muertos en todo tipo de veh\u00edculos suelen estar situados detr\u00e1s del coche y por encima del hombro derecho e izquierdo del conductor. Normalmente, estos \u00e1ngulos muertos est\u00e1n causados por los pilares que unen el techo y la carrocer\u00eda del veh\u00edculo. Adem\u00e1s, los objetos o la carga del veh\u00edculo, as\u00ed como los pasajeros, tambi\u00e9n pueden causar puntos ciegos en un coche. Se espera que los automovilistas compensen los \u00e1ngulos muertos gir\u00e1ndose brevemente en sus asientos antes de cambiar de carril o realizar otras maniobras que puedan ponerles en peligro de sufrir un accidente de tr\u00e1fico. Por desgracia, algunos automovilistas son negligentes a la hora de comprobar los \u00e1ngulos muertos y estos automovilistas imprudentes causan accidentes de coche graves e incluso mortales en Pembroke Pines y en toda Florida.    <\/p>\n<p>Los abogados del Grupo Legal Flaxman han representado a muchos sobrevivientes de accidentes automovil\u00edsticos. Si usted o un ser querido se ha visto involucrado en un accidente automovil\u00edstico y ha sufrido lesiones graves, contacte al Grupo Legal Flaxman en cualquier momento para programar una consulta gratuita sobre accidentes. Nuestro objetivo es ayudar a los demandantes que tienen una demanda legal a obtener la m\u00e1xima compensaci\u00f3n por sus da\u00f1os y p\u00e9rdidas, para que tengan las herramientas y recursos financieros necesarios para seguir adelante despu\u00e9s de su colisi\u00f3n.  <\/p>\n<p><strong class=\"heading4\">Prevenci\u00f3n de Accidentes de Coche y Cami\u00f3n en Pembroke Pines y Otras Comunidades de Florida por Puntos Ciegos<\/strong><\/p>\n<p>Hay muchas formas de evitar que se produzcan accidentes en el \u00e1ngulo muerto. Las m\u00e1s obvias consisten en ajustar correctamente los retrovisores y comprobar siempre el \u00e1ngulo muerto, gir\u00e1ndote f\u00edsicamente con rapidez antes de cambiar de carril o realizar cualquier maniobra que pueda ponerte en peligro de chocar con otro veh\u00edculo o peat\u00f3n en el \u00e1ngulo muerto. Tambi\u00e9n puedes ayudar a prevenir accidentes de tr\u00e1fico evitando circular por inercia en el \u00e1ngulo muerto de alguien. Cuando no puedes ver a un camionero o a un automovilista por sus espejos retrovisores laterales, es probable que ellos tampoco puedan verte a ti.   <\/p>\n<p>Tambi\u00e9n puedes ayudar a prevenir los accidentes por \u00e1ngulo muerto siendo proactivo. Hay espejos retrovisores c\u00f3ncavos especiales, as\u00ed como espejos retrovisores laterales para \u00e1ngulos muertos, que puedes instalar en tu veh\u00edculo y que te permiten ver alrededor de los obst\u00e1culos de tu coche. Incluso puedes instalar una c\u00e1mara de visi\u00f3n trasera que te permita ver mejor lo que puede haber detr\u00e1s de tu veh\u00edculo.  <\/p>\n<p><strong class=\"heading4\">Cuando la prevenci\u00f3n no es suficiente<\/strong><\/p>\n<p>Por supuesto, aunque t\u00fa mismo seas muy cuidadoso para evitar los accidentes en los \u00e1ngulos muertos, otros conductores negligentes pueden ser menos precavidos y pueden involucrarte en un accidente de tr\u00e1fico grave porque no comprueban los \u00e1ngulos muertos. En estos casos, es importante recibir atenci\u00f3n m\u00e9dica, documentar las pruebas, presentar una reclamaci\u00f3n legal y ponerte en contacto con un abogado de lesiones personales para asegurarte de que est\u00e1s protegido. <\/p>\n<p>El Grupo Legal Flaxman es un bufete establecido de servicios integrales. Nuestros abogados tienen m\u00e1s de 60 a\u00f1os de experiencia combinada tanto en la sala del tribunal como en la mesa de negociaciones. Charles Flaxman, del <a href=\"index.html\">Grupo Legal Flaxman<\/a>, trabaj\u00f3 durante diez a\u00f1os en la industria de los seguros y tiene una amplia experiencia en la ley de seguros, as\u00ed como en las pol\u00edticas y t\u00e1cticas de las aseguradoras. Adem\u00e1s, forma parte del Foro de Abogados del Mill\u00f3n de D\u00f3lares, un prestigioso grupo que reconoce a los abogados que han ganado premios multimillonarios en nombre de sus clientes. Si usted desea que <a href=\"charles-flaxman.html\">Charles Flaxman<\/a> y el resto de nuestro equipo trabajen para usted, <a href=\"contacta con nosotros.html\">contacte<\/a> hoy mismo al Grupo Legal Flaxman para una revisi\u00f3n gratuita de su caso.    <\/p>\n<\/p><\/div>\n<\/p><\/div>\n","protected":false},"excerpt":{"rendered":"<p>Sin honorarios a menos que ganemos. Llama al 866-352-9626 para una &#8230; <\/p>\n","protected":false},"author":3,"featured_media":0,"parent":0,"menu_order":0,"comment_status":"closed","ping_status":"closed","template":"template-practice-areas.php","meta":{"footnotes":""},"class_list":["post-21955","page","type-page","status-publish","hentry"],"featured_image_src":null,"featured_image_src_square":null,"_links":{"self":[{"href":"https:\/\/flaxmanlaw.com\/es\/wp-json\/wp\/v2\/pages\/21955","targetHints":{"allow":["GET"]}}],"collection":[{"href":"https:\/\/flaxmanlaw.com\/es\/wp-json\/wp\/v2\/pages"}],"about":[{"href":"https:\/\/flaxmanlaw.com\/es\/wp-json\/wp\/v2\/types\/page"}],"author":[{"embeddable":true,"href":"https:\/\/flaxmanlaw.com\/es\/wp-json\/wp\/v2\/users\/3"}],"replies":[{"embeddable":true,"href":"https:\/\/flaxmanlaw.com\/es\/wp-json\/wp\/v2\/comments?post=21955"}],"version-history":[{"count":0,"href":"https:\/\/flaxmanlaw.com\/es\/wp-json\/wp\/v2\/pages\/21955\/revisions"}],"wp:attachment":[{"href":"https:\/\/flaxmanlaw.com\/es\/wp-json\/wp\/v2\/media?parent=21955"}],"curies":[{"name":"wp","href":"https:\/\/api.w.org\/{rel}","templated":true}]}}