{"id":21957,"date":"2024-11-18T12:45:15","date_gmt":"2024-11-18T12:45:15","guid":{"rendered":"https:\/\/flaxmanlaw.wpenginepowered.com\/lesiones-de-nacimiento-en-pembroke-pines-abogados-de-negligencia-medica-en-el-condado-de-broward\/"},"modified":"2024-11-18T12:45:15","modified_gmt":"2024-11-18T12:45:15","slug":"lesiones-de-nacimiento-en-pembroke-pines-abogados-de-negligencia-medica-en-el-condado-de-broward","status":"publish","type":"page","link":"https:\/\/flaxmanlaw.com\/es\/lesiones-de-nacimiento-en-pembroke-pines-abogados-de-negligencia-medica-en-el-condado-de-broward\/","title":{"rendered":"Lesiones de Nacimiento en Pembroke Pines | Abogados de Negligencia M\u00e9dica en el Condado de Broward"},"content":{"rendered":"<div class=\"bodytext\">\n<h2>Lesiones de Nacimiento en Pembroke Pines<\/h1><\/h2>\n<div class=\"description\">\n<p>Hay pocas lesiones tan devastadoras como las de parto, y muchas familias no se dan cuenta de que en muchos casos estas lesiones son bastante evitables. Desgraciadamente, en muchos casos las lesiones en el parto en Pembroke Pines y Florida est\u00e1n causadas por el comportamiento negligente o descuidado de enfermeras, m\u00e9dicos y otros profesionales que deber\u00edan vigilar al beb\u00e9 y a la madre antes, durante y despu\u00e9s del parto. Si vives en cualquier lugar de Florida del Sur y tu hijo ha sufrido una lesi\u00f3n grave durante el parto o antes de nacer, habla con uno de los abogados de lesiones personales del Grupo Legal Flaxman para hablar sobre tus opciones y tus derechos a una indemnizaci\u00f3n.  <\/p>\n<p><strong class=\"heading4\">\u00bfQu\u00e9 provoca lesiones en el parto en Pembroke Pines y otras ciudades?<\/strong><\/p>\n<p>Hay muchas cosas que pueden aumentar la probabilidad de sufrir lesiones en el parto y lesiones infantiles en Pembroke Pines y otras comunidades de Florida. Un parto dif\u00edcil o un embarazo dif\u00edcil pueden aumentar la probabilidad de una lesi\u00f3n. Un parto dif\u00edcil puede aumentar las probabilidades de que los m\u00e9dicos cometan errores, pero si se espera que un embarazo o un parto sean dif\u00edciles tambi\u00e9n se espera que los m\u00e9dicos y dem\u00e1s personal m\u00e9dico tomen precauciones adicionales para mantener a salvo tanto a la madre como al beb\u00e9.  <\/p>\n<p>Los beb\u00e9s prematuros y los de mayor tama\u00f1o, por ejemplo, tienen m\u00e1s probabilidades de sufrir complicaciones y deben ser vigilados con m\u00e1s cuidado. Tambi\u00e9n son m\u00e1s complicados los partos con complicaciones y los que requieren el uso de instrumentos como f\u00f3rceps. Se espera que el personal m\u00e9dico diagnostique adecuadamente las complicaciones y los riesgos y tome precauciones adicionales para mantener la seguridad de todos. Cuando el personal m\u00e9dico no lo hace, puede ser considerado responsable de su imprudencia.   <\/p>\n<p>Especialmente en un parto dif\u00edcil, es importante que las enfermeras y dem\u00e1s personal m\u00e9dico controlen al beb\u00e9 y a la madre para asegurarse de que el beb\u00e9 tiene suficiente flujo sangu\u00edneo y ox\u00edgeno en el cerebro y de que la madre no sufre demasiada angustia durante el parto. Tambi\u00e9n debe controlarse cuidadosamente la frecuencia cardiaca de la madre y del beb\u00e9. Si no se vigila atentamente al beb\u00e9 y a la madre, pueden producirse lesiones graves e incluso mortales. Una de las lesiones m\u00e1s frecuentes en esta situaci\u00f3n puede ser una lesi\u00f3n cerebral.   <\/p>\n<p>Si se necesitan f\u00f3rceps o ventosas, es importante que el personal tome medidas adicionales para asegurarse de que s\u00f3lo los utiliza personal formado y se emplean correctamente. Estos dispositivos m\u00e9dicos, aunque cruciales, pueden causar lesiones. Si es necesaria una ces\u00e1rea para evitar m\u00e1s traumatismos al beb\u00e9 y a la madre, es importante que no se retrase, pues los retrasos pueden causar m\u00e1s lesiones al feto. Muchos pacientes de lesiones cerebrales infantiles de Pembroke Pines y Florida sufren lesiones cerebrales porque se retras\u00f3 una ces\u00e1rea o porque el personal no vigil\u00f3 al beb\u00e9 y no advirti\u00f3 que no recib\u00eda suficiente ox\u00edgeno.   <\/p>\n<p><strong class=\"heading4\">Qu\u00e9 pueden hacer las familias<\/strong><\/p>\n<p>El equipo jur\u00eddico del Grupo Legal Flaxman trabaja con familias para ayudarlas a buscar una compensaci\u00f3n por la angustia financiera y la angustia emocional de cuidar a un hijo que ha resultado lesionado. Ya sea que hayas sufrido la p\u00e9rdida de un hijo en el parto o que tengas un hijo que requerir\u00e1 cuidados de por vida, agenda hoy mismo una cita con un abogado de lesiones personales del <a href=\"contacta con nosotros.html\">Grupo Legal<\/a> Flaxman y una consulta gratuita y sin compromiso para averiguar qu\u00e9 se puede hacer por tu hijo. <\/p>\n<\/p><\/div>\n<\/p><\/div>\n","protected":false},"excerpt":{"rendered":"<p>Sin honorarios a menos que ganemos. Llama al 866-352-9626 para una &#8230; <\/p>\n","protected":false},"author":3,"featured_media":0,"parent":0,"menu_order":0,"comment_status":"closed","ping_status":"closed","template":"template-practice-areas.php","meta":{"footnotes":""},"class_list":["post-21957","page","type-page","status-publish","hentry"],"featured_image_src":null,"featured_image_src_square":null,"_links":{"self":[{"href":"https:\/\/flaxmanlaw.com\/es\/wp-json\/wp\/v2\/pages\/21957","targetHints":{"allow":["GET"]}}],"collection":[{"href":"https:\/\/flaxmanlaw.com\/es\/wp-json\/wp\/v2\/pages"}],"about":[{"href":"https:\/\/flaxmanlaw.com\/es\/wp-json\/wp\/v2\/types\/page"}],"author":[{"embeddable":true,"href":"https:\/\/flaxmanlaw.com\/es\/wp-json\/wp\/v2\/users\/3"}],"replies":[{"embeddable":true,"href":"https:\/\/flaxmanlaw.com\/es\/wp-json\/wp\/v2\/comments?post=21957"}],"version-history":[{"count":0,"href":"https:\/\/flaxmanlaw.com\/es\/wp-json\/wp\/v2\/pages\/21957\/revisions"}],"wp:attachment":[{"href":"https:\/\/flaxmanlaw.com\/es\/wp-json\/wp\/v2\/media?parent=21957"}],"curies":[{"name":"wp","href":"https:\/\/api.w.org\/{rel}","templated":true}]}}