{"id":21958,"date":"2024-11-18T12:45:15","date_gmt":"2024-11-18T12:45:15","guid":{"rendered":"https:\/\/flaxmanlaw.wpenginepowered.com\/lesiones-personales-en-pembroke-park-abogados-de-accidentes-en-el-condado-de-broward\/"},"modified":"2025-12-04T04:06:17","modified_gmt":"2025-12-04T04:06:17","slug":"lesiones-personales-en-pembroke-park-abogados-de-accidentes-en-el-condado-de-broward","status":"publish","type":"page","link":"https:\/\/flaxmanlaw.com\/es\/lesiones-personales-en-pembroke-park-abogados-de-accidentes-en-el-condado-de-broward\/","title":{"rendered":"Lesiones personales en Pembroke Park | Abogados en Broward"},"content":{"rendered":"<div class=\"bodytext\">\n<h2>Lesiones personales en Pembroke Park<\/h1><\/h2>\n<div class=\"description\">\n<p>Pembroke Park, Florida, es una comunidad conocida por su ambiente favorable a las empresas. La ciudad siempre est\u00e1 creando nuevos proyectos para atraer a empresas como Coca Cola y otras grandes empresas a la zona. La comunidad tambi\u00e9n destaca por estar situada junto al oc\u00e9ano Atl\u00e1ntico. La ciudad tiene uno de los porcentajes m\u00e1s altos de canadienses que viven en EEUU. De hecho, en 2000, Pembroke Park era la comunidad estadounidense con el sexto porcentaje m\u00e1s alto de residentes canadienses.<\/p>\n<p>El <a href=\"sobre nosotros.html\">Grupo Legal Flaxman<\/a> se enorgullece de haber servido a Pembroke Park y a las comunidades circundantes durante d\u00e9cadas. Si has sufrido lesiones personales en Pembroke Park y necesitas los servicios de un calificado y experimentado abogado de lesiones personales en Pembroke Park, el equipo legal del Grupo Legal Flaxman puede ayudarte. Hemos ayudado con \u00e9xito a miles de pacientes de lesiones personales de Florida y de Pembroke Park. Tenemos la experiencia necesaria para darte un asesoramiento jur\u00eddico honesto y pr\u00e1ctico que te ayude a comprender tus derechos y opciones. Contacta hoy mismo al Grupo Legal Flaxman para una consulta gratuita y sin compromiso para hablar sobre tus lesiones personales en Pembroke Park.<\/p>\n<p>El Grupo Legal Flaxman es una firma de servicios integrales que puede ayudarte a satisfacer todas las necesidades legales relacionadas con tu caso de lesiones personales en Pembroke Park. Nuestro experimentado y compasivo equipo jur\u00eddico puede investigar tu demanda por lesiones personales en Pembroke Park, puede decirte si tienes un caso de lesiones personales en Pembroke Park, puede negociar con tu aseguradora y puede representarte si decides presentar una demanda. Podemos guiarte en cada paso de tu caso de lesiones personales en Pembroke Park.<\/p>\n<p>El Grupo Legal Flaxman proporciona una gama completa de servicios legales a una amplia variedad de clientes en Pembroke Park y en toda Florida. Nuestro enfoque compasivo y minucioso puede ayudarte a salvaguardar tus derechos tras una lesi\u00f3n personal en Pembroke Park y puede garantizar que no acabes pagando de tu bolsillo m\u00e1s de lo necesario en concepto de da\u00f1os y perjuicios. Hemos ayudado a muchas v\u00edctimas de lesiones personales de Pembroke Park. Ll\u00e1manos hoy mismo para una <a href=\"contacta con nosotros.html\">consulta gratuita sobre accidentes<\/a> y saber c\u00f3mo podemos ayudarte.<\/p>\n<p>Pembroke Park, Florida, est\u00e1 a s\u00f3lo nueve minutos manejando del despacho del Grupo Legal Flaxman. Para llegar a las oficinas en Hollywood del Grupo Legal Flaxman desde Pembroke Park, empieza conduciendo hacia el oeste por la Calle 26 SW y gira a la izquierda en la Avenida 32 SW. Gira a la derecha en FL-858 W\/W Hallandale Beach Boulevard y otra vez a la derecha en FL-7 N. Gira otra vez a la derecha en Johnson Street, donde encontrar\u00e1s el Grupo Legal Flaxman en el 5715 de Johnson Street.<\/p>\n<\/div>\n<\/div>\n","protected":false},"excerpt":{"rendered":"<p>Sin honorarios a menos que ganemos. Llama al 866-352-9626 para una &#8230; <\/p>\n","protected":false},"author":3,"featured_media":0,"parent":0,"menu_order":0,"comment_status":"closed","ping_status":"closed","template":"template-practice-areas.php","meta":{"footnotes":""},"class_list":["post-21958","page","type-page","status-publish","hentry"],"featured_image_src":null,"featured_image_src_square":null,"_links":{"self":[{"href":"https:\/\/flaxmanlaw.com\/es\/wp-json\/wp\/v2\/pages\/21958","targetHints":{"allow":["GET"]}}],"collection":[{"href":"https:\/\/flaxmanlaw.com\/es\/wp-json\/wp\/v2\/pages"}],"about":[{"href":"https:\/\/flaxmanlaw.com\/es\/wp-json\/wp\/v2\/types\/page"}],"author":[{"embeddable":true,"href":"https:\/\/flaxmanlaw.com\/es\/wp-json\/wp\/v2\/users\/3"}],"replies":[{"embeddable":true,"href":"https:\/\/flaxmanlaw.com\/es\/wp-json\/wp\/v2\/comments?post=21958"}],"version-history":[{"count":0,"href":"https:\/\/flaxmanlaw.com\/es\/wp-json\/wp\/v2\/pages\/21958\/revisions"}],"wp:attachment":[{"href":"https:\/\/flaxmanlaw.com\/es\/wp-json\/wp\/v2\/media?parent=21958"}],"curies":[{"name":"wp","href":"https:\/\/api.w.org\/{rel}","templated":true}]}}