{"id":21960,"date":"2024-11-18T12:45:15","date_gmt":"2024-11-18T12:45:15","guid":{"rendered":"https:\/\/flaxmanlaw.wpenginepowered.com\/accidentes-de-peatones-hollywood-florida-abogados-de-lesiones-de-coche\/"},"modified":"2025-12-04T03:50:31","modified_gmt":"2025-12-04T03:50:31","slug":"accidentes-de-peatones-hollywood-florida-abogados-de-lesiones-de-coche","status":"publish","type":"page","link":"https:\/\/flaxmanlaw.com\/es\/accidentes-de-peatones-hollywood-florida-abogados-de-lesiones-de-coche\/","title":{"rendered":"Accidentes de Peatones | Abogados en Hollywood, Florida"},"content":{"rendered":"<div class=\"bodytext\">\n<h2>Accidentes de peatones<\/h1><\/h2>\n<p><img decoding=\"async\" class=\"size-full wp-image-37387 aligncenter\" title=\"roadside-hospital-1280x676-b-67441968f1a4f\" src=\"https:\/\/flaxmanlaw.com\/wp-content\/uploads\/2025\/05\/roadside-hospital-1280x676-b-67441968f1a4f.jpg\" alt=\"roadside-hospital-1280x676-b-67441968f1a4f\" width=\"1280\" height=\"676\" srcset=\"https:\/\/flaxmanlaw.com\/wp-content\/uploads\/2025\/05\/roadside-hospital-1280x676-b-67441968f1a4f.jpg 1280w, https:\/\/flaxmanlaw.com\/wp-content\/uploads\/2025\/05\/roadside-hospital-1280x676-b-67441968f1a4f-300x158.jpg 300w, https:\/\/flaxmanlaw.com\/wp-content\/uploads\/2025\/05\/roadside-hospital-1280x676-b-67441968f1a4f-1024x541.jpg 1024w, https:\/\/flaxmanlaw.com\/wp-content\/uploads\/2025\/05\/roadside-hospital-1280x676-b-67441968f1a4f-768x406.jpg 768w, https:\/\/flaxmanlaw.com\/wp-content\/uploads\/2025\/05\/roadside-hospital-1280x676-b-67441968f1a4f-600x317.jpg 600w\" sizes=\"(max-width: 1280px) 100vw, 1280px\" \/><\/p>\n<div class=\"description\">\n<p>De todos los accidentes de autom\u00f3vil, los de peatones con un coche implicado suelen ser los m\u00e1s dif\u00edciles. Los peatones no tienen muchas posibilidades frente a un coche grande y r\u00e1pido, por lo que muchos atropellos de peatones provocan lesiones graves o la muerte. De hecho, cada a\u00f1o mueren casi 5.000 peatones en accidentes de tr\u00e1fico. Muchos m\u00e1s peatones resultan gravemente heridos. En muchos casos, estos accidentes son causados por la falta de atenci\u00f3n y la imprudencia del conductor y son evitables. En el Grupo Legal Flaxman, hemos representado a muchos sobrevivientes de accidentes peatonales y a muchas familias desconsoladas por accidentes peatonales. Hemos podido ayudar a estos supervivientes a obtener la asistencia legal que necesitaban para pagar una atenci\u00f3n m\u00e9dica de calidad, gastos funerarios y otros costes asociados al accidente. Tambi\u00e9n hemos dado voz en los tribunales a estos supervivientes y les hemos ayudado a sacar de la carretera a conductores peligrosos antes de que lesionaran a otra persona. Si necesitas un abogado de accidentes de peatones en Hollywood, siempre puedes ponerte en contacto con nosotros para una consulta gratuita y sin compromiso.<\/p>\n<p>Los accidentes de peatones son dif\u00edciles porque pueden causar lesiones muy graves. Los accidentes de tr\u00e1fico con peatones suelen causar lesiones graves en el cuello, la cabeza y la m\u00e9dula espinal. Como estas zonas son tan fr\u00e1giles, las lesiones permanentes, los da\u00f1os nerviosos y la par\u00e1lisis son bastante frecuentes. Estas lesiones pueden requerir a\u00f1os de rehabilitaci\u00f3n y los supervivientes de accidentes pueden necesitar contratar cuidadores o hacer que sus casas sean accesibles: estos importantes gastos pueden sencillamente no estar cubiertos por las compa\u00f1\u00edas de seguros. Por eso es tan importante contratar abogados cualificados en Florida. Los abogados de Florida con experiencia pueden garantizar que los supervivientes obtengan la asistencia que necesitan para conseguir ayuda a largo plazo tras un accidente.<\/p>\n<p><iframe src=\"https:\/\/www.youtube.com\/embed\/JnhZN6I_tvg?rel=0&amp;showinfo=0&amp;autohide=1&amp;modestbranding=1\" width=\"430\" height=\"242\" frameborder=\"0\" allowfullscreen=\"allowfullscreen\"><\/iframe><strong class=\"heading4\"> Si Has Sufrido Lesiones Graves, Contacta con un Abogado de Accidentes de Peatones en Hollywood o en tu Comunidad <\/strong><\/p>\n<p>La p\u00e9rdida del uso de un miembro y las fracturas o luxaciones de miembros tambi\u00e9n son bastante frecuentes en las colisiones entre un coche y un peat\u00f3n. Estas lesiones pueden hacer que el superviviente pierda semanas de trabajo. Las lesiones en s\u00ed pueden requerir muchos meses de fisioterapia y causar muchos a\u00f1os de dolor. Desgraciadamente, muchas compa\u00f1\u00edas de seguros s\u00f3lo est\u00e1n dispuestas a pagar los costes iniciales de una lesi\u00f3n, si acaso. Los cualificados abogados del Grupo Legal Flaxman pueden asegurarse de que conozcas todos tus derechos, de modo que puedas obtener asistencia para una recuperaci\u00f3n completa &#8211; sin importar el tiempo que te lleve. Un abogado de accidentes peatonales en Hollywood de nuestra firma puede trabajar para que obtengas la asistencia a la que tienes derecho seg\u00fan la ley, para que puedas recuperarte completamente y reponer los ingresos perdidos.<\/p>\n<p><strong class=\"heading4\"> Por qu\u00e9 es crucial trabajar con un abogado cualificado en el sur de Florida <\/strong><\/p>\n<p>Sin abogados cualificados de Florida que representen tu caso, puedes acabar pagando de tu bolsillo grandes gastos m\u00e9dicos, equipos m\u00e9dicos, salarios perdidos y otros gastos. Esto puede endeudarte y poner en peligro la calidad de la atenci\u00f3n que recibas. Si usted o un ser querido ha resultado lesionado en un accidente peatonal o es sobreviviente de un peat\u00f3n que ha muerto en un accidente vial, contacte al Grupo Legal Flaxman para recibir asistencia inmediata de un abogado de accidentes peatonales en nuestras oficinas de Miami, Homestead o Hollywood. <a href=\"contacta con nosotros.html\">Cont\u00e1ctenos en l\u00ednea<\/a> o ll\u00e1menos hoy mismo al 866-352-9626 para programar una consulta GRATUITA y sin compromiso para hablar sobre sus opciones legales.<\/p>\n<p>&nbsp;<\/p>\n<\/div>\n<div class=\"subpageslist\"><\/div>\n<\/div>\n","protected":false},"excerpt":{"rendered":"<p>Sin honorarios a menos que ganemos. Llama al 866-352-9626 para una &#8230; <\/p>\n","protected":false},"author":3,"featured_media":0,"parent":0,"menu_order":0,"comment_status":"closed","ping_status":"closed","template":"","meta":{"footnotes":""},"class_list":["post-21960","page","type-page","status-publish","hentry"],"featured_image_src":null,"featured_image_src_square":null,"_links":{"self":[{"href":"https:\/\/flaxmanlaw.com\/es\/wp-json\/wp\/v2\/pages\/21960","targetHints":{"allow":["GET"]}}],"collection":[{"href":"https:\/\/flaxmanlaw.com\/es\/wp-json\/wp\/v2\/pages"}],"about":[{"href":"https:\/\/flaxmanlaw.com\/es\/wp-json\/wp\/v2\/types\/page"}],"author":[{"embeddable":true,"href":"https:\/\/flaxmanlaw.com\/es\/wp-json\/wp\/v2\/users\/3"}],"replies":[{"embeddable":true,"href":"https:\/\/flaxmanlaw.com\/es\/wp-json\/wp\/v2\/comments?post=21960"}],"version-history":[{"count":0,"href":"https:\/\/flaxmanlaw.com\/es\/wp-json\/wp\/v2\/pages\/21960\/revisions"}],"wp:attachment":[{"href":"https:\/\/flaxmanlaw.com\/es\/wp-json\/wp\/v2\/media?parent=21960"}],"curies":[{"name":"wp","href":"https:\/\/api.w.org\/{rel}","templated":true}]}}