{"id":21961,"date":"2024-11-18T12:45:15","date_gmt":"2024-11-18T12:45:15","guid":{"rendered":"https:\/\/flaxmanlaw.wpenginepowered.com\/pembroke-pines-neumaticos-calzados-reventon-de-neumatico-abogados-de-accidentes-de-camion-del-condado-de-broward\/"},"modified":"2024-11-18T12:45:15","modified_gmt":"2024-11-18T12:45:15","slug":"pembroke-pines-neumaticos-calzados-reventon-de-neumatico-abogados-de-accidentes-de-camion-del-condado-de-broward","status":"publish","type":"page","link":"https:\/\/flaxmanlaw.com\/es\/pembroke-pines-neumaticos-calzados-reventon-de-neumatico-abogados-de-accidentes-de-camion-del-condado-de-broward\/","title":{"rendered":"Pembroke Pines Neum\u00e1ticos Calzados \/ Revent\u00f3n de Neum\u00e1tico | Abogados de Accidentes de Cami\u00f3n del Condado de Broward"},"content":{"rendered":"<div class=\"bodytext\">\n<h2>Pembroke Pines Neum\u00e1ticos Calvos \/ Revent\u00f3n de Neum\u00e1ticos<\/h1><\/h2>\n<div class=\"description\">\n<p>Probablemente hayas visto la goma de los neum\u00e1ticos reventados a lo largo de las autopistas y carreteras de Pembroke Pines y Florida. A menudo, estos trozos de goma se producen despu\u00e9s de un revent\u00f3n de neum\u00e1tico. Adem\u00e1s de los espectaculares reventones de neum\u00e1ticos que puedes ver en las carreteras, hay muchos tipos de problemas con los neum\u00e1ticos que pueden provocar accidentes de tr\u00e1fico. Si te has visto implicado en alg\u00fan accidente de tr\u00e1fico con un cami\u00f3n comercial, querr\u00e1s averiguar si los neum\u00e1ticos del cami\u00f3n u otra causa evitable provocaron tus lesiones.   <\/p>\n<p>Si est\u00e1s buscando respuestas despu\u00e9s de resultar lesionado en un accidente de tr\u00e1fico, contacta al Grupo Legal Flaxman para recibir una evaluaci\u00f3n gratuita de tu caso. Nuestra firma legal est\u00e1 del lado de quienes han resultado lesionados. Estamos orgullosos del hecho de que nuestros abogados tienen m\u00e1s de 60 a\u00f1os de experiencia legal combinada para ponerla a trabajar para usted hoy. El fundador de nuestro bufete tiene incluso m\u00e1s de 10 a\u00f1os de experiencia en el sector de los seguros, as\u00ed como m\u00e1s de 25 a\u00f1os de experiencia como abogado de lesiones personales. Este nivel de especializaci\u00f3n garantiza que contamos con la red de profesionales y la experiencia procesal necesarias para defender agresivamente los casos de nuestros clientes.    <\/p>\n<p><strong class=\"heading4\">Cuestiones que provocan accidentes de camiones relacionados con los neum\u00e1ticos<\/strong><\/p>\n<p>Hay muchos problemas con los neum\u00e1ticos que pueden ponerte en riesgo de colisi\u00f3n:<\/p>\n<ul>\n<li>Neum\u00e1ticos sobreinflados<\/li>\n<li>Neum\u00e1ticos poco inflados<\/li>\n<li>Neum\u00e1ticos en mal estado<\/li>\n<li>Defectos de los neum\u00e1ticos<\/li>\n<li>Neum\u00e1ticos que no se sustituyen a tiempo<\/li>\n<li>Neum\u00e1ticos sustituidos incorrectamente<\/li>\n<li>Neum\u00e1tico inadecuado para el tipo de tr\u00e1fico o la pesadez de la carga<\/li>\n<li>Neum\u00e1ticos viejos con la goma desintegrada<\/li>\n<li>Neum\u00e1ticos recauchutados incorrectamente<\/li>\n<li>Neum\u00e1ticos con poco dibujo o calvos<\/li>\n<li>Neum\u00e1ticos mal alineados o mal instalados<\/li>\n<\/ul>\n<p>Cada vez que los transportistas y camioneros no cuidan adecuadamente sus neum\u00e1ticos y camiones, t\u00fa y tu familia pod\u00e9is correr el riesgo de sufrir una colisi\u00f3n.<\/p>\n<p><strong class=\"heading4\">\u00bfTengo derecho a reclamar?<\/strong><\/p>\n<p>Puede ser dif\u00edcil saber si tienes derecho a reclamar tras un accidente de cami\u00f3n industrial. Esto se debe a que en muchos casos puede no ser inmediatamente evidente qu\u00e9 ha causado el accidente. Aunque la colisi\u00f3n se deba al revent\u00f3n de un neum\u00e1tico, \u00bfqu\u00e9 caus\u00f3 el fallo? Pudo ser un defecto del fabricante, el incumplimiento de las directrices federales por parte del conductor o un programa de mantenimiento deficiente por parte de la empresa de camiones.   <\/p>\n<p>Para averiguar si tienes derecho a reclamar y encontrar a todas las partes responsables, debe iniciarse una investigaci\u00f3n exhaustiva de tu caso. Adem\u00e1s, para determinar si tienes una reclamaci\u00f3n sueles necesitar un buen conocimiento de las leyes de Florida y federales sobre camiones. Tu mejor opci\u00f3n si quieres saber si tienes una reclamaci\u00f3n y comprender cu\u00e1nto puede valer tu reclamaci\u00f3n es hablar con un abogado de lesiones personales en Pembroke Pines o en tu comunidad.  <\/p>\n<p>Si usted ha resultado lesionado en cualquier tipo de accidente automovil\u00edstico, contacte <a href=\"contacta con nosotros.html\">al Grupo Legal Flaxman<\/a>, una firma de servicios integrales con oficinas en Homestead, Hollywood y Miami. Si usted est\u00e1 demasiado lesionado para viajar, podemos ofrecerle asesor\u00eda legal por tel\u00e9fono o podemos visitarle en su casa, lugar de trabajo, o cuarto de hospital. Tu consulta inicial con nosotros es absolutamente sin compromiso y sin coste alguno, por lo que no arriesgas nada al obtener una opini\u00f3n jur\u00eddica profesional sobre tu situaci\u00f3n.  <\/p>\n<\/p><\/div>\n<\/p><\/div>\n","protected":false},"excerpt":{"rendered":"<p>Sin honorarios a menos que ganemos. Llama al 866-352-9626 para una &#8230; <\/p>\n","protected":false},"author":3,"featured_media":0,"parent":0,"menu_order":0,"comment_status":"closed","ping_status":"closed","template":"template-practice-areas.php","meta":{"footnotes":""},"class_list":["post-21961","page","type-page","status-publish","hentry"],"featured_image_src":null,"featured_image_src_square":null,"_links":{"self":[{"href":"https:\/\/flaxmanlaw.com\/es\/wp-json\/wp\/v2\/pages\/21961","targetHints":{"allow":["GET"]}}],"collection":[{"href":"https:\/\/flaxmanlaw.com\/es\/wp-json\/wp\/v2\/pages"}],"about":[{"href":"https:\/\/flaxmanlaw.com\/es\/wp-json\/wp\/v2\/types\/page"}],"author":[{"embeddable":true,"href":"https:\/\/flaxmanlaw.com\/es\/wp-json\/wp\/v2\/users\/3"}],"replies":[{"embeddable":true,"href":"https:\/\/flaxmanlaw.com\/es\/wp-json\/wp\/v2\/comments?post=21961"}],"version-history":[{"count":0,"href":"https:\/\/flaxmanlaw.com\/es\/wp-json\/wp\/v2\/pages\/21961\/revisions"}],"wp:attachment":[{"href":"https:\/\/flaxmanlaw.com\/es\/wp-json\/wp\/v2\/media?parent=21961"}],"curies":[{"name":"wp","href":"https:\/\/api.w.org\/{rel}","templated":true}]}}