{"id":21962,"date":"2024-11-18T12:45:15","date_gmt":"2024-11-18T12:45:15","guid":{"rendered":"https:\/\/flaxmanlaw.wpenginepowered.com\/accidentes-de-peatones-hollywood-fl-abogados-de-lesiones-automovilisticas-grupo-legal-flaxman\/"},"modified":"2025-12-04T03:50:52","modified_gmt":"2025-12-04T03:50:52","slug":"accidentes-de-peatones-hollywood-fl-abogados-de-lesiones-automovilisticas-grupo-legal-flaxman","status":"publish","type":"page","link":"https:\/\/flaxmanlaw.com\/es\/accidentes-de-peatones-hollywood-fl-abogados-de-lesiones-automovilisticas-grupo-legal-flaxman\/","title":{"rendered":"Accidentes de Peatones en Hollywood"},"content":{"rendered":"<div class=\"bodytext\">\n<h2>Accidentes de peatones<\/h2>\n<div class=\"description\">\n<div class=\"video-wrapper\"><iframe src=\"https:\/\/www.youtube.com\/embed\/JnhZN6I_tvg?rel=0&amp;showinfo=0&amp;autohide=1&amp;modestbranding=1\" width=\"560\" height=\"315\" frameborder=\"0\" allowfullscreen=\"allowfullscreen\"><\/iframe><\/div>\n<p><strong class=\"heading4\"> Mi experiencia en reclamaciones por accidentes de peatones <\/strong><\/p>\n<p>He tramitado miles de accidentes de peatones y mi experiencia me ha ense\u00f1ado que las compa\u00f1\u00edas de seguros casi siempre no quieren pagar las reclamaciones. Argumentan que el peat\u00f3n estaba en el lugar equivocado o que no deber\u00eda haber estado donde estaba. He tenido \u00e9xito demostrando que los peatones ten\u00edan derecho de paso y he podido recuperar da\u00f1os y perjuicios por sus lesiones y sus salarios perdidos.<\/p>\n<p>Represent\u00e9 a un hombre que cruzaba la calle cuando fue atropellado por un coche que circulaba a gran velocidad. Acab\u00f3 rompi\u00e9ndose las dos piernas y estuvo en el hospital m\u00e1s de dos semanas. Su vida qued\u00f3 destrozada. Su familia perdi\u00f3 al sost\u00e9n de la familia y a \u00e9l le preocupaba pagar las facturas. Contrat\u00f3 a mi bufete y pude demostrar que el veh\u00edculo era culpable del accidente. Aunque la compa\u00f1\u00eda de seguros luch\u00f3 y luch\u00f3 y luch\u00f3 y no quer\u00eda pagar, pude convencerles de que ten\u00edan la obligaci\u00f3n legal de pagar y as\u00ed lo hicieron.<\/p>\n<p><strong class=\"heading4\"> \u00bfQu\u00e9 m\u00e1s necesitas saber sobre los accidentes de peatones en Florida? <\/strong><\/p>\n<p>Los accidentes de peatones pueden ocurrir en cualquier lugar donde peatones y coches compartan la calzada. Estas colisiones ocurren en pasos de peatones, aparcamientos y carreteras. Aunque se llaman accidentes, las colisiones con peatones suelen ser evitables. Pueden deberse a una conducci\u00f3n distra\u00edda o a que los conductores no comprueban sus \u00e1ngulos muertos.<\/p>\n<p>Una cosa desafortunada de los accidentes de tr\u00e1fico con peatones es que a menudo es el peat\u00f3n quien resulta gravemente herido y a quien se culpa. Mientras que en la mayor\u00eda de los casos el conductor sale indemne, los peatones pueden sufrir lesiones que les cambien la vida, como traumatismos craneoencef\u00e1licos. Para empeorar las cosas, los conductores y sus compa\u00f1\u00edas de seguros intentan a menudo culpar al peat\u00f3n.<\/p>\n<p>Debido a los elevados costes asociados a los accidentes de peatones y a la probabilidad de que los automovilistas intenten pasar la culpa, siempre recomiendo a los peatones lesionados que consulten con un abogado. No tienes nada que perder si averiguas cu\u00e1nto puede valer tu caso y obtienes la opini\u00f3n de un abogado con experiencia sobre la situaci\u00f3n.<\/p>\n<p>Un abogado puede marcar la diferencia en tu caso. Antes de tomar ninguna decisi\u00f3n sobre qu\u00e9 hacer a continuaci\u00f3n en tu situaci\u00f3n, un abogado puede ayudarte a comprender tus opciones para que tomes decisiones desde una posici\u00f3n de fuerza.<\/p>\n<p>Si has resultado lesionado en un accidente peatonal, ll\u00e1mame. Mi equipo del Grupo Legal Flaxman cuenta con m\u00e1s de 60 a\u00f1os de experiencia combinada y tenemos un historial de asegurar victorias judiciales y acuerdos para demandantes lesionados. Puedo ayudarte si has resultado lesionado y la consulta es absolutamente gratuita. Adem\u00e1s, la consulta es sin compromiso, por lo que no entra\u00f1a ning\u00fan riesgo. Estoy disponible 24 horas al d\u00eda, 7 d\u00edas a la semana. Siempre puedes contactar con alguien llamando a mi bufete de abogados al 866-352-9626 o <a href=\"contacta con nosotros.html\">poni\u00e9ndote en contacto con nosotros por Internet<\/a>. Si deseas ponerte en contacto conmigo directamente, te invito a que me env\u00edes un correo electr\u00f3nico a <a href=\"mailto:cf******@********aw.com\" data-original-string=\"2asOTlivLVpEksIWXIiIgg==614QYhlFdlJ9sNEePT0edibGanY2haWL\/PSbnUCT3BCIuI=\" title=\"This contact has been encoded by Anti-Spam by CleanTalk. Click to decode. To finish the decoding make sure that JavaScript is enabled in your browser.\"><span \n                data-original-string='ItCCvwSbK8FgJ+5jUq1L6g==6146lg3FBTrCGkArywQ03ACrfl9pIJ8eotvjVv\/YS3zalc='\n                class='apbct-email-encoder'\n                title='This contact has been encoded by Anti-Spam by CleanTalk. Click to decode. To finish the decoding make sure that JavaScript is enabled in your browser.'>cf<span class=\"apbct-blur\">******<\/span>@<span class=\"apbct-blur\">********<\/span>aw.com<\/span>.<\/a><\/p>\n<p>Recuerda: las compa\u00f1\u00edas de seguros tienen abogados y t\u00fa tambi\u00e9n deber\u00edas tenerlos.<\/p>\n<\/div>\n<\/div>\n","protected":false},"excerpt":{"rendered":"<p>Sin honorarios a menos que ganemos. Llama al 866-352-9626 para una &#8230; <\/p>\n","protected":false},"author":3,"featured_media":0,"parent":0,"menu_order":0,"comment_status":"closed","ping_status":"closed","template":"template-practice-areas.php","meta":{"footnotes":""},"class_list":["post-21962","page","type-page","status-publish","hentry"],"featured_image_src":null,"featured_image_src_square":null,"_links":{"self":[{"href":"https:\/\/flaxmanlaw.com\/es\/wp-json\/wp\/v2\/pages\/21962","targetHints":{"allow":["GET"]}}],"collection":[{"href":"https:\/\/flaxmanlaw.com\/es\/wp-json\/wp\/v2\/pages"}],"about":[{"href":"https:\/\/flaxmanlaw.com\/es\/wp-json\/wp\/v2\/types\/page"}],"author":[{"embeddable":true,"href":"https:\/\/flaxmanlaw.com\/es\/wp-json\/wp\/v2\/users\/3"}],"replies":[{"embeddable":true,"href":"https:\/\/flaxmanlaw.com\/es\/wp-json\/wp\/v2\/comments?post=21962"}],"version-history":[{"count":0,"href":"https:\/\/flaxmanlaw.com\/es\/wp-json\/wp\/v2\/pages\/21962\/revisions"}],"wp:attachment":[{"href":"https:\/\/flaxmanlaw.com\/es\/wp-json\/wp\/v2\/media?parent=21962"}],"curies":[{"name":"wp","href":"https:\/\/api.w.org\/{rel}","templated":true}]}}