{"id":21963,"date":"2024-11-18T12:45:15","date_gmt":"2024-11-18T12:45:15","guid":{"rendered":"https:\/\/flaxmanlaw.wpenginepowered.com\/abogados-de-accidentes-de-automovil-y-motocicleta-en-pembroke-pines-abogados-de-accidentes-de-automovil-en-el-condado-de-broward\/"},"modified":"2024-11-18T12:45:15","modified_gmt":"2024-11-18T12:45:15","slug":"abogados-de-accidentes-de-automovil-y-motocicleta-en-pembroke-pines-abogados-de-accidentes-de-automovil-en-el-condado-de-broward","status":"publish","type":"page","link":"https:\/\/flaxmanlaw.com\/es\/abogados-de-accidentes-de-automovil-y-motocicleta-en-pembroke-pines-abogados-de-accidentes-de-automovil-en-el-condado-de-broward\/","title":{"rendered":"Abogados de Accidentes de Autom\u00f3vil y Motocicleta en Pembroke Pines | Abogados de Accidentes de Autom\u00f3vil en el Condado de Broward"},"content":{"rendered":"<div class=\"bodytext\">\n<h2>Pembroke Pines Autom\u00f3vil y Motocicleta<\/h1><\/h2>\n<div class=\"description\">\n<p>Para muchos entusiastas de las motos, no hay nada mejor que la libertad de una moto. El clima de Florida parece hecho a medida para los motociclistas, que pueden disfrutar de la carretera abierta todo el a\u00f1o. Por desgracia, el tr\u00e1fico denso y la distracci\u00f3n de los conductores en Florida pueden significar lesiones devastadoras para los entusiastas de las motos. Cada a\u00f1o, los motoristas sufren lesiones graves debido a accidentes de tr\u00e1fico en Pembroke Pines y otras comunidades.   <\/p>\n<p>\u00bfHas resultado lesionado en este tipo de accidente de tr\u00e1fico? Contacta con el Grupo Legal Flaxman para una consulta de tu caso sin coste ni riesgo. Es tu oportunidad de hablar con un abogado de lesiones personales para conocer el posible valor de tu caso.  <\/p>\n<p><strong class=\"heading4\">Por qu\u00e9 el seguro puede no ser suficiente tras un accidente de tr\u00e1fico<\/strong><\/p>\n<p>Aunque la compa\u00f1\u00eda de seguros de tu coche te haya hecho una oferta, es importante que consultes con un abogado de lesiones personales en Pembroke Pines o en tu comunidad. Muchas personas se sienten tan aliviadas al recibir una oferta de su compa\u00f1\u00eda de seguros y a veces consideran que esa oferta es muy generosa que no se plantean hablar con un abogado de lesiones personales. Por desgracia, esto puede ser un error.  <\/p>\n<p>Los gastos m\u00e9dicos pueden ser muy caros, y la p\u00e9rdida de ingresos puede sumar f\u00e1cilmente decenas de miles o cientos de miles de d\u00f3lares si una lesi\u00f3n dura meses o a\u00f1os. Aunque una cantidad del seguro te parezca generosa, ten en cuenta que las compa\u00f1\u00edas de seguros se dedican a ofrecer acuerdos r\u00e1pidos y baratos. Si tu lesi\u00f3n acaba cost\u00e1ndote m\u00e1s, ese dinero saldr\u00e1 de tu propio bolsillo. T\u00fa no quieres eso.   <\/p>\n<p><strong class=\"heading4\">Trabajar con un abogado de lesiones personales<\/strong><\/p>\n<p>No quieres tener que enfrentarte a la angustia econ\u00f3mica de no tener dinero para pagar tus facturas m\u00e9dicas y otros gastos. Un abogado especializado en lesiones personales puede sentarse contigo y revisar los detalles de tu caso. Pueden ayudarte a comprender cu\u00e1nto puede valer tu caso y si tienes siquiera una reclamaci\u00f3n legal. Pueden ayudarte a comprender los costes totales y a largo plazo de tus lesiones, da\u00f1os materiales, salarios perdidos y otros gastos. Esto te permite evaluar mejor cualquier oferta del seguro y ver si la cantidad del seguro cubrir\u00e1 realmente todas tus necesidades. Mereces tener la mejor recuperaci\u00f3n posible y curarte lo mejor posible de tus lesiones. Un abogado de lesiones personales puede ocuparse de los detalles legales y econ\u00f3micos para que puedas centrarte en recuperarte.      <\/p>\n<p>\u00bfNecesitas hablar con un abogado de lesiones personales porque has resultado lesionado? Si es as\u00ed, contacte hoy mismo <a href=\"contacta con nosotros.html\">al Grupo Legal Flaxman<\/a>. Tenemos tres oficinas en el Sur de Florida para servirle mejor. Nuestros abogados tambi\u00e9n est\u00e1n dispuestos a desplazarse a tu domicilio, lugar de trabajo u hospital si est\u00e1s demasiado lesionado para viajar. Tu consulta inicial es gratuita y sin compromiso, por lo que siempre puedes obtener asesoramiento jur\u00eddico y hablar de tu caso personalmente con un abogado de lesiones personales sin preocuparte de facturas ni riesgos. Si te gustar\u00eda poner m\u00e1s de sesenta a\u00f1os de experiencia legal combinada y experiencia en la industria de seguros a trabajar en tu caso, contacta hoy mismo <a href=\"contacta con nosotros.html\">al Grupo Legal Flaxman<\/a> para una revisi\u00f3n gratuita y sin compromiso de tu caso.     <\/p>\n<\/p><\/div>\n<\/p><\/div>\n","protected":false},"excerpt":{"rendered":"<p>Sin honorarios a menos que ganemos. Llama al 866-352-9626 para una &#8230; <\/p>\n","protected":false},"author":3,"featured_media":0,"parent":0,"menu_order":0,"comment_status":"closed","ping_status":"closed","template":"template-practice-areas.php","meta":{"footnotes":""},"class_list":["post-21963","page","type-page","status-publish","hentry"],"featured_image_src":null,"featured_image_src_square":null,"_links":{"self":[{"href":"https:\/\/flaxmanlaw.com\/es\/wp-json\/wp\/v2\/pages\/21963","targetHints":{"allow":["GET"]}}],"collection":[{"href":"https:\/\/flaxmanlaw.com\/es\/wp-json\/wp\/v2\/pages"}],"about":[{"href":"https:\/\/flaxmanlaw.com\/es\/wp-json\/wp\/v2\/types\/page"}],"author":[{"embeddable":true,"href":"https:\/\/flaxmanlaw.com\/es\/wp-json\/wp\/v2\/users\/3"}],"replies":[{"embeddable":true,"href":"https:\/\/flaxmanlaw.com\/es\/wp-json\/wp\/v2\/comments?post=21963"}],"version-history":[{"count":0,"href":"https:\/\/flaxmanlaw.com\/es\/wp-json\/wp\/v2\/pages\/21963\/revisions"}],"wp:attachment":[{"href":"https:\/\/flaxmanlaw.com\/es\/wp-json\/wp\/v2\/media?parent=21963"}],"curies":[{"name":"wp","href":"https:\/\/api.w.org\/{rel}","templated":true}]}}