{"id":21964,"date":"2024-11-18T12:45:15","date_gmt":"2024-11-18T12:45:15","guid":{"rendered":"https:\/\/flaxmanlaw.wpenginepowered.com\/negligencia-en-residencias-asistidas-de-pembroke-pines-abogados-de-abuso-en-residencias-de-ancianos-del-condado-de-broward\/"},"modified":"2024-11-18T12:45:15","modified_gmt":"2024-11-18T12:45:15","slug":"negligencia-en-residencias-asistidas-de-pembroke-pines-abogados-de-abuso-en-residencias-de-ancianos-del-condado-de-broward","status":"publish","type":"page","link":"https:\/\/flaxmanlaw.com\/es\/negligencia-en-residencias-asistidas-de-pembroke-pines-abogados-de-abuso-en-residencias-de-ancianos-del-condado-de-broward\/","title":{"rendered":"Negligencia en Residencias Asistidas de Pembroke Pines | Abogados de Abuso en Residencias de Ancianos del Condado de Broward"},"content":{"rendered":"<div class=\"bodytext\">\n<h2>Negligencia en residencias asistidas de Pembroke Pines<\/h1><\/h2>\n<div class=\"description\">\n<p>Los centros de vida asistida y las residencias de ancianos de Pembroke Pines est\u00e1n pensados para ayudar a los ancianos y a los que est\u00e1n demasiado enfermos para valerse por s\u00ed mismos. Estos centros est\u00e1n supervisados por organismos p\u00fablicos y se supone que deben ofrecer un alto nivel de cuidados. Los centros son muy variados, desde centros familiares hasta grandes conglomerados propiedad de empresas. Se supone que todas deben ofrecer un buen nivel de asistencia. Por desgracia, las negligencias en residencias asistidas y los malos tratos en residencias de ancianos de Pembroke Pines y otras comunidades pueden producirse, y de hecho se producen.    <\/p>\n<p>Si tu ser querido se ha visto afectado por negligencias y abusos en un centro de asistencia, puede ser devastador. Un ser querido puede sufrir lesiones graves o potencialmente mortales por esta causa y, como consecuencia, puede ver mermada su calidad de vida. \u00bfQu\u00e9 puedes hacer? Si deseas respuestas, contacta al Grupo Legal Flaxman al 866-352-9626 para programar una consulta gratuita sobre accidentes y explorar tus opciones legales.   <\/p>\n<p><strong class=\"heading4\">\u00bfQui\u00e9n es responsable de una negligencia en una residencia asistida?<\/strong><\/p>\n<p>Dependiendo de la situaci\u00f3n, puede haber varias partes responsables implicadas en tu caso, entre ellas:<\/p>\n<ul>\n<li>El personal del centro de vida asistida<\/li>\n<li>Otros residentes del centro<\/li>\n<li>La gesti\u00f3n o administraci\u00f3n de la instalaci\u00f3n<\/li>\n<li>Los propietarios del edificio<\/li>\n<li>Cualquier organismo estatal que tuviera conocimiento de infracciones en el centro pero no actuara<\/li>\n<\/ul>\n<p><strong class=\"heading4\">Act\u00faa con rapidez para poner fin a los abusos y la negligencia<\/strong><\/p>\n<p>Si sospechas de una negligencia en una residencia asistida, es importante actuar con rapidez. En algunos casos, la negligencia puede poner en peligro la vida. Por ejemplo, si los residentes no reciben los cuidados adecuados, pueden sufrir accidentes por resbalones y ca\u00eddas que provoquen fracturas de cadera u otras dolencias potencialmente mortales. Si los residentes reciben una medicaci\u00f3n insuficiente o excesiva, su vida puede correr peligro si sus dolencias no se tratan correctamente.   <\/p>\n<p>Si sospechas que un ser querido est\u00e1 en peligro inmediato, es importante llamar enseguida a las fuerzas de seguridad. Aunque no sospeches que la vida de un ser querido corre peligro, es importante consultar r\u00e1pidamente a un abogado especializado en lesiones personales. Un abogado de lesiones personales puede actuar para conseguir pruebas y ayudarte a comprender cu\u00e1les son tus opciones para poner a salvo a tus seres queridos lo antes posible.  <\/p>\n<p>En estos casos, puede resultar dif\u00edcil para las familias obtener justicia y asistencia para los seres queridos maltratados. En muchos casos, presentar reclamaciones ante un tribunal civil ayuda a presionar econ\u00f3micamente a los centros de vida asistida y les empuja a hacer cambios. Presentar una demanda por lesiones personales en Fort Lauderdale o en tu comunidad env\u00eda un mensaje contundente. Al demandar al centro y a su compa\u00f1\u00eda de seguros ante los tribunales, tambi\u00e9n proporcionas un fuerte incentivo econ\u00f3mico para que el centro de vida asistida cambie sus pol\u00edticas. Por \u00faltimo, interponer una demanda civil tambi\u00e9n puede ayudarte a conseguir recursos econ\u00f3micos para tu ser querido, de modo que puedas pagar los cuidados m\u00e9dicos de sus lesiones, as\u00ed como los cuidados futuros en un centro mejor.    <\/p>\n<p>\u00bfSe ha lesionado un ser querido en una residencia asistida? Mereces respuestas y justicia. A menudo, los centros de vida asistida alegar\u00e1n que las lesiones fueron causadas por un accidente o por las propias acciones del residente. Si no est\u00e1s satisfecho con las respuestas que obtienes, siempre puedes ponerte en contacto con el Grupo Legal Flaxman para obtener una evaluaci\u00f3n gratuita de tu caso. Dependiendo de tu situaci\u00f3n, puedes lanzar una demanda legal y el Grupo Legal Flaxman puede trabajar con expertos m\u00e9dicos as\u00ed como con investigadores privados para obtener respuestas sobre la situaci\u00f3n.    <\/p>\n<\/p><\/div>\n<\/p><\/div>\n","protected":false},"excerpt":{"rendered":"<p>Sin honorarios a menos que ganemos. Llama al 866-352-9626 para una &#8230; <\/p>\n","protected":false},"author":3,"featured_media":0,"parent":0,"menu_order":0,"comment_status":"closed","ping_status":"closed","template":"template-practice-areas.php","meta":{"footnotes":""},"class_list":["post-21964","page","type-page","status-publish","hentry"],"featured_image_src":null,"featured_image_src_square":null,"_links":{"self":[{"href":"https:\/\/flaxmanlaw.com\/es\/wp-json\/wp\/v2\/pages\/21964","targetHints":{"allow":["GET"]}}],"collection":[{"href":"https:\/\/flaxmanlaw.com\/es\/wp-json\/wp\/v2\/pages"}],"about":[{"href":"https:\/\/flaxmanlaw.com\/es\/wp-json\/wp\/v2\/types\/page"}],"author":[{"embeddable":true,"href":"https:\/\/flaxmanlaw.com\/es\/wp-json\/wp\/v2\/users\/3"}],"replies":[{"embeddable":true,"href":"https:\/\/flaxmanlaw.com\/es\/wp-json\/wp\/v2\/comments?post=21964"}],"version-history":[{"count":0,"href":"https:\/\/flaxmanlaw.com\/es\/wp-json\/wp\/v2\/pages\/21964\/revisions"}],"wp:attachment":[{"href":"https:\/\/flaxmanlaw.com\/es\/wp-json\/wp\/v2\/media?parent=21964"}],"curies":[{"name":"wp","href":"https:\/\/api.w.org\/{rel}","templated":true}]}}