{"id":21965,"date":"2024-11-18T12:45:15","date_gmt":"2024-11-18T12:45:15","guid":{"rendered":"https:\/\/flaxmanlaw.wpenginepowered.com\/preguntas-frecuentes-sobre-accidentes-de-peatones-abogados-de-lesiones-automovilisticas-en-miami-grupo-legal-flaxman\/"},"modified":"2025-05-06T09:25:09","modified_gmt":"2025-05-06T09:25:09","slug":"preguntas-frecuentes-sobre-accidentes-de-peatones-abogados-de-lesiones-automovilisticas-en-miami-grupo-legal-flaxman","status":"publish","type":"page","link":"https:\/\/flaxmanlaw.com\/es\/preguntas-frecuentes-sobre-accidentes-de-peatones-abogados-de-lesiones-automovilisticas-en-miami-grupo-legal-flaxman\/","title":{"rendered":"Preguntas sobre Accidentes de Peatones"},"content":{"rendered":"<div class=\"bodytext\">\n<h2>Preguntas frecuentes sobre accidentes de peatones<\/h2>\n<div class=\"description\">\n<p><a href=\"https:\/\/www.vox.com\/23178764\/florida-us19-deadliest-pedestrian-fatality-crisis\" target=\"_blank\" rel=\"noopener\">Florida se encuentra entre los primeros estados<\/a> de la naci\u00f3n la mayor\u00eda de los a\u00f1os cuando se trata de lesiones y fatalidades por accidentes peatonales. En el Grupo Legal Flaxman, nuestras oficinas en Miami, Homestead y Hollywood reciben muchas llamadas de peatones lesionados preocupados por su futuro.<\/p>\n<p>Hemos reunido en este FAQ las preguntas m\u00e1s frecuentes que nos hacen nuestros clientes. Esperamos que te sirva de punto de partida si sufres lesiones. Si sufres lesiones en un accidente de peat\u00f3n y necesitas m\u00e1s informaci\u00f3n, <strong>siempre<\/strong> puedes <strong>llamarnos al 866-352-9626 o <a href=\"contacta con nosotros.html\">ponerte en contacto con nosotros por Internet<\/a> para programar una consulta gratuita y sin compromiso<\/strong> con un abogado de Florida especializado en reclamaciones por accidentes de peatones. Nuestro equipo estar\u00e1 encantado de responder a tus preguntas.<\/p>\n<ul id=\"top-list\" class=\"no-spacing-list\">\n<li><a href=\"peaton-accident-faqs.html#accidentes\">\u00bfQu\u00e9 son los accidentes de peatones?<\/a><\/li>\n<li><a href=\"preguntas-preguntas-sobre-accidentes-peatonales#happen\">\u00bfPor qu\u00e9 se producen los accidentes de peatones?<\/a><\/li>\n<li><a href=\"peaton-accident-faqs.html#comunes\">\u00bfCu\u00e1les son las lesiones m\u00e1s frecuentes en los accidentes de peatones?<\/a><\/li>\n<li><a href=\"peat\u00f3n-accidente-faqs.html#conductor\">\u00bfEs siempre culpable el conductor en los accidentes de peatones?<\/a><\/li>\n<li><a href=\"preguntas-preguntas-sobre-accidentes-peatonales#worth\">\u00bfCu\u00e1nto vale mi demanda?<\/a><\/li>\n<li><a href=\"peaton-accident-faqs.html#archivo\">\u00bfCu\u00e1l es el proceso de presentaci\u00f3n de una demanda?<\/a><\/li>\n<li><a href=\"peaton-accident-faqs.html#abogado\">\u00bfNecesito trabajar con un abogado?<\/a><\/li>\n<\/ul>\n<div>\n<div>\n<p><strong id=\"accidents\" class=\"heading4\">\u00bfQu\u00e9 son los accidentes de peatones?<\/strong><\/p>\n<div>\n<div>\n<p>Los accidentes de peatones implican cualquier choque entre alguien que camina a pie y un veh\u00edculo. Los accidentes de peatones pueden implicar <a href=\"preguntas frecuentes sobre accidentes de bicicleta.html\">accidentes de bicicleta<\/a>, accidentes de motocicleta, accidentes de cami\u00f3n y <a href=\"preguntas frecuentes sobre accidentes de coche_1.html\">accidentes de coche<\/a>.<\/p>\n<\/div>\n<\/div>\n<p><a href=\"preguntas-preguntas-sobre-accidentes-peatonales.html#top-list\">Volver arriba<\/a><\/p>\n<\/div>\n<hr \/>\n<div>\n<p><strong id=\"happen\" class=\"heading4\">\u00bfPor qu\u00e9 se producen los accidentes de peatones?<\/strong><\/p>\n<div>\n<div>\n<p>Los accidentes de peatones pueden ocurrir por varias razones:<\/p>\n<ul>\n<li><strong>Falta de atenci\u00f3n del conductor.<\/strong> Cuando los conductores est\u00e1n distra\u00eddos o no prestan atenci\u00f3n, pueden pasar por alto f\u00e1cilmente a una persona que cruza una acera o una calle. So\u00f1ar despierto, enviar mensajes de texto o concentrarse en una conversaci\u00f3n con un pasajero pueden hacer que los conductores se distraigan y no presten atenci\u00f3n.<\/li>\n<li><strong>Conducci\u00f3n bajo los efectos del alcohol.<\/strong> Cuando los conductores est\u00e1n ebrios, pueden no darse cuenta de la presencia de un peat\u00f3n o saltarse un sem\u00e1foro en rojo por donde est\u00e1 cruzando un peat\u00f3n. Beber ralentiza los tiempos de respuesta y puede dificultar que los conductores tomen buenas decisiones.<\/li>\n<li><strong>Problemas de visibilidad.<\/strong> La mala iluminaci\u00f3n, los giros ciegos, los \u00e1rboles y arbustos crecidos y otros problemas de visibilidad pueden dificultar que los conductores vean a los peatones.<\/li>\n<li><strong>Falta de atenci\u00f3n o imprudencia del peat\u00f3n.<\/strong> Los peatones que se meten en la calzada o cruzan con el sem\u00e1foro en rojo pueden estar en un paso de peatones cuando los conductores no esperan que est\u00e9n all\u00ed.<\/li>\n<li><strong>Imprudencia del automovilista.<\/strong> Si un automovilista se desv\u00eda alrededor de otro coche que se ha detenido por un peat\u00f3n, puede atropellar f\u00e1cilmente a una persona en un cruce. Si los conductores no prestan atenci\u00f3n a la calzada, a las zonas escolares, a los autobuses escolares y a otras zonas con mucho tr\u00e1fico de peatones, pueden provocar f\u00e1cilmente un accidente.<\/li>\n<li><strong>Mal dise\u00f1o de las calles.<\/strong> La falta de pasos de peatones y aceras, los sem\u00e1foros inadecuados en los cruces y otras malas decisiones de dise\u00f1o pueden dificultar que los peatones compartan las calles c\u00f3modamente con los conductores. Esto puede provocar accidentes.<\/li>\n<\/ul>\n<\/div>\n<\/div>\n<p><a href=\"preguntas-preguntas-sobre-accidentes-peatonales.html#top-list\">Volver arriba<\/a><\/p>\n<\/div>\n<hr \/>\n<div>\n<p><strong id=\"common\" class=\"heading4\">\u00bfCu\u00e1les son las lesiones m\u00e1s frecuentes en los accidentes de peatones?<\/strong><\/p>\n<div>\n<div>\n<p>A diferencia de los conductores y ocupantes de autom\u00f3viles, los peatones no tienen cinturones de seguridad, airbags ni otros sistemas de protecci\u00f3n. En una colisi\u00f3n, pueden ser golpeados directamente, atropellados o empujados a la calzada. Sus lesiones pueden ser graves e implicar:<\/p>\n<ul class=\"no-spacing-list\">\n<li>Lesiones en la cabeza<\/li>\n<li>Lesiones de espalda y de m\u00e9dula espinal<\/li>\n<li>Fracturas, incluidas las fracturas compuestas<\/li>\n<li>Lesiones de tejidos blandos, incluidas distensiones y esguinces<\/li>\n<li>Abrasiones y cicatrices<\/li>\n<li>Fallecidos<\/li>\n<li>Lesiones internas<\/li>\n<li>Amputaciones<\/li>\n<\/ul>\n<\/div>\n<\/div>\n<p><a href=\"preguntas-preguntas-sobre-accidentes-peatonales.html#top-list\">Volver arriba<\/a><\/p>\n<\/div>\n<hr \/>\n<div>\n<p><strong id=\"driver\" class=\"heading4\">\u00bfEs siempre culpable el conductor en los accidentes de peatones?<\/strong><\/p>\n<div>\n<div>\n<p>Se supone que los conductores deben estar atentos a los peatones, especialmente a los ni\u00f1os, y conducir con seguridad. Por eso, a menudo se considera a los conductores culpables de los accidentes con peatones. Al mismo tiempo, las compa\u00f1\u00edas de seguros y los conductores suelen intentar culpar a los peatones en este tipo de accidentes.<\/p>\n<p>Para determinar qu\u00e9 caus\u00f3 realmente tu colisi\u00f3n, un abogado experto en reclamaciones por accidentes de peatones en Florida puede trabajar con un experto en reconstrucci\u00f3n de accidentes, un investigador, peritos, expertos m\u00e9dicos y otros profesionales para determinar qu\u00e9 caus\u00f3 con mayor probabilidad tus lesiones. Su investigaci\u00f3n puede reunir informaci\u00f3n sobre qui\u00e9n tuvo la culpa y reunir pruebas para que puedas solicitar una indemnizaci\u00f3n justa por tus lesiones.<\/p>\n<\/div>\n<\/div>\n<p><a href=\"preguntas-preguntas-sobre-accidentes-peatonales.html#top-list\">Volver arriba<\/a><\/p>\n<\/div>\n<hr \/>\n<div>\n<p><strong id=\"worth\" class=\"heading4\">\u00bfCu\u00e1nto vale mi demanda?<\/strong><\/p>\n<div>\n<div>\n<p>La ley de Florida te permite recuperar las p\u00e9rdidas econ\u00f3micas relacionadas con tus lesiones. Esto significa que si sufres lesiones en un accidente de peat\u00f3n y tienes que perder tiempo en el trabajo, puedes reclamar una indemnizaci\u00f3n por los salarios perdidos. Tambi\u00e9n puedes solicitar una indemnizaci\u00f3n por los salarios perdidos esperados en el futuro, las facturas m\u00e9dicas, las facturas m\u00e9dicas esperadas en el futuro, los da\u00f1os materiales, etc. Tambi\u00e9n puedes solicitar una indemnizaci\u00f3n por gastos imprevistos, como el coste de los taxis para ir y volver de las citas m\u00e9dicas. Puedes solicitar una indemnizaci\u00f3n por el dolor y el sufrimiento.<\/p>\n<p>Si has perdido a un ser querido en un accidente de peat\u00f3n y eres un familiar directo capacitado para presentar una reclamaci\u00f3n legal, puedes solicitar una indemnizaci\u00f3n por los gastos funerarios y conmemorativos finales, las facturas m\u00e9dicas finales, los salarios que el ser querido hubiera aportado a tu hogar, el dolor y el sufrimiento, y otros gastos. En esta situaci\u00f3n, puedes tener una reclamaci\u00f3n por homicidio culposo.<\/p>\n<p>Cada accidente de peat\u00f3n es \u00fanico. La mejor manera de determinar cu\u00e1nto puedes reclamar en un accidente de peat\u00f3n es hablar con un abogado especializado en reclamaciones por accidentes de peatones. Los abogados del Grupo Legal Flaxman, por ejemplo, han trabajado con miles de personas lesionadas, y est\u00e1n familiarizados con cu\u00e1nto pueden costar ciertas lesiones en t\u00e9rminos de tratamiento en Hollywood, Miami y otras ciudades. Tambi\u00e9n comprenden los costes t\u00edpicos recuperables por dolor y sufrimiento y por otras p\u00e9rdidas.<\/p>\n<\/div>\n<\/div>\n<p><a href=\"preguntas-preguntas-sobre-accidentes-peatonales.html#top-list\">Volver arriba<\/a><\/p>\n<\/div>\n<hr \/>\n<div>\n<p><strong id=\"filing\" class=\"heading4\">\u00bfCu\u00e1l es el proceso de presentaci\u00f3n de una demanda?<\/strong><\/p>\n<div>\n<div>\n<p>El proceso de presentar una reclamaci\u00f3n empieza realmente en cuanto se produce el accidente. Consigue la informaci\u00f3n de contacto del otro conductor, si puedes. Consigue la informaci\u00f3n de contacto de los testigos, si es posible. Anota la matr\u00edcula, la marca y el modelo del coche, haz fotos de tus lesiones y del lugar del accidente, as\u00ed como de la zona circundante. Cuanta m\u00e1s documentaci\u00f3n tengas, mejor. Por supuesto, busca atenci\u00f3n m\u00e9dica y, sobre todo, atenci\u00f3n m\u00e9dica de urgencia si tus lesiones pueden ser graves.<\/p>\n<p>Tambi\u00e9n querr\u00e1s ponerte en contacto con un abogado experto en reclamaciones por lesiones en accidentes de peatones. Tu abogado puede ocuparse de los muchos pasos que hay que dar para presentar una reclamaci\u00f3n, desde presentar la documentaci\u00f3n, hacer que se notifique a las partes responsables, hasta negociar con las compa\u00f1\u00edas de seguros y otras partes. El objetivo de tu abogado es asegurarse de que obtengas la indemnizaci\u00f3n m\u00e1s justa posible.<\/p>\n<\/div>\n<\/div>\n<p><a href=\"preguntas-preguntas-sobre-accidentes-peatonales.html#top-list\">Volver arriba<\/a><\/p>\n<\/div>\n<hr \/>\n<div>\n<p><strong id=\"attorney\" class=\"heading4\">\u00bfNecesito trabajar con un abogado?<\/strong><\/p>\n<div>\n<div>\n<p>No es un requisito legal que trabajes con un abogado de lesiones personales. Puedes presentar t\u00fa mismo una demanda por accidente de peat\u00f3n, ya sea en el sistema judicial o ante la compa\u00f1\u00eda de seguros del conductor culpable. Sin embargo, el proceso de presentaci\u00f3n y negociaci\u00f3n con otras partes es complejo. Requiere un conocimiento profundo de la ley. Muchas personas que han sufrido lesiones en un accidente de peat\u00f3n descubren que las compa\u00f1\u00edas de seguros tratan su caso con m\u00e1s seriedad cuando trabajan con un abogado experimentado.<\/p>\n<p>A muchas personas les preocupa trabajar con un abogado porque temen los costes. La buena noticia es que hay opciones para esto. El Grupo Legal Flaxman te lo pone f\u00e1cil ofreci\u00e9ndote una consulta gratuita sobre accidentes sin compromiso. Esto te permite averiguar si tienes una demanda antes de tomar ninguna decisi\u00f3n. No supone ning\u00fan coste. Adem\u00e1s, nuestro equipo legal trabaja en base a honorarios de contingencia. Esto significa que no pagas hasta que recuperemos dinero para ti. Esto te permite reclamar una indemnizaci\u00f3n justa sin tener que preocuparte por los costes. Nuestro objetivo es conseguirte el dinero que mereces, no cobrarte por adelantado.<\/p>\n<\/div>\n<\/div>\n<p><a href=\"preguntas-preguntas-sobre-accidentes-peatonales.html#top-list\">Volver arriba<\/a><\/p>\n<\/div>\n<hr \/>\n<\/div>\n<p>Llame al Grupo Legal Flaxman al 866-352-9626 para hablar con una persona en vivo que pueda programar una consulta gratuita y sin compromiso con un abogado de accidentes peatonales. O <a href=\"contacta con nosotros.html\">cont\u00e1ctenos en l\u00ednea<\/a> para programar su consulta gratuita sobre accidentes. Si has resultado lesionado, estamos aqu\u00ed con respuestas.<\/p>\n<\/div>\n<\/div>\n","protected":false},"excerpt":{"rendered":"<p>Sin honorarios a menos que ganemos. Llama al 866-352-9626 para una &#8230; <\/p>\n","protected":false},"author":3,"featured_media":0,"parent":0,"menu_order":0,"comment_status":"closed","ping_status":"closed","template":"template-practice-areas.php","meta":{"footnotes":""},"class_list":["post-21965","page","type-page","status-publish","hentry"],"featured_image_src":null,"featured_image_src_square":null,"_links":{"self":[{"href":"https:\/\/flaxmanlaw.com\/es\/wp-json\/wp\/v2\/pages\/21965","targetHints":{"allow":["GET"]}}],"collection":[{"href":"https:\/\/flaxmanlaw.com\/es\/wp-json\/wp\/v2\/pages"}],"about":[{"href":"https:\/\/flaxmanlaw.com\/es\/wp-json\/wp\/v2\/types\/page"}],"author":[{"embeddable":true,"href":"https:\/\/flaxmanlaw.com\/es\/wp-json\/wp\/v2\/users\/3"}],"replies":[{"embeddable":true,"href":"https:\/\/flaxmanlaw.com\/es\/wp-json\/wp\/v2\/comments?post=21965"}],"version-history":[{"count":0,"href":"https:\/\/flaxmanlaw.com\/es\/wp-json\/wp\/v2\/pages\/21965\/revisions"}],"wp:attachment":[{"href":"https:\/\/flaxmanlaw.com\/es\/wp-json\/wp\/v2\/media?parent=21965"}],"curies":[{"name":"wp","href":"https:\/\/api.w.org\/{rel}","templated":true}]}}