{"id":21967,"date":"2024-11-18T12:45:15","date_gmt":"2024-11-18T12:45:15","guid":{"rendered":"https:\/\/flaxmanlaw.wpenginepowered.com\/accidente-de-camion-en-palmetto-bay-abogados-de-lesiones-de-camion-en-el-condado-de-miami-dade\/"},"modified":"2024-11-18T12:45:15","modified_gmt":"2024-11-18T12:45:15","slug":"accidente-de-camion-en-palmetto-bay-abogados-de-lesiones-de-camion-en-el-condado-de-miami-dade","status":"publish","type":"page","link":"https:\/\/flaxmanlaw.com\/es\/accidente-de-camion-en-palmetto-bay-abogados-de-lesiones-de-camion-en-el-condado-de-miami-dade\/","title":{"rendered":"Accidente de Cami\u00f3n en Palmetto Bay | Abogados de Lesiones de Cami\u00f3n en el Condado de Miami-Dade"},"content":{"rendered":"<div class=\"bodytext\">\n<h2>Accidente de cami\u00f3n en Palmetto Bay<\/h1><\/h2>\n<div class=\"description\">\n<p>Palmetto Bay est\u00e1 considerada como una de las comunidades m\u00e1s familiares del condado de Miami-Dade, en Florida. Esto se debe a que Palmetto Bay tiene un sistema escolar muy respetado, seis parques y barrios seguros y limpios. Aunque la ciudad s\u00f3lo se cre\u00f3 en 2002, ha crecido r\u00e1pidamente hasta convertirse en una pr\u00f3spera comunidad. Palmetto Bay tambi\u00e9n es famosa por sus posibilidades de recreo acu\u00e1tico y navegaci\u00f3n, as\u00ed como por sus vistas de la bah\u00eda de Biscayne.   <\/p>\n<p>Aunque Palmetto Bay se considera una comunidad segura, los accidentes de cami\u00f3n pueden ocurrir en cualquier parte y, por desgracia, ocurren todos los a\u00f1os en Palmetto Bay. Despu\u00e9s de un accidente de <a href=\"accidentes-de-cami\u00f3n.html\">cami\u00f3n<\/a> en Palmetto Bay, contratar a un abogado experimentado para que act\u00fae en su nombre es una de las elecciones m\u00e1s importantes que puede hacer por su familia y por usted mismo. El equipo legal del Grupo Legal Flaxman puede poner sus d\u00e9cadas de experiencia en juicios y negociaciones a trabajar para usted para garantizar que pueda recuperarse lo m\u00e1s completamente posible de su accidente con menos preocupaciones financieras. No aceptes una oferta baja de una aseguradora hasta que organices una consulta gratuita y sin compromiso con el Grupo Legal Flaxman. Puedes hacer preguntas a nuestro equipo legal y obtener informaci\u00f3n sobre tus derechos y opciones para que puedas protegerte a ti y a tu familia.    <\/p>\n<p>El Grupo Legal Flaxman se tomar\u00e1 el tiempo para escucharle realmente, de modo que podamos evaluar con precisi\u00f3n su situaci\u00f3n. Podemos concertar una consulta gratuita sobre accidentes con usted en nuestras oficinas o en su casa, lugar de trabajo o habitaci\u00f3n de hospital. Esta consulta con el Grupo Legal Flaxman es una buena oportunidad para saber si tienes un caso, cu\u00e1l podr\u00eda ser tu compensaci\u00f3n potencial, y para entender tus opciones legales y el proceso legal. Tambi\u00e9n es una oportunidad para que hagas preguntas al equipo del Grupo Legal Flaxman.   <\/p>\n<p>Palmetto Bay est\u00e1 a s\u00f3lo unos veinte minutos de las oficinas del Grupo Legal Flaxman en Miami. Para llegar al Grupo Legal Flaxman, dir\u00edgete al norte por SW 82nd Avenue y gira a la izquierda en SW 152nd Street\/Coral Reef Drive y luego a la derecha en US-1 N. Gira a la derecha en FL-826 N\/Palmetto Expressway y sigue las se\u00f1ales hacia FL-94\/N Kendall Drive. Toma la rampa hacia FL-826 N y la salida FL-836 E\/FL-836 W, incorpor\u00e1ndote a FL-836 E. Sal hacia FL-959 S\/NW 57th Avenue\/N Red Road y gira a la derecha en Blue Lagoon Drive. Las oficinas del Grupo Legal Flaxman est\u00e1n en el 6303 de Blue Lagoon Drive.   <\/p>\n<\/p><\/div>\n<\/p><\/div>\n","protected":false},"excerpt":{"rendered":"<p>Sin honorarios a menos que ganemos. Llama al 866-352-9626 para una &#8230; <\/p>\n","protected":false},"author":3,"featured_media":0,"parent":0,"menu_order":0,"comment_status":"closed","ping_status":"closed","template":"template-practice-areas.php","meta":{"footnotes":""},"class_list":["post-21967","page","type-page","status-publish","hentry"],"featured_image_src":null,"featured_image_src_square":null,"_links":{"self":[{"href":"https:\/\/flaxmanlaw.com\/es\/wp-json\/wp\/v2\/pages\/21967","targetHints":{"allow":["GET"]}}],"collection":[{"href":"https:\/\/flaxmanlaw.com\/es\/wp-json\/wp\/v2\/pages"}],"about":[{"href":"https:\/\/flaxmanlaw.com\/es\/wp-json\/wp\/v2\/types\/page"}],"author":[{"embeddable":true,"href":"https:\/\/flaxmanlaw.com\/es\/wp-json\/wp\/v2\/users\/3"}],"replies":[{"embeddable":true,"href":"https:\/\/flaxmanlaw.com\/es\/wp-json\/wp\/v2\/comments?post=21967"}],"version-history":[{"count":0,"href":"https:\/\/flaxmanlaw.com\/es\/wp-json\/wp\/v2\/pages\/21967\/revisions"}],"wp:attachment":[{"href":"https:\/\/flaxmanlaw.com\/es\/wp-json\/wp\/v2\/media?parent=21967"}],"curies":[{"name":"wp","href":"https:\/\/api.w.org\/{rel}","templated":true}]}}