{"id":21968,"date":"2024-11-18T12:45:15","date_gmt":"2024-11-18T12:45:15","guid":{"rendered":"https:\/\/flaxmanlaw.wpenginepowered.com\/caidas-en-una-rampa-de-aparcamiento-hollywood-florida-abogados-de-responsabilidad-de-locales\/"},"modified":"2025-12-04T04:01:22","modified_gmt":"2025-12-04T04:01:22","slug":"caidas-en-una-rampa-de-aparcamiento-hollywood-florida-abogados-de-responsabilidad-de-locales","status":"publish","type":"page","link":"https:\/\/flaxmanlaw.com\/es\/caidas-en-una-rampa-de-aparcamiento-hollywood-florida-abogados-de-responsabilidad-de-locales\/","title":{"rendered":"Ca\u00edda de la rampa del aparcamiento"},"content":{"rendered":"<div class=\"bodytext\">\n<h2>Ca\u00edda de la rampa del aparcamiento<\/h2>\n<div class=\"description\">\n<p>Hollywood y las comunidades circundantes tienen rampas de aparcamiento y grandes aparcamientos de varios pisos para ofrecer a residentes y visitantes lugares c\u00f3modos donde aparcar. Estas comunidades tambi\u00e9n tienen rampas de aparcamiento para usuarios de sillas de ruedas y scooters. Las rampas de aparcamiento proporcionan comodidad, pero cada a\u00f1o son tambi\u00e9n el lugar de miles de tropiezos, accidentes por resbalones y ca\u00eddas.<\/p>\n<p>Si usted o un ser querido ha resultado lesionado en una ca\u00edda en una rampa de estacionamiento o en un garaje de estacionamiento, contacte al Grupo Legal Flaxman en cualquier momento para una consulta gratuita sobre accidentes. Los abogados de nuestro bufete han visto con demasiada frecuencia c\u00f3mo los propietarios de los estacionamientos cambian la culpa de las lesiones y hemos visto con demasiada frecuencia c\u00f3mo las personas que han resultado lesionadas luchan por pagar las cuentas m\u00e9dicas de sus lesiones. Queremos marcar la diferencia en tu caso. Si crees que puedes tener una demanda, no dudes en contactarnos en el Grupo Legal Flaxman para una revisi\u00f3n gratuita de tu caso.<\/p>\n<p><strong class=\"heading4\">Causas comunes de ca\u00eddas en rampas de aparcamiento<\/strong><\/p>\n<p>Hay muchas razones por las que se producen ca\u00eddas en las rampas de aparcamiento, pero las causas m\u00e1s comunes de estos accidentes son:<\/p>\n<ul>\n<li>Aceite derramado<\/li>\n<li>Baches<\/li>\n<li>Escombros<\/li>\n<li>Plazas de aparcamiento o rampas mal dise\u00f1adas<\/li>\n<li>Falta de acceso peatonal<\/li>\n<li>Zonas inadecuadas para los peatones que caminan hacia y desde sus coches<\/li>\n<li>Pendientes pronunciadas<\/li>\n<li>Se\u00f1ales o marcas inadecuadas en el pavimento<\/li>\n<li>Superficies o pavimentos agrietados o irregulares<\/li>\n<li>Bordillos e islas mal dise\u00f1ados<\/li>\n<li>Falta de barandillas necesarias<\/li>\n<li>Escaleras mal mantenidas o mal iluminadas<\/li>\n<li>Mala iluminaci\u00f3n<\/li>\n<li>Superficies resbaladizas<\/li>\n<\/ul>\n<p>La realidad es que los ingenieros deben extremar las precauciones al dise\u00f1ar rampas de aparcamiento. Estas zonas suelen tener tr\u00e1fico tanto de peatones como de coches, por lo que hay que extremar las precauciones para garantizar la seguridad de todos los usuarios. Los aparcamientos interiores tambi\u00e9n pueden tener una iluminaci\u00f3n deficiente, por lo que los ingenieros deben crear una zona que permita una visibilidad \u00f3ptima, y los propietarios tienen la obligaci\u00f3n de asegurarse de que la iluminaci\u00f3n siga siendo una prioridad.<\/p>\n<p><strong class=\"heading4\">\u00bfPor qu\u00e9 son tan peligrosas las ca\u00eddas en los aparcamientos?<\/strong><\/p>\n<p>Hay algunos peligros adicionales inherentes a las ca\u00eddas en las rampas de aparcamiento:<\/p>\n<ul>\n<li>Las superficies de los suelos suelen ser de hormig\u00f3n, lo que significa que las ca\u00eddas tienen m\u00e1s probabilidades de provocar lesiones graves<\/li>\n<li>Las rampas de los aparcamientos no siempre registran un tr\u00e1fico peatonal intenso, por lo que alguien que se caiga en un aparcamiento puede no recibir ayuda inmediatamente<\/li>\n<li>Las personas pueden tener prisa al utilizar las rampas de aparcamiento, lo que aumenta la probabilidad de ca\u00eddas<\/li>\n<li>En las zonas de aparcamiento suele haber tr\u00e1fico de coches y peatones, por lo que un peat\u00f3n que se caiga en esta zona puede caer al tr\u00e1fico que viene en sentido contrario<\/li>\n<\/ul>\n<p>Cuando un mal dise\u00f1o o un mantenimiento deficiente hacen que las rampas de aparcamiento sean inseguras, pueden producirse accidentes graves. Las ca\u00eddas en rampas de aparcamiento pueden provocar, y de hecho provocan, fracturas \u00f3seas, traumatismos craneoencef\u00e1licos y lesiones medulares. En algunos casos, las lesiones pueden ser graves o incluso mortales. Si te lesionas, mereces saber si tu ca\u00edda podr\u00eda haberse evitado y mereces una indemnizaci\u00f3n si la negligencia tuvo algo que ver en tus lesiones. Habla con un abogado de lesiones personales si quieres respuestas sobre tu situaci\u00f3n.<\/p>\n<p><strong class=\"heading4\">Rampas de accesibilidad y ca\u00eddas<\/strong><\/p>\n<p>Las rampas para personas en silla de ruedas y scooters est\u00e1n pensadas para hacer la vida mejor y m\u00e1s segura. Las rampas de accesibilidad se utilizan a menudo en aparcamientos, garajes y otras zonas de estacionamiento para ayudar a las personas con problemas de movilidad a ir y volver de sus coches con seguridad. Sin embargo, cuando estas rampas no est\u00e1n correctamente dise\u00f1adas y mantenidas, las personas pueden sufrir lesiones en accidentes por tropiezo o resbal\u00f3n y ca\u00edda. Esto puede ser especialmente peligroso si no se utiliza un tratamiento antideslizante o si los bordillos no est\u00e1n claramente se\u00f1alizados.<\/p>\n<p>Los propietarios de aparcamientos, rampas de estacionamiento y otras estructuras tienen el deber de cuidar de quienes utilizan sus propiedades. Si pagas por aparcar, especialmente, esperas que los propietarios y gestores de las rampas de aparcamiento hayan tomado precauciones razonables para mantenerte a salvo. Si has resultado lesionado en un estacionamiento o estructura de estacionamiento, no dudes en contactar a los abogados <a href=\"contacta con nosotros.html\">del Grupo Legal Flaxman<\/a> para una consulta gratuita y sin compromiso de tu caso.<\/p>\n<\/div>\n<div class=\"subpageslist\"><\/div>\n<\/div>\n","protected":false},"excerpt":{"rendered":"<p>Sin honorarios a menos que ganemos. Llama al 866-352-9626 para una &#8230; <\/p>\n","protected":false},"author":3,"featured_media":0,"parent":0,"menu_order":0,"comment_status":"closed","ping_status":"closed","template":"template-practice-areas.php","meta":{"footnotes":""},"class_list":["post-21968","page","type-page","status-publish","hentry"],"featured_image_src":null,"featured_image_src_square":null,"_links":{"self":[{"href":"https:\/\/flaxmanlaw.com\/es\/wp-json\/wp\/v2\/pages\/21968","targetHints":{"allow":["GET"]}}],"collection":[{"href":"https:\/\/flaxmanlaw.com\/es\/wp-json\/wp\/v2\/pages"}],"about":[{"href":"https:\/\/flaxmanlaw.com\/es\/wp-json\/wp\/v2\/types\/page"}],"author":[{"embeddable":true,"href":"https:\/\/flaxmanlaw.com\/es\/wp-json\/wp\/v2\/users\/3"}],"replies":[{"embeddable":true,"href":"https:\/\/flaxmanlaw.com\/es\/wp-json\/wp\/v2\/comments?post=21968"}],"version-history":[{"count":0,"href":"https:\/\/flaxmanlaw.com\/es\/wp-json\/wp\/v2\/pages\/21968\/revisions"}],"wp:attachment":[{"href":"https:\/\/flaxmanlaw.com\/es\/wp-json\/wp\/v2\/media?parent=21968"}],"curies":[{"name":"wp","href":"https:\/\/api.w.org\/{rel}","templated":true}]}}