{"id":21969,"date":"2024-11-18T12:45:15","date_gmt":"2024-11-18T12:45:15","guid":{"rendered":"https:\/\/flaxmanlaw.wpenginepowered.com\/resbalones-y-caidas-en-palmetto-bay-abogados-de-responsabilidad-de-locales-en-el-condado-de-miami-dade\/"},"modified":"2024-11-18T12:45:15","modified_gmt":"2024-11-18T12:45:15","slug":"resbalones-y-caidas-en-palmetto-bay-abogados-de-responsabilidad-de-locales-en-el-condado-de-miami-dade","status":"publish","type":"page","link":"https:\/\/flaxmanlaw.com\/es\/resbalones-y-caidas-en-palmetto-bay-abogados-de-responsabilidad-de-locales-en-el-condado-de-miami-dade\/","title":{"rendered":"Resbalones y Ca\u00eddas en Palmetto Bay | Abogados de Responsabilidad de Locales en el Condado de Miami-Dade"},"content":{"rendered":"<div class=\"bodytext\">\n<h2>Resbal\u00f3n y ca\u00edda en Palmetto Bay<\/h1><\/h2>\n<div class=\"description\">\n<p>Palmetto Bay es una comunidad familiar situada en la Bah\u00eda de Biscayne. Situada justo en el agua, Palmetto Bay es un para\u00edso para los amantes de los deportes acu\u00e1ticos, la navegaci\u00f3n o la nataci\u00f3n: hay muchas oportunidades para todas las actividades recreativas relacionadas con el agua. El sistema escolar de Palmetto Bay tambi\u00e9n ha recibido una alta calificaci\u00f3n del plan A+ de Florida y las escuelas de la comunidad son conocidas por su excelencia acad\u00e9mica. Aunque s\u00f3lo se fund\u00f3 en 2002, Palmetto Bay es una comunidad joven y muy prometedora.   <\/p>\n<p>Cuando la gente visita o decide mudarse a Palmetto Bay, no imagina las formas en que un accidente puede cambiar su vida permanentemente. Sin embargo, cada a\u00f1o, a muchos residentes de Palmetto Bay -as\u00ed como a miles de residentes de Florida- les cambia la vida un <a href=\"accidentes por resbalones y ca\u00eddas.html\">accidente por resbal\u00f3n o ca\u00edda<\/a>. Estos accidentes tan comunes, que a menudo son tan evitables, pueden provocar f\u00e1cilmente traumatismos craneoencef\u00e1licos, fractura de huesos, rotura de cart\u00edlagos, problemas de espalda a largo plazo y otras lesiones graves. Para los ancianos, estos accidentes pueden ser mortales y provocar graves fracturas de cadera.   <\/p>\n<p>Si crees que puedes tener un caso de accidente por resbal\u00f3n y ca\u00edda en Palmetto Bay, no te lo pienses. Llame al <a href=\"index.html\">Grupo Legal<\/a> Flaxman para estar seguro. En una consulta gratuita y sin compromiso, el experimentado y compasivo equipo jur\u00eddico del Grupo Legal Flaxman puede revisar los detalles de su caso y puede ayudarle a comprender sus derechos y opciones, para que usted pueda tomar una decisi\u00f3n informada sobre su caso espec\u00edfico. Si usted decide buscar una indemnizaci\u00f3n o decide emprender acciones legales, las d\u00e9cadas de experiencia del Grupo Legal Flaxman pueden respaldarle en cada paso del camino. El equipo legal del Grupo Legal Flaxman puede encargarse de los detalles legales para que t\u00fa puedas concentrarte en mejorar.    <\/p>\n<p>El equipo legal del Grupo Legal Flaxman comprende que los accidentes por resbal\u00f3n y ca\u00edda pueden crear muchos problemas y muchos tipos de estr\u00e9s. Tales accidentes a menudo resultan en un largo tiempo de recuperaci\u00f3n, altos costos m\u00e9dicos, tiempo de trabajo perdido y nuevos gastos. Florida te permite emprender una acci\u00f3n legal en los casos en que la negligencia o imprudencia de alguien cause tu accidente y lesiones. Emprender acciones legales puede garantizar que dispongas de recursos econ\u00f3micos para recibir la atenci\u00f3n m\u00e9dica que necesitas. No tienes que absorber por ti mismo los altos costos as\u00ed como el dolor de un accidente por resbal\u00f3n y ca\u00edda en Palmetto Bay. <a href=\"contacta con nosotros.html\">Contacta<\/a> hoy mismo al Grupo Legal Flaxman para una consulta gratuita sobre accidentes y hablar sobre todas tus opciones.    <\/p>\n<p>Si decides que necesitas un abogado experimentado en lesiones personales en Palmetto Bay, las oficinas del Grupo Legal Flaxman en Miami est\u00e1n a s\u00f3lo unos veinte minutos. S\u00f3lo tienes que dirigirte hacia el norte por la SW 82nd Avenue y girar a la izquierda en la SW 152nd Street. Gira a la derecha en la US-1 N y de nuevo a la derecha en la FL-826 N, tambi\u00e9n conocida como Palmetto Expressway. Sigue las se\u00f1ales hacia FL-94 y toma la rampa hacia FL-826 N. Toma la salida hacia FL-836 E. Si te diriges hacia el Aeropuerto, vas en la direcci\u00f3n correcta. Incorp\u00f3rate a la FL-836 E y sal a la FL-959 S, luego gira a la derecha en Blue Lagoon Drive, donde est\u00e1n las oficinas del Grupo Legal Flaxman, en el 6303 de Blue Lagoon Drive. Tambi\u00e9n puedes contactarnos en cualquier momento en nuestro n\u00famero gratuito 866-352-9626 o por <a href=\"mailto:cf******@********aw.com\" data-original-string=\"bY2rNwgMFmWL845o6N7mww==614Q0r56oJtTytLDfYaa47HRy3kx1DBvQn9g+udZzIUAIE=\" title=\"This contact has been encoded by Anti-Spam by CleanTalk. Click to decode. To finish the decoding make sure that JavaScript is enabled in your browser.\">correo electr\u00f3nico<\/a>.     <\/p>\n<\/p><\/div>\n<\/p><\/div>\n","protected":false},"excerpt":{"rendered":"<p>Sin honorarios a menos que ganemos. Llama al 866-352-9626 para una &#8230; <\/p>\n","protected":false},"author":3,"featured_media":0,"parent":0,"menu_order":0,"comment_status":"closed","ping_status":"closed","template":"template-practice-areas.php","meta":{"footnotes":""},"class_list":["post-21969","page","type-page","status-publish","hentry"],"featured_image_src":null,"featured_image_src_square":null,"_links":{"self":[{"href":"https:\/\/flaxmanlaw.com\/es\/wp-json\/wp\/v2\/pages\/21969","targetHints":{"allow":["GET"]}}],"collection":[{"href":"https:\/\/flaxmanlaw.com\/es\/wp-json\/wp\/v2\/pages"}],"about":[{"href":"https:\/\/flaxmanlaw.com\/es\/wp-json\/wp\/v2\/types\/page"}],"author":[{"embeddable":true,"href":"https:\/\/flaxmanlaw.com\/es\/wp-json\/wp\/v2\/users\/3"}],"replies":[{"embeddable":true,"href":"https:\/\/flaxmanlaw.com\/es\/wp-json\/wp\/v2\/comments?post=21969"}],"version-history":[{"count":0,"href":"https:\/\/flaxmanlaw.com\/es\/wp-json\/wp\/v2\/pages\/21969\/revisions"}],"wp:attachment":[{"href":"https:\/\/flaxmanlaw.com\/es\/wp-json\/wp\/v2\/media?parent=21969"}],"curies":[{"name":"wp","href":"https:\/\/api.w.org\/{rel}","templated":true}]}}