{"id":21973,"date":"2024-11-18T12:45:15","date_gmt":"2024-11-18T12:45:15","guid":{"rendered":"https:\/\/flaxmanlaw.wpenginepowered.com\/accidente-de-moto-en-palmetto-bay-abogados-de-lesiones-de-moto-en-el-condado-de-miami-dade\/"},"modified":"2024-11-18T12:45:15","modified_gmt":"2024-11-18T12:45:15","slug":"accidente-de-moto-en-palmetto-bay-abogados-de-lesiones-de-moto-en-el-condado-de-miami-dade","status":"publish","type":"page","link":"https:\/\/flaxmanlaw.com\/es\/accidente-de-moto-en-palmetto-bay-abogados-de-lesiones-de-moto-en-el-condado-de-miami-dade\/","title":{"rendered":"Accidente de moto en Palmetto Bay | Abogados de lesiones de moto en el condado de Miami-Dade"},"content":{"rendered":"<div class=\"bodytext\">\n<h2>Accidente de moto en Palmetto Bay<\/h1><\/h2>\n<div class=\"description\">\n<p>Con vistas a la bah\u00eda de Biscayne, Palmetto Bay ofrece unas vistas impresionantes y es un lugar estupendo para formar una familia. Con un sistema escolar muy bien clasificado, seis parques y oportunidades de ocio acu\u00e1tico a s\u00f3lo unos minutos, Palmetto Bay es un gran lugar para navegar y para vivir. Famosa por Charles Deering Estate, Palmetto Bay se fund\u00f3 en 2002 y r\u00e1pidamente ha sido reconocida como un lugar estupendo para trabajar y vivir.  <\/p>\n<p>Sin embargo, incluso en las comunidades mejor clasificadas se producen accidentes graves de moto, y Palmetto Bay no es una excepci\u00f3n. Si has sufrido un accidente de motocicleta en Palmetto Bay, puedes sentirte asustado y preocupado por tu futuro, pero existen recursos que pueden ayudarte. Despu\u00e9s de su accidente, <a href=\"contacta con nosotros.html\">contacte<\/a> al Grupo Legal Flaxman para programar una consulta gratuita sobre accidentes y hablar sobre su caso. El compasivo y comprensivo equipo legal del Grupo Legal Flaxman puede ayudarle a comprender sus opciones y puede ayudarle a encontrar la asistencia que necesita.   <\/p>\n<p>Es probable que un accidente de moto en Palmetto Bay provoque v\u00edctimas mortales o lesiones permanentes. Dado que los conductores de motocicletas no est\u00e1n protegidos por el metal y el cristal como los pasajeros de los veh\u00edculos, es m\u00e1s probable que los accidentes de motocicleta provoquen lesiones graves. En un accidente de moto en Florida, a menudo el motorista sale despedido de la moto hacia el tr\u00e1fico que se aproxima o hacia la acera, causando lesiones graves. Adem\u00e1s, como el dep\u00f3sito de combustible de una motocicleta est\u00e1 menos protegido que el de un carro, es m\u00e1s probable que se produzcan explosiones y fugas de combustible, as\u00ed como quemaduras. Muchas v\u00edctimas de accidentes de moto en el sur de Florida sufren graves lesiones por quemaduras, lesiones medulares, lesiones cerebrales y otras lesiones que pueden tardar a\u00f1os o incluso toda la vida en curarse.    <\/p>\n<p>Tras tu accidente de moto, no permitas que nadie juegue a \u00abculpar a la v\u00edctima\u00bb. En muchos casos, por desgracia, los conductores de autom\u00f3viles e incluso las autoridades tienden a culpar a la v\u00edctima del accidente de moto, que a menudo es tambi\u00e9n la v\u00edctima m\u00e1s herida. En muchos casos, la v\u00edctima de un accidente de moto en Palmetto Bay est\u00e1 gravemente herida y no puede declarar inmediatamente despu\u00e9s del accidente. Adem\u00e1s, como las motocicletas son m\u00e1s ligeras y flexibles que los veh\u00edculos de pasajeros, los automovilistas a veces culpan del accidente al comportamiento del motorista. Si has sufrido un accidente de moto, es muy importante que no aceptes la culpa o la responsabilidad hasta que se haya completado una investigaci\u00f3n exhaustiva y precisa de tu accidente. El equipo legal del Grupo Legal Flaxman trabaja con una extensa red de investigadores privados y profesionales en reconstrucci\u00f3n de accidentes que pueden obtener los hechos sobre tu accidente y que pueden ayudarte a determinar la responsabilidad. Usted no querr\u00e1 aceptar la responsabilidad, ni siquiera verbalmente, hasta que haya hablado con el equipo jur\u00eddico del Grupo Legal Flaxman sobre sus derechos y opciones. Tu consulta inicial es absolutamente gratuita y sin compromiso.       <\/p>\n<p><a href=\"index.html\">El Grupo Legal Flaxman<\/a> sirve a v\u00edctimas de lesiones personales en todo Florida del Sur. Nuestros agresivos y experimentados abogados litigantes ya han obtenido resultados para miles de v\u00edctimas de lesiones personales en Florida del Sur. Nuestro equipo legal se enfoca en ayudar realmente a las v\u00edctimas de lesiones personales y de accidentes de motocicleta a recuperarse por completo. Podemos ofrecer asesor\u00eda inmediata por tel\u00e9fono y podemos concertar una consulta gratuita sobre accidentes para discutir su caso a fondo.   <\/p>\n<p>Palmetto Bay est\u00e1 a unos veinte minutos de las oficinas del Grupo Legal Flaxman en Miami. S\u00f3lo tienes que seguir SW 82nd Avenue, SW 152nd Street, US-1 N, FL-826 N, FL-826 N, FL-836 E y N Red Road hasta Blue Lagoon Drive. Las oficinas del Grupo Legal Flaxman est\u00e1n en el 6303 de Blue Lagoon Drive.  <\/p>\n<\/p><\/div>\n<\/p><\/div>\n","protected":false},"excerpt":{"rendered":"<p>Sin honorarios a menos que ganemos. Llama al 866-352-9626 para una &#8230; <\/p>\n","protected":false},"author":3,"featured_media":0,"parent":0,"menu_order":0,"comment_status":"closed","ping_status":"closed","template":"template-practice-areas.php","meta":{"footnotes":""},"class_list":["post-21973","page","type-page","status-publish","hentry"],"featured_image_src":null,"featured_image_src_square":null,"_links":{"self":[{"href":"https:\/\/flaxmanlaw.com\/es\/wp-json\/wp\/v2\/pages\/21973","targetHints":{"allow":["GET"]}}],"collection":[{"href":"https:\/\/flaxmanlaw.com\/es\/wp-json\/wp\/v2\/pages"}],"about":[{"href":"https:\/\/flaxmanlaw.com\/es\/wp-json\/wp\/v2\/types\/page"}],"author":[{"embeddable":true,"href":"https:\/\/flaxmanlaw.com\/es\/wp-json\/wp\/v2\/users\/3"}],"replies":[{"embeddable":true,"href":"https:\/\/flaxmanlaw.com\/es\/wp-json\/wp\/v2\/comments?post=21973"}],"version-history":[{"count":0,"href":"https:\/\/flaxmanlaw.com\/es\/wp-json\/wp\/v2\/pages\/21973\/revisions"}],"wp:attachment":[{"href":"https:\/\/flaxmanlaw.com\/es\/wp-json\/wp\/v2\/media?parent=21973"}],"curies":[{"name":"wp","href":"https:\/\/api.w.org\/{rel}","templated":true}]}}