{"id":21974,"date":"2024-11-18T12:45:15","date_gmt":"2024-11-18T12:45:15","guid":{"rendered":"https:\/\/flaxmanlaw.wpenginepowered.com\/palmetto-care-center-abogados-de-abuso-en-asilos-de-ancianos-en-hialeah-grupo-legal-flaxman\/"},"modified":"2024-11-18T12:45:15","modified_gmt":"2024-11-18T12:45:15","slug":"palmetto-care-center-abogados-de-abuso-en-asilos-de-ancianos-en-hialeah-grupo-legal-flaxman","status":"publish","type":"page","link":"https:\/\/flaxmanlaw.com\/es\/palmetto-care-center-abogados-de-abuso-en-asilos-de-ancianos-en-hialeah-grupo-legal-flaxman\/","title":{"rendered":"Palmetto Care Center | Abogados de Abuso en Asilos de Ancianos en Hialeah Grupo Legal Flaxman"},"content":{"rendered":"<div class=\"bodytext\">\n<h2>Centro de cuidados Palmetto<\/h1><\/h2>\n<div class=\"description\">\n<p>Palmetto Care Center es una residencia de ancianos con \u00e1nimo de lucro de Florida con 90 camas certificadas. Esta residencia participa en Medicare y Medicaid y no est\u00e1 en un hospital ni en una Comunidad de Jubilados de Atenci\u00f3n Continuada (CCRC). Esta residencia de ancianos est\u00e1 equipada con sistemas de rociadores autom\u00e1ticos y tiene un consejo de residentes y familiares. Palmetto Care Center ofrece gesti\u00f3n interna de casos, atenci\u00f3n ortop\u00e9dica, evaluaciones de seguridad en el hogar, programas de actividades, servicios de enfermer\u00eda 24 horas, fisioterapia, servicios de comidas, atenci\u00f3n neurol\u00f3gica, terapia ocupacional, patolog\u00eda del habla y del lenguaje, terapia respiratoria y educaci\u00f3n del paciente.   <\/p>\n<p>Palmetto Care Center est\u00e1 situado en el 6750 West 22nd Court de Hialeah, Florida, en el condado de Miami-Dade. La residencia est\u00e1 enfrente del Hospital General Palmetto y cerca de la autopista Palmetto Expressway. Puedes ponerte en contacto con el centro llamando al (305) 512-4688 o a <a href=\"https:\/\/www.palmettocarecenter.com\/\" target=\"_blank\" rel=\"noopener\">trav\u00e9s de<\/a> su <a href=\"https:\/\/www.palmettocarecenter.com\/\" target=\"_blank\" rel=\"noopener\">sitio web<\/a>.  <\/p>\n<p><strong class=\"heading4\">Inspecciones de Palmetto Care Center  <\/strong><\/p>\n<p>En general, Palmetto Care Center obtiene una calificaci\u00f3n por debajo de la media en Medicare Nursing Home Compare. Entre 2015 y 2018, el centro recibi\u00f3 una queja que dio lugar a una citaci\u00f3n. En verano de 2018, la \u00faltima inspecci\u00f3n sanitaria de esta residencia fue el 28\/11\/2017. El informe de inspecci\u00f3n conten\u00eda 9 citaciones, por encima de la media de Florida, que es de 4,5.   <\/p>\n<p>Los inspectores de sanidad que inspeccionaron el centro el 28\/11\/2017 descubrieron que la residencia no proporcionaba extractos trimestrales a un residente, a pesar de que el centro deb\u00eda ayudar a los residentes a guardar, gestionar y asegurar el dinero depositado en la residencia. Los inspectores tambi\u00e9n descubrieron que el centro no proporcionaba asistencia al menos a un residente durante el ba\u00f1o y no aplicaba pol\u00edticas que ayudaran a evitar los robos, as\u00ed como el maltrato y la negligencia de los residentes. Los inspectores observaron a residentes con decoloraciones en la piel y, mediante entrevistas, determinaron que se hab\u00edan producido varios incidentes. Estos incidentes provocaron lesiones a los residentes.   <\/p>\n<p>El informe de inspecci\u00f3n del 28\/11\/2017 tambi\u00e9n conclu\u00eda que Palmetto Care Center \u00abno elabor\u00f3 un plan de cuidados relacionado con las contracturas y la amplitud de movimiento (ROM)\u00bb y no proporcion\u00f3 los cuidados indicados en el plan de cuidados escrito de cada paciente. Los inspectores descubrieron que los residentes con movilidad limitada no siempre recib\u00edan los servicios y el tratamiento necesarios para reducir a\u00fan m\u00e1s la disminuci\u00f3n del movimiento. Adem\u00e1s, seg\u00fan los inspectores, los residentes no siempre recib\u00edan el apoyo adecuado para evitar accidentes y peligros durante el ba\u00f1o. El informe de inspecci\u00f3n tambi\u00e9n revel\u00f3 reservas sobre c\u00f3mo se preparaba la comida y c\u00f3mo se manten\u00edan los hornos. Los inspectores concluyeron que los hornos dobles ten\u00edan las paredes desgastadas con sustancias parecidas al \u00f3xido, y los pomos y asas de los hornos presentaban una decoloraci\u00f3n similar. Los inspectores tambi\u00e9n se\u00f1alaron en su informe que esta residencia de ancianos no proporcionaba el nivel correcto de servicios de cuidados paliativos y de apoyo al menos a un residente.     <\/p>\n<p>El 27\/10\/2017 se realiz\u00f3 una inspecci\u00f3n de seguridad contra incendios en Palmetto Care Center y se observ\u00f3 una citaci\u00f3n, lo que es inferior a las dos citaciones que son la media de las residencias de ancianos de Florida.<\/p>\n<p><strong class=\"heading4\">Dotaci\u00f3n de personal<\/strong><\/p>\n<p>Palmetto Care Center recibi\u00f3 una calificaci\u00f3n por encima de la media en personal. Esta residencia de ancianos recibe unos 87,4 residentes al d\u00eda, lo que es inferior a los 107,7 residentes al d\u00eda que es la media de Florida. La residencia tiene una media de 1 hora y 39 minutos de horas diarias de personal con licencia por residente, lo que est\u00e1 a la par con la media de Florida de 1 hora y 36 minutos y es superior a la media nacional de 1 hora y 33 minutos. Adem\u00e1s, los residentes de este centro reciben unas 2 horas y 36 minutos de ayudante de enfermer\u00eda al d\u00eda, lo que es inferior a la media estatal de 2 horas y 41 minutos, pero superior a la media nacional de 2 horas y 18 minutos. Los residentes de Palmetto Care Center reciben una media de 14 minutos de horas de personal con fisioterapeuta al d\u00eda, que es superior a las medias estatal y nacional de 8 y 7 minutos, respectivamente.    <\/p>\n<p><strong class=\"heading4\">Calidad de la atenci\u00f3n a los residentes<\/strong><\/p>\n<p>Palmetto Care Center recibi\u00f3 una calificaci\u00f3n por debajo de la media en calidad de la atenci\u00f3n a los residentes. En este centro, el 37,7% de los residentes con estancias cortas mejoraron en cuanto a movimiento independiente. En comparaci\u00f3n, el 70,2% de los residentes de corta estancia de Florida y el 67,9% de los residentes de corta estancia nacionales mostraron una mejora en la capacidad de moverse de forma independiente.  <\/p>\n<p>Adem\u00e1s, el 29% de los residentes de corta estancia del Palmetto Care Center volvieron a ingresar en el hospital, en comparaci\u00f3n con el 22,4% de los residentes de corta estancia de EE.UU. y el 24,4% de Florida. Sin embargo, el 69,3% de los residentes de corta estancia de esta residencia fueron dados de alta a casa o a la comunidad, frente a s\u00f3lo el 56,4% a nivel nacional y el 55,6% en todo el estado. <\/p>\n<p>Un n\u00famero superior a la media de residentes de estancias cortas del Palmetto Care Center declararon tener al menos un dolor moderado. Alrededor del 15,3% de los residentes declararon este nivel de dolor, en comparaci\u00f3n con el 9,5% de los residentes de Florida y el 13,1% de los residentes de estancia breve de EE.UU. En esta residencia tambi\u00e9n se registraron medias m\u00e1s altas de \u00falceras por presi\u00f3n. El 1,3% de los residentes de estancia breve del Palmetto Care Center ten\u00edan \u00falceras por presi\u00f3n nuevas o empeoradas, en comparaci\u00f3n con el 0,9% de los residentes de estancia breve nacionales y el 0,5% de los residentes de estancia breve de todo el estado. Adem\u00e1s, el 12,1% de los residentes de estancia prolongada de Palmetto Care Center ten\u00edan \u00falceras por presi\u00f3n nuevas o empeoradas, frente a las medias estatal y nacional del 6% y el 5,6%, respectivamente.    <\/p>\n<p>El 3,4% de los residentes de larga duraci\u00f3n de esta residencia sufrieron al menos una ca\u00edda con resultado de lesiones graves. Esto es superior a la media estatal del 2,8% e igual a la media nacional. Adem\u00e1s, el 2,8% de los residentes de larga estancia de Palmetto Care Center sufrieron una ITU (infecci\u00f3n del tracto urinario), lo que es mejor que la media nacional y estatal del 3,2%. M\u00e1s residentes de larga estancia de Palmetto Care Center declararon dolor moderado o intenso (6,2%) en comparaci\u00f3n con los residentes de larga estancia de Florida (3,5%) o las medias nacionales (5,6%).   <\/p>\n<p>M\u00e1s residentes de larga estancia de Palmetto Care Center (71,6%) sufr\u00edan incontinencia en comparaci\u00f3n con la media de Florida (54,2%) o la media nacional (48%). Los residentes de este centro tambi\u00e9n eran m\u00e1s propensos a tener un cat\u00e9ter insertado y dejado dentro. Alrededor del 3,4% de los residentes de larga estancia del Palmetto Care Center experimentaron esto, en comparaci\u00f3n con el 1,4% de los residentes de Florida y el 1,8% de los residentes de larga estancia de todo el pa\u00eds. Por otra parte, ning\u00fan residente de estancia prolongada de Palmetto Care Center fue retenido f\u00edsicamente, mientras que el 0,3% de los pacientes de estancia prolongada de Florida y el 0,4% de los de EE.UU. fueron retenidos. Alrededor del 12,8% de los residentes de larga estancia de Palmetto Care Center perdieron peso en exceso, frente al 7,2% de Florida y el 7% de los residentes de larga estancia de EE.UU.    <\/p>\n<div data-medicare-stats=\"true\" data-resource-id=\"105575\">\n<div class=\"topbottommargin\"><strong class=\"number\">1<\/strong><strong class=\"specialheading\">Estad\u00edsticas vitales<\/strong><\/p>\n<div class=\"p-div\"><strong>N\u00famero de camas:<\/strong>90 camas certificadas<img decoding=\"async\" src=\"files\/iratingicon.png\" class=\"irating\" alt=\"informaci\u00f3n\"><\/p>\n<div class=\"pop-box pb-beds\">\n<p>Camas en la residencia de ancianos que han sido aprobadas por el gobierno federal para participar en Medicare o Medicaid.<\/p>\n<\/div>\n<\/div>\n<div class=\"p-div\"><strong>Acepta:<\/strong>Medicare y Medicaid<img decoding=\"async\" src=\"files\/iratingicon.png\" class=\"irating\" alt=\"informaci\u00f3n\"><\/p>\n<div class=\"pop-box pb-accepts\">\n<p>Muestra si la residencia participa en Medicare, Medicaid o ambos.<\/p>\n<\/div>\n<\/div>\n<\/div>\n<div class=\"topbottommargin\"><strong class=\"number\">2<\/strong><strong class=\"specialheading\">Clasificaciones clave<\/strong><\/p>\n<table class=\"ratingstable\">\n<tbody>\n<tr>\n<td><strong>Resumen de la clasificaci\u00f3n por estrellas<\/strong><\/td>\n<td><\/td>\n<td><\/td>\n<\/tr>\n<tr>\n<td><strong>Valoraci\u00f3n global<\/strong><img decoding=\"async\" src=\"files\/iratingicon.png\" class=\"irating\" alt=\"informaci\u00f3n\"><\/p>\n<div class=\"pop-box pb-rating\">\n<p>Medicare asigna la clasificaci\u00f3n general por estrellas bas\u00e1ndose en los resultados de una residencia de ancianos en 3 medidas distintas: Inspecciones sanitarias, dotaci\u00f3n de personal y medidas de calidad. Cada uno de estos \u00e1mbitos tiene su propia clasificaci\u00f3n por estrellas, y un mayor n\u00famero de estrellas significa una mejor calidad de la asistencia <\/p>\n<\/div>\n<\/td>\n<td><img decoding=\"async\" src=\"photos\/4starsimage.jpg\" alt=\"Cuatro estrellas\" class=\"amp-include\" width=\"110\" height=\"40\"><\/td>\n<td>Superior a la media<\/td>\n<\/tr>\n<tr>\n<td><strong>Inspecci\u00f3n sanitaria<\/strong><img decoding=\"async\" src=\"files\/iratingicon.png\" class=\"irating\" alt=\"informaci\u00f3n\"><\/p>\n<div class=\"pop-box pb-inspection\">\n<p>Medicare asigna la clasificaci\u00f3n por estrellas bas\u00e1ndose en la puntuaci\u00f3n ponderada de una residencia de ancianos en inspecciones sanitarias recientes. M\u00e1s estrellas significa menos riesgos para la salud <\/p>\n<\/div>\n<\/td>\n<td><img decoding=\"async\" src=\"photos\/3starsimage.jpg\" alt=\"Tres estrellas\" class=\"amp-include\" width=\"110\" height=\"40\"><\/td>\n<td>Media<\/td>\n<\/tr>\n<tr>\n<td><strong>Dotaci\u00f3n de personal<\/strong><img decoding=\"async\" src=\"files\/iratingicon.png\" class=\"irating\" alt=\"informaci\u00f3n\"><\/p>\n<div class=\"pop-box pb-staffing\">\n<p>Medicare asigna la clasificaci\u00f3n por estrellas en funci\u00f3n de las horas de dotaci\u00f3n de personal de la residencia de ancianos para enfermeras tituladas (RN), enfermeras diplomadas (LPN), enfermeras vocacionales tituladas (LVN) y auxiliares de enfermer\u00eda. M\u00e1s estrellas significa un mejor nivel de dotaci\u00f3n de personal por residente en residencia de ancianos <\/p>\n<\/div>\n<\/td>\n<td><img decoding=\"async\" src=\"photos\/4starsimage.jpg\" alt=\"Cuatro estrellas\" class=\"amp-include\" width=\"110\" height=\"40\"><\/td>\n<td>Superior a la media<\/td>\n<\/tr>\n<tr>\n<td><strong>Dotaci\u00f3n de personal RN<\/strong><\/td>\n<td><img decoding=\"async\" src=\"photos\/5starsimage.jpg\" alt=\"Cinco estrellas\" class=\"amp-include\" width=\"110\" height=\"40\"><\/td>\n<td>Muy por encima de la media<\/td>\n<\/tr>\n<tr>\n<td><strong>Medidas de calidad<\/strong><img decoding=\"async\" src=\"files\/iratingicon.png\" class=\"irating\" alt=\"informaci\u00f3n\"><\/p>\n<div class=\"pop-box pb-measures\">\n<p>Medicare asigna la clasificaci\u00f3n por estrellas bas\u00e1ndose en los datos de un conjunto selecto de medidas de datos cl\u00ednicos. M\u00e1s estrellas significa mejor calidad asistencial <\/p>\n<\/div>\n<\/td>\n<td><img decoding=\"async\" src=\"photos\/4starsimage.jpg\" alt=\"Cuatro estrellas\" class=\"amp-include\" width=\"110\" height=\"40\"><\/td>\n<td>Superior a la media<\/td>\n<\/tr>\n<\/tbody>\n<\/table>\n<\/div>\n<div class=\"topbottommargin\"><strong class=\"number\">3<\/strong><strong class=\"specialheading\">Estad\u00edsticas clave de la corta estancia<\/strong><\/p>\n<table>\n<thead>\n<tr>\n<td><em>Descripci\u00f3n<\/em><\/td>\n<td><em>Centro de cuidados Palmetto<\/em><\/td>\n<td><em>Florida<br \/>Media<\/em><\/td>\n<\/tr>\n<\/thead>\n<tbody>\n<tr>\n<td><strong>Porcentaje de residentes de corta estancia que declaran dolor de moderado a intenso<\/strong><br \/><small><em>Los porcentajes m\u00e1s bajos son mejores<\/em>.<\/small><\/td>\n<td>17.4%<\/td>\n<td>8.9%<\/td>\n<\/tr>\n<tr>\n<td><strong>Porcentaje de residentes de SNF con \u00falceras por presi\u00f3n nuevas o que han empeorado.<\/strong><br \/><small><em>Los porcentajes m\u00e1s bajos son mejores<\/em>.<\/small><\/td>\n<td>0.7%<\/td>\n<td>No disponible<\/td>\n<\/tr>\n<tr>\n<td><strong>Porcentaje de residentes de corta estancia evaluados y a los que se administr\u00f3, adecuadamente, la vacuna contra la gripe estacional.<\/strong><br \/><small><em>Los porcentajes m\u00e1s altos son mejores<\/em>.<\/small><\/td>\n<td>88.2%<\/td>\n<td>88.3%<\/td>\n<\/tr>\n<tr>\n<td><strong>Porcentaje de residentes de corta estancia evaluados y a los que se administr\u00f3, adecuadamente, la vacuna antineumoc\u00f3cica.<\/strong><br \/><small><em>Los porcentajes m\u00e1s altos son mejores<\/em>.<\/small><\/td>\n<td>95.1%<\/td>\n<td>91.8%<\/td>\n<\/tr>\n<tr>\n<td><strong>Porcentaje de residentes de corta estancia que recibieron medicaci\u00f3n antipsic\u00f3tica por primera vez<\/strong><br \/><small><em>Los porcentajes m\u00e1s bajos son mejores<\/em>.<\/small><\/td>\n<td>0.9%<\/td>\n<td>2.1%<\/td>\n<\/tr>\n<\/tbody>\n<\/table>\n<\/div>\n<div class=\"topbottommargin\"><strong class=\"number\">4<\/strong><strong class=\"specialheading\">Estad\u00edsticas clave de larga estancia<\/strong><\/p>\n<table>\n<thead>\n<tr>\n<td><em>Descripci\u00f3n<\/em><\/td>\n<td><em>Centro de cuidados Palmetto<\/em><\/td>\n<td><em>Florida<br \/>Media<\/em><\/td>\n<\/tr>\n<\/thead>\n<tbody>\n<tr>\n<td><strong>Porcentaje de residentes de larga estancia que sufren una o m\u00e1s ca\u00eddas con lesiones graves<\/strong><br \/><small><em>Los porcentajes m\u00e1s bajos son mejores<\/em>.<\/small><\/td>\n<td>5.4%<\/td>\n<td>2.7%<\/td>\n<\/tr>\n<tr>\n<td><strong>Porcentaje de residentes de larga estancia con infecci\u00f3n urinaria<\/strong><br \/><small><em>Los porcentajes m\u00e1s bajos son mejores<\/em>.<\/small><\/td>\n<td>3.6%<\/td>\n<td>2.7%<\/td>\n<\/tr>\n<tr>\n<td><strong>Porcentaje de residentes de larga estancia que declaran dolor de moderado a intenso<\/strong><br \/><small><em>Los porcentajes m\u00e1s bajos son mejores<\/em>.<\/small><\/td>\n<td>5.1%<\/td>\n<td>4.3%<\/td>\n<\/tr>\n<tr>\n<td><strong>Porcentaje de residentes de larga estancia y alto riesgo con \u00falceras por presi\u00f3n<\/strong><br \/><small><em>Los porcentajes m\u00e1s bajos son mejores<\/em>.<\/small><\/td>\n<td>12.3%<\/td>\n<td>8.0%<\/td>\n<\/tr>\n<tr>\n<td><strong>Porcentaje de residentes de larga estancia y bajo riesgo que pierden el control de sus esf\u00ednteres<\/strong><br \/><small><em>Los porcentajes m\u00e1s bajos son mejores<\/em>.<\/small><\/td>\n<td>66.0%<\/td>\n<td>54.5%<\/td>\n<\/tr>\n<tr>\n<td><strong>Porcentaje de residentes de larga estancia que tienen o han tenido una sonda insertada y dejada en la vejiga<\/strong><br \/><small><em>Los porcentajes m\u00e1s bajos son mejores<\/em>.<\/small><\/td>\n<td>3.9%<\/td>\n<td>1.8%<\/td>\n<\/tr>\n<tr>\n<td><strong>Porcentaje de residentes de larga estancia que fueron sujetados f\u00edsicamente<\/strong><br \/><small><em>Los porcentajes m\u00e1s bajos son mejores<\/em>.<\/small><\/td>\n<td>0.0%<\/td>\n<td>0.2%<\/td>\n<\/tr>\n<tr>\n<td><strong>Porcentaje de residentes de larga estancia cuya capacidad para moverse de forma independiente empeor\u00f3<\/strong><br \/><small><em>Los porcentajes m\u00e1s bajos son mejores<\/em>.<\/small><\/td>\n<td>12.1%<\/td>\n<td>16.4%<\/td>\n<\/tr>\n<tr>\n<td><strong>Porcentaje de residentes de larga estancia cuya necesidad de ayuda para las actividades cotidianas ha aumentado<\/strong><br \/><small><em>Los porcentajes m\u00e1s bajos son mejores<\/em>.<\/small><\/td>\n<td>8.6%<\/td>\n<td>12.7%<\/td>\n<\/tr>\n<tr>\n<td><strong>Porcentaje de residentes de larga estancia que pierden mucho peso<\/strong><br \/><small><em>Los porcentajes m\u00e1s bajos son mejores<\/em>.<\/small><\/td>\n<td>2.9%<\/td>\n<td>5.5%<\/td>\n<\/tr>\n<tr>\n<td><strong>Porcentaje de residentes de larga estancia que tienen s\u00edntomas depresivos<\/strong><br \/><small><em>Los porcentajes m\u00e1s bajos son mejores<\/em>.<\/small><\/td>\n<td>0.0%<\/td>\n<td>1.0%<\/td>\n<\/tr>\n<tr>\n<td><strong>Porcentaje de residentes de larga estancia que recibieron un ansiol\u00edtico o hipn\u00f3tico<\/strong><br \/><small><em>Los porcentajes m\u00e1s bajos son mejores<\/em>.<\/small><\/td>\n<td>52.2%<\/td>\n<td>24.3%<\/td>\n<\/tr>\n<tr>\n<td><strong>Porcentaje de residentes de larga estancia evaluados y a los que se administr\u00f3, adecuadamente, la vacuna contra la gripe estacional.<\/strong><br \/><small><em>Los porcentajes m\u00e1s altos son mejores<\/em>.<\/small><\/td>\n<td>98.3%<\/td>\n<td>95.6%<\/td>\n<\/tr>\n<tr>\n<td><strong>Porcentaje de residentes de larga estancia evaluados y a los que se administr\u00f3, adecuadamente, la vacuna antineumoc\u00f3cica.<\/strong><br \/><small><em>Los porcentajes m\u00e1s altos son mejores<\/em>.<\/small><\/td>\n<td>100.0%<\/td>\n<td>96.9%<\/td>\n<\/tr>\n<tr>\n<td><strong>Porcentaje de residentes de larga estancia que recibieron un medicamento antipsic\u00f3tico<\/strong><br \/><small><em>Los porcentajes m\u00e1s bajos son mejores<\/em>.<\/small><\/td>\n<td>0.8%<\/td>\n<td>14.1%<\/td>\n<\/tr>\n<\/tbody>\n<\/table>\n<\/div>\n<div class=\"topbottommargin\"><strong class=\"number\">5<\/strong><strong class=\"specialheading\">Resumen de la inspecci\u00f3n<\/strong><\/p>\n<p><strong>Fecha de la inspecci\u00f3n sanitaria est\u00e1ndar:<\/strong>29\/11\/2018<br \/><strong>N\u00famero total de deficiencias sanitarias:<\/strong>3<br \/><strong>N\u00famero medio de deficiencias sanitarias en Florida:<\/strong>6,4<\/p>\n<\/div>\n<\/div><\/div>\n<div class=\"subpageslist\">\n<ul> <\/ul>\n<\/p><\/div>\n<\/p><\/div>\n","protected":false},"excerpt":{"rendered":"<p>Sin honorarios a menos que ganemos. Llama al 866-352-9626 para una &#8230; <\/p>\n","protected":false},"author":3,"featured_media":0,"parent":0,"menu_order":0,"comment_status":"closed","ping_status":"closed","template":"template-practice-areas.php","meta":{"footnotes":""},"class_list":["post-21974","page","type-page","status-publish","hentry"],"featured_image_src":null,"featured_image_src_square":null,"_links":{"self":[{"href":"https:\/\/flaxmanlaw.com\/es\/wp-json\/wp\/v2\/pages\/21974","targetHints":{"allow":["GET"]}}],"collection":[{"href":"https:\/\/flaxmanlaw.com\/es\/wp-json\/wp\/v2\/pages"}],"about":[{"href":"https:\/\/flaxmanlaw.com\/es\/wp-json\/wp\/v2\/types\/page"}],"author":[{"embeddable":true,"href":"https:\/\/flaxmanlaw.com\/es\/wp-json\/wp\/v2\/users\/3"}],"replies":[{"embeddable":true,"href":"https:\/\/flaxmanlaw.com\/es\/wp-json\/wp\/v2\/comments?post=21974"}],"version-history":[{"count":0,"href":"https:\/\/flaxmanlaw.com\/es\/wp-json\/wp\/v2\/pages\/21974\/revisions"}],"wp:attachment":[{"href":"https:\/\/flaxmanlaw.com\/es\/wp-json\/wp\/v2\/media?parent=21974"}],"curies":[{"name":"wp","href":"https:\/\/api.w.org\/{rel}","templated":true}]}}