{"id":21975,"date":"2024-11-18T12:45:15","date_gmt":"2024-11-18T12:45:15","guid":{"rendered":"https:\/\/flaxmanlaw.wpenginepowered.com\/accidente-de-coche-en-palmetto-bay-abogados-de-lesiones-de-automovil-en-el-condado-de-miami-dade\/"},"modified":"2024-11-18T12:45:15","modified_gmt":"2024-11-18T12:45:15","slug":"accidente-de-coche-en-palmetto-bay-abogados-de-lesiones-de-automovil-en-el-condado-de-miami-dade","status":"publish","type":"page","link":"https:\/\/flaxmanlaw.com\/es\/accidente-de-coche-en-palmetto-bay-abogados-de-lesiones-de-automovil-en-el-condado-de-miami-dade\/","title":{"rendered":"Accidente de coche en Palmetto Bay | Abogados de lesiones de autom\u00f3vil en el condado de Miami-Dade"},"content":{"rendered":"<div class=\"bodytext\">\n<h2>Accidente de tr\u00e1fico en Palmetto Bay<\/h1><\/h2>\n<div class=\"description\">\n<p>Biscayne Bay es una comunidad familiar con hermosos parques, un centro de la ciudad en expansi\u00f3n e impresionantes vistas de la Bah\u00eda. Con calles limpias y seguras y excelentes escuelas, es un gran lugar para vivir. Sin embargo, como toda comunidad, tambi\u00e9n ve su parte justa de accidentes de coche y de tr\u00e1fico.  <\/p>\n<p>Muchas v\u00edctimas que han sufrido un accidente de tr\u00e1fico en Palmetto Bay temen los gastos m\u00e9dicos, los costes de reparaci\u00f3n del coche y la p\u00e9rdida de ingresos. Sin embargo, en un accidente de tr\u00e1fico en Palmetto Bay, las v\u00edctimas tienen derechos. Si un accidente de tr\u00e1fico ha sido causado por el comportamiento imprudente o negligente de alguien, tienes derecho a emprender acciones legales contra esa persona para ayudar a recuperar los costes del accidente. Esto puede ayudar a que no seas t\u00fa quien cubra tus gastos.   <\/p>\n<p>Los gastos m\u00e9dicos y los costes relacionados con el accidente son un motivo clave para declararse en quiebra. Estos costes pueden acumularse tras un accidente de tr\u00e1fico en Palmetto Bay hasta que ya no son sostenibles. Muchos conductores conf\u00edan mucho en su seguro para recuperarse de los accidentes de tr\u00e1fico, pero las aseguradoras no siempre cubren adecuadamente todos los costes de un accidente. Un accidente de tr\u00e1fico grave en Palmetto Bay puede requerir a\u00f1os de atenci\u00f3n m\u00e9dica y cuidados a largo plazo que cuestan millones de d\u00f3lares. Las compa\u00f1\u00edas de seguros rara vez ofrecen este tipo de indemnizaciones a menos que la v\u00edctima del accidente de coche tenga de su lado a un abogado cualificado en lesiones personales. Un abogado experto en lesiones personales de Palmetto Bay puede investigar tu caso, encontrar a todas las partes responsables, calcular el coste real de tus lesiones y negociar en tu nombre con tu compa\u00f1\u00eda de seguros para asegurarse de que no tengas que pagar los costes de tu bolsillo. Si procede, tu abogado y t\u00fa pod\u00e9is decidir juntos emprender una acci\u00f3n legal para recuperar una indemnizaci\u00f3n justa.      <\/p>\n<p>\u00ab\u00bfTengo un caso?\u00bb Esta es una de las preguntas m\u00e1s frecuentes que se hacen las v\u00edctimas de un accidente de coche en Palmetto Bay. Si has sufrido una lesi\u00f3n cerebral, rotura de huesos u otra lesi\u00f3n grave que requiera atenci\u00f3n m\u00e9dica y p\u00e9rdida de tiempo de trabajo, y si tu lesi\u00f3n fue causada por la imprudencia y negligencia de alguien, generalmente tienes un caso. Sin embargo, es dif\u00edcil para alguien sin un t\u00edtulo jur\u00eddico determinar la responsabilidad y la recuperaci\u00f3n en un caso. Ah\u00ed es donde un abogado de lesiones personales cualificado de Palmetto Bay puede ayudarte. El equipo legal del Grupo Legal Flaxman, por ejemplo, puede investigar tu caso y puede ayudarte a comprender tus derechos y opciones legales. Lo mejor de todo, esto viene sin costo alguno. El Grupo Legal Flaxman ofrece una consulta inicial gratuita para todos los pacientes de lesiones personales y accidentes automovil\u00edsticos en Palmetto Bay. Esta consulta inicial puede ayudarle a determinar sus siguientes pasos y le permite obtener asesor\u00eda espec\u00edfica de un calificado abogado de lesiones personales en Palmetto Bay.        <\/p>\n<p>Si vives en Palmetto Bay, las oficinas del Grupo Legal Flaxman est\u00e1n a s\u00f3lo veinte minutos manejando. Para llegar a nuestras oficinas en Miami, sigue SW 82nd Avenue, SW 152nd Street\/Coral Reef Drive, US-1 N, FL-826 N\/Palmetto Expressway, la salida FL-836 E\/FL-836 W, FL-836 E, y FL-959 S\/NW 57th Avenue\/N Red Road hasta Blue Lagoon Drive. Nuestras oficinas est\u00e1n en el 6303 de Blue Lagoon Drive. Tambi\u00e9n tenemos oficinas en Hollywood y Homestead para atenderte mejor.   <\/p>\n<\/p><\/div>\n<\/p><\/div>\n","protected":false},"excerpt":{"rendered":"<p>Sin honorarios a menos que ganemos. Llama al 866-352-9626 para una &#8230; <\/p>\n","protected":false},"author":3,"featured_media":0,"parent":0,"menu_order":0,"comment_status":"closed","ping_status":"closed","template":"template-practice-areas.php","meta":{"footnotes":""},"class_list":["post-21975","page","type-page","status-publish","hentry"],"featured_image_src":null,"featured_image_src_square":null,"_links":{"self":[{"href":"https:\/\/flaxmanlaw.com\/es\/wp-json\/wp\/v2\/pages\/21975","targetHints":{"allow":["GET"]}}],"collection":[{"href":"https:\/\/flaxmanlaw.com\/es\/wp-json\/wp\/v2\/pages"}],"about":[{"href":"https:\/\/flaxmanlaw.com\/es\/wp-json\/wp\/v2\/types\/page"}],"author":[{"embeddable":true,"href":"https:\/\/flaxmanlaw.com\/es\/wp-json\/wp\/v2\/users\/3"}],"replies":[{"embeddable":true,"href":"https:\/\/flaxmanlaw.com\/es\/wp-json\/wp\/v2\/comments?post=21975"}],"version-history":[{"count":0,"href":"https:\/\/flaxmanlaw.com\/es\/wp-json\/wp\/v2\/pages\/21975\/revisions"}],"wp:attachment":[{"href":"https:\/\/flaxmanlaw.com\/es\/wp-json\/wp\/v2\/media?parent=21975"}],"curies":[{"name":"wp","href":"https:\/\/api.w.org\/{rel}","templated":true}]}}