{"id":21977,"date":"2024-11-18T12:45:15","date_gmt":"2024-11-18T12:45:15","guid":{"rendered":"https:\/\/flaxmanlaw.wpenginepowered.com\/lesiones-personales-en-palm-aire-abogados-de-accidentes-en-el-condado-de-broward-grupo-legal-flaxman\/"},"modified":"2025-09-13T08:22:24","modified_gmt":"2025-09-13T08:22:24","slug":"lesiones-personales-en-palm-aire-abogados-de-accidentes-en-el-condado-de-broward-grupo-legal-flaxman","status":"publish","type":"page","link":"https:\/\/flaxmanlaw.com\/es\/lesiones-personales-en-palm-aire-abogados-de-accidentes-en-el-condado-de-broward-grupo-legal-flaxman\/","title":{"rendered":"Lesiones Personales en Palm Aire | Abogados en Broward"},"content":{"rendered":"<div class=\"bodytext\">\n<h2>Palm Aire Lesiones Personales<\/h1><\/h2>\n<div class=\"description\">\n<p><a href=\"https:\/\/flaxmanlaw.com\/palm-aire-personal-injury\/\">Palm Aire<\/a>, Florida, es una comunidad conocida sobre todo por albergar el Palm Aire Country Club, de 2.000 hect\u00e1reas, que no s\u00f3lo tiene cuatro campos de golf, sino tambi\u00e9n casas, apartamentos y villas que forman parte de la comunidad de golf. Palm Aire, Florida, es conocida por su excelente golf, sus numerosos espacios verdes y su mercado inmobiliario de lujo. La comunidad tiene muchas casas de lujo y mucha arquitectura impresionante.<\/p>\n<p>El <a href=\"sobre nosotros.html\">Grupo Legal Flaxman<\/a> se enorgullece de ofrecer una gama completa de servicios legales a las v\u00edctimas de lesiones personales en Palm Aire. Si has resultado lesionado en un accidente automovil\u00edstico en Palm Aire, un accidente de cami\u00f3n u otro tipo de incidente, el Grupo Legal Flaxman puede ayudarte. El experimentado equipo jur\u00eddico del Grupo Legal Flaxman puede ayudarte a investigar tu accidente, puede asesorarte sobre tus derechos y opciones y puede representarte si decides presentar una demanda. Si t\u00fa o un ser querido han sido v\u00edctimas de lesiones personales en Palm Aire, no hay tiempo que perder: contacta hoy mismo al Grupo Legal Flaxman para una consulta gratuita y sin compromiso.<\/p>\n<p>El Grupo Legal Flaxman se complace en ofrecer a las v\u00edctimas de lesiones personales de Palm Aire honorarios y opciones de contingencia. Si tienes una demanda por lesiones personales en Palm Aire, pero te preocupan los altos costes m\u00e9dicos y la p\u00e9rdida de ingresos debidos a tus lesiones, el equipo jur\u00eddico del Grupo Legal Flaxman puede aceptar tu caso en base a contingencia, lo que significa que no tendr\u00e1s que pagar los costes legales por adelantado. Bajo este acuerdo, s\u00f3lo tendr\u00e1s que pagar al Grupo Legal Flaxman si y cuando el Grupo Legal Flaxman tenga \u00e9xito en ganar tu caso o un acuerdo en tu caso de lesiones personales en Palm Aire.<\/p>\n<p>Con miles de casos exitosos completados en Palm Aire y en todo Florida, el Grupo Legal Flaxman ha adquirido una extensa experiencia en casos de lesiones personales en Palm Aire. Nuestros clientes est\u00e1n satisfechos con nuestra compasi\u00f3n y nuestra agresiva asistencia jur\u00eddica en su nombre. Como firma legal de servicios integrales, el Grupo Legal Flaxman puede ayudarte en cada paso de tu caso de lesiones personales en Palm Aire. Podemos ayudarte a negociar con tu agente de seguros, ayudarte a comprender tus derechos y opciones, y representarte si decides presentar una demanda por lesiones personales en Palm Aire. Para averiguar lo que podemos hacer por ti m\u00e1s espec\u00edficamente, contacta con el Grupo Legal Flaxman para una <a href=\"contacta con nosotros.html\">consulta gratuita y sin compromiso<\/a> para hablar de tu caso con nuestro equipo jur\u00eddico.<\/p>\n<p>Palm Aire, Florida, est\u00e1 situado a unos 25 minutos de las oficinas del Grupo Legal Flaxman en Hollywood. Para llegar al Grupo Legal Flaxman desde la comunidad, conduce hacia el norte por NW 32nd Avenue\/NW 67th Court y luego conduce por NW 69th Street\/W McNab Road. Gira a la izquierda en NW 31st Avenue y contin\u00faa por S Lyons Road. Gira a la derecha en W Atlantic Boulevard y luego ligeramente a la derecha en la rampa S de la autopista Florida&#8217;s Turnpike en direcci\u00f3n a Miami. Incorp\u00f3rate a la autopista Florida&#8217;s Turnpike\/Ronald Reagan Turnpike y toma la salida 49, que es la salida hacia FL-820\/Hollywood Boulevard. Gira a la derecha en FL-820 E\/Hollywood Boulevard y luego a la izquierda en FL-7 N. Gira a la derecha en Johnson Street y avanza hasta el 5715 de Johnson Street, que es donde se encuentran las oficinas del Grupo Legal Flaxman.<\/p>\n<\/div>\n<\/div>\n","protected":false},"excerpt":{"rendered":"<p>Sin honorarios a menos que ganemos. Llama al 866-352-9626 para una &#8230; <\/p>\n","protected":false},"author":3,"featured_media":0,"parent":0,"menu_order":0,"comment_status":"closed","ping_status":"closed","template":"template-practice-areas.php","meta":{"footnotes":""},"class_list":["post-21977","page","type-page","status-publish","hentry"],"featured_image_src":null,"featured_image_src_square":null,"_links":{"self":[{"href":"https:\/\/flaxmanlaw.com\/es\/wp-json\/wp\/v2\/pages\/21977","targetHints":{"allow":["GET"]}}],"collection":[{"href":"https:\/\/flaxmanlaw.com\/es\/wp-json\/wp\/v2\/pages"}],"about":[{"href":"https:\/\/flaxmanlaw.com\/es\/wp-json\/wp\/v2\/types\/page"}],"author":[{"embeddable":true,"href":"https:\/\/flaxmanlaw.com\/es\/wp-json\/wp\/v2\/users\/3"}],"replies":[{"embeddable":true,"href":"https:\/\/flaxmanlaw.com\/es\/wp-json\/wp\/v2\/comments?post=21977"}],"version-history":[{"count":0,"href":"https:\/\/flaxmanlaw.com\/es\/wp-json\/wp\/v2\/pages\/21977\/revisions"}],"wp:attachment":[{"href":"https:\/\/flaxmanlaw.com\/es\/wp-json\/wp\/v2\/media?parent=21977"}],"curies":[{"name":"wp","href":"https:\/\/api.w.org\/{rel}","templated":true}]}}