{"id":21981,"date":"2024-11-18T12:45:15","date_gmt":"2024-11-18T12:45:15","guid":{"rendered":"https:\/\/flaxmanlaw.wpenginepowered.com\/camiones-con-sobrepeso-sobrecarga-abogados-de-accidentes-de-camion-en-hollywood-florida\/"},"modified":"2025-05-06T09:26:02","modified_gmt":"2025-05-06T09:26:02","slug":"camiones-con-sobrepeso-sobrecarga-abogados-de-accidentes-de-camion-en-hollywood-florida","status":"publish","type":"page","link":"https:\/\/flaxmanlaw.com\/es\/camiones-con-sobrepeso-sobrecarga-abogados-de-accidentes-de-camion-en-hollywood-florida\/","title":{"rendered":"Camiones con Sobrecarga"},"content":{"rendered":"<div class=\"bodytext\">\n<h2>Camiones con sobrepeso\/sobrecarga<\/h2>\n<div class=\"description\">\n<p>Los camiones que superan los l\u00edmites de peso seguros son un grave problema en las calles de Miami. Por desgracia, las empresas de camiones tienen un inter\u00e9s personal y econ\u00f3mico en poner camiones m\u00e1s pesados en la carretera. Los camiones que llevan m\u00e1s carga pueden entregar m\u00e1s mercanc\u00edas a menor coste, lo que ahorra dinero a las empresas de camiones. Sin embargo, las leyes estatales y federales limitan la cantidad de carga que puede transportar un cami\u00f3n, y las b\u00e1sculas situadas a lo largo de las carreteras garantizan que los camiones cumplan estas normas. Por desgracia, sigue habiendo muchos casos en que los camiones sobrecargan la carga, lo que puede hacer que el camionero pierda el control del veh\u00edculo y provoque un accidente de cami\u00f3n. Los accidentes de cami\u00f3n en Miami tambi\u00e9n suelen estar causados por camiones que han excedido su peso y han ejercido una presi\u00f3n adicional sobre los frenos y los neum\u00e1ticos. Cuando los neum\u00e1ticos y los frenos fallan debido a un cami\u00f3n sobrecargado, es frecuente que se produzcan accidentes de tr\u00e1fico.<\/p>\n<p>Si te has visto implicado en un accidente de cami\u00f3n en Miami causado por un cami\u00f3n sobrecargado, tienes derecho legal a reclamar una indemnizaci\u00f3n. En casos como \u00e9ste, es evidente que alguien ha infringido leyes y normas destinadas a mantenerte a salvo. Puedes buscar una indemnizaci\u00f3n para obtener dinero por facturas m\u00e9dicas, p\u00e9rdida de ingresos y otros gastos que puedas haber sufrido como resultado de tus lesiones. El equipo jur\u00eddico <a href=\"index.html\">del Grupo Legal Flaxman<\/a> ha pasado 25 a\u00f1os representando a miles de v\u00edctimas de lesiones personales en todo Florida del Sur. Han ayudado a v\u00edctimas en Miami y en todo Florida del Sur a recuperar m\u00e1s de 25 millones de d\u00f3lares en indemnizaciones. Si usted ha resultado lesionado en Miami, contacte al Grupo Legal Flaxman para programar una evaluaci\u00f3n gratuita de su caso.<\/p>\n<p><strong class=\"heading4\">Encontrar a las partes responsables tras un accidente de cami\u00f3n<\/strong><\/p>\n<p>Si has resultado herido en un accidente de cami\u00f3n en Miami, puede haber muchas partes responsables. Aunque esto puede ayudarte a conseguir una indemnizaci\u00f3n justa, tambi\u00e9n puede dificultar la b\u00fasqueda de las partes responsables. En este tipo de casos, las partes responsables suelen se\u00f1alarse entre s\u00ed, desplazando la culpa. Las partes responsables en este tipo de accidente pueden ser:<\/p>\n<ul>\n<li>La empresa de camiones<\/li>\n<li>El camionero<\/li>\n<li>La empresa responsable de la carga<\/li>\n<li>La empresa propietaria de la carga<\/li>\n<\/ul>\n<p>A menudo hace falta un abogado de lesiones personales en Miami que tenga experiencia en casos de accidentes de cami\u00f3n para dar sentido al caso e investigar adecuadamente el accidente a fin de obtener respuestas para ti. Un abogado con experiencia puede contratar a investigadores y otros profesionales que determinen qui\u00e9n tiene la culpa y te ayuden a construir un caso s\u00f3lido que conduzca a una indemnizaci\u00f3n m\u00e1s justa por tus lesiones.<\/p>\n<p><strong class=\"heading4\">Obtener ayuda tras un accidente de cami\u00f3n<\/strong><\/p>\n<p>Si usted ha resultado lesionado en un accidente de tr\u00e1fico en Miami, <a href=\"contacta con nosotros.html\">contacte<\/a> al equipo jur\u00eddico del Grupo Legal Flaxman para programar una evaluaci\u00f3n gratuita de su caso. Su consulta gratuita sobre accidentes viene sin compromiso y le permite obtener respuestas a sus preguntas, as\u00ed como asesor\u00eda legal sobre su situaci\u00f3n, para que comprenda sus derechos y opciones antes de tomar cualquier decisi\u00f3n relacionada con su caso. La evaluaci\u00f3n gratuita de tu caso te permite conocer tus opciones y te garantiza que sabr\u00e1s c\u00f3mo avanzar mientras inicias el camino hacia la recuperaci\u00f3n.<\/p>\n<\/div>\n<div class=\"subpageslist\"><\/div>\n<\/div>\n","protected":false},"excerpt":{"rendered":"<p>Sin honorarios a menos que ganemos. Llama al 866-352-9626 para una &#8230; <\/p>\n","protected":false},"author":3,"featured_media":0,"parent":0,"menu_order":0,"comment_status":"closed","ping_status":"closed","template":"template-practice-areas.php","meta":{"footnotes":""},"class_list":["post-21981","page","type-page","status-publish","hentry"],"featured_image_src":null,"featured_image_src_square":null,"_links":{"self":[{"href":"https:\/\/flaxmanlaw.com\/es\/wp-json\/wp\/v2\/pages\/21981","targetHints":{"allow":["GET"]}}],"collection":[{"href":"https:\/\/flaxmanlaw.com\/es\/wp-json\/wp\/v2\/pages"}],"about":[{"href":"https:\/\/flaxmanlaw.com\/es\/wp-json\/wp\/v2\/types\/page"}],"author":[{"embeddable":true,"href":"https:\/\/flaxmanlaw.com\/es\/wp-json\/wp\/v2\/users\/3"}],"replies":[{"embeddable":true,"href":"https:\/\/flaxmanlaw.com\/es\/wp-json\/wp\/v2\/comments?post=21981"}],"version-history":[{"count":0,"href":"https:\/\/flaxmanlaw.com\/es\/wp-json\/wp\/v2\/pages\/21981\/revisions"}],"wp:attachment":[{"href":"https:\/\/flaxmanlaw.com\/es\/wp-json\/wp\/v2\/media?parent=21981"}],"curies":[{"name":"wp","href":"https:\/\/api.w.org\/{rel}","templated":true}]}}