{"id":21982,"date":"2024-11-18T12:45:15","date_gmt":"2024-11-18T12:45:15","guid":{"rendered":"https:\/\/flaxmanlaw.wpenginepowered.com\/vejez-hollywood-florida-abogados-de-accidentes-automovilisticos-grupo-legal-flaxman\/"},"modified":"2025-12-04T04:09:38","modified_gmt":"2025-12-04T04:09:38","slug":"vejez-hollywood-florida-abogados-de-accidentes-automovilisticos-grupo-legal-flaxman","status":"publish","type":"page","link":"https:\/\/flaxmanlaw.com\/es\/vejez-hollywood-florida-abogados-de-accidentes-automovilisticos-grupo-legal-flaxman\/","title":{"rendered":"Vejez y Accidentes Automovil\u00edsticos"},"content":{"rendered":"<div class=\"bodytext\">\n<h2>Vejez<\/h2>\n<div class=\"description\">\n<p>Hollywood y otras comunidades del sur de Florida tienen una gran poblaci\u00f3n de ancianos. Muchas personas eligen el Estado del Sol para jubilarse y poder disfrutar de la belleza natural y el clima c\u00e1lido de la regi\u00f3n en sus a\u00f1os dorados. Aunque muchos ancianos residentes en la zona son conductores seguros y responsables, algunas afecciones relacionadas con la edad, como la demencia, la degeneraci\u00f3n macular asociada a la edad y otras dolencias, pueden afectar a la visi\u00f3n, la cognici\u00f3n y la movilidad. En algunos casos, a medida que empeora la salud, los conductores pueden volverse inseguros al volante. Dado que conducir ofrece independencia y movilidad, algunos mayores siguen conduciendo en contra del consejo de los m\u00e9dicos, incluso sabiendo que pueden ser un peligro para s\u00ed mismos y para los dem\u00e1s.<\/p>\n<p>\u00bfHa resultado usted lesionado por un conductor imprudente? Los abogados del Grupo Legal Flaxman est\u00e1n orientados a los resultados y cuentan con m\u00e1s de sesenta a\u00f1os de experiencia combinada ganando juicios y acuerdos extrajudiciales a favor de sus clientes. Si est\u00e1s listo para obtener asesor\u00eda legal para que puedas seguir adelante despu\u00e9s de tu p\u00e9rdida o lesi\u00f3n, contacta hoy mismo al Grupo Legal Flaxman para recibir una revisi\u00f3n gratuita de tu caso.<\/p>\n<p><strong class=\"heading4\">C\u00f3mo afecta la edad a la capacidad de conducir<\/strong><\/p>\n<p>Muchos mayores son conductores responsables y seguros. Por ejemplo, es menos probable que conduzcan con exceso de velocidad y asuman otros riesgos en comparaci\u00f3n con los conductores m\u00e1s j\u00f3venes. Sin embargo, todos los expertos en seguridad coinciden en que la salud puede afectar a la capacidad de conducir y, por desgracia, a medida que envejecemos podemos ser m\u00e1s susceptibles a algunas afecciones m\u00e9dicas.<\/p>\n<p>La edad puede afectar a la capacidad de conducci\u00f3n de varias maneras:<\/p>\n<ul>\n<li>Las capacidades f\u00edsicas pueden disminuir con la edad o con afecciones relacionadas con la edad. Aunque muchas personas mayores se mantienen activas y fuertes m\u00e1s adelante, la osteoporosis, los accidentes cerebrovasculares y otras dolencias asociadas a menudo con la edad pueden afectar a la movilidad y a la capacidad de conducir.<\/li>\n<li>Las capacidades cognitivas pueden disminuir con la edad o con afecciones relacionadas con la edad. Incluso los \u00abmomentos senior\u00bb de confusi\u00f3n y olvido pueden ser fatales al volante de un coche, pero enfermedades graves como la demencia pueden ser especialmente peligrosas en la carretera.<\/li>\n<li>La capacidad visual disminuye. La mayor\u00eda de la gente necesita gafas de lectura a partir de los 40 a\u00f1os, y en muchos casos la capacidad visual disminuye con la edad, lo que dificulta que los mayores conduzcan con seguridad.<\/li>\n<li>Las personas mayores pueden tomar medicamentos para sus dolencias, y esto puede conducir a una conducci\u00f3n deficiente. Muchos medicamentos utilizados para tratar enfermedades graves tienen efectos secundarios como fatiga, mareos y otros s\u00edntomas que pueden ser peligrosos para los conductores.<\/li>\n<li>Las capacidades de conducci\u00f3n necesarias hoy pueden no haber sido las capacidades necesarias antes. Hace d\u00e9cadas, los conductores no necesitaban cumplir los requisitos del programa de carn\u00e9 gradual y no ten\u00edan que pasar las estrictas pruebas que tenemos hoy. Adem\u00e1s de los diferentes ex\u00e1menes, la realidad de la conducci\u00f3n en Hollywood y Florida era muy diferente. Las velocidades eran m\u00e1s lentas, los coches eran menos complejos y hab\u00eda menos coches en las carreteras. Hoy, los mayores tienen que adaptarse a un entorno de conducci\u00f3n muy distinto.<\/li>\n<\/ul>\n<p>En algunos casos, los conductores mayores pueden seguir conduciendo con seguridad si reciben formaci\u00f3n adicional y tratan o controlan cualquier afecci\u00f3n m\u00e9dica. Algunas adaptaciones de los autom\u00f3viles -como los extensores de pedales o los dispositivos que facilitan el agarre del volante- tambi\u00e9n pueden contribuir a una conducci\u00f3n m\u00e1s segura. En otros casos, sin embargo, la opci\u00f3n m\u00e1s segura puede ser colgar las llaves. A menudo, \u00e9sta es una decisi\u00f3n muy dif\u00edcil que debe tomarse con el conductor, su familia y los m\u00e9dicos implicados.<\/p>\n<p>Muchas personas de Hollywood y las comunidades de Florida circundantes han sufrido graves lesiones o discapacidades a causa de accidentes de tr\u00e1fico. Si esto te ha sucedido por culpa de un conductor anciano o inseguro, no dudes en contactar a un abogado de lesiones personales que pueda representarte y pueda impulsar una demanda por lesiones. Siempre puedes ponerte en contacto con un abogado de lesiones personales <a href=\"contacta con nosotros.html\">llamando<\/a> al despacho del Grupo Legal Flaxman al 866-352-9626. Nuestra firma se enorgullece de haber representado a miles de clientes en los Condados de Miami-Dade, Palm Beach, South Miami Heights, Broward, y en todo Florida del Sur. Llame hoy mismo a nuestro equipo jur\u00eddico para programar una revisi\u00f3n gratuita de su caso y hablar sobre sus lesiones.<\/p>\n<\/div>\n<div class=\"subpageslist\"><\/div>\n<\/div>\n","protected":false},"excerpt":{"rendered":"<p>Sin honorarios a menos que ganemos. Llama al 866-352-9626 para una &#8230; <\/p>\n","protected":false},"author":3,"featured_media":0,"parent":0,"menu_order":0,"comment_status":"closed","ping_status":"closed","template":"template-practice-areas.php","meta":{"footnotes":""},"class_list":["post-21982","page","type-page","status-publish","hentry"],"featured_image_src":null,"featured_image_src_square":null,"_links":{"self":[{"href":"https:\/\/flaxmanlaw.com\/es\/wp-json\/wp\/v2\/pages\/21982","targetHints":{"allow":["GET"]}}],"collection":[{"href":"https:\/\/flaxmanlaw.com\/es\/wp-json\/wp\/v2\/pages"}],"about":[{"href":"https:\/\/flaxmanlaw.com\/es\/wp-json\/wp\/v2\/types\/page"}],"author":[{"embeddable":true,"href":"https:\/\/flaxmanlaw.com\/es\/wp-json\/wp\/v2\/users\/3"}],"replies":[{"embeddable":true,"href":"https:\/\/flaxmanlaw.com\/es\/wp-json\/wp\/v2\/comments?post=21982"}],"version-history":[{"count":0,"href":"https:\/\/flaxmanlaw.com\/es\/wp-json\/wp\/v2\/pages\/21982\/revisions"}],"wp:attachment":[{"href":"https:\/\/flaxmanlaw.com\/es\/wp-json\/wp\/v2\/media?parent=21982"}],"curies":[{"name":"wp","href":"https:\/\/api.w.org\/{rel}","templated":true}]}}