{"id":21983,"date":"2024-11-18T12:45:15","date_gmt":"2024-11-18T12:45:15","guid":{"rendered":"https:\/\/flaxmanlaw.wpenginepowered.com\/nuestras-areas-de-practica-hollywood-florida-abogados-de-lesiones-personales\/"},"modified":"2025-05-06T08:06:38","modified_gmt":"2025-05-06T08:06:38","slug":"nuestras-areas-de-practica-hollywood-florida-abogados-de-lesiones-personales","status":"publish","type":"page","link":"https:\/\/flaxmanlaw.com\/es\/nuestras-areas-de-practica-hollywood-florida-abogados-de-lesiones-personales\/","title":{"rendered":"Nuestras \u00c1reas de Pr\u00e1ctica | Abogados de Lesiones en Hollywood, FL"},"content":{"rendered":"<div class=\"bodytext\">\n<h2>Nuestras \u00e1reas de pr\u00e1ctica<\/h1><\/h2>\n<div class=\"description\">\n<p><a href=\"accidentes-coche.html\">Accidentes de tr\u00e1fico<\/a><\/p>\n<p>Los conductores imprudentes pueden causar lesiones que cambian la vida de otras personas en la carretera. Las v\u00edctimas de un accidente de tr\u00e1fico tienen derecho a reclamar una indemnizaci\u00f3n por las facturas m\u00e9dicas relacionadas con el accidente, as\u00ed como por otras p\u00e9rdidas econ\u00f3micas, como la p\u00e9rdida de ingresos y de capacidad de ganancia. Tambi\u00e9n pueden obtener una indemnizaci\u00f3n por el dolor y el sufrimiento sufridos a consecuencia del accidente. Probar la responsabilidad en un caso de accidente de coche suele implicar demostrar que otro conductor no tom\u00f3 las precauciones razonables para evitar poner en peligro a otras personas, y que el accidente fue consecuencia directa de su conducci\u00f3n insegura. Nuestros abogados de lesiones personales en Hollywood pueden investigar tu caso a fondo y encargarse de las negociaciones para llegar a un acuerdo y de cualquier litigio necesario en tu nombre.<\/p>\n<p><a href=\"propietario-inquilino-disputas.html\">Disputas entre propietarios e inquilinos <\/a><\/p>\n<p>Se supone que los contratos de alquiler y las leyes de arrendamiento protegen tanto a los propietarios como a los inquilinos, pero aun as\u00ed es frecuente que surjan desacuerdos. El impago del alquiler, el desahucio, la inseguridad de las instalaciones, los da\u00f1os a la propiedad y otras cuestiones pueden ser un reto. En muchos casos, la negociaci\u00f3n puede resolver el desacuerdo, pero si necesitas presentar una demanda, las leyes que rigen los alquileres pueden ser complejas. Tanto si eres propietario como inquilino, nuestros abogados especializados en resoluci\u00f3n de conflictos entre propietarios e inquilinos pueden ayudarte a comprender tus derechos y a evitar una costosa demanda.<\/p>\n<p><a href=\"construcci\u00f3n-accidentes.html\">Accidentes en la construcci\u00f3n<\/a><\/p>\n<p>Los peligros del sector de la construcci\u00f3n pueden causar graves da\u00f1os a muchos residentes de Florida que trabajan en obras. Pueden caerse desde una altura, sufrir lesiones por la ca\u00edda de un objeto o una estructura, ser atropellados por un veh\u00edculo o encontrarse con un equipo defectuoso o que funciona mal. El principal remedio en estas situaciones es el sistema de indemnizaci\u00f3n de los trabajadores, que sustituye al derecho del trabajador lesionado a demandar a su empresario por da\u00f1os y perjuicios. Las prestaciones de indemnizaci\u00f3n por accidente de trabajo se conceden con independencia de la culpa, siempre que el accidente haya ocurrido en el trabajo. Si un tercero, distinto de tu empresario, fue responsable del accidente, puedes presentar una demanda por lesiones personales contra \u00e9l por da\u00f1os y perjuicios adicionales.<\/p>\n<p><a href=\"negligencia-m\u00e9dica.html\">Negligencia m\u00e9dica<\/a><\/p>\n<p>La negligencia de m\u00e9dicos, enfermeras, t\u00e9cnicos y otros proveedores de atenci\u00f3n m\u00e9dica a veces deja a los pacientes peor que cuando buscaron tratamiento. Un error puede producirse durante una intervenci\u00f3n quir\u00fargica, un parto, el proceso de diagn\u00f3stico, la administraci\u00f3n de anestesia y muchas otras situaciones habituales en el contexto de la asistencia sanitaria. Establecer la responsabilidad de un proveedor m\u00e9dico implica cumplir ciertos requisitos procesales seg\u00fan la ley de Florida, as\u00ed como presentar el testimonio de un perito. La norma de atenci\u00f3n en estos casos se basa en los procedimientos y pr\u00e1cticas espec\u00edficos de la especialidad del demandado. Nuestros abogados de lesiones personales pueden ayudar a los residentes de Hollywood y a otras v\u00edctimas a construir estos complejos casos.<\/p>\n<p><a href=\"accidentes-motos.html\">Accidentes de moto<\/a><\/p>\n<p>No todos los conductores reconocen que un motorista tiene tanto derecho como ellos a utilizar la carretera. A veces, un conductor no se da cuenta de que hay un motorista a su lado o acerc\u00e1ndose a \u00e9l, o puede cortarle el paso cambiando bruscamente de carril. Una v\u00edctima de un accidente de moto puede sufrir lesiones catastr\u00f3ficas o incluso mortales, debido a la falta de protecci\u00f3n de su veh\u00edculo. Recuperar una indemnizaci\u00f3n a veces implica superar prejuicios contra los motoristas y vencer el argumento de que la v\u00edctima fue en parte responsable del accidente. Estamos dispuestos a ayudarte a contrarrestar estas alegaciones de conductores y aseguradoras para que maximices los da\u00f1os disponibles.<\/p>\n<p><a href=\"negligencia en residencias de ancianos.html\">Abuso y negligencia en residencias de ancianos<\/a><\/p>\n<p>Si ingresas a un ser querido en una residencia de ancianos, es probable que conf\u00edes en que el centro le proporcionar\u00e1 los cuidados y la supervisi\u00f3n adecuados. Por desgracia, los medios de comunicaci\u00f3n locales y nacionales han informado de muchos casos en los que el personal de la residencia ha descuidado o incluso maltratado a los residentes, caus\u00e1ndoles da\u00f1os f\u00edsicos y emocionales. Es posible que tu ser querido no denuncie los malos tratos, por lo que debes estar alerta ante cualquier lesi\u00f3n o estado de salud inexplicables, as\u00ed como ante comportamientos poco caracter\u00edsticos. Un residente de una residencia de ancianos o su familia pueden demandar a un centro y a los empleados correspondientes por su dolor y sufrimiento, as\u00ed como por cualquier factura m\u00e9dica o de terapia relacionada con la negligencia o los malos tratos.<\/p>\n<p><a href=\"responsabilidad patrimonial.html\">Responsabilidad de los locales<\/a><\/p>\n<p>Un cliente de un negocio o un invitado de una residencia privada tienen derecho a esperar que la propiedad est\u00e9 libre de peligros inesperados. Si el propietario de un local no se ocupa de una situaci\u00f3n peligrosa que conoc\u00eda o deber\u00eda haber conocido, puede incurrir en responsabilidad por un accidente ocurrido en el local. Nuestros abogados de lesiones personales de Hollywood pueden ayudar a las v\u00edctimas a presentar demandas por responsabilidad de las instalaciones, reuniendo pruebas para demostrar cu\u00e1nto tiempo existi\u00f3 un peligro y probar que una persona o entidad en la posici\u00f3n del demandado deber\u00eda haberlo conocido. Esto puede implicar recopilar v\u00eddeos de vigilancia, entrevistar a testigos y consultar a expertos en normas del sector.<\/p>\n<p><a href=\"productos-responsabilidad.html\">Responsabilidad por productos defectuosos<\/a><\/p>\n<p>Los productos de consumo defectuosos pueden adoptar muchas formas, desde medicamentos recetados y dispositivos m\u00e9dicos hasta piezas de autom\u00f3vil, productos infantiles y herramientas de mejora del hogar. A menudo, los fabricantes se dejan llevar por el af\u00e1n de lucro para lanzar art\u00edculos al mercado antes de que est\u00e9 garantizada su seguridad. Si esto ha causado lesiones a un ser querido o a ti mismo, debes explorar la opci\u00f3n de presentar una demanda de responsabilidad por productos defectuosos. En muchas situaciones puedes hacer que un fabricante sea estrictamente responsable de un producto defectuoso, aunque no puedas demostrar la negligencia del fabricante. Un defecto puede haberse producido durante el proceso de dise\u00f1o, el proceso de fabricaci\u00f3n o el proceso de comercializaci\u00f3n.<\/p>\n<p><a href=\"accidentes por resbalones y ca\u00eddas.html\">Accidentes por resbalones y ca\u00eddas<\/a><\/p>\n<p>Quiz\u00e1 el tipo m\u00e1s com\u00fan de accidente en una propiedad sea el de resbal\u00f3n y ca\u00edda. Esto ocurre cuando el propietario deja una sustancia resbaladiza o pegajosa en el suelo durante un tiempo excesivo, y una v\u00edctima desprevenida pierde pie y cae, sufriendo lesiones. Por ejemplo, tal vez un supermercado no freg\u00f3 el refresco derramado en un pasillo, o tal vez no coloc\u00f3 una se\u00f1al de suelo mojado despu\u00e9s de fregar la zona. El propietario es responsable de limpiar o advertir de un derrame. A veces, un resbal\u00f3n y ca\u00edda agrava una dolencia preexistente en lugar de causar una lesi\u00f3n nueva, pero aun as\u00ed el demandado deber\u00e1 indemnizar a la v\u00edctima por el alcance del agravamiento.<\/p>\n<p><a href=\"accidentes-de-cami\u00f3n.html\">Accidente de cami\u00f3n<\/a><\/p>\n<p>Los camioneros y las empresas de transporte por carretera que operan en el comercio interestatal deben obedecer las normas establecidas por la Administraci\u00f3n Federal de Seguridad de Autotransportes. Florida tambi\u00e9n impone normas a los conductores y empresas que operan s\u00f3lo dentro del estado. Violar estas normas o adoptar otras formas de conducta negligente al volante puede causar una colisi\u00f3n de gran impacto y lesiones permanentes a los ocupantes de un turismo. En estas situaciones, la v\u00edctima puede demandar tanto a la empresa de transporte como al conductor, siempre que \u00e9ste estuviera trabajando. A veces, una empresa de transporte ser\u00e1 responsable independiente de un accidente de cami\u00f3n si no contrat\u00f3 o supervis\u00f3 adecuadamente a un conductor o no mantuvo sus camiones.<\/p>\n<p><a href=\"muerte por negligencia.html\">Muerte por negligencia<\/a><\/p>\n<p>Un accidente mortal puede imponer una grave carga econ\u00f3mica y emocional a una familia. Pueden haber dependido de un ser querido para recibir apoyo y compa\u00f1\u00eda, y pueden haber incurrido en gastos m\u00e9dicos sustanciales por el tratamiento de su ser querido antes de su muerte. Una demanda por homicidio culposo puede recuperar estas p\u00e9rdidas de cualquier persona o entidad responsable del accidente mortal. La legislaci\u00f3n de Florida impone requisitos estrictos para este tipo de demandas, por lo que debes consultar a un abogado de lesiones personales de la zona de Hollywood para que te ayude a navegar por la situaci\u00f3n. Al igual que los casos de lesiones personales, las demandas por homicidio culposo deben interponerse dentro de un plazo de prescripci\u00f3n, o probablemente no se atender\u00e1 el caso. Esto hace que sea esencial actuar con prontitud.<\/p>\n<div class=\"subpageslist\">\n<ul>\n<li><a href=\"muerte-accidental.html\">Muerte accidental<\/a><\/li>\n<li><a href=\"accidentes-de-bicicleta.html\">Accidentes de bicicleta<\/a><\/li>\n<li><a href=\"accidentes-navegantes.html\">Accidentes de navegaci\u00f3n<\/a><\/li>\n<li><a href=\"lesiones cerebrales.html\">Lesi\u00f3n cerebral<\/a><\/li>\n<li><a href=\"lesiones-quemaduras.html\">Lesiones por quemaduras<\/a><\/li>\n<li><a href=\"accidentes-autob\u00fas.html\">Accidentes de autob\u00fas<\/a><\/li>\n<li><a href=\"defensa-penal.html\">Defensa Penal<\/a><\/li>\n<li><a href=\"accidentes por conducir ebrio.html\">Accidentes por conducir bebido<\/a><\/li>\n<li><a href=\"accidentes-elevadores.html\">Accidentes con carretillas elevadoras<\/a><\/li>\n<li><a href=\"seguridad inadecuada.html\">Seguridad inadecuada<\/a><\/li>\n<li><a href=\"lesiones a menores y ni\u00f1os.html\">Lesiones a menores y ni\u00f1os<\/a><\/li>\n<li><a href=\"legal-malpractice.html\">Negligencia Jur\u00eddica<\/a><\/li>\n<li><a href=\"diagn\u00f3stico err\u00f3neo.html\">Diagn\u00f3stico err\u00f3neo<\/a><\/li>\n<li><a href=\"par\u00e1lisis.html\">La par\u00e1lisis y sus causas<\/a><\/li>\n<li><a href=\"accidentes-peatones.html\">Accidentes de peatones<\/a><\/li>\n<li><a href=\"lesiones-personales.html\">Lesiones personales<\/a><\/li>\n<li><a href=\"pip-demandas-proteccion-da\u00f1os-personales.html\">Demandas PIP (Protecci\u00f3n de Da\u00f1os Personales)<\/a><\/li>\n<li><a href=\"lesiones y ahogamientos en piscinas.html\">Lesiones y ahogamientos en piscinas<\/a><\/li>\n<li><a href=\"lesiones de la columna vertebral.html\">Lesiones medulares<\/a><\/li>\n<li><a href=\"lesiones-deportivas.html\">Lesi\u00f3n deportiva<\/a><\/li>\n<li><a href=\"accidentes-volcaduras-de-furgonetas-suv.html\">Accidentes por vuelco de todoterreno y furgoneta<\/a><\/li>\n<li><a href=\"neum\u00e1ticos-defectos.html\">Defectos de los neum\u00e1ticos<\/a><\/li>\n<li><a href=\"accidentes-tren.html\">Accidentes ferroviarios<\/a><\/li>\n<li><a href=\"viaje-ca\u00edda.html\">Tropiezo y ca\u00edda<\/a><\/li>\n<li><a href=\"indemnizacion-trabajadores.html\">Indemnizaci\u00f3n por accidente laboral<\/a><\/li>\n<\/ul>\n<\/div>\n<\/div>\n<\/div>\n","protected":false},"excerpt":{"rendered":"<p>Sin honorarios a menos que ganemos. Llama al 866-352-9626 para una &#8230; <\/p>\n","protected":false},"author":3,"featured_media":0,"parent":0,"menu_order":0,"comment_status":"closed","ping_status":"closed","template":"template-practice-areas.php","meta":{"footnotes":""},"class_list":["post-21983","page","type-page","status-publish","hentry"],"featured_image_src":null,"featured_image_src_square":null,"_links":{"self":[{"href":"https:\/\/flaxmanlaw.com\/es\/wp-json\/wp\/v2\/pages\/21983","targetHints":{"allow":["GET"]}}],"collection":[{"href":"https:\/\/flaxmanlaw.com\/es\/wp-json\/wp\/v2\/pages"}],"about":[{"href":"https:\/\/flaxmanlaw.com\/es\/wp-json\/wp\/v2\/types\/page"}],"author":[{"embeddable":true,"href":"https:\/\/flaxmanlaw.com\/es\/wp-json\/wp\/v2\/users\/3"}],"replies":[{"embeddable":true,"href":"https:\/\/flaxmanlaw.com\/es\/wp-json\/wp\/v2\/comments?post=21983"}],"version-history":[{"count":0,"href":"https:\/\/flaxmanlaw.com\/es\/wp-json\/wp\/v2\/pages\/21983\/revisions"}],"wp:attachment":[{"href":"https:\/\/flaxmanlaw.com\/es\/wp-json\/wp\/v2\/media?parent=21983"}],"curies":[{"name":"wp","href":"https:\/\/api.w.org\/{rel}","templated":true}]}}