{"id":21985,"date":"2024-11-18T12:45:15","date_gmt":"2024-11-18T12:45:15","guid":{"rendered":"https:\/\/flaxmanlaw.wpenginepowered.com\/otros-accidentes-de-vehiculos-abogados-de-lesiones-de-fort-lauderdale\/"},"modified":"2025-05-06T09:31:35","modified_gmt":"2025-05-06T09:31:35","slug":"otros-accidentes-de-vehiculos-abogados-de-lesiones-de-fort-lauderdale","status":"publish","type":"page","link":"https:\/\/flaxmanlaw.com\/es\/otros-accidentes-de-vehiculos-abogados-de-lesiones-de-fort-lauderdale\/","title":{"rendered":"Otros Accidentes de Veh\u00edculos"},"content":{"rendered":"<div class=\"bodytext\">\n<h2>Otros accidentes de veh\u00edculos<\/h2>\n<div class=\"description\">\n<p>El Grupo Legal Flaxman trabaja con personas que han resultado lesionadas en accidentes vehiculares adem\u00e1s de accidentes automovil\u00edsticos. En todo el sur de Florida, trabajamos con personas lesionadas que buscan abogados de accidentes de veh\u00edculos despu\u00e9s de sufrir en:<\/p>\n<ul class=\"no-spacing-list\">\n<li><a href=\"accidentes-de-bicicleta.html\">Accidentes de bicicleta<\/a><\/li>\n<li><a href=\"accidentes-navegantes.html\">Accidentes de navegaci\u00f3n<\/a><\/li>\n<li><a href=\"accidentes-autob\u00fas.html\">Accidentes de autob\u00fas<\/a><\/li>\n<li><a href=\"accidentes-volcaduras-de-furgonetas-suv.html\">Accidentes por vuelco de todoterreno y furgoneta<\/a><\/li>\n<li><a href=\"accidentes-tren.html\">Accidentes ferroviarios<\/a><\/li>\n<\/ul>\n<p>Este tipo de accidentes de tr\u00e1fico pueden ser incluso m\u00e1s graves que los accidentes de coche y tambi\u00e9n m\u00e1s complejos desde el punto de vista legal. Por eso es importante trabajar con un abogado experto en accidentes de tr\u00e1fico si quieres obtener una indemnizaci\u00f3n econ\u00f3mica que te ayude a pagar el tratamiento m\u00e9dico, los salarios perdidos, los da\u00f1os materiales y otras p\u00e9rdidas.<\/p>\n<p>Veamos m\u00e1s detenidamente cada tipo de accidente de tr\u00e1fico:<\/p>\n<p><strong>Accidentes de bicicleta.<\/strong> Los ciclistas no tienen airbags ni capas de metal y cristal que les protejan, como los ocupantes de los coches. En caso de accidente, los ciclistas suelen salir despedidos por sus bicicletas y pueden sufrir fracturas \u00f3seas, quemaduras de carretera, traumatismos craneoencef\u00e1licos y otras lesiones graves.<\/p>\n<p><strong>Accidentes de navegaci\u00f3n.<\/strong> Los accidentes de embarcaci\u00f3n pueden ocurrir por conducir fatigado o ebrio, o por imprudencia. Cuando se producen colisiones en el agua, los ocupantes de una embarcaci\u00f3n pueden caer por la borda y correr el riesgo de sufrir traumatismos craneoencef\u00e1licos, ahogamiento y otras lesiones potencialmente mortales.<\/p>\n<p><strong>Accidentes de autob\u00fas.<\/strong> Los accidentes de autob\u00fas en Florida pueden afectar a autobuses lanzadera, operadores tur\u00edsticos o transporte p\u00fablico. En todos los casos, los pasajeros corren peligro porque no suele haber cinturones de seguridad ni airbags para pasajeros en los autobuses. Los ocupantes pueden salir despedidos por el interior del veh\u00edculo, chocando contra las ventanillas, otros pasajeros y objetos que hayan salido despedidos por el aire en el choque. Esto puede crear situaciones en las que varios pasajeros sufran lesiones graves, como traumatismos craneoencef\u00e1licos, lesiones de tejidos blandos, fracturas y otras lesiones.<\/p>\n<p><strong>Accidentes por vuelco de todoterreno y furgoneta.<\/strong> Debido a su mayor tama\u00f1o lateral, los todoterrenos y las furgonetas son m\u00e1s vulnerables a los accidentes por vuelco que los turismos, sobre todo si en la colisi\u00f3n intervienen firmes irregulares o velocidades elevadas. Los vuelcos pueden provocar traumatismos craneales, fracturas, muertes y otros tipos de lesiones.<\/p>\n<p><strong>Accidentes ferroviarios.<\/strong> Los accidentes ferroviarios pueden ocurrir si un veh\u00edculo de pasajeros se queda atascado en una v\u00eda de tren y es arrollado, o si una v\u00eda descarrila y causa lesiones a los pasajeros a bordo. Tr\u00e1gicamente, tambi\u00e9n han resultado gravemente heridos o muertos ni\u00f1os que jugaban en las v\u00edas. Los accidentes de tren pueden provocar amputaciones, lesiones internas y otras lesiones potencialmente mortales.<\/p>\n<p><strong class=\"heading4\"> \u00bfTengo derecho a reclamar? <\/strong><\/p>\n<p>La ley de Florida permite a cualquier persona que haya resultado lesionada por las acciones imprudentes o intencionadas de otra parte demandar a esa parte por da\u00f1os y perjuicios, incluidos los gastos m\u00e9dicos, los salarios perdidos y cualquier otro gasto relacionado con la lesi\u00f3n.<\/p>\n<p>Para presentar una demanda, una persona lesionada debe poder demostrar que la negligencia o las acciones de alguien provocaron sus lesiones. Tambi\u00e9n debe poder demostrar que sus lesiones le ocasionaron p\u00e9rdidas.<\/p>\n<p>Esto puede ser dif\u00edcil. Es posible que no sepas, por ejemplo, si el maquinista del tren de tu colisi\u00f3n estaba fatigado o no segu\u00eda las pr\u00e1cticas de seguridad. Los abogados expertos en accidentes de tr\u00e1fico trabajan en estrecha colaboraci\u00f3n con profesionales, como ingenieros, investigadores y otros, para reunir pruebas que demuestren si una negligencia caus\u00f3 un accidente. Pueden trabajar para encontrar a todas las partes responsables y presentar un caso s\u00f3lido ante un tribunal o en la mesa de negociaci\u00f3n, trabajando para conseguir una indemnizaci\u00f3n justa por tus lesiones.<\/p>\n<p><strong class=\"heading4\"> Llama a un abogado poco despu\u00e9s de la colisi\u00f3n <\/strong><\/p>\n<p>Si usted ha sufrido lesiones en cualquier tipo de accidente vehicular en el Sur de Florida, querr\u00e1 buscar una compensaci\u00f3n justa para que sus lesiones no le cuesten m\u00e1s de lo necesario. Para averiguar cu\u00e1les pueden ser tus opciones, llama al Grupo Legal Flaxman marcando el 866-352-9626 para hablar con un agente en vivo. Agenda una <a href=\"contacta con nosotros.html\">consulta<\/a> gratuita y sin compromiso con un abogado de demandas por accidentes vehiculares para hablar sobre tu caso.<\/p>\n<\/div>\n<div class=\"subpageslist\">\n<ul>\n<li><a href=\"accidentes-de-bicicleta.html\">Accidentes de bicicleta<\/a><\/li>\n<li><a href=\"accidentes-navegantes.html\">Accidentes de navegaci\u00f3n<\/a><\/li>\n<li><a href=\"accidentes-autob\u00fas.html\">Accidentes de autob\u00fas <\/a><\/li>\n<li><a href=\"accidentes-volcaduras-de-furgonetas-suv.html\">Accidentes por vuelco de todoterreno y furgoneta<\/a><\/li>\n<li><a href=\"accidentes-tren.html\">Accidentes ferroviarios<\/a><\/li>\n<\/ul>\n<\/div>\n<\/div>\n","protected":false},"excerpt":{"rendered":"<p>Sin honorarios a menos que ganemos. Llama al 866-352-9626 para una &#8230; <\/p>\n","protected":false},"author":3,"featured_media":0,"parent":0,"menu_order":0,"comment_status":"closed","ping_status":"closed","template":"template-practice-areas.php","meta":{"footnotes":""},"class_list":["post-21985","page","type-page","status-publish","hentry"],"featured_image_src":null,"featured_image_src_square":null,"_links":{"self":[{"href":"https:\/\/flaxmanlaw.com\/es\/wp-json\/wp\/v2\/pages\/21985","targetHints":{"allow":["GET"]}}],"collection":[{"href":"https:\/\/flaxmanlaw.com\/es\/wp-json\/wp\/v2\/pages"}],"about":[{"href":"https:\/\/flaxmanlaw.com\/es\/wp-json\/wp\/v2\/types\/page"}],"author":[{"embeddable":true,"href":"https:\/\/flaxmanlaw.com\/es\/wp-json\/wp\/v2\/users\/3"}],"replies":[{"embeddable":true,"href":"https:\/\/flaxmanlaw.com\/es\/wp-json\/wp\/v2\/comments?post=21985"}],"version-history":[{"count":0,"href":"https:\/\/flaxmanlaw.com\/es\/wp-json\/wp\/v2\/pages\/21985\/revisions"}],"wp:attachment":[{"href":"https:\/\/flaxmanlaw.com\/es\/wp-json\/wp\/v2\/media?parent=21985"}],"curies":[{"name":"wp","href":"https:\/\/api.w.org\/{rel}","templated":true}]}}