{"id":21987,"date":"2024-11-18T12:45:15","date_gmt":"2024-11-18T12:45:15","guid":{"rendered":"https:\/\/flaxmanlaw.wpenginepowered.com\/lesiones-personales-en-oakland-park-abogados-de-accidentes-en-el-condado-de-broward\/"},"modified":"2025-12-04T04:02:55","modified_gmt":"2025-12-04T04:02:55","slug":"lesiones-personales-en-oakland-park-abogados-de-accidentes-en-el-condado-de-broward","status":"publish","type":"page","link":"https:\/\/flaxmanlaw.com\/es\/lesiones-personales-en-oakland-park-abogados-de-accidentes-en-el-condado-de-broward\/","title":{"rendered":"Lesiones personales en Oakland Park | Abogados en Broward"},"content":{"rendered":"<div class=\"bodytext\">\n<h2>Lesiones personales en Oakland Park<\/h1><\/h2>\n<div class=\"description\">\n<p>Oakland Park, Florida, se conoc\u00eda originalmente como Floranada, pero cambi\u00f3 de nombre en la d\u00e9cada de 1920. Hoy, Oakland Park es la primera comunidad de Florida Central a la que se ha concedido la distinguida designaci\u00f3n de Desarrollo Verde Certificado de la Coalici\u00f3n de Edificios Ecol\u00f3gicos de Florida. Situada en el condado de Broward, Florida, Oakland Park ha convertido su centro en una comunidad peatonal de uso mixto, que fomenta los paseos y una cultura m\u00e1s vibrante en el centro. El Ferrocarril de la Costa Este de Florida, que atraviesa la comunidad, tiene una nueva estaci\u00f3n de ferrocarril en el centro.<\/p>\n<p>Si usted ha sufrido lesiones personales en Oakland Park, necesitar\u00e1 un abogado experimentado en lesiones personales en Oakland Park. <a href=\"sobre nosotros.html\">El Grupo Legal Flaxman<\/a> se enorgullece de haber servido a la comunidad de Oakland Park durante d\u00e9cadas. Atendemos todo tipo de casos de lesiones personales en Oakland Park, desde accidentes automovil\u00edsticos hasta accidentes laborales, accidentes por resbal\u00f3n y ca\u00edda, y m\u00e1s. Como su equipo legal de lesiones personales en Oakland Park, contamos con la experiencia de miles de casos exitosos y d\u00e9cadas de experiencia que nos respaldan.<\/p>\n<p>El Grupo Legal Flaxman es una firma legal de servicios integrales a nivel estatal. Nuestro equipo jur\u00eddico est\u00e1 siempre disponible por tel\u00e9fono para brindar asistencia inmediata a las v\u00edctimas de lesiones personales en Oakland Park. Podemos ayudarle en cada etapa de su caso de lesiones personales en Oakland Park. Ya sea que usted necesite entender sus derechos, necesite ayuda para investigar su caso, necesite ayuda para negociar con su aseguradora, o est\u00e9 listo para presentar una demanda legal, el Grupo Legal Flaxman puede ayudarle. Para averiguar lo que podemos hacer por usted espec\u00edficamente, contacte hoy mismo al Grupo Legal Flaxman para programar una <a href=\"contacta con nosotros.html\">consulta gratuita y sin compromiso<\/a> para hablar sobre su caso de lesiones personales en Oakland Park.<\/p>\n<p>El Grupo Legal Flaxman se complace en ofrecer servicios legales completos a los residentes de Oakland Park y a los residentes de las \u00e1reas circundantes. Con un compromiso profesional con el servicio y con nuestros clientes, el Grupo Legal Flaxman ofrece un servicio legal experimentado, as\u00ed como ayuda compasiva. En el Grupo Legal Flaxman, comprendemos que su caso de lesiones personales en Oakland Park no es un asunto legal para usted, es un asunto de vida. Es por eso que el equipo jur\u00eddico del Grupo Legal Flaxman trabaja duro para ayudar realmente a cada cliente en todos los aspectos de la recuperaci\u00f3n. Nuestro compasivo y experimentado equipo puede luchar agresivamente por sus derechos y proporcionarle el apoyo que necesita.<\/p>\n<p>Oakland Park, Florida, est\u00e1 a menos de 25 minutos de las oficinas del Grupo Flaxman en Hollywood. Para llegar al Grupo Legal Flaxman desde Oakland Park, conduce hacia el este por NE 36th Street y gira a la derecha en FL-811 S. Despu\u00e9s, gira a la derecha en E Oakland Park Boulevard e incorp\u00f3rate a la I-95 S en direcci\u00f3n a Miami. Toma la salida 20 e incorp\u00f3rate a FL-820 W\/Hollywood Boulevard, luego gira a la derecha en Hollywood Boulevard. Gira a la derecha en N 56th Avenue y gira a la izquierda en Johnson Street. Contin\u00faa conduciendo hasta las oficinas del Grupo Legal Flaxman, que est\u00e1n en el 5715 de Johnson Street.<\/p>\n<\/div>\n<\/div>\n","protected":false},"excerpt":{"rendered":"<p>Sin honorarios a menos que ganemos. Llama al 866-352-9626 para una &#8230; <\/p>\n","protected":false},"author":3,"featured_media":0,"parent":0,"menu_order":0,"comment_status":"closed","ping_status":"closed","template":"template-practice-areas.php","meta":{"footnotes":""},"class_list":["post-21987","page","type-page","status-publish","hentry"],"featured_image_src":null,"featured_image_src_square":null,"_links":{"self":[{"href":"https:\/\/flaxmanlaw.com\/es\/wp-json\/wp\/v2\/pages\/21987","targetHints":{"allow":["GET"]}}],"collection":[{"href":"https:\/\/flaxmanlaw.com\/es\/wp-json\/wp\/v2\/pages"}],"about":[{"href":"https:\/\/flaxmanlaw.com\/es\/wp-json\/wp\/v2\/types\/page"}],"author":[{"embeddable":true,"href":"https:\/\/flaxmanlaw.com\/es\/wp-json\/wp\/v2\/users\/3"}],"replies":[{"embeddable":true,"href":"https:\/\/flaxmanlaw.com\/es\/wp-json\/wp\/v2\/comments?post=21987"}],"version-history":[{"count":0,"href":"https:\/\/flaxmanlaw.com\/es\/wp-json\/wp\/v2\/pages\/21987\/revisions"}],"wp:attachment":[{"href":"https:\/\/flaxmanlaw.com\/es\/wp-json\/wp\/v2\/media?parent=21987"}],"curies":[{"name":"wp","href":"https:\/\/api.w.org\/{rel}","templated":true}]}}