{"id":21989,"date":"2024-11-18T12:45:15","date_gmt":"2024-11-18T12:45:15","guid":{"rendered":"https:\/\/flaxmanlaw.wpenginepowered.com\/las-enfermedades-profesionales-son-lesiones-laborales-comunes-en-florida\/"},"modified":"2025-12-04T03:55:51","modified_gmt":"2025-12-04T03:55:51","slug":"las-enfermedades-profesionales-son-lesiones-laborales-comunes-en-florida","status":"publish","type":"page","link":"https:\/\/flaxmanlaw.com\/es\/las-enfermedades-profesionales-son-lesiones-laborales-comunes-en-florida\/","title":{"rendered":"Enfermedades profesionales: lesiones comunes en Florida"},"content":{"rendered":"<div class=\"bodytext\">\n<h2>Las enfermedades profesionales son lesiones laborales comunes en Florida<\/h2>\n<div class=\"description\">\n<p>Las enfermedades profesionales son problemas de salud derivados de la exposici\u00f3n a riesgos laborales durante un periodo prolongado. Estas enfermedades pueden ir desde problemas respiratorios debidos a la exposici\u00f3n a sustancias peligrosas hasta lesiones por esfuerzo repetitivo causadas por la realizaci\u00f3n de tareas repetitivas d\u00eda tras d\u00eda.<\/p>\n<p>Las enfermedades ocupacionales son lesiones laborales comunes en Florida, pero puede ser un reto obtener los beneficios de compensaci\u00f3n al trabajador que te corresponden si has sido diagnosticado. Por esta raz\u00f3n, quiz\u00e1 quieras contactar al Grupo Legal Flaxman poco despu\u00e9s de tu diagn\u00f3stico, para una consulta gratuita sobre accidentes con un abogado de compensaci\u00f3n al trabajador en Florida.<\/p>\n<p><strong class=\"heading4\">Enfermedades Ocupacionales Comunes en Hollywood, Florida<\/strong><\/p>\n<p>Hollywood y Florida en su conjunto tienen muchas industrias pr\u00f3speras, y entre las enfermedades comunes en los distintos sectores figuran:<\/p>\n<ul>\n<li><strong>Trastornos respiratorios.<\/strong> Los empleados que trabajan en muchas industrias -como la construcci\u00f3n, la industria manufacturera y la agricultura- pueden estar expuestos a contaminantes atmosf\u00e9ricos, que provocan bronquitis cr\u00f3nica, asma y otras enfermedades pulmonares profesionales.<\/li>\n<li><strong>Lesiones por esfuerzo repetitivo (LER).<\/strong> Cualquier persona que realice tareas manuales repetitivas puede desarrollar RSI, como el s\u00edndrome del t\u00fanel carpiano, debido a la tensi\u00f3n continua que soportan determinadas partes del cuerpo.<\/li>\n<li><strong>P\u00e9rdida auditiva inducida por el ruido.<\/strong> Los trabajadores de entornos ruidosos, como obras y f\u00e1bricas, pueden sufrir p\u00e9rdida de audici\u00f3n permanente con el tiempo.<\/li>\n<li><strong>Afecciones cut\u00e1neas profesionales.<\/strong> La exposici\u00f3n a sustancias qu\u00edmicas nocivas e irritantes en determinadas industrias puede provocar trastornos cut\u00e1neos y alergias.<\/li>\n<li><strong>C\u00e1nceres profesionales.<\/strong> La exposici\u00f3n prolongada a agentes cancer\u00edgenos en algunos lugares de trabajo puede aumentar el riesgo de desarrollar c\u00e1nceres profesionales, como el mesotelioma y el c\u00e1ncer de vejiga.<\/li>\n<\/ul>\n<p><strong class=\"heading4\">Las enfermedades profesionales son lesiones laborales comunes en Florida: He aqu\u00ed por qu\u00e9 necesitas un abogado con experiencia en compensaci\u00f3n laboral en Florida <\/strong><\/p>\n<p>Si te han diagnosticado una enfermedad profesional, puedes tener derecho a <a href=\"entender-indemnizacion-trabajadores-beneficios-faqs.html\">prestaciones de compensaci\u00f3n a los trabajadores<\/a>, incluidas prestaciones m\u00e9dicas, por incapacidad y por p\u00e9rdida de salario. Pueden ayudarte a pagar las facturas m\u00e9dicas y otros gastos.<\/p>\n<p>Sin embargo, obtener una indemnizaci\u00f3n justa por tu <a href=\"preguntas frecuentes sobre accidentes laborales.html\">lesi\u00f3n laboral<\/a> puede ser dif\u00edcil en el caso de una enfermedad profesional. Por ejemplo, puede ser dif\u00edcil demostrar que tu enfermedad fue causada por las condiciones de trabajo. La exposici\u00f3n puede haberse producido hace a\u00f1os, y puede que ya no trabajes para ese empresario. La empresa para la que trabajabas puede incluso haber cerrado.<\/p>\n<p>Cuando trabajas con abogados expertos en indemnizaci\u00f3n por accidente laboral en Florida, ellos pueden:<\/p>\n<ul>\n<li>Realiza una investigaci\u00f3n exhaustiva de la causa de tu enfermedad y re\u00fane pruebas esenciales para construir un caso s\u00f3lido.<\/li>\n<li>Determina la responsabilidad identificando a las partes responsables, incluidos los terceros a los que puedas reclamar en una demanda por lesiones personales.<\/li>\n<li>Consulta con expertos m\u00e9dicos y otros profesionales para establecer un v\u00ednculo claro entre tu enfermedad y las condiciones de trabajo.<\/li>\n<li>Negociar con las compa\u00f1\u00edas de seguros en tu nombre para conseguir un acuerdo justo.<\/li>\n<li>Defender tus derechos ante los tribunales si es necesario, buscando la m\u00e1xima indemnizaci\u00f3n que te corresponda seg\u00fan la ley.<\/li>\n<\/ul>\n<p>Aunque los abogados de accidentes laborales de Florida pueden ayudarte, tienes que actuar con rapidez. En Florida hay plazos de prescripci\u00f3n que limitan el tiempo de que dispones para presentar una demanda. Adem\u00e1s, esperar puede hacer que se pierdan pruebas.<\/p>\n<p>El Grupo Legal Flaxman ha facilitado la obtenci\u00f3n r\u00e1pida de ayuda. Siempre puedes ponerte en contacto con nuestras oficinas de Hollywood, Miami u Homestead llamando al 866-352-9626 para hablar con una persona en vivo 24\/7. Tambi\u00e9n puedes <a href=\"contacta con nosotros.html\">contactarnos en l\u00ednea<\/a> o enviar un correo electr\u00f3nico al abogado de accidentes Charles Flaxman a <a href=\"mailto:cf******@********aw.com\" data-original-string=\"f0D12omEQtL4DXg4E7cydg==614\/YLmd3fHIdoRzCo1mUgF46nkobzfhAFl\/sP25phw\/GA=\" title=\"This contact has been encoded by Anti-Spam by CleanTalk. Click to decode. To finish the decoding make sure that JavaScript is enabled in your browser.\"><span \n                data-original-string='NTN5yU8FW6YcOhhiAlkDKw==614gKdetQdqjFrkHZLY2mXcjOusrG3sYRAUf57EoWafIZU='\n                class='apbct-email-encoder'\n                title='This contact has been encoded by Anti-Spam by CleanTalk. Click to decode. To finish the decoding make sure that JavaScript is enabled in your browser.'>cf<span class=\"apbct-blur\">******<\/span>@<span class=\"apbct-blur\">********<\/span>aw.com<\/span><\/a> para programar una consulta gratuita, sin compromiso y confidencial de tu caso. Nuestros abogados de compensaci\u00f3n al trabajador pueden revisar los detalles espec\u00edficos de tu caso, responder a tus preguntas, y discutir los posibles pasos a seguir.<\/p>\n<\/div>\n<\/div>\n","protected":false},"excerpt":{"rendered":"<p>Sin honorarios a menos que ganemos. Llama al 866-352-9626 para una &#8230; <\/p>\n","protected":false},"author":3,"featured_media":0,"parent":0,"menu_order":0,"comment_status":"closed","ping_status":"closed","template":"template-practice-areas.php","meta":{"footnotes":""},"class_list":["post-21989","page","type-page","status-publish","hentry"],"featured_image_src":null,"featured_image_src_square":null,"_links":{"self":[{"href":"https:\/\/flaxmanlaw.com\/es\/wp-json\/wp\/v2\/pages\/21989","targetHints":{"allow":["GET"]}}],"collection":[{"href":"https:\/\/flaxmanlaw.com\/es\/wp-json\/wp\/v2\/pages"}],"about":[{"href":"https:\/\/flaxmanlaw.com\/es\/wp-json\/wp\/v2\/types\/page"}],"author":[{"embeddable":true,"href":"https:\/\/flaxmanlaw.com\/es\/wp-json\/wp\/v2\/users\/3"}],"replies":[{"embeddable":true,"href":"https:\/\/flaxmanlaw.com\/es\/wp-json\/wp\/v2\/comments?post=21989"}],"version-history":[{"count":0,"href":"https:\/\/flaxmanlaw.com\/es\/wp-json\/wp\/v2\/pages\/21989\/revisions"}],"wp:attachment":[{"href":"https:\/\/flaxmanlaw.com\/es\/wp-json\/wp\/v2\/media?parent=21989"}],"curies":[{"name":"wp","href":"https:\/\/api.w.org\/{rel}","templated":true}]}}