{"id":21991,"date":"2024-11-18T12:45:15","date_gmt":"2024-11-18T12:45:15","guid":{"rendered":"https:\/\/flaxmanlaw.wpenginepowered.com\/las-enfermedades-profesionales-son-lesiones-laborales-comunes-en-colorado\/"},"modified":"2024-11-18T12:45:15","modified_gmt":"2024-11-18T12:45:15","slug":"las-enfermedades-profesionales-son-lesiones-laborales-comunes-en-colorado","status":"publish","type":"page","link":"https:\/\/flaxmanlaw.com\/es\/las-enfermedades-profesionales-son-lesiones-laborales-comunes-en-colorado\/","title":{"rendered":"Las enfermedades profesionales son lesiones laborales comunes en Colorado"},"content":{"rendered":"<div class=\"bodytext\">\n<h2>Las enfermedades profesionales son lesiones laborales comunes en Colorado<\/h1><\/h2>\n<div class=\"description\">\n<p>En el Grupo Legal Flaxman, comprendemos el grave impacto de las enfermedades ocupacionales en los trabajadores de Colorado. Desafortunadamente, las enfermedades ocupacionales son frecuentes en casi todas las industrias, afectando el bienestar de los empleados. Si usted est\u00e1 sufriendo de una enfermedad ocupacional debido a las condiciones del lugar de trabajo, contacte a las oficinas en Denver del Grupo Legal Flaxman al 970-999-0530 para programar una consulta gratuita y sin compromiso con un abogado de compensaci\u00f3n al trabajador en Colorado.  <\/p>\n<p><strong class=\"heading4\">Entender por qu\u00e9 las enfermedades profesionales son lesiones laborales comunes en Colorado<\/strong><\/p>\n<p>Las enfermedades profesionales se producen cuando los trabajadores se exponen a <a href=\"indemnizaci\u00f3n-obrera-en-colorado.html\">riesgos laborales<\/a> a lo largo del tiempo. Colorado y Denver en particular tienen un mayor riesgo de enfermedades profesionales entre sus trabajadores en comparaci\u00f3n con otras comunidades, debido a algunas de las industrias pesadas de la zona. Entre las enfermedades comunes diagnosticadas en el estado se incluyen:  <\/p>\n<ul>\n<li><strong>Trastornos respiratorios.<\/strong>  Cuando los empleados est\u00e1n expuestos a contaminantes atmosf\u00e9ricos pueden sufrir problemas respiratorios como bronquitis cr\u00f3nica e incluso c\u00e1ncer de pulm\u00f3n. Colorado cuenta con s\u00f3lidas industrias aeroespacial, manufacturera, minera, de la construcci\u00f3n y otras que tienen un riesgo especialmente alto de padecer trastornos respiratorios. <\/li>\n<li><strong>Lesiones por esfuerzo repetitivo.<\/strong>  Los oficinistas, los empleados de f\u00e1brica y otros trabajadores que realizan tareas manuales repetitivas pueden desarrollar el s\u00edndrome del t\u00fanel carpiano y otras enfermedades causadas por la tensi\u00f3n.<\/li>\n<li><strong>Ocupar alergias y afecciones cut\u00e1neas.<\/strong>  Los irritantes de la agricultura, la industria manufacturera y otras industrias importantes de Colorado pueden provocar trastornos e irritaci\u00f3n cut\u00e1neos.<\/li>\n<li><strong>P\u00e9rdida auditiva inducida por el ruido.<\/strong>  Los trabajadores expuestos a entornos ruidosos pueden sufrir una p\u00e9rdida de audici\u00f3n permanente.<\/li>\n<li>Los carcin\u00f3genos de algunos lugares de trabajo pueden aumentar el riesgo de algunos c\u00e1nceres. Normalmente, estos c\u00e1nceres se diagnostican a\u00f1os o incluso d\u00e9cadas despu\u00e9s de la exposici\u00f3n. <\/li>\n<\/ul>\n<p><strong class=\"heading4\">\u00bfNecesitas un abogado de indemnizaci\u00f3n por accidente laboral en Colorado?  <\/strong><\/p>\n<p>Despu\u00e9s de que te diagnostiquen una enfermedad profesional, querr\u00e1s proteger tus derechos y buscar una indemnizaci\u00f3n justa. Muchos trabajadores de Denver y de todo Colorado est\u00e1n protegidos por el seguro de accidentes laborales. En caso de enfermedad profesional, se supone que este seguro se hace cargo de la atenci\u00f3n m\u00e9dica, los salarios perdidos y otros gastos. Sin embargo, no todos los trabajadores que cumplen los requisitos obtienen las prestaciones que deber\u00edan.   <\/p>\n<p>Los abogados de indemnizaci\u00f3n por accidente laboral conocen las complejidades de los casos de enfermedad profesional. Velan por tus intereses y pueden ayudarte a obtener las prestaciones a las que puedas tener derecho. \u00c9stos son algunos de los retos en los que pueden ayudarte:  <\/p>\n<ul>\n<li><strong>Demostrar la elegibilidad.<\/strong> Los abogados especializados en indemnizaci\u00f3n por accidente de trabajo entienden las leyes de Colorado y pueden demostrar a los empresarios y a sus aseguradoras que tienes <a href=\"tipos-de-prestaciones-de-trabajadores-en-colorado.html\">derecho a las prestaciones<\/a> si te <a href=\"tipos-de-prestaciones-de-trabajadores-en-colorado.html\">las<\/a> han denegado.<\/li>\n<li><strong>Probar la responsabilidad.<\/strong>  En la mayor\u00eda de los casos, tienes derecho a la indemnizaci\u00f3n por accidente laboral sin tener que demostrar que tu empresario actu\u00f3 con negligencia. En algunos casos, sin embargo, la responsabilidad es un factor. Por ejemplo, si tu enfermedad se debi\u00f3 a la negligencia de un tercero -como el fabricante de un equipo de trabajo-, tambi\u00e9n puedes tener una <a href=\"demandas por lesiones personales en colorado.html\">demanda por da\u00f1os personales<\/a> contra ese tercero. Un abogado puede ayudarte a determinar esto y puede trabajar para demostrar la negligencia.   <\/li>\n<li><strong>Negociar con las aseguradoras.<\/strong>  Las reclamaciones de indemnizaci\u00f3n por accidente laboral implican papeleo y m\u00faltiples tr\u00e1mites. Un abogado puede revisar las prestaciones que te ofrezcan y puede negociar con las aseguradoras o buscar prestaciones m\u00e1s justas para ti. <\/li>\n<li><strong>Las complejidades de una reclamaci\u00f3n.<\/strong>  Las lesiones profesionales pueden ser especialmente complejas porque puede resultar dif\u00edcil demostrar d\u00f3nde se produjo una exposici\u00f3n. Esto puede significar que se denieguen las solicitudes leg\u00edtimas de prestaciones. Un abogado con experiencia puede reunir pruebas que demuestren que tu enfermedad fue causada por tu trabajo y puede construir un caso s\u00f3lido para que puedas solicitar las prestaciones de compensaci\u00f3n a los trabajadores que necesitas.  <\/li>\n<\/ul>\n<p>Si usted ha sido diagnosticado con una enfermedad ocupacional en Colorado, le invitamos a contactar las oficinas en Denver del Grupo Legal Flaxman llamando al 970-999-0530 para programar una consulta gratuita por accidente con un abogado de compensaci\u00f3n al trabajador en Colorado. El Grupo Legal Flaxman es una firma de derecho familiar con un equipo de abogados padre-hijo. Estamos aqu\u00ed para ayudarte cuando has resultado lesionado en el trabajo.  <\/p>\n<\/p><\/div>\n<\/p><\/div>\n","protected":false},"excerpt":{"rendered":"<p>Sin honorarios a menos que ganemos. Llama al 866-352-9626 para una &#8230; <\/p>\n","protected":false},"author":3,"featured_media":0,"parent":0,"menu_order":0,"comment_status":"closed","ping_status":"closed","template":"template-practice-areas.php","meta":{"footnotes":""},"class_list":["post-21991","page","type-page","status-publish","hentry"],"featured_image_src":null,"featured_image_src_square":null,"_links":{"self":[{"href":"https:\/\/flaxmanlaw.com\/es\/wp-json\/wp\/v2\/pages\/21991","targetHints":{"allow":["GET"]}}],"collection":[{"href":"https:\/\/flaxmanlaw.com\/es\/wp-json\/wp\/v2\/pages"}],"about":[{"href":"https:\/\/flaxmanlaw.com\/es\/wp-json\/wp\/v2\/types\/page"}],"author":[{"embeddable":true,"href":"https:\/\/flaxmanlaw.com\/es\/wp-json\/wp\/v2\/users\/3"}],"replies":[{"embeddable":true,"href":"https:\/\/flaxmanlaw.com\/es\/wp-json\/wp\/v2\/comments?post=21991"}],"version-history":[{"count":0,"href":"https:\/\/flaxmanlaw.com\/es\/wp-json\/wp\/v2\/pages\/21991\/revisions"}],"wp:attachment":[{"href":"https:\/\/flaxmanlaw.com\/es\/wp-json\/wp\/v2\/media?parent=21991"}],"curies":[{"name":"wp","href":"https:\/\/api.w.org\/{rel}","templated":true}]}}