{"id":21993,"date":"2024-11-18T12:45:15","date_gmt":"2024-11-18T12:45:15","guid":{"rendered":"https:\/\/flaxmanlaw.wpenginepowered.com\/obstrucciones-en-pasarelas-abogados-de-tropiezos-y-caidas-en-hollywood-florida\/"},"modified":"2024-11-18T12:45:15","modified_gmt":"2024-11-18T12:45:15","slug":"obstrucciones-en-pasarelas-abogados-de-tropiezos-y-caidas-en-hollywood-florida","status":"publish","type":"page","link":"https:\/\/flaxmanlaw.com\/es\/obstrucciones-en-pasarelas-abogados-de-tropiezos-y-caidas-en-hollywood-florida\/","title":{"rendered":"Obstrucciones en Pasarelas | Abogados de Tropiezos y Ca\u00eddas en Hollywood, Florida"},"content":{"rendered":"<div class=\"bodytext\">\n<h2>Obstrucciones en las pasarelas<\/h1><\/h2>\n<div class=\"description\">\n<p>Aunque los tribunales de Hollywood y Florida esperan que los peatones tomen precauciones razonables, las condiciones inseguras, como escombros u obstrucciones en las aceras, pueden causar graves accidentes por tropiezos y ca\u00eddas y lesiones graves. Las obstrucciones pueden incluir obst\u00e1culos como maleza y \u00e1rboles que sobresalen o grandes objetos que obligan a los peatones a salirse de la acera para evitar una colisi\u00f3n. Las obstrucciones tambi\u00e9n pueden incluir peque\u00f1os juguetes u objetos en los caminos que pueden provocar ca\u00eddas. Todas estas condiciones son peligrosas y pueden provocar lesiones graves.   <\/p>\n<p>Si usted o un ser querido de su familia ha sufrido lesiones en una acera o andador, contacte con el despacho del Grupo Legal Flaxman. Charles Flaxman es un abogado de lesiones personales con m\u00e1s de 25 a\u00f1os de experiencia como abogado litigante y m\u00e1s de diez a\u00f1os de experiencia como ajustador de seguros. Dado que trabaj\u00f3 en la industria aseguradora antes de dedicar su vida a ayudar a demandantes lesionados, entiende c\u00f3mo negociar con las aseguradoras y c\u00f3mo enfrentarse a estas compa\u00f1\u00edas en los tribunales para maximizar la recuperaci\u00f3n. Si has sufrido lesiones, no dudes en ponerte en contacto con Charles Flaxman y con el resto de abogados especialistas en reclamaciones por lesiones personales de nuestro bufete para obtener un an\u00e1lisis de tu caso gratuito y sin compromiso.   <\/p>\n<p><strong class=\"heading4\">Causas comunes de obstrucci\u00f3n<\/strong><\/p>\n<p>Se supone que las aceras y otras zonas de paso deben mantenerse despejadas, pero hay muchas cosas que pueden provocar obstrucciones y escombros, entre ellas:<\/p>\n<ul>\n<li>Falta de personal en empresas e instalaciones<\/li>\n<li>Falta de un programa de limpieza adecuado<\/li>\n<li>Mantenimiento deficiente<\/li>\n<li>Reformas u obras temporales<\/li>\n<\/ul>\n<p>Las empresas y las residencias privadas deben mantener despejados los pasos. Por ejemplo, los propietarios de viviendas deben mantener despejadas las v\u00edas de acceso a la puerta principal para que los visitantes puedan llegar a ella con seguridad. Las empresas, como restaurantes, tiendas, hoteles y otros establecimientos, tienen una obligaci\u00f3n a\u00fan mayor de cuidar de sus clientes y clientes para garantizar que las zonas de paso est\u00e9n despejadas y sean seguras para todos los clientes. Cuando los propietarios no toman las medidas necesarias para mantener las v\u00edas de paso despejadas y seguras, pueden ser considerados parcialmente responsables de las lesiones que se produzcan.   <\/p>\n<p><strong class=\"heading4\">Prevenci\u00f3n de accidentes y lesiones por tropiezos y ca\u00eddas<\/strong><\/p>\n<p>Hay muchas cosas que se espera que hagan los propietarios para mantener la seguridad de las pasarelas, entre ellas:<\/p>\n<ul>\n<li>Limpiar peri\u00f3dicamente los residuos de las pasarelas<\/li>\n<li>Comprobaci\u00f3n de las pasarelas para detectar superficies irregulares y otros problemas<\/li>\n<li>Colocaci\u00f3n de se\u00f1ales en las zonas donde las obras u otras cuestiones puedan causar escombros<\/li>\n<li>Proporcionar una iluminaci\u00f3n adecuada para que los invitados puedan ver cualquier obst\u00e1culo en su camino<\/li>\n<li>Recorta los setos, arbustos y c\u00e9sped para dejar un espacio libre para caminar<\/li>\n<\/ul>\n<p>Cuando los propietarios no act\u00faan para evitar lesiones, pueden ser considerados parcialmente responsables si su negligencia e imprudencia provocan lesiones.<\/p>\n<p>Si usted ha sufrido lesiones debido a la negligencia del due\u00f1o de una propiedad o debido a alguna otra forma de imprudencia, no dude en contactar <a href=\"contacta con nosotros.html\">al Grupo Legal Flaxman<\/a>. El Grupo Legal Flaxman es una firma de lesiones personales de Florida del Sur con oficinas en Hollywood, Miami y Homestead. Nuestros abogados cuentan con m\u00e1s de seis d\u00e9cadas de experiencia combinada en juicios y negociaciones que pueden ser puestas a trabajar en su caso hoy mismo. Una consulta inicial con nosotros viene sin compromiso y sin costo, as\u00ed que usted no arriesga nada al obtener informaci\u00f3n y respuestas a sus preguntas.   <\/p>\n<\/p><\/div>\n<div class=\"subpageslist\">\n<ul> <\/ul>\n<\/p><\/div>\n<\/p><\/div>\n","protected":false},"excerpt":{"rendered":"<p>Sin honorarios a menos que ganemos. Llama al 866-352-9626 para una &#8230; <\/p>\n","protected":false},"author":3,"featured_media":0,"parent":0,"menu_order":0,"comment_status":"closed","ping_status":"closed","template":"template-practice-areas.php","meta":{"footnotes":""},"class_list":["post-21993","page","type-page","status-publish","hentry"],"featured_image_src":null,"featured_image_src_square":null,"_links":{"self":[{"href":"https:\/\/flaxmanlaw.com\/es\/wp-json\/wp\/v2\/pages\/21993","targetHints":{"allow":["GET"]}}],"collection":[{"href":"https:\/\/flaxmanlaw.com\/es\/wp-json\/wp\/v2\/pages"}],"about":[{"href":"https:\/\/flaxmanlaw.com\/es\/wp-json\/wp\/v2\/types\/page"}],"author":[{"embeddable":true,"href":"https:\/\/flaxmanlaw.com\/es\/wp-json\/wp\/v2\/users\/3"}],"replies":[{"embeddable":true,"href":"https:\/\/flaxmanlaw.com\/es\/wp-json\/wp\/v2\/comments?post=21993"}],"version-history":[{"count":0,"href":"https:\/\/flaxmanlaw.com\/es\/wp-json\/wp\/v2\/pages\/21993\/revisions"}],"wp:attachment":[{"href":"https:\/\/flaxmanlaw.com\/es\/wp-json\/wp\/v2\/media?parent=21993"}],"curies":[{"name":"wp","href":"https:\/\/api.w.org\/{rel}","templated":true}]}}