{"id":21995,"date":"2024-11-18T12:45:15","date_gmt":"2024-11-18T12:45:15","guid":{"rendered":"https:\/\/flaxmanlaw.wpenginepowered.com\/errores-obstetricos-que-causan-lesiones-al-nacer-abogados-de-negligencia-medica-en-hollywood-florida\/"},"modified":"2025-12-04T04:09:53","modified_gmt":"2025-12-04T04:09:53","slug":"errores-obstetricos-que-causan-lesiones-al-nacer-abogados-de-negligencia-medica-en-hollywood-florida","status":"publish","type":"page","link":"https:\/\/flaxmanlaw.com\/es\/errores-obstetricos-que-causan-lesiones-al-nacer-abogados-de-negligencia-medica-en-hollywood-florida\/","title":{"rendered":"Errores Obst\u00e9tricos y Lesiones de Nacimiento"},"content":{"rendered":"<div class=\"bodytext\">\n<h2>Errores obst\u00e9tricos que provocan lesiones en el parto<\/h2>\n<div class=\"description\">\n<p>Los profesionales de la obstetricia est\u00e1n legalmente obligados a proporcionar un nivel razonable de atenci\u00f3n a las futuras madres y a sus hijos durante, despu\u00e9s y antes del parto y el proceso de alumbramiento. Cuando los profesionales m\u00e9dicos act\u00faan de forma negligente, su imprudencia puede causar lesiones graves tanto a la madre como al hijo. En estos casos, los padres pueden presentar una demanda por negligencia m\u00e9dica en Miami o en su comunidad para obtener una indemnizaci\u00f3n por sus lesiones.<\/p>\n<p>Si t\u00fa y tu hijo hab\u00e9is sufrido una lesi\u00f3n en el parto en Miami o en cualquier lugar del sur de Florida, querr\u00e1s asesoramiento jur\u00eddico, as\u00ed como el mejor tratamiento m\u00e9dico para ti y tu hijo. Consultar a un abogado de lesiones personales puede ser un primer paso importante para proteger tus derechos y el futuro de tu hijo. Si est\u00e1s buscando un abogado experimentado en lesiones personales en Miami o en cualquier parte de Florida del Sur, siempre puedes contactar al Grupo Legal Flaxman para una consulta gratuita sobre accidentes. Los abogados de lesiones personales del Grupo Legal Flaxman han trabajado con muchas familias afectadas por lesiones en el parto y negligencia m\u00e9dica.<\/p>\n<p><strong class=\"heading4\">\u00bfQu\u00e9 errores obst\u00e9tricos son frecuentes en Miami y Florida?<\/strong><\/p>\n<p>Los errores obst\u00e9tricos pueden incluir<\/p>\n<ul>\n<li>Uso inadecuado de los instrumentos de parto<\/li>\n<li>No vigilar al feto<\/li>\n<li>Falta de respuesta al sufrimiento fetal<\/li>\n<li>No diagnosticar ni tratar las afecciones que puedan tener la madre o el feto<\/li>\n<li>No realizar una ces\u00e1rea a tiempo<\/li>\n<li>No escuchar los s\u00edntomas o preocupaciones de la madre<\/li>\n<li>No realizar las pruebas necesarias<\/li>\n<li>No vigilar a la madre<\/li>\n<li>Falta de respuesta a los problemas m\u00e9dicos de la madre<\/li>\n<li>Medicamentos inadecuados administrados a la madre<\/li>\n<li>No controlar y tratar a los reci\u00e9n nacidos<\/li>\n<\/ul>\n<p>Los errores obst\u00e9tricos pueden causar muchos problemas graves, entre ellos<\/p>\n<ul>\n<li>Falta de ox\u00edgeno en el cerebro del beb\u00e9<\/li>\n<li>Supervisi\u00f3n de una enfermedad grave<\/li>\n<li>Falta de tratamiento para una enfermedad grave<\/li>\n<li>Da\u00f1o nervioso<\/li>\n<li>Fracturas<\/li>\n<li>Hemorragia excesiva durante el parto<\/li>\n<li>Lesiones cerebrales<\/li>\n<li>Lesiones medulares<\/li>\n<li>Mortinatos<\/li>\n<\/ul>\n<p>Si el personal m\u00e9dico no ha proporcionado un entorno seguro al feto y la negligencia o imprudencia han provocado lesiones en el parto u otras lesiones graves durante el embarazo o el proceso del parto, puedes tener una reclamaci\u00f3n legal. Presentar una demanda por negligencia m\u00e9dica en Miami o en tu comunidad puede ayudarte a obtener respuestas importantes sobre lo que ha causado una lesi\u00f3n. Puede ayudarte a cerrar el caso y a introducir importantes cambios de seguridad por parte de los hospitales o centros m\u00e9dicos, que pueden contribuir a evitar que se produzcan tragedias similares en el futuro. Interponer una demanda judicial tambi\u00e9n puede garantizar recursos econ\u00f3micos para tu familia, de modo que pod\u00e1is pagar la mejor atenci\u00f3n m\u00e9dica posible para ti y tu hijo.<\/p>\n<p>Si usted sospecha que las lesiones en el parto de su hijo fueron causadas por negligencia, <a href=\"contacta con nosotros.html\">contacte al Grupo Legal Flaxman<\/a> para una consulta gratuita y sin compromiso. El experimentado y compasivo equipo legal del Grupo Legal Flaxman puede ayudarte a averiguar si tienes derecho a una compensaci\u00f3n por tus lesiones. Si su hijo necesita toda una vida de prestaciones m\u00e9dicas y otras necesidades especiales, el Grupo Legal Flaxman puede ayudarle a entender qu\u00e9 recursos est\u00e1n disponibles para usted.<\/p>\n<\/div>\n<div class=\"subpageslist\"><\/div>\n<\/div>\n","protected":false},"excerpt":{"rendered":"<p>Sin honorarios a menos que ganemos. Llama al 866-352-9626 para una &#8230; <\/p>\n","protected":false},"author":3,"featured_media":0,"parent":0,"menu_order":0,"comment_status":"closed","ping_status":"closed","template":"template-practice-areas.php","meta":{"footnotes":""},"class_list":["post-21995","page","type-page","status-publish","hentry"],"featured_image_src":null,"featured_image_src_square":null,"_links":{"self":[{"href":"https:\/\/flaxmanlaw.com\/es\/wp-json\/wp\/v2\/pages\/21995","targetHints":{"allow":["GET"]}}],"collection":[{"href":"https:\/\/flaxmanlaw.com\/es\/wp-json\/wp\/v2\/pages"}],"about":[{"href":"https:\/\/flaxmanlaw.com\/es\/wp-json\/wp\/v2\/types\/page"}],"author":[{"embeddable":true,"href":"https:\/\/flaxmanlaw.com\/es\/wp-json\/wp\/v2\/users\/3"}],"replies":[{"embeddable":true,"href":"https:\/\/flaxmanlaw.com\/es\/wp-json\/wp\/v2\/comments?post=21995"}],"version-history":[{"count":0,"href":"https:\/\/flaxmanlaw.com\/es\/wp-json\/wp\/v2\/pages\/21995\/revisions"}],"wp:attachment":[{"href":"https:\/\/flaxmanlaw.com\/es\/wp-json\/wp\/v2\/media?parent=21995"}],"curies":[{"name":"wp","href":"https:\/\/api.w.org\/{rel}","templated":true}]}}