{"id":21996,"date":"2024-11-18T12:45:15","date_gmt":"2024-11-18T12:45:15","guid":{"rendered":"https:\/\/flaxmanlaw.wpenginepowered.com\/abuso-de-ancianos-hollywood-florida-abogados-de-negligencia-en-residencias-de-ancianos\/"},"modified":"2025-08-26T04:21:23","modified_gmt":"2025-08-26T04:21:23","slug":"abuso-de-ancianos-hollywood-florida-abogados-de-negligencia-en-residencias-de-ancianos","status":"publish","type":"page","link":"https:\/\/flaxmanlaw.com\/es\/abuso-de-ancianos-hollywood-florida-abogados-de-negligencia-en-residencias-de-ancianos\/","title":{"rendered":"Abuso de ancianos"},"content":{"rendered":"<div class=\"bodytext\">\n<h2>Abuso de ancianos<\/h2>\n<p><span style=\"font-size: 16px;\">Con la edad y el aumento de las necesidades m\u00e9dicas, algunos mayores necesitan m\u00e1s cuidados para las actividades cotidianas, y esos cuidados pueden tener lugar en casa, con la ayuda de la familia o de cuidadores remunerados. Tambi\u00e9n puede tener lugar en residencias de ancianos y otros centros. Elegir el entorno y el apoyo adecuados para un ser querido anciano es un reto para cualquier familia. Se convierte en un reto a\u00fan mayor porque, por desgracia, las familias tambi\u00e9n tienen que considerar formas de proteger a sus seres queridos de los abusos en residencias de ancianos y de las personas mayores.<\/span><\/p>\n<div class=\"description\">\n<p>Si usted o un miembro de su familia han resultado lesionados por abuso en asilos y de ancianos en Hollywood, Homestead, o en cualquier comunidad de Florida del Sur, contacte al Grupo Legal Flaxman. Somos una firma legal basada en la familia, con un equipo de abogados padre-hijo, as\u00ed que comprendemos la importancia de proteger a los miembros de la familia. Nos complace ofrecerte una consulta gratuita con un abogado de lesiones en Florida si has resultado lesionado, para que puedas hablar de tu situaci\u00f3n con un abogado.<\/p>\n<p><strong class=\"heading4\">Tipos de maltrato en residencias de ancianos y a personas mayores <\/strong><\/p>\n<p>El maltrato en residencias de ancianos y a ancianos en Hollywood y en toda Florida puede adoptar muchas formas:<\/p>\n<ul>\n<li><strong>Negligencia<\/strong>. Cuando en las residencias de ancianos falta personal o los cuidadores no atienden adecuadamente a los ancianos a su cargo, \u00e9stos pueden no recibir los cuidados f\u00edsicos y la estimulaci\u00f3n emocional que necesitan para mantenerse sanos. En estos casos, los ancianos pueden desarrollar \u00falceras de dec\u00fabito por no ser volteados con suficiente frecuencia o incluso pueden sufrir desnutrici\u00f3n y deshidrataci\u00f3n si no se les da suficiente comida y agua.<\/li>\n<li><strong>Mala higiene y pr\u00e1cticas m\u00e9dicas<\/strong>. Las residencias de ancianos y los cuidadores deben ayudar a los ancianos a asearse y ba\u00f1arse. Tambi\u00e9n deben proporcionar una atenci\u00f3n m\u00e9dica adecuada y tener pol\u00edticas establecidas para mantener a los ancianos vulnerables alejados de cualquier persona que pueda ser contagiosa. Por ejemplo, las residencias de ancianos deben tener pol\u00edticas establecidas para cuando se produzca un <a href=\"fracaso-en-la-aplicaci\u00f3n-distanciamiento-social.html\">brote de gripe<\/a> u otra enfermedad contagiosa.<\/li>\n<li><strong>Falta de mantenimiento de las instalaciones<\/strong>. Las residencias de ancianos deben disponer de instalaciones bien mantenidas, con buena iluminaci\u00f3n y elementos de accesibilidad adecuados para reducir el riesgo de resbalones y ca\u00eddas. Debe haber sistemas adecuados de calefacci\u00f3n y refrigeraci\u00f3n. Debe reforzarse la limpieza para evitar las chinches y la irritaci\u00f3n de la piel causada por un saneamiento deficiente.<\/li>\n<li><strong>Sobremedicaci\u00f3n<\/strong>. Una forma de abuso que puede darse es administrar a los ancianos dosis mayores de medicaci\u00f3n para animarles a dormir o a permanecer tranquilos.<\/li>\n<li><strong>Falta de personal y de supervisi\u00f3n<\/strong>. Un papel fundamental de las residencias de ancianos y de los cuidadores a domicilio es ofrecer una supervisi\u00f3n adecuada. Cuando esto no ocurre, los ancianos pueden caerse y sufrir lesiones graves. Tambi\u00e9n pueden deambular y perderse al aire libre.<\/li>\n<\/ul>\n<p>En cualquier entorno asistencial, incluso cuando se cuida a una persona mayor en casa, los cuidadores pueden ser abusivos. Las personas mayores pueden sufrir muchos tipos de malos tratos:<\/p>\n<ul>\n<li><strong>Maltrato f\u00edsico<\/strong>. Puede incluir cualquier forma de da\u00f1o f\u00edsico, como golpes o pu\u00f1etazos. El <a href=\"maltrato-fisico.html\">maltrato f\u00edsico<\/a> puede provocar contusiones, huesos rotos, lesiones en la cabeza y otras lesiones graves.<\/li>\n<li><strong>Maltrato emocional<\/strong>. Puede consistir en gritar a una persona mayor, insultarla o humillarla. Puede provocar depresi\u00f3n, retraimiento y graves problemas de salud metal.<\/li>\n<li><strong>Abuso econ\u00f3mico<\/strong>. Puede consistir en obligar a los ancianos a ceder sus bienes o robarles dinero u objetos de valor. El <a href=\"abuso-financiero.html\">abuso econ\u00f3mico<\/a> puede dejar a los ancianos sin medios para cuidar de s\u00ed mismos.<\/li>\n<li><strong>Abuso sexual<\/strong>. Para las personas mayores, los <a href=\"abuso-sexual-de-ancianos.html\">abusos y agresiones sexuales<\/a> pueden provocar graves trastornos mentales, lesiones f\u00edsicas (incluidas fracturas \u00f3seas) y exposici\u00f3n a infecciones de transmisi\u00f3n sexual (ITS).<\/li>\n<\/ul>\n<p><strong class=\"heading4\">Lo que puedes hacer sobre el abuso en residencias de ancianos y el maltrato a ancianos en Florida <\/strong><\/p>\n<p>Si eres una persona mayor que ha sufrido malos tratos o eres un familiar preocupado que sospecha de malos tratos en residencias de ancianos, es importante que act\u00faes con rapidez. Cuanto m\u00e1s tiempo dure el maltrato, m\u00e1s probabilidades hay de que se agrave y pueda causar lesiones graves.<\/p>\n<p>Puedes ponerte en contacto con la polic\u00eda para que te ayude, porque el abuso en residencias de ancianos y de ancianos es un delito en Florida. Tambi\u00e9n puedes ponerte en contacto con el Grupo Legal Flaxman. Podemos concertar una consulta gratuita con un abogado de lesiones de Florida, para que puedas hablar sobre cualquier posible indemnizaci\u00f3n que puedas solicitar por las lesiones. En tu situaci\u00f3n, la indemnizaci\u00f3n puede ayudarte a pagar la atenci\u00f3n m\u00e9dica y a obtener mejores cuidados. Contacte al Grupo Legal Flaxman al 866-352-9626 o <a href=\"contacta con nosotros.html\">en l\u00ednea<\/a> para iniciar la conversaci\u00f3n.<\/p>\n<\/div>\n<div class=\"subpageslist\">\n<ul>\n<li><a href=\"maltrato-fisico.html\">Maltrato f\u00edsico<\/a><\/li>\n<li><a href=\"abuso verbal y emocional.html\">Abuso verbal y emocional<\/a><\/li>\n<li><a href=\"abuso-financiero.html\">Abuso financiero<\/a><\/li>\n<li><a href=\"abuso-sexual-de-ancianos.html\">Abuso sexual de ancianos<\/a><\/li>\n<\/ul>\n<\/div>\n<\/div>\n","protected":false},"excerpt":{"rendered":"<p>Sin honorarios a menos que ganemos. Llama al 866-352-9626 para una &#8230; <\/p>\n","protected":false},"author":3,"featured_media":0,"parent":0,"menu_order":0,"comment_status":"closed","ping_status":"closed","template":"template-practice-areas.php","meta":{"footnotes":""},"class_list":["post-21996","page","type-page","status-publish","hentry"],"featured_image_src":null,"featured_image_src_square":null,"_links":{"self":[{"href":"https:\/\/flaxmanlaw.com\/es\/wp-json\/wp\/v2\/pages\/21996","targetHints":{"allow":["GET"]}}],"collection":[{"href":"https:\/\/flaxmanlaw.com\/es\/wp-json\/wp\/v2\/pages"}],"about":[{"href":"https:\/\/flaxmanlaw.com\/es\/wp-json\/wp\/v2\/types\/page"}],"author":[{"embeddable":true,"href":"https:\/\/flaxmanlaw.com\/es\/wp-json\/wp\/v2\/users\/3"}],"replies":[{"embeddable":true,"href":"https:\/\/flaxmanlaw.com\/es\/wp-json\/wp\/v2\/comments?post=21996"}],"version-history":[{"count":0,"href":"https:\/\/flaxmanlaw.com\/es\/wp-json\/wp\/v2\/pages\/21996\/revisions"}],"wp:attachment":[{"href":"https:\/\/flaxmanlaw.com\/es\/wp-json\/wp\/v2\/media?parent=21996"}],"curies":[{"name":"wp","href":"https:\/\/api.w.org\/{rel}","templated":true}]}}