{"id":21998,"date":"2024-11-18T12:45:15","date_gmt":"2024-11-18T12:45:15","guid":{"rendered":"https:\/\/flaxmanlaw.wpenginepowered.com\/abuso-en-asilos-y-ancianos-en-miami-florida-abogados-de-negligencia-en-asilos-del-condado-de-miami-dade\/"},"modified":"2024-11-18T12:45:15","modified_gmt":"2024-11-18T12:45:15","slug":"abuso-en-asilos-y-ancianos-en-miami-florida-abogados-de-negligencia-en-asilos-del-condado-de-miami-dade","status":"publish","type":"page","link":"https:\/\/flaxmanlaw.com\/es\/abuso-en-asilos-y-ancianos-en-miami-florida-abogados-de-negligencia-en-asilos-del-condado-de-miami-dade\/","title":{"rendered":"Abuso en Asilos y Ancianos en Miami, Florida | Abogados de Negligencia en Asilos del Condado de Miami-Dade"},"content":{"rendered":"<div class=\"bodytext\">\n<h2>Abuso en Asilos y de Ancianos en Miami, Florida<\/h1><\/h2>\n<div class=\"description\">\n<p>El maltrato de ancianos en Miami, Hollywood y otras comunidades del sur de Florida puede ser perpetrado por cuidadores, incluidos cuidadores que son familiares. Los cuidadores de centros de vida asistida o residencias de ancianos tambi\u00e9n pueden perjudicar a los ancianos. De hecho, el maltrato de ancianos puede ser perpetrado por cualquiera que est\u00e9 lo bastante cerca de un anciano como para hacerle da\u00f1o. Esto puede incluir a contratistas, familiares y otras personas en contacto con una persona mayor. En algunos casos, otros residentes de una residencia tambi\u00e9n pueden ser autores de <a href=\"miami-agresi\u00f3n-sexual.html\">abusos sexuales<\/a> y otras formas de maltrato.    <\/p>\n<p>Si un anciano sufre da\u00f1os o malos tratos en una residencia o centro de asistencia de Miami, es importante consultar a un abogado de lesiones personales de Miami que tenga experiencia en casos de malos tratos a ancianos. En estas situaciones, un abogado de lesiones personales puede asesorarte y ayudarte a determinar qui\u00e9nes son las partes responsables. Las residencias de ancianos son responsables de asegurarse de que contratan a personal cualificado y proporcionan el apoyo necesario para ofrecer un entorno de cuidados seguro y afectuoso. Cuando son negligentes, pueden ser consideradas responsables de su negligencia.   <\/p>\n<p>Si te encuentras en esta dif\u00edcil situaci\u00f3n, contacta con el Grupo Legal Flaxman para recibir una consulta gratuita sobre accidentes. Nuestros abogados cuentan con m\u00e1s de 60 a\u00f1os de experiencia combinada ayudando a v\u00edctimas de abuso, familias y otros demandantes para obtener la justicia y compensaci\u00f3n que merecen. <\/p>\n<p><strong class=\"heading4\">\u00bfC\u00f3mo puedo mantener a mi familiar a salvo de los malos tratos a ancianos en Miami o en mi comunidad?<\/strong><\/p>\n<p>Hay varias formas de reducir el riesgo de malos tratos a ancianos o personas mayores:<\/p>\n<ul>\n<li>\n<p>Si vas a ingresar a un ser querido en una residencia de ancianos o en un centro de asistencia, act\u00faa con la debida diligencia e investiga detenidamente el centro para elegir la mejor opci\u00f3n para tu familia.<\/p>\n<\/li>\n<li>\n<p>Visita a menudo a los seres queridos y amigos mayores, sobre todo con visitas inesperadas e imprevistas.<\/p>\n<\/li>\n<li>\n<p>Mant\u00e9n abiertas las l\u00edneas de comunicaci\u00f3n y aseg\u00farate de que los seres queridos mayores sepan que pueden contar contigo si tienen alguna preocupaci\u00f3n o inquietud.<\/p>\n<\/li>\n<li>\n<p>Informa inmediatamente de posibles indicios de maltrato y negligencia y pide una investigaci\u00f3n exhaustiva. Pide ayuda adicional si no est\u00e1s satisfecho con los resultados. <\/p>\n<\/li>\n<\/ul>\n<p><strong class=\"heading4\">\u00bfQu\u00e9 puedo hacer si un familiar o amigo ha sido v\u00edctima de malos tratos a ancianos o de abusos en residencias de ancianos en Miami o Florida?<\/strong><\/p>\n<p>Puedes animarles a ponerse en contacto con la polic\u00eda y con un abogado de lesiones personales en Miami o en su comunidad. Si tienes un familiar que ha sido v\u00edctima de malos tratos, puedes ponerte en contacto con un abogado especializado en malos tratos a ancianos en Miami o en tu comunidad para explorar todas tus opciones legales. Un abogado puede reunir pruebas de la mala conducta, encontrar a todas las partes responsables y buscar una indemnizaci\u00f3n por las lesiones de tu familiar para que pueda permitirse unos cuidados mejores. Si deseas hablar con un abogado de abuso de ancianos en Hollywood, Homestead, Miami o \u00e1reas circunvecinas, <a href=\"index.html\">contacta al Grupo Legal Flaxman<\/a> para una consulta gratuita sobre accidentes.   <\/p>\n<p>El equipo del Grupo Legal Flaxman cuenta con m\u00e1s de 60 a\u00f1os de experiencia combinada proporcionando atenci\u00f3n compasiva y profesional a los demandantes de la comunidad de Florida del Sur. Trabajamos con una red de investigadores, expertos m\u00e9dicos, y otros profesionales para investigar y construir un caso s\u00f3lido para usted. Ponte en contacto con nosotros hoy mismo para tu consulta gratuita sobre accidentes.  <\/p>\n<\/p><\/div>\n<\/p><\/div>\n","protected":false},"excerpt":{"rendered":"<p>Sin honorarios a menos que ganemos. Llama al 866-352-9626 para una &#8230; <\/p>\n","protected":false},"author":3,"featured_media":0,"parent":0,"menu_order":0,"comment_status":"closed","ping_status":"closed","template":"template-practice-areas.php","meta":{"footnotes":""},"class_list":["post-21998","page","type-page","status-publish","hentry"],"featured_image_src":null,"featured_image_src_square":null,"_links":{"self":[{"href":"https:\/\/flaxmanlaw.com\/es\/wp-json\/wp\/v2\/pages\/21998","targetHints":{"allow":["GET"]}}],"collection":[{"href":"https:\/\/flaxmanlaw.com\/es\/wp-json\/wp\/v2\/pages"}],"about":[{"href":"https:\/\/flaxmanlaw.com\/es\/wp-json\/wp\/v2\/types\/page"}],"author":[{"embeddable":true,"href":"https:\/\/flaxmanlaw.com\/es\/wp-json\/wp\/v2\/users\/3"}],"replies":[{"embeddable":true,"href":"https:\/\/flaxmanlaw.com\/es\/wp-json\/wp\/v2\/comments?post=21998"}],"version-history":[{"count":0,"href":"https:\/\/flaxmanlaw.com\/es\/wp-json\/wp\/v2\/pages\/21998\/revisions"}],"wp:attachment":[{"href":"https:\/\/flaxmanlaw.com\/es\/wp-json\/wp\/v2\/media?parent=21998"}],"curies":[{"name":"wp","href":"https:\/\/api.w.org\/{rel}","templated":true}]}}