{"id":21999,"date":"2024-11-18T12:45:15","date_gmt":"2024-11-18T12:45:15","guid":{"rendered":"https:\/\/flaxmanlaw.wpenginepowered.com\/demandas-nsl-hollywood-florida-abogados-de-responsabilidad-predial-grupo-legal-flaxman\/"},"modified":"2024-11-18T12:45:15","modified_gmt":"2024-11-18T12:45:15","slug":"demandas-nsl-hollywood-florida-abogados-de-responsabilidad-predial-grupo-legal-flaxman","status":"publish","type":"page","link":"https:\/\/flaxmanlaw.com\/es\/demandas-nsl-hollywood-florida-abogados-de-responsabilidad-predial-grupo-legal-flaxman\/","title":{"rendered":"Demandas NSL | Hollywood, Florida Abogados de Responsabilidad Predial Grupo Legal Flaxman"},"content":{"rendered":"<div class=\"bodytext\">\n<h2>Reclamaciones NSL<\/h1><\/h2>\n<div class=\"description\">\n<p>Los casos de seguridad negligente en Miami y el sur de Florida se producen cuando el propietario de un inmueble es negligente en la prevenci\u00f3n de delitos previsibles. Si eres v\u00edctima de un delito en una propiedad debido a una iluminaci\u00f3n inadecuada u otras medidas de seguridad inadecuadas, el propietario puede ser considerado responsable de las lesiones que sufras. Los propietarios tienen la obligaci\u00f3n legal de garantizar que su propiedad sea razonablemente segura para los visitantes. Tanto si has sido v\u00edctima de un delito en una propiedad escolar, un lugar de trabajo, un negocio privado u otro tipo de propiedad, puedes tener una reclamaci\u00f3n legal si el propietario no tom\u00f3 medidas para protegerte de un delito que era previsible.   <\/p>\n<p>Uno de los retos de los casos de seguridad inadecuada en Miami y Florida del Sur es que en muchos casos los due\u00f1os de las propiedades alegan que no pod\u00edan prever que ocurrir\u00eda cierto delito. El equipo jur\u00eddico del <a href=\"index.html\">Grupo<\/a> Legal Flaxman ha formado parte de la comunidad de Miami durante muchos a\u00f1os y ha representado a muchos demandantes por seguridad negligente. El equipo jur\u00eddico del Grupo Legal Flaxman trabaja con investigadores privados para determinar qu\u00e9 es exactamente lo que ha provocado que ocurra un delito. En algunos casos, hay evidencia de iluminaci\u00f3n inadecuada, conocimiento previo de cr\u00edmenes en el \u00e1rea, y otras pruebas que pueden ayudar a asegurar una compensaci\u00f3n en un caso <a href=\"responsabilidad patrimonial.html\">de responsabilidad de predios<\/a>. Si usted est\u00e1 buscando un abogado de <a href=\"lesiones-personales.html\">lesiones personales<\/a> en Miami o en Florida del Sur porque cree que puede tener un caso de negligencia en seguridad, contacte al equipo legal del Grupo Legal Flaxman para conocer m\u00e1s sobre los casos de responsabilidad de predios y para hablar sobre sus derechos en una consulta gratuita y sin compromiso.    <\/p>\n<p><strong class=\"heading4\">Situaciones que conducen a casos de seguridad inadecuada en Miami y el sur de Florida<\/strong><\/p>\n<p>Hay muchas cosas que hacen los propietarios que pueden dar lugar a una reclamaci\u00f3n por responsabilidad de las instalaciones en Miami y el sur de Florida. Entre las causas habituales de este tipo de reclamaciones se incluyen: <\/p>\n<ul type=\"disc\">\n<li>falta de vigilancia del aparcamiento o vigilancia inadecuada del aparcamiento<\/li>\n<li>falta de iluminaci\u00f3n adecuada<\/li>\n<li>contrataci\u00f3n negligente en el lugar de trabajo<\/li>\n<li>violencia laboral<\/li>\n<li>no controlar a los visitantes en un lugar de trabajo o empresa<\/li>\n<li>escaleras y ascensores mal iluminados y mal vigilados<\/li>\n<li>falta de asistencia, c\u00e1maras de seguridad y guardias de seguridad<\/li>\n<li>cerraduras que no funcionan correctamente<\/li>\n<li>puertas sin cerrar y entradas no seguras<\/li>\n<li>falta de pol\u00edticas de seguridad escritas<\/li>\n<li>pol\u00edticas de seguridad inadecuadas<\/li>\n<li>falta de aviso sobre delitos o riesgos en la zona<\/li>\n<li>falta de respuesta al aumento de la delincuencia o de los riesgos en la zona<\/li>\n<\/ul>\n<p>Cuando los propietarios no prev\u00e9n posibles actividades delictivas y riesgos para visitantes y trabajadores, pueden ser considerados responsables. Los efectos de la negligencia de los propietarios pueden ser de gran alcance. Cuando los propietarios no se toman el tiempo y el cuidado necesarios para asegurar sus propiedades y anteponen los beneficios a la seguridad, los depredadores pueden aprovecharse de unas medidas de seguridad inadecuadas para cometer delitos.  <\/p>\n<p><strong class=\"heading4\">\u00bfQu\u00e9 debo hacer si he sido v\u00edctima de un delito y creo que puedo tener una demanda por responsabilidad del local?<\/strong><\/p>\n<p>Las v\u00edctimas de delitos pueden necesitar atenci\u00f3n m\u00e9dica. Si has sufrido lesiones graves, busca primero ayuda m\u00e9dica urgente. Tambi\u00e9n querr\u00e1s presentar una denuncia policial para que los investigadores de la polic\u00eda puedan buscar al autor del delito. Desgraciadamente, una seguridad inadecuada significa tambi\u00e9n una vigilancia inadecuada, y esto puede dificultar a la polic\u00eda la b\u00fasqueda de un sospechoso. Poco despu\u00e9s de que se haya producido el delito, tambi\u00e9n querr\u00e1s hablar con un abogado de lesiones personales en Miami o en tu comunidad del sur de Florida. Busca un abogado especializado en casos de responsabilidad de las instalaciones. Un abogado puede ayudarte a ver si tienes derecho a reclamar y puede perseguir agresivamente tus derechos.      <\/p>\n<p>Si est\u00e1s buscando un abogado de responsabilidad de predios en Miami o en Florida del Sur, <a href=\"contacta con nosotros.html\">contacta<\/a> hoy mismo al Grupo Legal Flaxman para programar una consulta gratuita sobre accidentes y hablar sobre tu caso.<\/p>\n<\/div>\n<div class=\"subpageslist\">\n<ul> <\/ul>\n<\/p><\/div>\n<\/p><\/div>\n","protected":false},"excerpt":{"rendered":"<p>Sin honorarios a menos que ganemos. Llama al 866-352-9626 para una &#8230; <\/p>\n","protected":false},"author":3,"featured_media":0,"parent":0,"menu_order":0,"comment_status":"closed","ping_status":"closed","template":"template-practice-areas.php","meta":{"footnotes":""},"class_list":["post-21999","page","type-page","status-publish","hentry"],"featured_image_src":null,"featured_image_src_square":null,"_links":{"self":[{"href":"https:\/\/flaxmanlaw.com\/es\/wp-json\/wp\/v2\/pages\/21999","targetHints":{"allow":["GET"]}}],"collection":[{"href":"https:\/\/flaxmanlaw.com\/es\/wp-json\/wp\/v2\/pages"}],"about":[{"href":"https:\/\/flaxmanlaw.com\/es\/wp-json\/wp\/v2\/types\/page"}],"author":[{"embeddable":true,"href":"https:\/\/flaxmanlaw.com\/es\/wp-json\/wp\/v2\/users\/3"}],"replies":[{"embeddable":true,"href":"https:\/\/flaxmanlaw.com\/es\/wp-json\/wp\/v2\/comments?post=21999"}],"version-history":[{"count":0,"href":"https:\/\/flaxmanlaw.com\/es\/wp-json\/wp\/v2\/pages\/21999\/revisions"}],"wp:attachment":[{"href":"https:\/\/flaxmanlaw.com\/es\/wp-json\/wp\/v2\/media?parent=21999"}],"curies":[{"name":"wp","href":"https:\/\/api.w.org\/{rel}","templated":true}]}}