{"id":22000,"date":"2024-11-18T12:45:15","date_gmt":"2024-11-18T12:45:15","guid":{"rendered":"https:\/\/flaxmanlaw.wpenginepowered.com\/abuso-en-asilos-y-ancianos-en-hollywood-florida-abogados-de-negligencia-en-asilos-del-condado-de-broward\/"},"modified":"2025-05-06T10:26:43","modified_gmt":"2025-05-06T10:26:43","slug":"abuso-en-asilos-y-ancianos-en-hollywood-florida-abogados-de-negligencia-en-asilos-del-condado-de-broward","status":"publish","type":"page","link":"https:\/\/flaxmanlaw.com\/es\/abuso-en-asilos-y-ancianos-en-hollywood-florida-abogados-de-negligencia-en-asilos-del-condado-de-broward\/","title":{"rendered":"Abuso y Negligencia en Asilos de Ancianos"},"content":{"rendered":"<div class=\"bodytext\">\n<h2>Abuso en Asilos y de Ancianos en Hollywood, Florida<\/h2>\n<div class=\"description\">\n<p>El maltrato de ancianos se refiere a la negligencia o el maltrato intencionado de una persona mayor, a menudo por parte de un cuidador o un familiar. El maltrato de ancianos puede incluir abuso sexual, agresi\u00f3n sexual, agresi\u00f3n o maltrato f\u00edsico, maltrato emocional o mental, negligencia, sobremedicaci\u00f3n o inframedicaci\u00f3n y, de hecho, cualquier situaci\u00f3n en la que a una persona mayor no se le da lo b\u00e1sico para vivir o se le perjudica de alg\u00fan modo.<\/p>\n<p><strong class=\"heading4\">\u00bfCu\u00e1les son los factores de riesgo del maltrato a ancianos en Hollywood y Florida? <\/strong><\/p>\n<p>Los malos tratos a ancianos pueden producirse por muchas razones: en algunos casos, personas que no son aptas para cuidar de otras asumen tareas de cuidador, bien porque un familiar anciano necesita cuidados, bien porque las contrata una residencia de ancianos sin comprobar debidamente sus antecedentes. En otros casos, se acepta a depredadores para trabajar con ancianos, a pesar de sus antecedentes. En algunos casos, incluso cuidadores con buenas intenciones pueden acabar abusando de las personas a su cargo. A menudo, esto puede ocurrir porque los cuidadores est\u00e1n desbordados, trabajan en malas condiciones o no est\u00e1n formados correctamente para prestar cuidados.<\/p>\n<p>Los ancianos m\u00e1s vulnerables son tambi\u00e9n los que corren m\u00e1s riesgo de sufrir malos tratos. Los ancianos con enfermedades mentales o incapaces de cuidar de s\u00ed mismos pueden no ser capaces de hablar si se producen malos tratos. Tambi\u00e9n es m\u00e1s probable que sean el blanco de los agresores. Los ancianos que no tienen familiares o amigos que pasen a verlos tambi\u00e9n pueden estar m\u00e1s expuestos a los malos tratos o carecer de sistemas de apoyo para impedirlos.<\/p>\n<p><strong class=\"heading4\">\u00bfCu\u00e1les son los signos del maltrato a las personas mayores?<\/strong><\/p>\n<p>El maltrato a ancianos en Hollywood y Florida puede ser dif\u00edcil de detectar. En muchos casos, las v\u00edctimas ancianas se averg\u00fcenzan o tienen miedo de sus maltratadores y pueden evitar denunciar los malos tratos. Sobre todo en los casos en que el maltratador es un familiar, las v\u00edctimas pueden no querer denunciarlo. En algunos casos, los ancianos est\u00e1n enfermos o tienen problemas de comunicaci\u00f3n que les impiden hablar. En otros casos, las v\u00edctimas piensan que nadie les creer\u00e1.<\/p>\n<p>Por todas estas razones, es especialmente importante estar atento a las se\u00f1ales de maltrato. Los indicios de malos tratos a ancianos pueden ser<\/p>\n<ul>\n<li>Moratones o lesiones inexplicables<\/li>\n<li>Mala higiene f\u00edsica<\/li>\n<li>Olor corporal<\/li>\n<li>Mal aseo<\/li>\n<li>Piojos u otras infestaciones<\/li>\n<li>P\u00e9rdida de peso inexplicable<\/li>\n<li>Comportamiento retra\u00eddo<\/li>\n<li>Comportamiento receloso o ansioso<\/li>\n<li>Cambios de personalidad<\/li>\n<li>P\u00e9rdida repentina e inexplicable de bienes o cambio en las finanzas<\/li>\n<li>Infecciones o enfermedades de transmisi\u00f3n sexual<\/li>\n<li>Problemas de movilidad<\/li>\n<li>S\u00edntomas repentinos e inexplicables, como dificultad para hablar o para moverse<\/li>\n<li>Ropa inadecuada o mal elegida para el tiempo que hace<\/li>\n<\/ul>\n<p>En muchos casos, los signos de maltrato son muy sutiles. Si sospechas que un ser querido ha sufrido malos tratos o si observas alguno de estos u otros s\u00edntomas, aseg\u00farate de investigar a fondo.<\/p>\n<p>Si un ser querido ha sufrido malos tratos en una residencia de ancianos en Hollywood o en cualquier comunidad del sur de Florida, tienes opciones. Puedes denunciar los malos tratos al Departamento de Asuntos de Ancianos de Florida. Tambi\u00e9n puedes ponerte en contacto con la polic\u00eda. Adem\u00e1s, te conviene ponerte en contacto con un abogado especializado en maltrato de ancianos de Hollywood que pueda asesorarte sobre tus derechos. Si tienes la opci\u00f3n de presentar una demanda civil, puedes conseguir una indemnizaci\u00f3n para ayudar a tu ser querido a obtener los cuidados que se merece. Contacta con <a href=\"index.html\">el Grupo Legal Flaxman<\/a> para una consulta gratuita sobre accidentes y hablar sobre tus opciones con nuestro equipo de abogados para saber m\u00e1s.<\/p>\n<\/div>\n<\/div>\n","protected":false},"excerpt":{"rendered":"<p>Sin honorarios a menos que ganemos. Llama al 866-352-9626 para una &#8230; <\/p>\n","protected":false},"author":3,"featured_media":0,"parent":0,"menu_order":0,"comment_status":"closed","ping_status":"closed","template":"template-practice-areas.php","meta":{"footnotes":""},"class_list":["post-22000","page","type-page","status-publish","hentry"],"featured_image_src":null,"featured_image_src_square":null,"_links":{"self":[{"href":"https:\/\/flaxmanlaw.com\/es\/wp-json\/wp\/v2\/pages\/22000","targetHints":{"allow":["GET"]}}],"collection":[{"href":"https:\/\/flaxmanlaw.com\/es\/wp-json\/wp\/v2\/pages"}],"about":[{"href":"https:\/\/flaxmanlaw.com\/es\/wp-json\/wp\/v2\/types\/page"}],"author":[{"embeddable":true,"href":"https:\/\/flaxmanlaw.com\/es\/wp-json\/wp\/v2\/users\/3"}],"replies":[{"embeddable":true,"href":"https:\/\/flaxmanlaw.com\/es\/wp-json\/wp\/v2\/comments?post=22000"}],"version-history":[{"count":0,"href":"https:\/\/flaxmanlaw.com\/es\/wp-json\/wp\/v2\/pages\/22000\/revisions"}],"wp:attachment":[{"href":"https:\/\/flaxmanlaw.com\/es\/wp-json\/wp\/v2\/media?parent=22000"}],"curies":[{"name":"wp","href":"https:\/\/api.w.org\/{rel}","templated":true}]}}