{"id":22002,"date":"2024-11-18T12:45:15","date_gmt":"2024-11-18T12:45:15","guid":{"rendered":"https:\/\/flaxmanlaw.wpenginepowered.com\/abuso-y-negligencia-en-residencias-de-ancianos-abogados-de-negligencia-de-ancianos-en-hollywood-florida\/"},"modified":"2025-08-26T03:09:27","modified_gmt":"2025-08-26T03:09:27","slug":"abuso-y-negligencia-en-residencias-de-ancianos-abogados-de-negligencia-de-ancianos-en-hollywood-florida","status":"publish","type":"page","link":"https:\/\/flaxmanlaw.com\/es\/abuso-y-negligencia-en-residencias-de-ancianos-abogados-de-negligencia-de-ancianos-en-hollywood-florida\/","title":{"rendered":"Abuso y negligencia en residencias de ancianos"},"content":{"rendered":"<div class=\"bodytext\">\n<h2>Abuso y negligencia en residencias de ancianos<\/h2>\n<div class=\"description\">\n<p>Las residencias de ancianos y los centros de atenci\u00f3n a mayores son entornos gestionados por profesionales, dise\u00f1ados para ayudar a los ancianos. Cuando una familia toma la dif\u00edcil decisi\u00f3n de ingresar a un ser querido en un centro de atenci\u00f3n a ancianos, suele hacerlo porque desea que el anciano reciba una atenci\u00f3n de mejor calidad que la que la familia puede proporcionarle. Por desgracia, cada a\u00f1o las familias tambi\u00e9n buscan un abogado especializado en abusos y negligencias en residencias de ancianos de Hollywood tras descubrir casos de negligencia y da\u00f1os.<\/p>\n<p>Es una situaci\u00f3n devastadora. Aunque algunos centros prestan una asistencia sol\u00edcita, cada a\u00f1o miles de ancianos son v\u00edctimas de abusos en centros de atenci\u00f3n a mayores y en residencias de ancianos. Esta victimizaci\u00f3n puede incluir abusos, negligencia y explotaci\u00f3n por parte de los mismos profesionales a los que se ha confiado la prestaci\u00f3n de una gran atenci\u00f3n. Los malos tratos y la negligencia en residencias de ancianos suelen aprovecharse de quienes son demasiado fr\u00e1giles y asustadizos para defenderse. Lamentablemente, el maltrato y la negligencia en residencias de ancianos suelen pasar desapercibidos para las familias y otras personas ajenas al hogar.<\/p>\n<p>Los 50 estados han aprobado alg\u00fan tipo de ley destinada a proteger a los ancianos que dependen de cuidadores. Sin embargo, para acceder a la ayuda legal, la mayor\u00eda de los ancianos residentes en centros necesitan ayuda. Muchos residentes de residencias de ancianos son vulnerables porque dependen de los cuidadores. Pueden dudar antes de denunciar los malos tratos o la negligencia causados por una residencia de ancianos. Corresponde a los familiares y amigos preocupados advertir los signos de da\u00f1o y ponerse en contacto con un abogado especializado en abusos y negligencias en residencias de ancianos de Hollywood si advierten que algo va mal.<\/p>\n<p>Los amigos y familiares que cuidan de una persona mayor maltratada pueden notar marcas o moratones en ella. En casos de negligencia, un anciano puede estar desnutrido, deshidratado o tener escaras sin tratar. Cualquiera que advierta signos de maltrato debe ponerse en contacto con las fuerzas del orden y con abogados cualificados de Florida. El Grupo Legal Flaxman tiene a\u00f1os de experiencia en la defensa de residentes de asilos de ancianos contra la negligencia y el abuso, y podemos actuar como defensores de tu ser querido.<\/p>\n<p>En muchos casos, cuando un residente de una residencia de ancianos sufre abusos o negligencias, suele haber tambi\u00e9n otras v\u00edctimas. Ponerse en contacto con un abogado especializado en abusos y negligencias en residencias de ancianos de Hollywood para pedir ayuda, puede ayudar realmente a que varios residentes eviten los abusos. Los abogados cualificados de Florida tambi\u00e9n pueden ayudar a tu ser querido a obtener asistencia. Los abogados pueden investigar la situaci\u00f3n, representar a tu ser querido ante los tribunales, asegurarse de que el anciano sea trasladado a un lugar seguro y garantizar que el superviviente de los abusos obtenga una indemnizaci\u00f3n que le ayude a conseguir el tratamiento y la ayuda que pueda necesitar.<\/p>\n<p><strong>Si crees que un familiar o amigo anciano est\u00e1 sufriendo malos tratos o negligencia en una residencia de ancianos, ponte en contacto con nosotros por Internet o ll\u00e1manos al 866-352-9626<\/strong>. Podemos programar una consulta gratuita y sin compromiso con un abogado de abuso y negligencia en asilos de ancianos en Hollywood o en tu comunidad, para explicarte lo que puedes hacer inmediatamente para ayudar. Los experimentados abogados de Florida del Grupo Legal Flaxman pueden ayudarle a comprender sus derechos y pueden mostrarle qu\u00e9 opciones tiene.<\/p>\n<\/div>\n<div class=\"subpageslist\">\n<ul>\n<li><a href=\"abuso y negligencia en residencias de ancianos durante el covid-19.html\">Abuso y negligencia en residencias de ancianos durante COVID-19<\/a><\/li>\n<li><a href=\"abuso en residencias de ancianos.html\">Abuso de ancianos<\/a><\/li>\n<li><a href=\"negligencia-enfermer\u00eda-casa.html\">Negligencia<\/a><\/li>\n<li><a href=\"tipos-de-lesiones-de-ancianos-accidentes.html\">Tipos de lesiones\/accidentes de ancianos<\/a><\/li>\n<li><a href=\"lugares-que-servimos.html\">Localidades a las que servimos<\/a><\/li>\n<li><a href=\"sentencias y acuerdos en casos de residencias de ancianos.html\">Veredictos y acuerdos en casos de residencias de ancianos<\/a><\/li>\n<li><a href=\"florida-enfermer\u00edas.html\">Residencias de ancianos en Florida<\/a><\/li>\n<\/ul>\n<\/div>\n<\/div>\n","protected":false},"excerpt":{"rendered":"<p>Sin honorarios a menos que ganemos. Llama al 866-352-9626 para una &#8230; <\/p>\n","protected":false},"author":3,"featured_media":0,"parent":0,"menu_order":0,"comment_status":"closed","ping_status":"closed","template":"template-practice-areas.php","meta":{"footnotes":""},"class_list":["post-22002","page","type-page","status-publish","hentry"],"featured_image_src":null,"featured_image_src_square":null,"_links":{"self":[{"href":"https:\/\/flaxmanlaw.com\/es\/wp-json\/wp\/v2\/pages\/22002","targetHints":{"allow":["GET"]}}],"collection":[{"href":"https:\/\/flaxmanlaw.com\/es\/wp-json\/wp\/v2\/pages"}],"about":[{"href":"https:\/\/flaxmanlaw.com\/es\/wp-json\/wp\/v2\/types\/page"}],"author":[{"embeddable":true,"href":"https:\/\/flaxmanlaw.com\/es\/wp-json\/wp\/v2\/users\/3"}],"replies":[{"embeddable":true,"href":"https:\/\/flaxmanlaw.com\/es\/wp-json\/wp\/v2\/comments?post=22002"}],"version-history":[{"count":0,"href":"https:\/\/flaxmanlaw.com\/es\/wp-json\/wp\/v2\/pages\/22002\/revisions"}],"wp:attachment":[{"href":"https:\/\/flaxmanlaw.com\/es\/wp-json\/wp\/v2\/media?parent=22002"}],"curies":[{"name":"wp","href":"https:\/\/api.w.org\/{rel}","templated":true}]}}