{"id":22006,"date":"2024-11-18T12:45:18","date_gmt":"2024-11-18T12:45:18","guid":{"rendered":"https:\/\/flaxmanlaw.wpenginepowered.com\/negligencia-en-residencias-asistidas-de-pompano-beach-abogados-de-abusos-en-residencias-asistidas-del-condado-de-broward\/"},"modified":"2024-11-18T12:45:18","modified_gmt":"2024-11-18T12:45:18","slug":"negligencia-en-residencias-asistidas-de-pompano-beach-abogados-de-abusos-en-residencias-asistidas-del-condado-de-broward","status":"publish","type":"page","link":"https:\/\/flaxmanlaw.com\/es\/negligencia-en-residencias-asistidas-de-pompano-beach-abogados-de-abusos-en-residencias-asistidas-del-condado-de-broward\/","title":{"rendered":"Negligencia en residencias asistidas de Pompano Beach | Abogados de abusos en residencias asistidas del condado de Broward"},"content":{"rendered":"<div class=\"bodytext\">\n<h2>Negligencia en residencias asistidas de Pompano Beach<\/h1><\/h2>\n<div class=\"description\">\n<p>Las negligencias en residencias asistidas y los abusos en residencias de ancianos de Pompano Beach y otras comunidades no deber\u00edan producirse nunca. Los centros de vida asistida y otros centros para quienes no pueden valerse por s\u00ed mismos deben ser lugares de refugio y refugios de compasi\u00f3n y atenci\u00f3n. Cuando los propietarios, los administradores y el personal abusan de sus cargos, todos sufren. No hay excusa para violar todas las normas que existen para proteger a los residentes m\u00e1s vulnerables de nuestro estado.   <\/p>\n<p>Si su familia ha sido afectada por negligencia en una vida asistida o por abuso de ancianos en Pompano Beach o en cualquier parte de Florida del Sur, contacte al Grupo Legal Flaxman al 866-352-9626. En una consulta gratuita y sin compromiso, los abogados de nuestra firma de servicios integrales pueden explorar sus opciones legales y pueden ayudarle a comprender si usted tiene un caso. Armado con esta informaci\u00f3n, usted podr\u00e1 entonces tomar decisiones sobre lo que es mejor para su familia.  <\/p>\n<p><strong class=\"heading4\">La negligencia en una residencia asistida en Pompano Beach provoca lesiones catastr\u00f3ficas<\/strong><\/p>\n<p>Las personas ingresadas en centros de vida asistida y residencias de ancianos suelen ser ya bastante fr\u00e1giles y vulnerables. Pueden padecer enfermedades que les dificulten cuidarse o comunicarse. Cuando sufren negligencia o malos tratos, pueden sufrir lesiones catastr\u00f3ficas, entre otras:  <\/p>\n<ul>\n<li>Ahogamientos<\/li>\n<li>Fracturas de cadera<\/li>\n<li>Laceraciones<\/li>\n<li>Fracturas<\/li>\n<li>Lesiones craneales y cerebrales<\/li>\n<li>Piojos, chinches y otras infestaciones<\/li>\n<li>\u00dalceras por presi\u00f3n<\/li>\n<li>Heridas infectadas<\/li>\n<li>Infecciones y gangrena<\/li>\n<li>Neumon\u00eda, bronquitis y otras enfermedades<\/li>\n<li>Deshidrataci\u00f3n y desnutrici\u00f3n<\/li>\n<li>Lesiones de m\u00e9dula espinal y espalda<\/li>\n<\/ul>\n<p>Aunque muchos centros de vida asistida y residencias de ancianos se esfuerzan por ofrecer una atenci\u00f3n de calidad, algunos son negligentes en el cuidado de sus residentes. Cuando esto ocurre, el resultado son graves consecuencias. Cada a\u00f1o, los ancianos y las personas internadas en residencias sufren graves complicaciones, riesgos para la salud e incluso mueren por negligencia y descuido.  <\/p>\n<p><strong class=\"heading4\">Es hora de enviar un mensaje contundente a quienes descuidan y maltratan a nuestros m\u00e1s vulnerables<\/strong><\/p>\n<p>Ha llegado el momento de luchar contra los malos tratos y la negligencia en residencias de ancianos, residencias asistidas y otros centros de asistencia. Si un ser querido ha sido v\u00edctima de abusos o negligencias -ya haya sufrido abusos econ\u00f3micos, sexuales, f\u00edsicos, emocionales o agresiones-, puedes defenderlo. Presentar una demanda civil o una demanda por lesiones personales en Pompano Beach o en tu comunidad env\u00eda un mensaje contundente a los propietarios y gestores de centros de vida asistida. Demuestra que estos residentes tienen voz y que no son tan vulnerables como la gente cree.   <\/p>\n<\/p><\/div>\n<\/p><\/div>\n","protected":false},"excerpt":{"rendered":"<p>Sin honorarios a menos que ganemos. Llama al 866-352-9626 para una &#8230; <\/p>\n","protected":false},"author":3,"featured_media":0,"parent":0,"menu_order":0,"comment_status":"closed","ping_status":"closed","template":"template-practice-areas.php","meta":{"footnotes":""},"class_list":["post-22006","page","type-page","status-publish","hentry"],"featured_image_src":null,"featured_image_src_square":null,"_links":{"self":[{"href":"https:\/\/flaxmanlaw.com\/es\/wp-json\/wp\/v2\/pages\/22006","targetHints":{"allow":["GET"]}}],"collection":[{"href":"https:\/\/flaxmanlaw.com\/es\/wp-json\/wp\/v2\/pages"}],"about":[{"href":"https:\/\/flaxmanlaw.com\/es\/wp-json\/wp\/v2\/types\/page"}],"author":[{"embeddable":true,"href":"https:\/\/flaxmanlaw.com\/es\/wp-json\/wp\/v2\/users\/3"}],"replies":[{"embeddable":true,"href":"https:\/\/flaxmanlaw.com\/es\/wp-json\/wp\/v2\/comments?post=22006"}],"version-history":[{"count":0,"href":"https:\/\/flaxmanlaw.com\/es\/wp-json\/wp\/v2\/pages\/22006\/revisions"}],"wp:attachment":[{"href":"https:\/\/flaxmanlaw.com\/es\/wp-json\/wp\/v2\/media?parent=22006"}],"curies":[{"name":"wp","href":"https:\/\/api.w.org\/{rel}","templated":true}]}}