{"id":22007,"date":"2024-11-18T12:45:09","date_gmt":"2024-11-18T12:45:09","guid":{"rendered":"https:\/\/flaxmanlaw.wpenginepowered.com\/defensa-de-la-seguridad-en-moto-abogados-de-accidentes-de-moto-en-hollywood-florida\/"},"modified":"2024-11-18T12:45:09","modified_gmt":"2024-11-18T12:45:09","slug":"defensa-de-la-seguridad-en-moto-abogados-de-accidentes-de-moto-en-hollywood-florida","status":"publish","type":"page","link":"https:\/\/flaxmanlaw.com\/es\/defensa-de-la-seguridad-en-moto-abogados-de-accidentes-de-moto-en-hollywood-florida\/","title":{"rendered":"Defensa de la seguridad en moto | Abogados de accidentes de moto en Hollywood, Florida"},"content":{"rendered":"<div class=\"bodytext\">\n<h2>Defensa de la seguridad de las motocicletas<\/h1><\/h2>\n<div class=\"description\">\n<p>Hay muchas organizaciones que abogan por la seguridad de las motocicletas. Grupos como Advocates for Highway &amp; Auto Safety, la Oficina de Seguridad del Tr\u00e1fico del Departamento de Transporte de Florida, la Asociaci\u00f3n de Gobernadores para la Seguridad en las Carreteras y otras organizaciones trabajan duro para concienciar sobre los problemas de seguridad de las motocicletas. Algunos de estos grupos tambi\u00e9n dirigen campa\u00f1as educativas y ponen recursos a disposici\u00f3n del p\u00fablico, mientras que otros desempe\u00f1an un papel m\u00e1s activo intentando cambiar la legislaci\u00f3n para reducir el n\u00famero de <a href=\"accidentes-motos.html\">accidentes de moto<\/a> en Miami y en todo Florida.  <\/p>\n<p>Si has sufrido lesiones en un <a href=\"accidentes-coche.html\">accidente de<\/a> tr\u00e1fico o <a href=\"accidentes-coche.html\">de coche<\/a> relacionado con una motocicleta en Miami o en cualquier lugar del sur de Florida, querr\u00e1s hablar con un abogado local especializado <a href=\"lesiones-personales.html\">en lesiones personales<\/a> antes de tomar ninguna decisi\u00f3n sobre tu caso. Si tu accidente fue causado por la imprudencia o negligencia de alguien, puedes tener derecho a una indemnizaci\u00f3n por tus lesiones. La indemnizaci\u00f3n puede ayudarte a pagar los gastos m\u00e9dicos, los gastos de transporte, los gastos de reparaci\u00f3n de la motocicleta, las facturas m\u00e9dicas y otros gastos relacionados con tu accidente. Puedes contactar con el <a href=\"index.html\">Grupo Legal Flaxman<\/a> en cualquier momento para concertar una consulta gratuita sobre accidentes con un abogado de lesiones personales para hablar sobre tu situaci\u00f3n y tu caso. Tu consulta gratuita sobre accidentes es una oportunidad para que hables de tu situaci\u00f3n y para que conozcas tus derechos.    <\/p>\n<p><strong class=\"heading4\">C\u00f3mo pueden ayudar las reclamaciones judiciales a la defensa<\/strong><\/p>\n<p>El camino para implicarse en la defensa puede ser muy variado. Muchas v\u00edctimas de accidentes de moto en Miami y en todo el sur de Florida se implican por primera vez en la defensa de la seguridad de las motos despu\u00e9s de sufrir ellas mismas lesiones. Tras sufrir su lesi\u00f3n, se dan cuenta de c\u00f3mo los problemas de seguridad pueden afectar a la seguridad de los motoristas de todo el estado. En muchos casos, las v\u00edctimas comienzan su defensa presentando una demanda judicial. Presentar una reclamaci\u00f3n legal a trav\u00e9s de un abogado de lesiones personales en Miami o Florida es un primer paso importante, ya que hace responsables de sus actos a quienes infringen las leyes de seguridad. En muchos casos, la gente hace cambios importantes en su forma de conducir motocicletas si se les responsabiliza de sus actos mediante una reclamaci\u00f3n legal. Un abogado de lesiones personales tambi\u00e9n puede ayudarte a encontrar recursos en tu zona e incluso grupos de defensa en caso de que desees llevar tu defensa m\u00e1s lejos.      <\/p>\n<p><strong class=\"heading4\">Implicarse en la defensa de los derechos de los motoristas en Miami o en tu comunidad del sur de Florida<\/strong><\/p>\n<p>Un abogado puede investigar el accidente, ayudarte a comprender tus derechos y revisar las ofertas de las aseguradoras. Un abogado experimentado en lesiones personales en Miami tambi\u00e9n puede negociar con las compa\u00f1\u00edas de seguros e incluso ayudarte a conseguir recursos que puedan ayudarte en el camino hacia la recuperaci\u00f3n. Tu abogado de lesiones personales es un recurso importante para ti cuando inicies el camino de la recuperaci\u00f3n.  <\/p>\n<p>Si usted ha resultado lesionado en un accidente de motocicleta o de tr\u00e1fico en Miami o en cualquier parte de Florida del Sur, puede contactar al Grupo Legal Flaxman en cualquier momento para programar una consulta gratuita y sin compromiso para hablar sobre su caso. Las l\u00edneas telef\u00f3nicas del Grupo Legal Flaxman est\u00e1n atendidas las 24 horas del d\u00eda, los siete d\u00edas de la semana, facilit\u00e1ndole <a href=\"contacta con nosotros.html\">contactar a<\/a> alguien cuando lo necesite. El Grupo Legal Flaxman tambi\u00e9n cuenta con tres oficinas convenientemente ubicadas en Florida del Sur, incluyendo una oficina en Miami, para su conveniencia.  <\/p>\n<\/div>\n<div class=\"subpageslist\">\n<ul> <\/ul>\n<\/p><\/div>\n<\/p><\/div>\n","protected":false},"excerpt":{"rendered":"<p>Sin honorarios a menos que ganemos. Llama al 866-352-9626 para una &#8230; <\/p>\n","protected":false},"author":3,"featured_media":0,"parent":0,"menu_order":0,"comment_status":"closed","ping_status":"closed","template":"template-practice-areas.php","meta":{"footnotes":""},"class_list":["post-22007","page","type-page","status-publish","hentry"],"featured_image_src":null,"featured_image_src_square":null,"_links":{"self":[{"href":"https:\/\/flaxmanlaw.com\/es\/wp-json\/wp\/v2\/pages\/22007","targetHints":{"allow":["GET"]}}],"collection":[{"href":"https:\/\/flaxmanlaw.com\/es\/wp-json\/wp\/v2\/pages"}],"about":[{"href":"https:\/\/flaxmanlaw.com\/es\/wp-json\/wp\/v2\/types\/page"}],"author":[{"embeddable":true,"href":"https:\/\/flaxmanlaw.com\/es\/wp-json\/wp\/v2\/users\/3"}],"replies":[{"embeddable":true,"href":"https:\/\/flaxmanlaw.com\/es\/wp-json\/wp\/v2\/comments?post=22007"}],"version-history":[{"count":0,"href":"https:\/\/flaxmanlaw.com\/es\/wp-json\/wp\/v2\/pages\/22007\/revisions"}],"wp:attachment":[{"href":"https:\/\/flaxmanlaw.com\/es\/wp-json\/wp\/v2\/media?parent=22007"}],"curies":[{"name":"wp","href":"https:\/\/api.w.org\/{rel}","templated":true}]}}