{"id":22011,"date":"2024-11-18T12:45:09","date_gmt":"2024-11-18T12:45:09","guid":{"rendered":"https:\/\/flaxmanlaw.wpenginepowered.com\/accidentes-de-motocicleta-hollywood-florida-abogados-de-lesiones-de-motocicleta\/"},"modified":"2024-11-18T12:45:09","modified_gmt":"2024-11-18T12:45:09","slug":"accidentes-de-motocicleta-hollywood-florida-abogados-de-lesiones-de-motocicleta","status":"publish","type":"page","link":"https:\/\/flaxmanlaw.com\/es\/accidentes-de-motocicleta-hollywood-florida-abogados-de-lesiones-de-motocicleta\/","title":{"rendered":"Accidentes de Motocicleta | Hollywood, Florida Abogados de Lesiones de Motocicleta"},"content":{"rendered":"<div class=\"bodytext\">\n<h2>Accidentes de moto<\/h1><\/h2>\n<div class=\"description\">\n<p>Cuando los sobrevivientes de accidentes de motocicleta contactan al Grupo Legal Flaxman para hablar con un abogado de lesiones por accidente de motocicleta en nuestras oficinas de Hollywood, Homestead, o Miami, a menudo est\u00e1n lidiando con lesiones catastr\u00f3ficas. Muchos sobrevivientes dicen a nuestro equipo legal que sus vidas cambiaron en s\u00f3lo un segundo durante su choque. Nuestro objetivo en estas situaciones es ofrecer una consulta gratuita sobre accidentes para que el motociclista lesionado tenga la oportunidad de hacer preguntas y obtener informaci\u00f3n sobre si tiene una demanda. Cuando el Grupo Legal Flaxman representa a un motociclista lesionado, ponemos nuestros recursos a trabajar para buscar una compensaci\u00f3n justa y ofrecer apoyo a nuestro cliente.   <\/p>\n<p><iframe src=\"https:\/\/www.youtube.com\/embed\/oRmwlhNoXUo?rel=0&amp;showinfo=0&amp;autohide=1&amp;modestbranding=1\" allowfullscreen=\"\" width=\"430\" height=\"242\" frameborder=\"0\"><\/iframe><\/p>\n<p>Por desgracia, muchos motoristas de Florida acaban necesitando ayuda. En 2006, Florida tuvo la desafortunada distinci\u00f3n de encabezar el pa\u00eds en accidentes de moto. Seg\u00fan la Administraci\u00f3n Nacional de Tr\u00e1fico y Seguridad en Carretera (NHTSA), ese a\u00f1o hubo 562 muertes de motoristas en todo el estado. Los accidentes en los que se ven implicadas motocicletas suelen incluir coches, aunque algunos accidentes de motocicleta implican el choque de una sola moto.   <\/p>\n<p><strong class=\"heading4\">  \u00bfQu\u00e9 tipo de lesiones son frecuentes en los accidentes de moto?  <\/strong><\/p>\n<p><img decoding=\"async\" src=\"photos\/motorcycle.jpg\" alt=\"accidente de moto\" class=\"leftphoto\">  Los accidentes entre moto y coche son especialmente tr\u00e1gicos porque un motorista tiene pocas posibilidades contra un coche. Mientras que el conductor suele estar protegido del impacto dentro del coche, el motorista puede ser golpeado directamente por el coche o puede salir despedido de la moto a cierta distancia. Como resultado, muchos accidentes de moto tienen un \u00edndice de lesiones especialmente alto. Las fracturas \u00f3seas, un alto \u00edndice de v\u00edctimas mortales, <a href=\"lesiones de la columna vertebral.html\">lesiones medulares<\/a>, <a href=\"lesiones cerebrales.html\">lesiones cerebrales<\/a> y otras lesiones permanentes son frecuentes en los accidentes de moto.   <\/p>\n<p><strong class=\"heading4\">  \u00bfQu\u00e9 leyes de Florida pueden afectar a mi accidente de moto?  <\/strong><\/p>\n<p>Florida tiene leyes para proteger a los motoristas. Todos los motoristas menores de 21 a\u00f1os deben llevar casco y todos los conductores mayores de 21 deben tener un seguro m\u00e9dico de al menos 10.000 $ si deciden no llevarlo. Los cascos pueden reducir hasta en un 40% las lesiones cerebrales que causan la muerte. Adem\u00e1s de las leyes sobre el casco, los motociclistas de Florida que conduzcan una motocicleta con un motor de 50 cc o m\u00e1s deben tener un permiso de motocicleta o deben tener una anotaci\u00f3n de motocicleta en su permiso de conducir. Los motoristas menores de 21 a\u00f1os deben hacer un curso de seguridad de motocicletas para obtener el carn\u00e9 o la anotaci\u00f3n, mientras que los conductores mayores deben aprobar al menos un examen de seguridad para obtener el carn\u00e9.    <\/p>\n<p>Los motoristas de Florida est\u00e1n obligados a tener un seguro de lesiones personales. Sin embargo, los motoristas pueden optar por contratar tambi\u00e9n un seguro adicional, ya que los motoristas pueden ser considerados responsables de los da\u00f1os personales y materiales causados por un accidente de moto. Florida es un estado de \u00abculpa comparativa\u00bb, por lo que se determina la culpa para determinar la responsabilidad econ\u00f3mica.  <\/p>\n<p><strong class=\"heading4\">  \u00bfQu\u00e9 puede hacer por m\u00ed un abogado experto en accidentes de moto en Hollywood?  <\/strong><\/p>\n<p>Dado que Florida es un estado de \u00abculpa comparativa\u00bb, es esencial hablar con un abogado cualificado de Florida tras un accidente de moto. Un abogado puede trabajar con los investigadores para determinar si la fatiga del conductor, la velocidad, el abuso de sustancias, el tiempo, las condiciones de la carretera, los defectos de la motocicleta u otros factores fueron causa de un accidente de moto. Un buen abogado puede protegerte de aceptar la responsabilidad cuando otros factores contribuyeron al accidente.  <\/p>\n<p>Si usted ha sufrido un accidente de motocicleta en Miami, Hollywood, Homestead, o en el \u00e1rea circundante de Florida del Sur, necesita un abogado calificado y experimentado en accidentes de motocicleta en Florida del Sur. Puedes <a href=\"contacta con nosotros.html\">contactar<\/a> al experimentado equipo legal del Grupo Legal Flaxman llamando al 1 866 Flaxman. (1 866 352 9626). Nuestros compasivos abogados de lesiones personales en Florida del Sur cuentan con una extensa experiencia en el manejo exitoso de casos de accidentes de motocicleta.   <\/p>\n<\/div>\n<div class=\"subpageslist\">\n<ul>\n<li><a href=\"fl-ley-casco.html\">Ley del Casco de FL<\/a><\/li>\n<li><a href=\"fl-ley-de-motos.html\">Ley de Motocicletas de FL<\/a><\/li>\n<li><a href=\"accidentes al volante en estado de embriaguez.html\">Accidentes por conducir bajo los efectos del alcohol<\/a><\/li>\n<li><a href=\"visibilidad limitada-accidentes-moto.html\">Accidentes de moto con visibilidad limitada<\/a><\/li>\n<li><a href=\"incidentes-motociclistas-locales-y-c\u00f3mo-se-integran-en-accidentes.html\">Eventos locales de motos y c\u00f3mo se relacionan con los accidentes<\/a><\/li>\n<li><a href=\"perder-control-en-las-vueltas.html\">Perder el control en los giros<\/a><\/li>\n<li><a href=\"accidentes de moto-maniobrabilidad.html\">Accidentes de Maniobra en Moto  <\/a><\/li>\n<li><a href=\"defensa-seguridad-motocicleta.html\">Defensa de la seguridad de las motocicletas<\/a><\/li>\n<li><a href=\"experiencia en carretera.html\">Experiencia en carretera<\/a><\/li>\n<li><a href=\"accidentes por alcance trasero.html\">Accidentes por alcance<\/a><\/li>\n<li><a href=\"derecho de paso-violaciones.html\">Infracciones del derecho de paso<\/a><\/li>\n<li><a href=\"lesiones-graves-causadas-por-accidentes-moto.html\">Lesiones graves causadas por accidentes de moto<\/a><\/li>\n<li><a href=\"accidentes-de-una-motocicleta-atropella-un-objeto-estacionario.html\">Accidentes de una sola moto (la moto choca contra un objeto inm\u00f3vil)<\/a><\/li>\n<li><a href=\"tipos-de-motocicletas-motor-capacidad-y-accidentes.html\">Tipos de motocicletas\/capacidad motriz y accidentes<\/a><\/li>\n<li><a href=\"accidentes por cambio de carril inseguro.html\">Accidentes por cambio de carril inseguro<\/a><\/li>\n<li><a href=\"qu\u00e9 hacer tras un accidente de moto.html\">\u00bfQu\u00e9 hacer tras un accidente de moto?<\/a><\/li>\n<\/ul><\/div>\n<\/p><\/div>\n","protected":false},"excerpt":{"rendered":"<p>Sin honorarios a menos que ganemos. Llama al 866-352-9626 para una &#8230; <\/p>\n","protected":false},"author":3,"featured_media":0,"parent":0,"menu_order":0,"comment_status":"closed","ping_status":"closed","template":"template-practice-areas.php","meta":{"footnotes":""},"class_list":["post-22011","page","type-page","status-publish","hentry"],"featured_image_src":null,"featured_image_src_square":null,"_links":{"self":[{"href":"https:\/\/flaxmanlaw.com\/es\/wp-json\/wp\/v2\/pages\/22011","targetHints":{"allow":["GET"]}}],"collection":[{"href":"https:\/\/flaxmanlaw.com\/es\/wp-json\/wp\/v2\/pages"}],"about":[{"href":"https:\/\/flaxmanlaw.com\/es\/wp-json\/wp\/v2\/types\/page"}],"author":[{"embeddable":true,"href":"https:\/\/flaxmanlaw.com\/es\/wp-json\/wp\/v2\/users\/3"}],"replies":[{"embeddable":true,"href":"https:\/\/flaxmanlaw.com\/es\/wp-json\/wp\/v2\/comments?post=22011"}],"version-history":[{"count":0,"href":"https:\/\/flaxmanlaw.com\/es\/wp-json\/wp\/v2\/pages\/22011\/revisions"}],"wp:attachment":[{"href":"https:\/\/flaxmanlaw.com\/es\/wp-json\/wp\/v2\/media?parent=22011"}],"curies":[{"name":"wp","href":"https:\/\/api.w.org\/{rel}","templated":true}]}}