{"id":22014,"date":"2024-11-18T12:45:09","date_gmt":"2024-11-18T12:45:09","guid":{"rendered":"https:\/\/flaxmanlaw.wpenginepowered.com\/prescripciones-multiples-dadas-en-combinaciones-inapropiadas-abogados-de-negligencia-medica-en-hollywood-florida\/"},"modified":"2024-11-18T12:45:09","modified_gmt":"2024-11-18T12:45:09","slug":"prescripciones-multiples-dadas-en-combinaciones-inapropiadas-abogados-de-negligencia-medica-en-hollywood-florida","status":"publish","type":"page","link":"https:\/\/flaxmanlaw.com\/es\/prescripciones-multiples-dadas-en-combinaciones-inapropiadas-abogados-de-negligencia-medica-en-hollywood-florida\/","title":{"rendered":"Prescripciones M\u00faltiples Dadas En Combinaciones Inapropiadas | Abogados de Negligencia M\u00e9dica en Hollywood, Florida"},"content":{"rendered":"<div class=\"bodytext\">\n<h2>Prescripciones m\u00faltiples dadas en combinaciones inapropiadas<\/h1><\/h2>\n<div class=\"description\">\n<p>Algunos medicamentos requieren receta porque pueden causar reacciones al\u00e9rgicas en algunos pacientes o efectos secundarios graves para algunos usuarios. Todos los medicamentos de venta con receta causan algunas interacciones con otros medicamentos y todos ellos pueden causar efectos secundarios graves. Cuantos m\u00e1s f\u00e1rmacos o medicamentos con receta tome un paciente, mayor ser\u00e1 el riesgo de reacciones al\u00e9rgicas e interacciones. Es importante que pacientes, m\u00e9dicos y farmac\u00e9uticos colaboren para reducir el riesgo de interacciones peligrosas.   <\/p>\n<p>Si crees que has sufrido una lesi\u00f3n grave por negligencia m\u00e9dica o error farmac\u00e9utico en Miami o el sur de Florida, tienes opciones. Cada vez que sufras una reacci\u00f3n al\u00e9rgica grave a un medicamento recetado o sufras una reacci\u00f3n adversa, es importante que te pongas en contacto con tu farmac\u00e9utico y tu m\u00e9dico de inmediato y que dejes de utilizar el medicamento recetado hasta nuevo aviso. Tambi\u00e9n querr\u00e1s recibir atenci\u00f3n m\u00e9dica inmediata. Sin embargo, tambi\u00e9n querr\u00e1s ponerte en contacto con un abogado de lesiones personales de Miami o de tu comunidad para proteger tus derechos legales. Si tus lesiones fueron causadas por una negligencia m\u00e9dica, puedes solicitar una indemnizaci\u00f3n que te ayude a pagar los gastos m\u00e9dicos, la p\u00e9rdida de ingresos y otros gastos. Para obtener m\u00e1s detalles, contacta hoy mismo con el Grupo Legal Flaxman para una consulta gratuita sobre accidentes.     <\/p>\n<p><strong class=\"heading4\">Interacciones medicamentosas en Miami y Florida<\/strong><\/p>\n<p>Cuando tomas varios medicamentos para una enfermedad, pueden ocurrir varias cosas. Puedes tener m\u00e1s riesgo de sufrir reacciones al\u00e9rgicas graves. Puede haber interacciones inesperadas entre medicamentos que pueden perjudicarte gravemente. En algunos casos, los pacientes sufren convulsiones, problemas respiratorios o incluso lesiones mortales debido a interacciones farmacol\u00f3gicas inesperadas.   <\/p>\n<p>Las interacciones medicamentosas pueden producirse por varias razones. En algunos casos, los fabricantes de medicamentos no prueban correctamente sus productos ni informan de todas las posibles interacciones farmacol\u00f3gicas de sus productos. En estos casos, si sufres lesiones, es posible que puedas presentar una demanda por responsabilidad civil por productos defectuosos en Miami o en tu comunidad para exigir responsabilidades al fabricante del medicamento.  <\/p>\n<p><strong class=\"heading4\">\u00bfDemanda por negligencia m\u00e9dica en Miami o en tu ciudad?<\/strong><\/p>\n<p>Las interacciones entre medicamentos tambi\u00e9n pueden producirse porque los profesionales m\u00e9dicos -incluidos farmac\u00e9uticos y m\u00e9dicos- no comprueban las posibles interacciones entre medicamentos antes de dispensarlos. En estos casos, puedes presentar una demanda por negligencia m\u00e9dica en Miami o en tu comunidad, u otro tipo de demanda por lesiones personales. <\/p>\n<p>Si usted ha sufrido lesiones debido a un error de medicaci\u00f3n, negligencia m\u00e9dica, o diagn\u00f3stico err\u00f3neo en Miami o en cualquier comunidad de Florida del Sur, contacte al Grupo Legal Flaxman para hablar sobre su caso. Usted podr\u00eda presentar una demanda por lesiones personales para buscar una compensaci\u00f3n por sus lesiones. El personal jur\u00eddico del Grupo Legal Flaxman cuenta con m\u00e1s de dos d\u00e9cadas y media de experiencia en las cortes de Florida del Sur. Han ayudado a recuperar m\u00e1s de $25 millones de d\u00f3lares a favor de miles de demandantes. El Grupo Legal Flaxman lucha agresivamente por los derechos de los demandantes y ha trabajado con v\u00edctimas de lesiones de todas las clases sociales. Para saber si tienes una demanda y para averiguar c\u00f3mo puede ayudarte el Grupo Legal Flaxman, <a href=\"contacta con nosotros.html\">contacta<\/a> hoy mismo <a href=\"contacta con nosotros.html\">con el bufete<\/a> llamando al 866-352-9626 o visitando el sitio web del bufete.     <\/p>\n<\/div>\n<div class=\"subpageslist\">\n<ul> <\/ul>\n<\/p><\/div>\n<\/p><\/div>\n","protected":false},"excerpt":{"rendered":"<p>Sin honorarios a menos que ganemos. Llama al 866-352-9626 para una &#8230; <\/p>\n","protected":false},"author":3,"featured_media":0,"parent":0,"menu_order":0,"comment_status":"closed","ping_status":"closed","template":"template-practice-areas.php","meta":{"footnotes":""},"class_list":["post-22014","page","type-page","status-publish","hentry"],"featured_image_src":null,"featured_image_src_square":null,"_links":{"self":[{"href":"https:\/\/flaxmanlaw.com\/es\/wp-json\/wp\/v2\/pages\/22014","targetHints":{"allow":["GET"]}}],"collection":[{"href":"https:\/\/flaxmanlaw.com\/es\/wp-json\/wp\/v2\/pages"}],"about":[{"href":"https:\/\/flaxmanlaw.com\/es\/wp-json\/wp\/v2\/types\/page"}],"author":[{"embeddable":true,"href":"https:\/\/flaxmanlaw.com\/es\/wp-json\/wp\/v2\/users\/3"}],"replies":[{"embeddable":true,"href":"https:\/\/flaxmanlaw.com\/es\/wp-json\/wp\/v2\/comments?post=22014"}],"version-history":[{"count":0,"href":"https:\/\/flaxmanlaw.com\/es\/wp-json\/wp\/v2\/pages\/22014\/revisions"}],"wp:attachment":[{"href":"https:\/\/flaxmanlaw.com\/es\/wp-json\/wp\/v2\/media?parent=22014"}],"curies":[{"name":"wp","href":"https:\/\/api.w.org\/{rel}","templated":true}]}}