{"id":22016,"date":"2024-11-18T12:45:09","date_gmt":"2024-11-18T12:45:09","guid":{"rendered":"https:\/\/flaxmanlaw.wpenginepowered.com\/velocidad-de-los-vehiculos-a-motor-abogados-de-accidentes-de-trafico-en-hollywood-florida\/"},"modified":"2025-12-04T03:59:34","modified_gmt":"2025-12-04T03:59:34","slug":"velocidad-de-los-vehiculos-a-motor-abogados-de-accidentes-de-trafico-en-hollywood-florida","status":"publish","type":"page","link":"https:\/\/flaxmanlaw.com\/es\/velocidad-de-los-vehiculos-a-motor-abogados-de-accidentes-de-trafico-en-hollywood-florida\/","title":{"rendered":"Velocidad de los veh\u00edculos de motor"},"content":{"rendered":"<div class=\"bodytext\">\n<h2>Velocidad de los veh\u00edculos de motor<\/h2>\n<div class=\"description\">\n<p>Todas las carreteras de Hollywood y Florida tienen l\u00edmites de velocidad claramente indicados y se espera que los conductores los respeten. Los l\u00edmites de velocidad no son aleatorios; los seleccionan cuidadosamente equipos de ingenieros y dise\u00f1adores municipales. Cuando se eligen estos l\u00edmites, los expertos tienen en cuenta el tr\u00e1fico presente en la carretera, as\u00ed como su dise\u00f1o y uso. En muchos casos, tambi\u00e9n eval\u00faan las velocidades actuales a lo largo de la carretera para encontrar la velocidad m\u00e1xima m\u00e1s segura para cada zona. Cuando los conductores desobedecen las se\u00f1ales colocadas, aumentan considerablemente el riesgo de colisi\u00f3n.<\/p>\n<p>Si t\u00fa o alguien de tu familia se ha visto involucrado en un choque y ha sufrido lesiones, contacta al Grupo Legal Flaxman para recibir asesor\u00eda legal honesta y compasiva sobre tu situaci\u00f3n. En una consulta gratuita sobre accidentes, un miembro de nuestro bufete puede ayudarte a comprender tus derechos y puede evaluar si tienes una demanda. No dejes que las preocupaciones sobre el futuro afecten a tu recuperaci\u00f3n. Contacta con el Grupo Legal Flaxman para recibir asesor\u00eda y representaci\u00f3n legal en cualquier momento.<\/p>\n<p><strong class=\"heading4\">Lesiones por exceso de velocidad<\/strong><\/p>\n<p>El exceso de velocidad aumenta la fuerza de un accidente, de modo que cuando los accidentes implican velocidades m\u00e1s altas, es m\u00e1s probable que provoquen lesiones graves, como:<\/p>\n<ul>\n<li>Lesi\u00f3n medular<\/li>\n<li>Traumatismo cerebral<\/li>\n<li>Fracturas o aplastamiento de huesos<\/li>\n<li>Quemaduras<\/li>\n<li>Lesiones de espalda y cuello<\/li>\n<li>Latigazo cervical y lesiones de tejidos blandos<\/li>\n<li>P\u00e9rdida de audici\u00f3n o de visi\u00f3n<\/li>\n<li>Amputaciones<\/li>\n<li>Paraplejia y tetraplejia<\/li>\n<li>Fallecidos<\/li>\n<\/ul>\n<p>Cuando un veh\u00edculo que circula a gran velocidad choca contra otro veh\u00edculo o contra un objeto inm\u00f3vil, la fuerza del choque puede provocar una fuga de combustible o un incendio, un vuelco o incluso puede hacer que un veh\u00edculo quede aplastado con los pasajeros dentro. Estos tipos de colisiones a alta velocidad tienen m\u00e1s probabilidades de provocar incendios o rescates dram\u00e1ticos que requieren personal de emergencia y equipos especializados.<\/p>\n<p><strong class=\"heading4\">C\u00f3mo el exceso de velocidad conduce al desastre<\/strong><\/p>\n<p>El exceso de velocidad puede ser un gran problema, y puede provocar colisiones por varias razones:<\/p>\n<ul>\n<li>El exceso de velocidad reduce los tiempos de respuesta, por lo que un conductor puede no tener tiempo suficiente para evitar una colisi\u00f3n<\/li>\n<li>El exceso de velocidad aumenta la diferencia de velocidad entre un coche y los coches que le rodean, lo que, seg\u00fan las investigaciones, puede provocar colisiones<\/li>\n<li>El aumento de velocidad puede provocar fallos mec\u00e1nicos<\/li>\n<li>Las velocidades m\u00e1s altas pueden aumentar la presi\u00f3n sobre los sistemas del coche, lo que puede provocar reventones de neum\u00e1ticos y otros problemas mec\u00e1nicos.<\/li>\n<li>El exceso de velocidad puede hacer que un conductor pierda el control de su coche<\/li>\n<\/ul>\n<p>El exceso de velocidad es peligroso en casi cualquier situaci\u00f3n. Incluso puede provocar colisiones de un solo veh\u00edculo. Un conductor puede ir a toda velocidad por una autopista sin otros coches a su alrededor y perder el control de su coche debido a la velocidad excesiva, para acabar chocando contra un \u00e1rbol o un poste telef\u00f3nico. El exceso de velocidad tambi\u00e9n puede provocar colisiones en cadena. Si un conductor circula con exceso de velocidad y choca por detr\u00e1s con otro coche, la velocidad puede generar fuerza suficiente para empujar el coche golpeado contra el resto del tr\u00e1fico, provocando m\u00faltiples puntos de impacto en una colisi\u00f3n tr\u00e1gica.<\/p>\n<p>Si has sufrido lesiones debido a un choque automovil\u00edstico causado por exceso de velocidad, no dudes en <a href=\"contacta con nosotros.html\">contactar<\/a> al accesible y atento equipo legal del Grupo Legal Flaxman para una consulta gratuita sobre accidentes. Tu consulta gratuita sobre accidentes es tu oportunidad de obtener consejo imparcial y orientaci\u00f3n legal sin coste ni compromiso.<\/p>\n<\/div>\n<div class=\"subpageslist\"><\/div>\n<\/div>\n","protected":false},"excerpt":{"rendered":"<p>Sin honorarios a menos que ganemos. Llama al 866-352-9626 para una &#8230; <\/p>\n","protected":false},"author":3,"featured_media":0,"parent":0,"menu_order":0,"comment_status":"closed","ping_status":"closed","template":"template-practice-areas.php","meta":{"footnotes":""},"class_list":["post-22016","page","type-page","status-publish","hentry"],"featured_image_src":null,"featured_image_src_square":null,"_links":{"self":[{"href":"https:\/\/flaxmanlaw.com\/es\/wp-json\/wp\/v2\/pages\/22016","targetHints":{"allow":["GET"]}}],"collection":[{"href":"https:\/\/flaxmanlaw.com\/es\/wp-json\/wp\/v2\/pages"}],"about":[{"href":"https:\/\/flaxmanlaw.com\/es\/wp-json\/wp\/v2\/types\/page"}],"author":[{"embeddable":true,"href":"https:\/\/flaxmanlaw.com\/es\/wp-json\/wp\/v2\/users\/3"}],"replies":[{"embeddable":true,"href":"https:\/\/flaxmanlaw.com\/es\/wp-json\/wp\/v2\/comments?post=22016"}],"version-history":[{"count":0,"href":"https:\/\/flaxmanlaw.com\/es\/wp-json\/wp\/v2\/pages\/22016\/revisions"}],"wp:attachment":[{"href":"https:\/\/flaxmanlaw.com\/es\/wp-json\/wp\/v2\/media?parent=22016"}],"curies":[{"name":"wp","href":"https:\/\/api.w.org\/{rel}","templated":true}]}}