{"id":22021,"date":"2024-11-18T12:45:09","date_gmt":"2024-11-18T12:45:09","guid":{"rendered":"https:\/\/flaxmanlaw.wpenginepowered.com\/accidentes-por-cambio-imprudente-de-carril-en-miramar-abogados-de-accidentes-de-trafico-en-el-condado-de-broward\/"},"modified":"2024-11-18T12:45:09","modified_gmt":"2024-11-18T12:45:09","slug":"accidentes-por-cambio-imprudente-de-carril-en-miramar-abogados-de-accidentes-de-trafico-en-el-condado-de-broward","status":"publish","type":"page","link":"https:\/\/flaxmanlaw.com\/es\/accidentes-por-cambio-imprudente-de-carril-en-miramar-abogados-de-accidentes-de-trafico-en-el-condado-de-broward\/","title":{"rendered":"Accidentes por cambio imprudente de carril en Miramar | Abogados de accidentes de tr\u00e1fico en el condado de Broward"},"content":{"rendered":"<div class=\"bodytext\">\n<h2>Accidentes por Cambio de Carril Inseguro en Miramar<\/h1><\/h2>\n<div class=\"description\">\n<p>Los accidentes de tr\u00e1fico por cambio inseguro de carril pueden ocurrir en casi cualquier sitio. A menudo ocurren justo antes de una intersecci\u00f3n, cuando los conductores intentan colocarse en el carril correcto para hacer un giro. Tambi\u00e9n suelen ocurrir en autopistas, donde los conductores pueden estar intentando adelantar a veh\u00edculos que circulan m\u00e1s despacio y pueden ser negligentes al cambiar de carril o adelantar. Sin embargo, los cambios de carril inseguros pueden producirse en las calles de la ciudad, en las urbanizaciones, en los suburbios y en casi cualquier tipo de situaci\u00f3n de conducci\u00f3n. Cada vez que alguien intenta adelantar a un veh\u00edculo o cambiar de carril sin comprobar si hay tr\u00e1fico en sentido contrario o sin tomar otras sencillas precauciones necesarias para conducir con seguridad, puede producirse un accidente grave.    <\/p>\n<p>Si t\u00fa o un ser querido hab\u00e9is resultado heridos en un grave accidente de tr\u00e1fico en Miramar o en tu comunidad, es posible que tengas dudas legales y que te preocupen tus finanzas. Puede preocuparte, por ejemplo, si el dinero del seguro cubrir\u00e1 el costo total de tus lesiones y puede preocuparte tu futuro. A los abogados del Grupo Legal Flaxman les gustar\u00eda ayudarte. Nuestro bufete de servicios integrales ofrece consultas de caso gratuitas y sin compromiso para que puedas hablar con un abogado de lesiones personales sobre tus opciones legales y la situaci\u00f3n de tu seguro sin riesgo y sin coste. Simplemente contacte hoy mismo a nuestra firma de abogados al 866-352-9626 para su consulta gratuita sobre su caso.    <\/p>\n<p><strong class=\"heading4\">C\u00f3mo evitar colisiones por cambio de carril en Miramar o en tu comunidad<\/strong><\/p>\n<p>Muchos accidentes por cambio de carril pueden evitarse. Un automovilista puede evitar este tipo de colisi\u00f3n si <\/p>\n<ul>\n<li>Cambia s\u00f3lo de carril cada vez en lugar de circular por varios carriles<\/li>\n<li>Comprueba primero que no hay tr\u00e1fico que pueda provocar una colisi\u00f3n<\/li>\n<li>Utilizar correctamente los intermitentes<\/li>\n<li>Comprueba que tienen espacio libre para no cortar el paso a nadie al cambiar de carril<\/li>\n<li>Evita el exceso de velocidad al cambiar de carril<\/li>\n<li>Controlar el \u00e1ngulo muerto al cambiar de carril<\/li>\n<li>Evita cambiar de carril en una intersecci\u00f3n<\/li>\n<\/ul>\n<p><strong class=\"heading4\">Cambios de carril en las intersecciones<\/strong><\/p>\n<p>Muchas colisiones por cambio de carril se producen en intersecciones. Algunos conductores negligentes intentan cambiar de carril al acercarse a un cruce o en una intersecci\u00f3n. A menudo, lo hacen porque no est\u00e1n familiarizados con la zona o no han planificado con antelaci\u00f3n para asegurarse de que est\u00e1n en el carril correcto para girar. Por desgracia, intentar cambiar de carril cerca o en un cruce puede provocar f\u00e1cilmente un grave accidente en un cruce en Miramar o en tu comunidad. Lo mejor es esperar a pasar un sem\u00e1foro o mucho antes de una intersecci\u00f3n para cambiar de carril con seguridad. En una intersecci\u00f3n, simplemente hay demasiado tr\u00e1fico para hacer el cambio con seguridad.     <\/p>\n<p><strong class=\"heading4\">\u00bfTienes una reclamaci\u00f3n legal tras tu accidente de tr\u00e1fico?<\/strong><\/p>\n<p>Para averiguarlo, contacta al Grupo Legal Flaxman para una consulta gratuita de tu caso. En la comunidad por m\u00e1s de 35 a\u00f1os, el Grupo Legal Flaxman ha estado ayudando a demandantes a asegurar una compensaci\u00f3n por sus lesiones y da\u00f1os. Nuestro equipo de abogados trabaja con investigadores, ingenieros, expertos en reconstrucci\u00f3n de accidentes, testigos expertos, consultores m\u00e9dicos y otros profesionales. Podemos ocuparnos de todos los detalles de tu caso, desde la consulta hasta la investigaci\u00f3n exhaustiva de tu situaci\u00f3n, pasando por la defensa agresiva de tu reclamaci\u00f3n ante las compa\u00f1\u00edas de seguros o en los tribunales. Para averiguar qu\u00e9 opciones legales existen para ti y saber si tienes una demanda, <a href=\"contacta con nosotros.html\">contacta hoy mismo con el Grupo Legal Flaxman<\/a>.    <\/p>\n<\/p><\/div>\n<\/p><\/div>\n","protected":false},"excerpt":{"rendered":"<p>Sin honorarios a menos que ganemos. Llama al 866-352-9626 para una &#8230; <\/p>\n","protected":false},"author":3,"featured_media":0,"parent":0,"menu_order":0,"comment_status":"closed","ping_status":"closed","template":"template-practice-areas.php","meta":{"footnotes":""},"class_list":["post-22021","page","type-page","status-publish","hentry"],"featured_image_src":null,"featured_image_src_square":null,"_links":{"self":[{"href":"https:\/\/flaxmanlaw.com\/es\/wp-json\/wp\/v2\/pages\/22021","targetHints":{"allow":["GET"]}}],"collection":[{"href":"https:\/\/flaxmanlaw.com\/es\/wp-json\/wp\/v2\/pages"}],"about":[{"href":"https:\/\/flaxmanlaw.com\/es\/wp-json\/wp\/v2\/types\/page"}],"author":[{"embeddable":true,"href":"https:\/\/flaxmanlaw.com\/es\/wp-json\/wp\/v2\/users\/3"}],"replies":[{"embeddable":true,"href":"https:\/\/flaxmanlaw.com\/es\/wp-json\/wp\/v2\/comments?post=22021"}],"version-history":[{"count":0,"href":"https:\/\/flaxmanlaw.com\/es\/wp-json\/wp\/v2\/pages\/22021\/revisions"}],"wp:attachment":[{"href":"https:\/\/flaxmanlaw.com\/es\/wp-json\/wp\/v2\/media?parent=22021"}],"curies":[{"name":"wp","href":"https:\/\/api.w.org\/{rel}","templated":true}]}}