{"id":22022,"date":"2024-11-18T12:45:09","date_gmt":"2024-11-18T12:45:09","guid":{"rendered":"https:\/\/flaxmanlaw.wpenginepowered.com\/danos-por-moho-abogados-de-reclamaciones-de-seguros-del-condado-de-broward-grupo-legal-flaxman\/"},"modified":"2025-05-06T09:55:46","modified_gmt":"2025-05-06T09:55:46","slug":"danos-por-moho-abogados-de-reclamaciones-de-seguros-del-condado-de-broward-grupo-legal-flaxman","status":"publish","type":"page","link":"https:\/\/flaxmanlaw.com\/es\/danos-por-moho-abogados-de-reclamaciones-de-seguros-del-condado-de-broward-grupo-legal-flaxman\/","title":{"rendered":"Da\u00f1os por moho"},"content":{"rendered":"<div class=\"bodytext\">\n<h2>Da\u00f1os por moho<\/h2>\n<div class=\"description\">\n<p><strong class=\"heading4\">Da\u00f1os por moho en Hollywood<\/strong><\/p>\n<p>En Hollywood y en todo el sur de Florida, el clima subtropical h\u00famedo hace que las casas corran el riesgo de sufrir da\u00f1os por moho. En este clima, el moho puede crecer f\u00e1cilmente entre las paredes, en los techos y en pr\u00e1cticamente cualquier superficie. Con el tiempo, puede causar enfermedades a los ocupantes de la vivienda, as\u00ed como da\u00f1os a la propiedad.<\/p>\n<p><strong class=\"heading4\">\u00bfQu\u00e9 es el moho?<\/strong><\/p>\n<p>Moho es un t\u00e9rmino gen\u00e9rico que engloba tipos de hongos. Hay muchos tipos de moho que pueden crecer en una casa, incluido el moho negro, tambi\u00e9n conocido como Stachybotrys Chartarum. Aunque el moho es natural en el exterior, en el interior puede crecer sin ser detectado entre paredes, techos y suelos, causando da\u00f1os y enfermedades.<\/p>\n<p><strong class=\"heading4\">\u00bfQu\u00e9 da\u00f1os causa el moho?<\/strong><\/p>\n<p>El moho puede causar dos tipos de da\u00f1os en las casas. En primer lugar, a medida que crece, consume los suelos, paredes, techos y otras superficies donde crece, causando da\u00f1os graves y permanentes al material e incluso a la integridad estructural. Cualquier zona consumida por el moho debe ser sustituida y es posible que un contratista de eliminaci\u00f3n de moho tenga que evaluar los da\u00f1os.<\/p>\n<p>El moho tambi\u00e9n puede causar enfermedades. El moho puede liberar micotoxinas, que son subproductos muy peque\u00f1os, as\u00ed como esporas. Cuando \u00e9stas son inhaladas por las personas que viven con moho en su casa, los miembros del hogar pueden enfermar y sufrir especialmente problemas respiratorios.<\/p>\n<p><strong class=\"heading4\">C\u00f3mo detectar los da\u00f1os causados por el moho en tu casa de Hollywood<\/strong><\/p>\n<p>A veces, el moho deja pocas pistas perceptibles, sobre todo al principio. Si has tenido una fuga que s\u00f3lo has detectado recientemente o si tu casa se ha visto afectada por una inundaci\u00f3n, puede que tengas que llamar a un contratista de eliminaci\u00f3n de moho para que determine si tu casa se ha visto afectada por el moho. Aunque notes que tu casa est\u00e1 h\u00fameda y te cueste mantener un ambiente seco, es posible que se est\u00e9 formando moho bajo el suelo u otras superficies.<\/p>\n<p>A medida que crece el moho, se hace m\u00e1s evidente. Puedes notar signos como<\/p>\n<ul class=\"no-spacing-list\">\n<li>Olor a humedad en la casa.<\/li>\n<li>Manchas negras u oscuras en las superficies.<\/li>\n<li>Humedad.<\/li>\n<li>Papel pintado descascarillado.<\/li>\n<li>S\u00edntomas respiratorios, como estornudos o secreci\u00f3n nasal.<\/li>\n<li>Manchas oscuras y h\u00famedas en la lechada, las alfombras y la moqueta.<\/li>\n<\/ul>\n<p><strong class=\"heading4\">C\u00f3mo afrontar los da\u00f1os causados por el moho en tu casa de Hollywood<\/strong><\/p>\n<p>Si tienes moho, deber\u00e1s ponerte en contacto con profesionales que puedan eliminar todo rastro de moho. Aunque queden peque\u00f1as cantidades o esporas, el moho puede volver a crecer. Adem\u00e1s, eliminar el moho es una tarea potencialmente peligrosa que puede exponerte a esporas de moho y micotoxinas t\u00f3xicas. Los profesionales sabr\u00e1n c\u00f3mo limitar la exposici\u00f3n y c\u00f3mo mantenerse a salvo ellos mismos y cualquier persona de tu hogar.<\/p>\n<p>Para eliminar el moho, puede que tengas que quitar baldosas, paneles de yeso y otras superficies que hayan resultado afectadas. Tambi\u00e9n es posible que tengas que hacer cambios en tu casa para reducir la probabilidad de que vuelva a aparecer moho. Puede que necesites instalar una nueva ventilaci\u00f3n, por ejemplo, o utilizar deshumidificadores. Un especialista puede recomendarte la mejor estrategia para eliminar el moho.<\/p>\n<p><strong class=\"heading4\">Qu\u00e9 hacer si tu casa tiene moho<\/strong><\/p>\n<p>Si tu casa tiene moho debido a una mala obra de construcci\u00f3n, puedes tener una reclamaci\u00f3n legal. Aunque el moho se deba a una inundaci\u00f3n o una fuga, es conveniente que hables con un abogado especializado en da\u00f1os materiales. Si quieres presentar una reclamaci\u00f3n al seguro, algunas aseguradoras pueden intentar disuadirte de presentarla. En otros casos, pueden ofrecerte menos de lo que costar\u00e1 eliminar el moho de tu casa.<\/p>\n<p>Si usted detecta moho en su casa, puede contactar al Grupo Legal Flaxman al 1-866-352-9626 (1-866-FLAXMAN) para una consulta gratuita sobre accidentes con un abogado de da\u00f1os a la propiedad que sirva a los residentes de Hollywood. Nuestros abogados tienen experiencia tanto en lesiones personales como en da\u00f1os a la propiedad, as\u00ed que podemos representarle ya sea que est\u00e9 trabajando con su proveedor de seguros o pueda tener una demanda de terceros.<\/p>\n<\/div>\n<div class=\"subpageslist\"><\/div>\n<\/div>\n","protected":false},"excerpt":{"rendered":"<p>Sin honorarios a menos que ganemos. Llama al 866-352-9626 para una &#8230; <\/p>\n","protected":false},"author":3,"featured_media":0,"parent":0,"menu_order":0,"comment_status":"closed","ping_status":"closed","template":"template-practice-areas.php","meta":{"footnotes":""},"class_list":["post-22022","page","type-page","status-publish","hentry"],"featured_image_src":null,"featured_image_src_square":null,"_links":{"self":[{"href":"https:\/\/flaxmanlaw.com\/es\/wp-json\/wp\/v2\/pages\/22022","targetHints":{"allow":["GET"]}}],"collection":[{"href":"https:\/\/flaxmanlaw.com\/es\/wp-json\/wp\/v2\/pages"}],"about":[{"href":"https:\/\/flaxmanlaw.com\/es\/wp-json\/wp\/v2\/types\/page"}],"author":[{"embeddable":true,"href":"https:\/\/flaxmanlaw.com\/es\/wp-json\/wp\/v2\/users\/3"}],"replies":[{"embeddable":true,"href":"https:\/\/flaxmanlaw.com\/es\/wp-json\/wp\/v2\/comments?post=22022"}],"version-history":[{"count":0,"href":"https:\/\/flaxmanlaw.com\/es\/wp-json\/wp\/v2\/pages\/22022\/revisions"}],"wp:attachment":[{"href":"https:\/\/flaxmanlaw.com\/es\/wp-json\/wp\/v2\/media?parent=22022"}],"curies":[{"name":"wp","href":"https:\/\/api.w.org\/{rel}","templated":true}]}}