{"id":22024,"date":"2024-11-18T12:45:09","date_gmt":"2024-11-18T12:45:09","guid":{"rendered":"https:\/\/flaxmanlaw.wpenginepowered.com\/diagnostico-erroneo-abogados-de-negligencia-medica-en-hollywood-florida\/"},"modified":"2025-05-06T09:31:17","modified_gmt":"2025-05-06T09:31:17","slug":"diagnostico-erroneo-abogados-de-negligencia-medica-en-hollywood-florida","status":"publish","type":"page","link":"https:\/\/flaxmanlaw.com\/es\/diagnostico-erroneo-abogados-de-negligencia-medica-en-hollywood-florida\/","title":{"rendered":"Diagn\u00f3stico Err\u00f3neo M\u00e9dico"},"content":{"rendered":"<div class=\"bodytext\">\n<h2>Diagn\u00f3stico err\u00f3neo<\/h2>\n<div class=\"description\">\n<p><img decoding=\"async\" class=\"alignnone size-full wp-image-7696\" src=\"https:\/\/flaxmanlaw.com\/wp-content\/uploads\/2024\/11\/misdiagnosis.webp\" alt=\"\" width=\"169\" height=\"225\" \/><\/p>\n<p>Los pacientes se re\u00fanen con m\u00e9dicos, enfermeras, cirujanos, radi\u00f3logos y otros profesionales m\u00e9dicos para obtener evaluaciones precisas de sus afecciones m\u00e9dicas. Un diagn\u00f3stico exacto de una afecci\u00f3n m\u00e9dica es vital para garantizar que el paciente reciba la atenci\u00f3n m\u00e9dica adecuada para su enfermedad. Cuando se produce un diagn\u00f3stico err\u00f3neo, los resultados pueden ser devastadores. Un diagn\u00f3stico err\u00f3neo implica una evaluaci\u00f3n inexacta del estado del paciente. Esto puede dar lugar a que se utilice un tratamiento equivocado. En algunos casos, los pacientes son diagnosticados err\u00f3neamente como sanos cuando en realidad tienen una enfermedad que necesita tratamiento. Sin tratamiento, los pacientes pueden desarrollar complicaciones o incluso morir por falta de tratamiento. El diagn\u00f3stico err\u00f3neo del c\u00e1ncer puede ser especialmente perjudicial, pues retrasa el tratamiento que puede salvar la vida del paciente. El c\u00e1ncer, si no se detecta pronto, puede extenderse por todo el cuerpo y resultar mortal. Incluso enfermedades y c\u00e1nceres relativamente tratables pueden resultar mortales cuando se producen errores de diagn\u00f3stico. Adem\u00e1s de las muertes causadas por errores de diagn\u00f3stico mortales, los errores de diagn\u00f3stico pueden provocar lesiones graves y permanentes. Los abogados de lesiones personales del sur de Florida que se ocupan de casos de diagn\u00f3stico err\u00f3neo suelen ayudar a pacientes que han sufrido lesiones permanentes como consecuencia de un diagn\u00f3stico equivocado. Si a un paciente se le diagnostica c\u00e1ncer cuando en realidad no tiene la enfermedad, por ejemplo, pueden extirparle \u00f3rganos o enfermar gravemente a causa de una quimioterapia innecesaria. Tr\u00e1gicamente, en muchos casos, los diagn\u00f3sticos err\u00f3neos son muy evitables. Los errores de diagn\u00f3stico suelen ser consecuencia de la negligencia de los profesionales sanitarios. En muchos casos, los diagn\u00f3sticos err\u00f3neos mortales se producen cuando los profesionales m\u00e9dicos no siguen los protocolos de tratamiento establecidos. Los pacientes afectados por un diagn\u00f3stico err\u00f3neo suelen tener muchas preguntas sobre c\u00f3mo se produjo su error de diagn\u00f3stico. En las zonas de Miami, Hollywood, Homestead y alrededores, un abogado cualificado del sur de Florida puede ayudar a menudo a dar respuestas. Un abogado de lesiones personales del sur de Florida suele trabajar con investigadores privados y otros profesionales para ayudar a establecer exactamente c\u00f3mo se produjo un diagn\u00f3stico err\u00f3neo. En muchos casos, este tipo de investigaci\u00f3n puede ayudar a descubrir negligencias y problemas de protocolo de tratamiento. Si t\u00fa o un ser querido hab\u00e9is sufrido una lesi\u00f3n debido a un diagn\u00f3stico err\u00f3neo, la legislaci\u00f3n de Florida te permite buscar ayuda legal. La asistencia de un abogado cualificado del sur de Florida puede ayudarte a establecer c\u00f3mo se realiz\u00f3 un diagn\u00f3stico err\u00f3neo. Sin un abogado de lesiones personales de Florida, suele ser dif\u00edcil obtener respuestas, ya que los profesionales m\u00e9dicos est\u00e1n protegidos por las compa\u00f1\u00edas de seguros y las investigaciones internas. A menudo, a un particular solo le resulta dif\u00edcil obtener respuestas sobre pruebas y procedimientos defectuosos. Un abogado cualificado puede ayudarte a obtener estas respuestas. Un buen abogado de lesiones personales de Florida tambi\u00e9n puede ayudarte a conseguir un acuerdo justo que te ayude a curarte. Con un acuerdo, puedes buscar el mejor tratamiento m\u00e9dico posible para ayudar a corregir algunos de los da\u00f1os causados por tu diagn\u00f3stico err\u00f3neo. Sin esta asistencia jur\u00eddica, es posible que simplemente no dispongas de recursos econ\u00f3micos para obtener la mejor ayuda m\u00e9dica posible.<\/p>\n<p>Si usted o un ser querido ha resultado lesionado por un diagn\u00f3stico equivocado en Miami, Hollywood, Homestead, o en el \u00e1rea circundante de Florida del Sur, contacte al Grupo Legal Flaxman (FLG) al 1 866 Flaxman (1 866 352 9626) para hablar con un abogado de lesiones personales calificado y experimentado en Florida del Sur. El Grupo Legal Flaxman (FLG) cuenta con un equipo de abogados con amplia experiencia en casos de diagn\u00f3sticos err\u00f3neos. Incluso podemos ofrecerte una consulta inicial sin coste y sin compromiso. Esta es tu oportunidad de hacer preguntas y obtener asesor\u00eda legal sin ataduras ni costos ocultos.<\/p>\n<\/div>\n<div class=\"subpageslist\"><\/div>\n<\/div>\n","protected":false},"excerpt":{"rendered":"<p>Sin honorarios a menos que ganemos. Llama al 866-352-9626 para una &#8230; <\/p>\n","protected":false},"author":3,"featured_media":0,"parent":0,"menu_order":0,"comment_status":"closed","ping_status":"closed","template":"template-practice-areas.php","meta":{"footnotes":""},"class_list":["post-22024","page","type-page","status-publish","hentry"],"featured_image_src":null,"featured_image_src_square":null,"_links":{"self":[{"href":"https:\/\/flaxmanlaw.com\/es\/wp-json\/wp\/v2\/pages\/22024","targetHints":{"allow":["GET"]}}],"collection":[{"href":"https:\/\/flaxmanlaw.com\/es\/wp-json\/wp\/v2\/pages"}],"about":[{"href":"https:\/\/flaxmanlaw.com\/es\/wp-json\/wp\/v2\/types\/page"}],"author":[{"embeddable":true,"href":"https:\/\/flaxmanlaw.com\/es\/wp-json\/wp\/v2\/users\/3"}],"replies":[{"embeddable":true,"href":"https:\/\/flaxmanlaw.com\/es\/wp-json\/wp\/v2\/comments?post=22024"}],"version-history":[{"count":0,"href":"https:\/\/flaxmanlaw.com\/es\/wp-json\/wp\/v2\/pages\/22024\/revisions"}],"wp:attachment":[{"href":"https:\/\/flaxmanlaw.com\/es\/wp-json\/wp\/v2\/media?parent=22024"}],"curies":[{"name":"wp","href":"https:\/\/api.w.org\/{rel}","templated":true}]}}