{"id":22027,"date":"2024-11-18T12:45:10","date_gmt":"2024-11-18T12:45:10","guid":{"rendered":"https:\/\/flaxmanlaw.wpenginepowered.com\/accidentes-en-cadena-en-north-miami-beach-abogados-de-accidentes-de-coche-en-el-condado-de-miami-dade\/"},"modified":"2024-11-18T12:45:10","modified_gmt":"2024-11-18T12:45:10","slug":"accidentes-en-cadena-en-north-miami-beach-abogados-de-accidentes-de-coche-en-el-condado-de-miami-dade","status":"publish","type":"page","link":"https:\/\/flaxmanlaw.com\/es\/accidentes-en-cadena-en-north-miami-beach-abogados-de-accidentes-de-coche-en-el-condado-de-miami-dade\/","title":{"rendered":"Accidentes en cadena en North Miami Beach | Abogados de accidentes de coche en el condado de Miami-Dade"},"content":{"rendered":"<div class=\"bodytext\">\n<h2>Accidentes en cadena en North Miami Beach<\/h1><\/h2>\n<div class=\"description\">\n<p>Si has sufrido un accidente con varios veh\u00edculos, es importante que consultes enseguida a un abogado de lesiones personales en North Miami Beach o en tu comunidad. Este tipo de casos suelen ser muy complicados porque implican a m\u00faltiples partes responsables, m\u00faltiples acusados y m\u00faltiples compa\u00f1\u00edas de seguros. Es posible que te acaben acusando de causar al menos un accidente o parte del mismo, y puede que tambi\u00e9n te encuentres con un proceso de seguros confuso. Puede resultarte dif\u00edcil conseguir una indemnizaci\u00f3n por tus lesiones.   <\/p>\n<p>Los abogados del Grupo Legal Flaxman tienen a\u00f1os de experiencia ayudando a demandantes como usted. Si deseas obtener asesor\u00eda legal gratuita sobre tu situaci\u00f3n o si deseas presentar una demanda legal, contacta hoy mismo al Grupo Legal Flaxman para una revisi\u00f3n de tu caso sin costo y sin compromiso. <\/p>\n<p><strong class=\"heading4\">  Si Has Sufrido un Accidente de Coche Grave en North Miami Beach, Necesitas Actuar R\u00e1pidamente  <\/strong><\/p>\n<p>Tras una colisi\u00f3n grave, s\u00f3lo dispones de un tiempo limitado para presentar una demanda. En Florida, en la mayor\u00eda de los casos s\u00f3lo tienes dos a\u00f1os para presentar una demanda por lesiones personales. Aunque esto pueda parecer mucho tiempo, a menudo se tarda mucho en pasar por el proceso de descubrimiento y por los procesos judiciales y legales. Cuanto antes inicies una reclamaci\u00f3n, m\u00e1s probabilidades tendr\u00e1s de evitar problemas de prescripci\u00f3n. Adem\u00e1s, presentar una demanda r\u00e1pidamente demuestra que te tomas en serio la obtenci\u00f3n de una indemnizaci\u00f3n, y presentarla con prontitud tambi\u00e9n puede ayudarte a construir un caso m\u00e1s s\u00f3lido, ya que cuanto antes presentes una demanda, m\u00e1s pruebas puede haber en tu caso.    <\/p>\n<p><strong class=\"heading4\">Las lesiones tras una colisi\u00f3n de tr\u00e1fico pueden ser m\u00e1s graves de lo que crees<\/strong><\/p>\n<p>Los accidentes de tr\u00e1fico en los que se ven implicados varios coches pueden provocar muchas lesiones graves, entre ellas:<\/p>\n<ul>\n<li>Lesiones en la cabeza<\/li>\n<li>Fracturas<\/li>\n<li>Latigazo cervical y lesiones de tejidos blandos<\/li>\n<li>Par\u00e1lisis<\/li>\n<li>Amputaciones<\/li>\n<li>Lesiones faciales y dentales<\/li>\n<li>Quemaduras<\/li>\n<li>Lesiones de espalda y de m\u00e9dula espinal<\/li>\n<\/ul>\n<p>Estas lesiones pueden provocar no s\u00f3lo dolor y sufrimiento, sino tambi\u00e9n costosos tratamientos m\u00e9dicos. En algunos casos, estas lesiones son permanentes y cambian tu vida en todos los sentidos. <\/p>\n<p><strong class=\"heading4\">\u00bfTienes un caso tras tu accidente de tr\u00e1fico?<\/strong><\/p>\n<p>Puede ser dif\u00edcil saber si tienes una reclamaci\u00f3n legal tras tu colisi\u00f3n de tr\u00e1fico. La mejor forma de responder a tus preguntas es consultar con un abogado de lesiones personales r\u00e1pidamente despu\u00e9s de tu accidente. Un abogado puede ayudarte a comprender la fuerza de tu caso, el valor del mismo y todas tus opciones legales, para que est\u00e9s en una posici\u00f3n de fuerza cuando llegue el momento de tomar una decisi\u00f3n que podr\u00eda afectarte a ti y a tu familia durante a\u00f1os.  <\/p>\n<p>Los abogados <a href=\"contacta con nosotros.html\">del Grupo Legal Flaxman<\/a> cuentan con m\u00e1s de 60 a\u00f1os de experiencia legal combinada. Ya han recuperado m\u00e1s de 100 millones de d\u00f3lares a favor de miles de demandantes por lesiones personales en todo Florida. Trabajamos con clientes de todas las clases sociales y tratamos a cada cliente con el respeto y la dignidad que se merece. Si usted desea contar con abogados profesionales y compasivos que luchen en su favor, contacte hoy mismo a Flaxman para una revisi\u00f3n de su caso gratuita y sin compromiso.   <\/p>\n<\/p><\/div>\n<\/p><\/div>\n","protected":false},"excerpt":{"rendered":"<p>Sin honorarios a menos que ganemos. Llama al 866-352-9626 para una &#8230; <\/p>\n","protected":false},"author":3,"featured_media":0,"parent":0,"menu_order":0,"comment_status":"closed","ping_status":"closed","template":"template-practice-areas.php","meta":{"footnotes":""},"class_list":["post-22027","page","type-page","status-publish","hentry"],"featured_image_src":null,"featured_image_src_square":null,"_links":{"self":[{"href":"https:\/\/flaxmanlaw.com\/es\/wp-json\/wp\/v2\/pages\/22027","targetHints":{"allow":["GET"]}}],"collection":[{"href":"https:\/\/flaxmanlaw.com\/es\/wp-json\/wp\/v2\/pages"}],"about":[{"href":"https:\/\/flaxmanlaw.com\/es\/wp-json\/wp\/v2\/types\/page"}],"author":[{"embeddable":true,"href":"https:\/\/flaxmanlaw.com\/es\/wp-json\/wp\/v2\/users\/3"}],"replies":[{"embeddable":true,"href":"https:\/\/flaxmanlaw.com\/es\/wp-json\/wp\/v2\/comments?post=22027"}],"version-history":[{"count":0,"href":"https:\/\/flaxmanlaw.com\/es\/wp-json\/wp\/v2\/pages\/22027\/revisions"}],"wp:attachment":[{"href":"https:\/\/flaxmanlaw.com\/es\/wp-json\/wp\/v2\/media?parent=22027"}],"curies":[{"name":"wp","href":"https:\/\/api.w.org\/{rel}","templated":true}]}}