{"id":22029,"date":"2024-11-18T12:45:10","date_gmt":"2024-11-18T12:45:10","guid":{"rendered":"https:\/\/flaxmanlaw.wpenginepowered.com\/accidente-de-coche-en-north-miami-beach-abogados-de-lesiones-de-coche-en-el-condado-de-miami-dade\/"},"modified":"2024-11-18T12:45:10","modified_gmt":"2024-11-18T12:45:10","slug":"accidente-de-coche-en-north-miami-beach-abogados-de-lesiones-de-coche-en-el-condado-de-miami-dade","status":"publish","type":"page","link":"https:\/\/flaxmanlaw.com\/es\/accidente-de-coche-en-north-miami-beach-abogados-de-lesiones-de-coche-en-el-condado-de-miami-dade\/","title":{"rendered":"Accidente de coche en North Miami Beach | Abogados de lesiones de coche en el condado de Miami-Dade"},"content":{"rendered":"<div class=\"bodytext\">\n<h2>Accidente de coche en North Miami Beach<\/h1><\/h2>\n<div class=\"description\">\n<p>North Miami Beach tiene mucho que ofrecer a los residentes y visitantes que desean aprovechar el buen tiempo de Florida. La comunidad cuenta con instalaciones deportivas, parques, hermosas playas y museos fascinantes. Una arquitectura impresionante y calles limpias hacen de \u00e9ste un lugar estupendo para vivir y trabajar, y la vitalidad de la comunidad significa tambi\u00e9n oportunidades econ\u00f3micas.  <\/p>\n<p>Por desgracia, tras un accidente de coche en North Miami Beach, el acceso a los recursos econ\u00f3micos puede afectar a la calidad de la asistencia e incluso al tiempo de recuperaci\u00f3n. Las v\u00edctimas de accidentes de coche con importantes recursos econ\u00f3micos a menudo pueden permitirse la mejor atenci\u00f3n m\u00e9dica, lo que puede ayudar a garantizar tiempos de recuperaci\u00f3n m\u00e1s cortos, menos complicaciones y una experiencia de recuperaci\u00f3n m\u00e1s c\u00f3moda. <\/p>\n<p>Desgraciadamente, las personas que no disponen de grandes recursos econ\u00f3micos pueden preocuparse por los gastos m\u00e9dicos, pueden querer recortar gastos m\u00e9dicos o pueden volver a trabajar demasiado pronto debido al estr\u00e9s econ\u00f3mico y a la preocupaci\u00f3n por la p\u00e9rdida de ingresos. La legislaci\u00f3n de Florida ofrece soluciones a este problema mediante leyes que permiten a los demandantes reclamar una indemnizaci\u00f3n por sus lesiones. Los demandantes pueden asegurarse de que se cubran sus gastos m\u00e9dicos, la p\u00e9rdida de ingresos y otros gastos relacionados mediante un acuerdo o una acci\u00f3n judicial. Es importante que te pongas en contacto con un abogado de accidentes de coche en North Miami Beach inmediatamente despu\u00e9s de tu accidente de coche para asegurarte de que das los pasos necesarios para salvaguardar tus derechos y para asegurarte de que comprendes todos tus derechos y opciones. Un buen abogado de lesiones personales puede ayudarte a recuperar el dinero que necesitas para recibir el mejor tratamiento m\u00e9dico posible. No comprometas tu salud: llama hoy mismo al Grupo Legal Flaxman para obtener la ayuda que necesitas para recuperarte de tu accidente de coche.     <\/p>\n<p>Un abogado cualificado de North Miami Beach es una parte importante del proceso de recuperaci\u00f3n de tu accidente de coche. Un buen abogado puede investigar las causas de tu accidente, informarte de tus derechos y opciones, negociar con tu aseguradora en tu nombre, calcular el verdadero costo de tus lesiones, y ayudarte a buscar un acuerdo con todas las partes responsables. Un equipo legal calificado, como el equipo legal del Grupo Legal Flaxman, est\u00e1 disponible por tel\u00e9fono las 24 horas del d\u00eda, los siete d\u00edas de la semana, para que siempre puedas llamar y obtener asistencia de una persona en vivo. Adem\u00e1s, el Grupo Legal Flaxman ofrece una consulta inicial gratuita para que puedas hablar sobre tu caso con un abogado calificado antes de tomar cualquier decisi\u00f3n sobre tus lesiones o tu caso.   <\/p>\n<p>El Grupo Legal Flaxman est\u00e1 preparado para servir a toda el \u00e1rea de Florida del Sur, con oficinas legales ubicadas en el 5715 de Johnson Street en Hollywood, Florida, una oficina en Miami ubicada en el 6303 de Blue Lagoon Drive #400, y una oficina legal en Homestead ubicada en el 123 de North Krome Avenue #101. El despacho de Hollywood es el m\u00e1s cercano a North Miami Beach y est\u00e1 a s\u00f3lo 15 minutos en coche. Para llegar a las oficinas de Hollywood desde North Miami Beach, toma NE 19th Avenue, FL-826 W\/NE 163rd Street, FL-826 W, y FL-7 N\/US-441 N. hasta Johnson Street.  <\/p>\n<\/p><\/div>\n<\/p><\/div>\n","protected":false},"excerpt":{"rendered":"<p>Sin honorarios a menos que ganemos. Llama al 866-352-9626 para una &#8230; <\/p>\n","protected":false},"author":3,"featured_media":0,"parent":0,"menu_order":0,"comment_status":"closed","ping_status":"closed","template":"template-practice-areas.php","meta":{"footnotes":""},"class_list":["post-22029","page","type-page","status-publish","hentry"],"featured_image_src":null,"featured_image_src_square":null,"_links":{"self":[{"href":"https:\/\/flaxmanlaw.com\/es\/wp-json\/wp\/v2\/pages\/22029","targetHints":{"allow":["GET"]}}],"collection":[{"href":"https:\/\/flaxmanlaw.com\/es\/wp-json\/wp\/v2\/pages"}],"about":[{"href":"https:\/\/flaxmanlaw.com\/es\/wp-json\/wp\/v2\/types\/page"}],"author":[{"embeddable":true,"href":"https:\/\/flaxmanlaw.com\/es\/wp-json\/wp\/v2\/users\/3"}],"replies":[{"embeddable":true,"href":"https:\/\/flaxmanlaw.com\/es\/wp-json\/wp\/v2\/comments?post=22029"}],"version-history":[{"count":0,"href":"https:\/\/flaxmanlaw.com\/es\/wp-json\/wp\/v2\/pages\/22029\/revisions"}],"wp:attachment":[{"href":"https:\/\/flaxmanlaw.com\/es\/wp-json\/wp\/v2\/media?parent=22029"}],"curies":[{"name":"wp","href":"https:\/\/api.w.org\/{rel}","templated":true}]}}