{"id":22030,"date":"2024-11-18T12:45:10","date_gmt":"2024-11-18T12:45:10","guid":{"rendered":"https:\/\/flaxmanlaw.wpenginepowered.com\/mordeduras-de-perro-en-north-miami-beach-abogados-de-lesiones-personales-en-el-condado-de-miami-dade\/"},"modified":"2024-11-18T12:45:10","modified_gmt":"2024-11-18T12:45:10","slug":"mordeduras-de-perro-en-north-miami-beach-abogados-de-lesiones-personales-en-el-condado-de-miami-dade","status":"publish","type":"page","link":"https:\/\/flaxmanlaw.com\/es\/mordeduras-de-perro-en-north-miami-beach-abogados-de-lesiones-personales-en-el-condado-de-miami-dade\/","title":{"rendered":"Mordeduras de perro en North Miami Beach | Abogados de lesiones personales en el condado de Miami-Dade"},"content":{"rendered":"<div class=\"bodytext\">\n<h2>Mordeduras de perro en North Miami Beach<\/h1><\/h2>\n<div class=\"description\"> <strong class=\"heading4\">\u00bfCrees que tienes un caso de mordedura de perro en North Miami Beach?<\/strong><\/p>\n<p>En muchos casos, puede ser dif\u00edcil saber si tienes un caso de lesiones personales o no. Tu mejor opci\u00f3n es consultar con un abogado de ataques de animales en North Miami Beach o en tu comunidad para hablar sobre los detalles espec\u00edficos de tu caso. Puedes contactar hoy mismo al Grupo Legal Flaxman para averiguar cu\u00e1les son tus opciones y para obtener una revisi\u00f3n gratuita y sin compromiso de tu caso, as\u00ed como una evaluaci\u00f3n honesta de tu situaci\u00f3n.  <\/p>\n<p><strong class=\"heading4\">\u00bfQui\u00e9n es responsable de la mordedura de perro?<\/strong><\/p>\n<p>En la mayor\u00eda de los casos, el propietario del perro es el responsable de los da\u00f1os causados por \u00e9ste. Sin embargo, en algunos casos puede considerarse responsables a otras personas. Por ejemplo, si un perro es declarado perro peligroso seg\u00fan la legislaci\u00f3n de Florida y debe ser registrado por las autoridades debido a este estatus y a un historial de mordeduras y agresiones de perro, otras personas que conozcan el historial de agresiones pueden ser consideradas responsables si el perro da\u00f1a a otra persona. En algunos casos, un propietario puede ser considerado responsable de los da\u00f1os causados por un perro perteneciente a un inquilino. Esto puede ocurrir si el propietario conoc\u00eda la agresividad pasada de un perro y no hizo cumplir una pol\u00edtica de prohibici\u00f3n de mascotas en un contrato de alquiler o arrendamiento.    <\/p>\n<p><strong class=\"heading4\">Presentar una demanda tras el ataque de un animal<\/strong><\/p>\n<p>Los casos de mordedura de perro en North Miami Beach y Florida suelen ser muy complicados por varias razones:<\/p>\n<ul>\n<li>Las leyes sobre mordeduras de perro y ataques de animales han cambiado en Florida en los \u00faltimos a\u00f1os<\/li>\n<li>Las mordeduras de perro suelen afectar a ni\u00f1os peque\u00f1os, por lo que puede ser m\u00e1s dif\u00edcil determinar qu\u00e9 ocurri\u00f3<\/li>\n<li>Algunos perros tienen antecedentes de agresividad<\/li>\n<li>Puede ser dif\u00edcil determinar todas las partes responsables<\/li>\n<li>Las partes responsables pueden alegar que la v\u00edctima estaba invadiendo la propiedad<\/li>\n<li>Los responsables pueden alegar que el perro defend\u00eda al propietario<\/li>\n<li>Las partes responsables pueden alegar que la v\u00edctima provoc\u00f3 al perro<\/li>\n<li>Puede ser dif\u00edcil encontrar al perro responsable del ataque<\/li>\n<\/ul>\n<p>A pesar de estas dificultades, es posible presentar una demanda por mordedura de perro. Dependiendo de los detalles de la situaci\u00f3n, las v\u00edctimas pueden presentar una demanda por lesiones infantiles en North Miami Beach, una demanda por responsabilidad de las instalaciones en North Miami Beach u otro tipo de demanda. Si crees que puedes presentar una demanda, ponte en contacto con un abogado de lesiones personales para revisar tus opciones legales.  <\/p>\n<p>Si usted ha resultado lesionado en el ataque de un animal y est\u00e1 buscando un abogado de lesiones personales, contacte hoy mismo al Grupo Legal Flaxman. En el Grupo Legal Flaxman, nuestro equipo de abogados cuenta con una extensa experiencia manejando casos de mordeduras de animales, demandas por accidentes automovil\u00edsticos, as\u00ed como todo tipo de casos de lesiones personales. Hemos ayudado a miles de v\u00edctimas de lesiones personales a recuperar m\u00e1s de $100 millones en indemnizaciones y da\u00f1os. Llevamos nuestros casos con integridad y pasi\u00f3n, persiguiendo la justicia en nombre de los demandantes. Ponte en contacto con nosotros hoy mismo si podemos ayudarte. Nuestra consulta inicial es gratuita y sin compromiso.     <\/p>\n<\/p><\/div>\n<\/p><\/div>\n","protected":false},"excerpt":{"rendered":"<p>Sin honorarios a menos que ganemos. Llama al 866-352-9626 para una &#8230; <\/p>\n","protected":false},"author":3,"featured_media":0,"parent":0,"menu_order":0,"comment_status":"closed","ping_status":"closed","template":"template-practice-areas.php","meta":{"footnotes":""},"class_list":["post-22030","page","type-page","status-publish","hentry"],"featured_image_src":null,"featured_image_src_square":null,"_links":{"self":[{"href":"https:\/\/flaxmanlaw.com\/es\/wp-json\/wp\/v2\/pages\/22030","targetHints":{"allow":["GET"]}}],"collection":[{"href":"https:\/\/flaxmanlaw.com\/es\/wp-json\/wp\/v2\/pages"}],"about":[{"href":"https:\/\/flaxmanlaw.com\/es\/wp-json\/wp\/v2\/types\/page"}],"author":[{"embeddable":true,"href":"https:\/\/flaxmanlaw.com\/es\/wp-json\/wp\/v2\/users\/3"}],"replies":[{"embeddable":true,"href":"https:\/\/flaxmanlaw.com\/es\/wp-json\/wp\/v2\/comments?post=22030"}],"version-history":[{"count":0,"href":"https:\/\/flaxmanlaw.com\/es\/wp-json\/wp\/v2\/pages\/22030\/revisions"}],"wp:attachment":[{"href":"https:\/\/flaxmanlaw.com\/es\/wp-json\/wp\/v2\/media?parent=22030"}],"curies":[{"name":"wp","href":"https:\/\/api.w.org\/{rel}","templated":true}]}}