{"id":22031,"date":"2024-11-18T12:45:10","date_gmt":"2024-11-18T12:45:10","guid":{"rendered":"https:\/\/flaxmanlaw.wpenginepowered.com\/accidente-de-autobus-en-north-miami-beach-abogados-de-lesiones-personales-en-el-condado-de-miami-dade\/"},"modified":"2024-11-18T12:45:10","modified_gmt":"2024-11-18T12:45:10","slug":"accidente-de-autobus-en-north-miami-beach-abogados-de-lesiones-personales-en-el-condado-de-miami-dade","status":"publish","type":"page","link":"https:\/\/flaxmanlaw.com\/es\/accidente-de-autobus-en-north-miami-beach-abogados-de-lesiones-personales-en-el-condado-de-miami-dade\/","title":{"rendered":"Accidente de Autob\u00fas en North Miami Beach | Abogados de Lesiones Personales en el Condado de Miami-Dade"},"content":{"rendered":"<div class=\"bodytext\">\n<h2>Accidente de autob\u00fas en North Miami Beach<\/h1><\/h2>\n<div class=\"description\">\n<p>North Miami Beach es una ciudad del sur de Florida con muchas atracciones tur\u00edsticas. Entre las m\u00e1s famosas se encuentra un aut\u00e9ntico monasterio espa\u00f1ol del siglo XII que fue tra\u00eddo de Europa y reconstruido minuciosamente. Adem\u00e1s, North Miami Beach cuenta con muchos parques y escuelas, as\u00ed como con una poblaci\u00f3n diversa. Situada en el condado de Miami-Dade, en el centro del sur de Florida, North Miami Beach presume de clima c\u00e1lido y f\u00e1cil acceso a las numerosas atracciones de la zona del sur de Florida.   <\/p>\n<p>Como North Miami Beach tiene muchas escuelas y atracciones tur\u00edsticas, suele tener muchos autobuses y, por tanto, su cuota de accidentes de autob\u00fas. Aunque los accidentes de coche en North Miami Beach son m\u00e1s frecuentes que los accidentes de autob\u00fas, la falta de cinturones de seguridad en la mayor\u00eda de los autobuses puede hacer que los accidentes en estos veh\u00edculos provoquen lesiones graves, como traumatismos craneales en North Miami Beach, latigazo cervical, fracturas \u00f3seas, lesiones medulares en North Miami Beach y otras lesiones graves. Otro problema de las colisiones de autobuses es que tienen el mismo peso que un cami\u00f3n comercial sin carga. Esto puede significar que las lesiones causadas por un accidente de autob\u00fas pueden ser muy graves, simplemente por el tama\u00f1o y la fuerza del veh\u00edculo.   <\/p>\n<p>En la mayor\u00eda de los casos, los autobuses se consideran un medio de transporte seguro. Una de las razones es que muchos autobuses -incluidos los autobuses tur\u00edsticos, los autobuses escolares, los autobuses ch\u00e1rter, las furgonetas ch\u00e1rter, los autobuses de transporte p\u00fablico, los trolebuses y otras formas de autobuses- se consideran transportistas comunes y est\u00e1n sujetos a muchas normas y reglamentos para mantener la seguridad de los pasajeros. Si las acciones de un empleado de una empresa de autobuses son negligentes, la empresa de autobuses puede ser considerada responsable de las lesiones resultantes de la negligencia. Si el accidente de autob\u00fas fue causado por el revent\u00f3n de un neum\u00e1tico en North Miami Beach o por un fallo mec\u00e1nico, la empresa que fabric\u00f3 la pieza mec\u00e1nica puede ser considerada responsable y se puede iniciar un caso de responsabilidad por productos defectuosos en North Miami Beach.   <\/p>\n<p><a href=\"accidentes-autob\u00fas.html\">Los accidentes de autob\u00fas en North Miami Beach<\/a> pueden deberse a varias razones. Las causas m\u00e1s comunes de este tipo de accidentes de tr\u00e1fico en North Miami Beach son errores del conductor, malas condiciones de conducci\u00f3n, mantenimiento deficiente del autob\u00fas, formaci\u00f3n deficiente del conductor, \u00e1ngulos muertos, problemas de tr\u00e1fico y fallos mec\u00e1nicos. No importa por qu\u00e9 se produzca un accidente de autob\u00fas, las lesiones pueden ser devastadoras, y costosas para ti. Consultar a un abogado de lesiones personales de North Miami Beach es importante para ayudarte a comprender tus derechos y opciones.   <\/p>\n<p>Contacta hoy mismo con el Grupo Legal Flaxman para una consulta gratuita y sin compromiso. Hablar con nuestro equipo legal puede ayudarte a obtener respuestas a las preguntas que puedas tener despu\u00e9s de tu accidente. El Grupo Legal Flaxman es una firma de servicios integrales, lista para investigar su accidente y buscar justicia en su nombre.  <\/p>\n<p>Charles Flaxman, del <a href=\"index.html\">Grupo Legal Flaxman<\/a>, trabaj\u00f3 en la industria de seguros durante una d\u00e9cada antes de graduarse en el dos por ciento superior de su escuela de leyes. Su temprana experiencia laboral le da una perspectiva interna cuando se trata de negociar con la aseguradora de un transportista. Como abogado litigante de lesiones personales en Florida del Sur, Charles Flaxman cuenta con veinticinco a\u00f1os de experiencia ayudando a miles de v\u00edctimas de lesiones personales y de accidentes de autob\u00fas en Florida del Sur. Descubra lo que Charles Flaxman y su equipo legal pueden hacer por usted. Contacta al Grupo Legal Flaxman en l\u00ednea, por <a href=\"mailto:cf******@********aw.com\" data-original-string=\"tQrSwZX2oc9jlGiEskTN5A==614ONaJ\/zdbeD+HVnAI1Ch1ridsUHYLdXjTIWJyhq6go3U=\" title=\"This contact has been encoded by Anti-Spam by CleanTalk. Click to decode. To finish the decoding make sure that JavaScript is enabled in your browser.\">correo electr\u00f3nico<\/a>, o llamando al 866-352-9626 en cualquier momento.    <\/p>\n<\/p><\/div>\n<\/p><\/div>\n","protected":false},"excerpt":{"rendered":"<p>Sin honorarios a menos que ganemos. Llama al 866-352-9626 para una &#8230; <\/p>\n","protected":false},"author":3,"featured_media":0,"parent":0,"menu_order":0,"comment_status":"closed","ping_status":"closed","template":"template-practice-areas.php","meta":{"footnotes":""},"class_list":["post-22031","page","type-page","status-publish","hentry"],"featured_image_src":null,"featured_image_src_square":null,"_links":{"self":[{"href":"https:\/\/flaxmanlaw.com\/es\/wp-json\/wp\/v2\/pages\/22031","targetHints":{"allow":["GET"]}}],"collection":[{"href":"https:\/\/flaxmanlaw.com\/es\/wp-json\/wp\/v2\/pages"}],"about":[{"href":"https:\/\/flaxmanlaw.com\/es\/wp-json\/wp\/v2\/types\/page"}],"author":[{"embeddable":true,"href":"https:\/\/flaxmanlaw.com\/es\/wp-json\/wp\/v2\/users\/3"}],"replies":[{"embeddable":true,"href":"https:\/\/flaxmanlaw.com\/es\/wp-json\/wp\/v2\/comments?post=22031"}],"version-history":[{"count":0,"href":"https:\/\/flaxmanlaw.com\/es\/wp-json\/wp\/v2\/pages\/22031\/revisions"}],"wp:attachment":[{"href":"https:\/\/flaxmanlaw.com\/es\/wp-json\/wp\/v2\/media?parent=22031"}],"curies":[{"name":"wp","href":"https:\/\/api.w.org\/{rel}","templated":true}]}}