{"id":22032,"date":"2024-11-18T12:45:10","date_gmt":"2024-11-18T12:45:10","guid":{"rendered":"https:\/\/flaxmanlaw.wpenginepowered.com\/conduccion-distraida-en-north-miami-beach-abogados-de-accidentes-de-coche-en-el-condado-de-miami-dade\/"},"modified":"2024-11-18T12:45:10","modified_gmt":"2024-11-18T12:45:10","slug":"conduccion-distraida-en-north-miami-beach-abogados-de-accidentes-de-coche-en-el-condado-de-miami-dade","status":"publish","type":"page","link":"https:\/\/flaxmanlaw.com\/es\/conduccion-distraida-en-north-miami-beach-abogados-de-accidentes-de-coche-en-el-condado-de-miami-dade\/","title":{"rendered":"Conducci\u00f3n distra\u00edda en North Miami Beach | Abogados de accidentes de coche en el condado de Miami-Dade"},"content":{"rendered":"<div class=\"bodytext\">\n<h2>Conducci\u00f3n distra\u00edda en North Miami Beach<\/h1><\/h2>\n<div class=\"description\">\n<p>Por desgracia, la conducci\u00f3n distra\u00edda se cobra muchas vidas cada a\u00f1o y causa muchas lesiones por accidentes de tr\u00e1fico graves. Cada a\u00f1o, la gente sufre accidentes de coche totalmente evitables porque un conductor decide conducir mientras realiza varias tareas a la vez. Muchas personas son conscientes de los peligros de conducir ebrios, pero piensan imprudentemente que pueden conducir distra\u00eddos.  <\/p>\n<p>Si usted ha resultado lesionado en un accidente automovil\u00edstico en North Miami o en cualquier parte de Florida del Sur, siempre puede contactar al Grupo Legal Flaxman para hablar sobre los recursos legales. Nuestro doble enfoque en la ley de seguros y en la ley de lesiones personales garantiza que podamos perseguir agresivamente su caso con las aseguradoras y tambi\u00e9n en las salas de los tribunales. Trabajamos con equipos de expertos en reconstrucci\u00f3n de accidentes, investigadores privados, testigos expertos, y otros profesionales para construir casos s\u00f3lidos y somos conocidos por nuestra agresiva representaci\u00f3n dentro de la sala del tribunal y en la mesa de negociaciones.  <\/p>\n<p><strong class=\"heading4\">Conducir distra\u00eddo provoca varios accidentes de tr\u00e1fico<\/strong><\/p>\n<p>Conducir distra\u00eddo puede causar:<\/p>\n<ul>\n<li>Colisiones de coches<\/li>\n<li>Accidentes de camiones<\/li>\n<li>Accidentes de bicicleta<\/li>\n<li>Accidentes de moto<\/li>\n<li>Accidentes de un solo coche<\/li>\n<li>Choque m\u00faltiple de coches<\/li>\n<\/ul>\n<p>La conducci\u00f3n distra\u00edda tambi\u00e9n puede causar accidentes de peatones en North Miami y otras comunidades. Por desgracia, un tipo de accidente que suele producirse cuando los conductores no se centran en la carretera afecta a los peatones. En muchos casos, los conductores distra\u00eddos no se fijan en los peatones a tiempo para evitar una colisi\u00f3n, y como los peatones tienen pocas capas de protecci\u00f3n contra el veh\u00edculo, es probable que sufran lesiones graves y permanentes. Cuando esto ocurre, los peatones tienen derecho, seg\u00fan la ley de Florida, a reclamar una indemnizaci\u00f3n por p\u00e9rdida de ingresos, gastos m\u00e9dicos y otros gastos.   <\/p>\n<p><strong class=\"heading4\">Las colisiones de coches provocan da\u00f1os econ\u00f3micos<\/strong><\/p>\n<p>Un accidente de tr\u00e1fico grave en North Miami no s\u00f3lo provoca dolor y sufrimiento y lesiones graves, sino que tambi\u00e9n suele causar p\u00e9rdidas econ\u00f3micas devastadoras. Ten en cuenta que una de las causas m\u00e1s comunes de quiebra personal en EE.UU. son los gastos m\u00e9dicos inesperados. Si un conductor distra\u00eddo choca contigo y te causa lesiones graves o permanentes, los costes pueden ser asombrosos. Una lesi\u00f3n grave y permanente en la cabeza o en la m\u00e9dula espinal en North Miami, por ejemplo, puede costarte millones de d\u00f3lares a lo largo de tu vida si has perdido la capacidad de obtener ingresos y si necesitas cuidados las 24 horas del d\u00eda debido a tu estado.   <\/p>\n<p>Si t\u00fa o un ser querido hab\u00e9is resultado gravemente heridos por un conductor distra\u00eddo en un accidente de peat\u00f3n, accidente de coche, accidente de moto u otro accidente de tr\u00e1fico, trabajar con un abogado de lesiones personales puede ayudarte a conseguir justicia y una indemnizaci\u00f3n en tu caso. Mereces que te indemnicen por las lesiones que te causaron sin que t\u00fa tuvieras la culpa, y la legislaci\u00f3n de Florida pone a tu disposici\u00f3n una serie de recursos y opciones. Sin embargo, para aprovechar estas opciones, necesitas entender la ley de cerca y necesitas tener a alguien que luche agresivamente por tus derechos. Los recursos del Grupo Legal Flaxman pueden ayudarle a buscar justicia en su caso, y para averiguar si usted califica para una demanda legal, puede contactar hoy mismo al Grupo Legal Flaxman al 866-352-9626 para una evaluaci\u00f3n de su caso gratuita y sin compromiso.   <\/p>\n<\/p><\/div>\n<\/p><\/div>\n","protected":false},"excerpt":{"rendered":"<p>Sin honorarios a menos que ganemos. Llama al 866-352-9626 para una &#8230; <\/p>\n","protected":false},"author":3,"featured_media":0,"parent":0,"menu_order":0,"comment_status":"closed","ping_status":"closed","template":"template-practice-areas.php","meta":{"footnotes":""},"class_list":["post-22032","page","type-page","status-publish","hentry"],"featured_image_src":null,"featured_image_src_square":null,"_links":{"self":[{"href":"https:\/\/flaxmanlaw.com\/es\/wp-json\/wp\/v2\/pages\/22032","targetHints":{"allow":["GET"]}}],"collection":[{"href":"https:\/\/flaxmanlaw.com\/es\/wp-json\/wp\/v2\/pages"}],"about":[{"href":"https:\/\/flaxmanlaw.com\/es\/wp-json\/wp\/v2\/types\/page"}],"author":[{"embeddable":true,"href":"https:\/\/flaxmanlaw.com\/es\/wp-json\/wp\/v2\/users\/3"}],"replies":[{"embeddable":true,"href":"https:\/\/flaxmanlaw.com\/es\/wp-json\/wp\/v2\/comments?post=22032"}],"version-history":[{"count":0,"href":"https:\/\/flaxmanlaw.com\/es\/wp-json\/wp\/v2\/pages\/22032\/revisions"}],"wp:attachment":[{"href":"https:\/\/flaxmanlaw.com\/es\/wp-json\/wp\/v2\/media?parent=22032"}],"curies":[{"name":"wp","href":"https:\/\/api.w.org\/{rel}","templated":true}]}}